{"id":31680,"date":"2016-07-14T14:18:49","date_gmt":"2016-07-14T12:18:49","guid":{"rendered":"https:\/\/www.burg.biz\/?post_type=product&#038;p=31680"},"modified":"2019-08-20T11:50:54","modified_gmt":"2019-08-20T09:50:54","slug":"tse-set-5022-fingerscan","status":"publish","type":"product","link":"https:\/\/test.burgwaechterservice.de\/fr\/p\/serrure-electronique\/tse-set-5022-fingerscan\/","title":{"rendered":"TSE Set 5022 Fingerscan"},"content":{"rendered":"<h2>Nouveau\u00a0: Le cylindre \u00e9lectronique pour portes TSE PRIME avec lecteur d&#8217;empreintes digitales facile d&#8217;utilisation<\/h2>\n<p>Disponible d\u00e8s maintenant\u00a0:\u00a0la nouveaut\u00e9 de la gamme TSE PRIME de BURG-W\u00c4CHTER, avec un module de lecteur d&#8217;empreintes digitales int\u00e9gr\u00e9 au clavier. Ouvrir une porte n&#8217;a jamais \u00e9t\u00e9 aussi facile.<\/p>\n<h3>Diff\u00e9rents syst\u00e8mes d&#8217;ouverture possibles<\/h3>\n<p>Le mod\u00e8le TSE PRIME avec lecteur d&#8217;empreintes digitales offre de nombreuses possibilit\u00e9s pour d\u00e9verrouiller facilement vos portes en toute s\u00e9curit\u00e9.<\/p>\n<ul>\n<li>Vous pouvez, de mani\u00e8re particuli\u00e8rement ais\u00e9e et s\u00fbre, activer le cylindre \u00e9lectronique <strong>au moyen de votre propre empreinte digitale.<\/strong> Il suffit d&#8217;appliquer un mouvement du doigt dont l&#8217;empreinte a \u00e9t\u00e9 programm\u00e9e au pr\u00e9alable sur le lecteur d&#8217;empreintes digitales.<br \/>\nJusqu&#8217;\u00e0 24 empreintes programmables.<br \/>\nParticuli\u00e8rement s\u00fbr\u00a0: <strong>La reconnaissance d&#8217;empreintes de doigt vivant<\/strong> du lecteur d&#8217;empreintes digitales neutralise toute falsification ou usage de doigt factice.<\/li>\n<li>Il est possible de programmer encore plus d&#8217;utilisateurs avec un <strong>code personnel \u00e0 6 chiffres <\/strong>(jusqu&#8217;\u00e1 48 utilisateurs).<\/li>\n<li>Vous avez \u00e9galement la possibilit\u00e9 d&#8217;acheter des <strong>cl\u00e9s \u00e9lectroniques \u00e0 t\u00e9l\u00e9commande radiofr\u00e9quence pratiques.<\/strong> Vous devez simplement les avoir sur vous, pour que le cylindre soit automatiquement activ\u00e9, ou vous pouvez l&#8217;actionner manuellement au moyen du bouton-pressoir. Les deux m\u00e9thodes offrent \u00e0 la fois confort et s\u00e9curit\u00e9.<\/li>\n<\/ul>\n<p>Toutes les donn\u00e9es transmises sont s\u00e9curis\u00e9es par cryptage AES et sont ainsi prot\u00e9g\u00e9es de fa\u00e7on optimale contre toute manipulation.<\/p>\n<h3>Pour les portes en int\u00e9rieur et en ext\u00e9rieur prot\u00e9g\u00e9<\/h3>\n<p>Le cylindre \u00e9lectronique TSE PRIME est compatible avec<strong> toutes les portes dont l&#8217;\u00e9paisseur n&#8217;exc\u00e8de pas 118 mm <\/strong>(59\/59). Ce cylindre offre une flexibilit\u00e9 hors du commun, car il peut s&#8217;adapter au millim\u00e8tre pr\u00e8s \u00e0 votre porte lorsqu&#8217;il s&#8217;enclenche.<br \/>\nLe montage est <strong>simple<\/strong> et s&#8217;effectue en un tour de main\u00a0: Aucun per\u00e7age suppl\u00e9mentaire n&#8217;est n\u00e9cessaire. Le cylindre profil\u00e9 m\u00e9canique est tout simplement et facilement remplac\u00e9 par le cylindre \u00e9lectronique profil\u00e9. Les garnitures existantes demeurent donc intactes.<br \/>\nVeillez \u00e0 ce que <strong>la face int\u00e9rieure du cylindre<\/strong> soit install\u00e9e<strong> dans un endroit \u00e0 l&#8217;abri des intemp\u00e9ries.<\/strong><\/p>\n<p>Le clavier TSE PRIME avec module de lecteur d&#8217;empreintes digitales (indice de protection IP 55), lui aussi r\u00e9sistant aux intemp\u00e9ries, se fixe \u00e0 proximit\u00e9 de la porte, \u00e0 une distance de 4 m maximum. De cette fa\u00e7on, une liaison radio est assur\u00e9e.<br \/>\nLe clavier fonctionne avec des piles et consomme tr\u00e8s peu d&#8217;\u00e9nergie gr\u00e2ce \u00e0 une technologie ultra-moderne. De plus, le clavier est r\u00e9tro\u00e9clair\u00e9, afin que vous puissiez d\u00e9verrouiller votre porte facilement, m\u00eame avec de mauvaises conditions d&#8217;\u00e9clairage. Avec le pav\u00e9 tactile, taper le code est particuli\u00e8rement ais\u00e9 et rapide.<\/p>\n<h3>Encore plus de fonctions avec le logiciel pratique TSE pour PC<\/h3>\n<p>Le <strong>logiciel TSE disponible en option <\/strong>offre de nombreuses fonctions suppl\u00e9mentaires et pratiques pour votre PC.<br \/>\nG\u00e9rez tous les utilisateurs, cr\u00e9er des profils d&#8217;utilisateur, et attribuez ou retirez des droits d&#8217;acc\u00e8s. Il est \u00e9galement possible de programmer des droits d&#8217;acc\u00e8s temporaires.<br \/>\nPour assurer une vue d&#8217;ensemble optimale des ouvertures, vous pouvez consulter l&#8217;historique int\u00e9gral. \u00c0 cet \u00e9gard, aucune liaison radio permanente avec l&#8217;unit\u00e9 TSE n&#8217;est n\u00e9cessaire.<\/p>\n<p>Le set complet pour portes int\u00e9rieures et ext\u00e9rieures contient\u00a0: Un cylindre \u00e9lectronique profil\u00e9 TSE reli\u00e9 par liaison radio au clavier FINGERSCAN, des piles, ainsi qu&#8217;un manuel d&#8217;utilisation et des instructions de montage.<\/p>\n<h3>Le cylindre \u00e9lectronique pour portes TSE PRIME SET 5022 en bref<\/h3>\n<h4>FEATURES<\/h4>\n<ul>\n<li>Nouvelle technologie \u00e9conome en \u00e9nergie<\/li>\n<li>Dur\u00e9e de vie plus longue<\/li>\n<li>Encore plus de confort de fermeture<\/li>\n<li>Fonctions fiables, m\u00eame en cas de mauvaises conditions d&#8217;\u00e9clairage<\/li>\n<\/ul>\n<h4>S\u00c9CURIT\u00c9<\/h4>\n<ul>\n<li>Il est possible de programmer jusqu&#8217;\u00e0 48 utilisateurs (dont un code administrateur)<\/li>\n<li>Dont 24 empreintes digitales maximum<\/li>\n<li>Il est possible de programmer des utilisateurs suppl\u00e9mentaires avec un code secret \u00e0 6 chiffres ou une cl\u00e9 \u00e9lectronique \u00e0 t\u00e9l\u00e9commande radiofr\u00e9quence<\/li>\n<li>1 million de codes possibles<\/li>\n<li>Protection optimale contre toute manipulation<\/li>\n<li>Avec serrure de secours m\u00e9canique (2 cl\u00e9s)<\/li>\n<li>Montage du clavier \u00e0 un endroit prot\u00e9g\u00e9 des intemp\u00e9ries, indice de protection IP 55<\/li>\n<\/ul>\n<h4>COMPATIBILIT\u00c9<\/h4>\n<ul>\n<li>Convient \u00e0 toutes les \u00e9paisseurs de porte allant jusqu&#8217;\u00e0 118 mm (59\/59)<\/li>\n<li>Pour portes int\u00e9rieures et ext\u00e9rieures<\/li>\n<\/ul>\n<h4>WIRELESS<\/h4>\n<ul>\n<li>Installation du clavier dans un p\u00e9rim\u00e8tre de 4 m maximum de la porte<\/li>\n<li>Clavier r\u00e9tro\u00e9clair\u00e9<\/li>\n<li>Activation du clavier via un pav\u00e9 tactile<\/li>\n<\/ul>\n<h4>SIMPLICIT\u00c9<\/h4>\n<ul>\n<li>Montage sans c\u00e2ble ni per\u00e7age, etc.<\/li>\n<li>Le cylindre profil\u00e9 TSE \u00e0 commande \u00e9lectronique remplace le cylindre m\u00e9canique profil\u00e9<\/li>\n<li>On conserve en place les garnitures existantes<\/li>\n<li>Aucun per\u00e7age\u00a0\u2013 mise \u00e0 niveau extr\u00eamement simple<\/li>\n<li>Face int\u00e9rieure du cylindre \u00e0 l&#8217;abri des intemp\u00e9ries<\/li>\n<\/ul>\n<h4>COMPATIBILIT\u00c9 AVEC PC<\/h4>\n<ul>\n<li>Via le logiciel pour PC disponible en option, il est possible d&#8217;acc\u00e9der, entre autres, \u00e0 des fonctions telles que<\/li>\n<li>Gestion d&#8217;utilisateur uniquement de code PIN ou E-Keys<\/li>\n<li>Sans gestion d&#8217;utilisateur via lecteur d&#8217;empreintes digitales<\/li>\n<li>Attribution de p\u00e9riodes d&#8217;acc\u00e8s et de droits pour codes PIN et E-Keys<\/li>\n<li>La lecture de l&#8217;historique, etc.<\/li>\n<\/ul>\n","protected":false},"excerpt":{"rendered":"<p>Nouveau\u00a0: Le cylindre \u00e9lectronique pour portes TSE PRIME avec lecteur d&#8217;empreintes digitales facile d&#8217;utilisation Disponible d\u00e8s maintenant\u00a0:\u00a0la nouveaut\u00e9 de la gamme TSE PRIME de BURG-W\u00c4CHTER, avec un module de lecteur d&#8217;empreintes digitales int\u00e9gr\u00e9 au clavier. Ouvrir une porte n&#8217;a jamais &hellip; <a class=\"kt-excerpt-readmore\" href=\"https:\/\/test.burgwaechterservice.de\/fr\/p\/serrure-electronique\/tse-set-5022-fingerscan\/\" aria-label=\"TSE Set 5022 Fingerscan\">Lire la suite<\/a><\/p>\n","protected":false},"featured_media":286129,"comment_status":"closed","ping_status":"closed","template":"","meta":[],"product_cat":[1137],"product_tag":[561,562],"yoast_head":"<!-- This site is optimized with the Yoast SEO Premium plugin v18.4 (Yoast SEO v19.13) - https:\/\/yoast.com\/wordpress\/plugins\/seo\/ -->\n<title>TSE Set 5022 Fingerscan - BURG-W\u00c4CHTER<\/title>\n<meta name=\"description\" content=\"Nouveau\u00a0: Le cylindre \u00e9lectronique pour portes TSE PRIME avec lecteur d&#039;empreintes digitales facile d&#039;utilisation Disponible d\u00e8s maintenant\u00a0:\u00a0la nouveaut\u00e9\" \/>\n<meta name=\"robots\" content=\"index, follow, max-snippet:-1, max-image-preview:large, max-video-preview:-1\" \/>\n<link rel=\"canonical\" href=\"https:\/\/test.burgwaechterservice.de\/fr\/p\/serrure-electronique\/tse-set-5022-fingerscan\/\" \/>\n<meta property=\"og:locale\" content=\"fr_FR\" \/>\n<meta property=\"og:type\" content=\"article\" \/>\n<meta property=\"og:title\" content=\"TSE Set 5022 Fingerscan\" \/>\n<meta property=\"og:description\" content=\"Nouveau\u00a0: Le cylindre \u00e9lectronique pour portes TSE PRIME avec lecteur d&#039;empreintes digitales facile d&#039;utilisation Disponible d\u00e8s maintenant\u00a0:\u00a0la nouveaut\u00e9\" \/>\n<meta property=\"og:url\" content=\"https:\/\/test.burgwaechterservice.de\/fr\/p\/serrure-electronique\/tse-set-5022-fingerscan\/\" \/>\n<meta property=\"og:site_name\" content=\"Burg-W\u00e4chter France\" \/>\n<meta property=\"article:modified_time\" content=\"2019-08-20T09:50:54+00:00\" \/>\n<meta property=\"og:image\" content=\"https:\/\/test.burgwaechterservice.de\/fr\/wp-content\/uploads\/sites\/4\/2016\/07\/TSE-PRIME-Set-5022-FINGERSCAN.jpg\" \/>\n\t<meta property=\"og:image:width\" content=\"800\" \/>\n\t<meta property=\"og:image:height\" content=\"800\" \/>\n\t<meta property=\"og:image:type\" content=\"image\/jpeg\" \/>\n<meta name=\"twitter:card\" content=\"summary_large_image\" \/>\n<meta name=\"twitter:label1\" content=\"Dur\u00e9e de lecture estim\u00e9e\" \/>\n\t<meta name=\"twitter:data1\" content=\"4 minutes\" \/>\n<!-- \/ Yoast SEO Premium plugin. -->","yoast_head_json":{"title":"TSE Set 5022 Fingerscan - BURG-W\u00c4CHTER","description":"Nouveau\u00a0: Le cylindre \u00e9lectronique pour portes TSE PRIME avec lecteur d'empreintes digitales facile d'utilisation Disponible d\u00e8s maintenant\u00a0:\u00a0la nouveaut\u00e9","robots":{"index":"index","follow":"follow","max-snippet":"max-snippet:-1","max-image-preview":"max-image-preview:large","max-video-preview":"max-video-preview:-1"},"canonical":"https:\/\/test.burgwaechterservice.de\/fr\/p\/serrure-electronique\/tse-set-5022-fingerscan\/","og_locale":"fr_FR","og_type":"article","og_title":"TSE Set 5022 Fingerscan","og_description":"Nouveau\u00a0: Le cylindre \u00e9lectronique pour portes TSE PRIME avec lecteur d'empreintes digitales facile d'utilisation Disponible d\u00e8s maintenant\u00a0:\u00a0la nouveaut\u00e9","og_url":"https:\/\/test.burgwaechterservice.de\/fr\/p\/serrure-electronique\/tse-set-5022-fingerscan\/","og_site_name":"Burg-W\u00e4chter France","article_modified_time":"2019-08-20T09:50:54+00:00","og_image":[{"width":800,"height":800,"url":"https:\/\/test.burgwaechterservice.de\/fr\/wp-content\/uploads\/sites\/4\/2016\/07\/TSE-PRIME-Set-5022-FINGERSCAN.jpg","type":"image\/jpeg"}],"twitter_card":"summary_large_image","twitter_misc":{"Dur\u00e9e de lecture estim\u00e9e":"4 minutes"},"schema":{"@context":"https:\/\/schema.org","@graph":[{"@type":"WebPage","@id":"https:\/\/test.burgwaechterservice.de\/fr\/p\/serrure-electronique\/tse-set-5022-fingerscan\/","url":"https:\/\/test.burgwaechterservice.de\/fr\/p\/serrure-electronique\/tse-set-5022-fingerscan\/","name":"TSE Set 5022 Fingerscan - BURG-W\u00c4CHTER","isPartOf":{"@id":"https:\/\/test.burgwaechterservice.de\/fr\/#website"},"datePublished":"2016-07-14T12:18:49+00:00","dateModified":"2019-08-20T09:50:54+00:00","description":"Nouveau\u00a0: Le cylindre \u00e9lectronique pour portes TSE PRIME avec lecteur d'empreintes digitales facile d'utilisation Disponible d\u00e8s maintenant\u00a0:\u00a0la nouveaut\u00e9","breadcrumb":{"@id":"https:\/\/test.burgwaechterservice.de\/fr\/p\/serrure-electronique\/tse-set-5022-fingerscan\/#breadcrumb"},"inLanguage":"fr-FR","potentialAction":[{"@type":"ReadAction","target":["https:\/\/test.burgwaechterservice.de\/fr\/p\/serrure-electronique\/tse-set-5022-fingerscan\/"]}]},{"@type":"BreadcrumbList","@id":"https:\/\/test.burgwaechterservice.de\/fr\/p\/serrure-electronique\/tse-set-5022-fingerscan\/#breadcrumb","itemListElement":[{"@type":"ListItem","position":1,"name":"Accueil","item":"https:\/\/test.burgwaechterservice.de\/fr\/"},{"@type":"ListItem","position":2,"name":"Produits","item":"https:\/\/test.burgwaechterservice.de\/fr\/p\/"},{"@type":"ListItem","position":3,"name":"TSE Set 5022 Fingerscan"}]},{"@type":"WebSite","@id":"https:\/\/test.burgwaechterservice.de\/fr\/#website","url":"https:\/\/test.burgwaechterservice.de\/fr\/","name":"Burg-W\u00e4chter France","description":"Le choix le plus s\u00fbr!","potentialAction":[{"@type":"SearchAction","target":{"@type":"EntryPoint","urlTemplate":"https:\/\/test.burgwaechterservice.de\/fr\/?s={search_term_string}"},"query-input":"required name=search_term_string"}],"inLanguage":"fr-FR"}]}},"_links":{"self":[{"href":"https:\/\/test.burgwaechterservice.de\/fr\/wp-json\/wp\/v2\/product\/31680"}],"collection":[{"href":"https:\/\/test.burgwaechterservice.de\/fr\/wp-json\/wp\/v2\/product"}],"about":[{"href":"https:\/\/test.burgwaechterservice.de\/fr\/wp-json\/wp\/v2\/types\/product"}],"replies":[{"embeddable":true,"href":"https:\/\/test.burgwaechterservice.de\/fr\/wp-json\/wp\/v2\/comments?post=31680"}],"wp:featuredmedia":[{"embeddable":true,"href":"https:\/\/test.burgwaechterservice.de\/fr\/wp-json\/wp\/v2\/media\/286129"}],"wp:attachment":[{"href":"https:\/\/test.burgwaechterservice.de\/fr\/wp-json\/wp\/v2\/media?parent=31680"}],"wp:term":[{"taxonomy":"product_cat","embeddable":true,"href":"https:\/\/test.burgwaechterservice.de\/fr\/wp-json\/wp\/v2\/product_cat?post=31680"},{"taxonomy":"product_tag","embeddable":true,"href":"https:\/\/test.burgwaechterservice.de\/fr\/wp-json\/wp\/v2\/product_tag?post=31680"}],"curies":[{"name":"wp","href":"https:\/\/api.w.org\/{rel}","templated":true}]}}