{"id":31678,"date":"2016-07-14T14:08:59","date_gmt":"2016-07-14T12:08:59","guid":{"rendered":"https:\/\/www.burg.biz\/?post_type=product&#038;p=31678"},"modified":"2020-12-02T11:36:49","modified_gmt":"2020-12-02T10:36:49","slug":"telecommande-tse-e-key","status":"publish","type":"product","link":"https:\/\/test.burgwaechterservice.de\/fr\/p\/serrure-electronique\/telecommande-tse-e-key\/","title":{"rendered":"T\u00e9l\u00e9commande TSE E-KEY"},"content":{"rendered":"<h2>Cl\u00e9 \u00e9lectronique \u00e0 t\u00e9l\u00e9commande radiofr\u00e9quence\u00a0\u2013\u00a0pratique et esth\u00e9tique<\/h2>\n<p>Pour d\u00e9verrouiller vos portes avec le TSE 4000 Home Set, vous avez la possibilit\u00e9 d&#8217;activer le cylindre \u00e9lectronique avec une E-KEY pratique. Il est possible de programmer pour le cylindre, au moyen du clavier, <strong>jusqu&#8217;\u00e0 5 cl\u00e9s \u00e9lectroniques \u00e0 t\u00e9l\u00e9commande radiofr\u00e9quence<\/strong>\u00a0pour diff\u00e9rents utilisateurs. Le<strong> logiciel pour PC TSE <\/strong>disponible en option contribue \u00e0 une <strong>gestion d&#8217;utilisateur organis\u00e9e<\/strong>.<\/p>\n<p>L&#8217;activation du cylindre, et par l\u00e0 m\u00eame le processus int\u00e9gral d&#8217;ouverture, est effectu\u00e9e rapidement et sans probl\u00e8me. Vous n&#8217;avez m\u00eame pas besoin de sortir votre E-KEY du sac. Il peut \u00eatre programm\u00e9 <strong>en mode automatique,<\/strong> de mani\u00e8re \u00e0 activer automatiquement le cylindre lorsqu&#8217;il se trouve dans une p\u00e9rim\u00e8tre de 3 m\u00e8tres maximum\u00a0\u2013\u00a0vous n&#8217;avez alors plus qu&#8217;\u00e1 tourner le bouton de porte et vous pouvez entrer.<\/p>\n<p>Sinon, vous pouvez utiliser la TSE E-KEY en <strong>mode manuel<\/strong>\u00a0: Prenez la cl\u00e9 \u00e9lectronique \u00e0 t\u00e9l\u00e9commande radiofr\u00e9quence dans la main et appuyez sur le bouton\u00a0\u2013\u00a0le cylindre est activ\u00e9 et vous pouvez entrer.<\/p>\n<p>Vous pouvez utiliser une E-KEY de la gamme TSE Home comme cl\u00e9 principale pour plusieurs cylindres ou coffres-forts.<\/p>\n<p>Le code \u00e0 6 chiffres est une <strong>alternative pratique.<\/strong><\/p>\n<h3>La TSE E-KEY en bref<\/h3>\n<ul>\n<li>Distance entre la cl\u00e9 \u00e9lectronique \u00e0 t\u00e9l\u00e9commande radiofr\u00e9quence et le cylindre pour portes n&#8217;exc\u00e9dant pas 3 m, en fonction de l&#8217;environnement<\/li>\n<li>Mode manuel\u00a0: TSE Wireless est activ\u00e9e sur pression du bouton \u2013 la cl\u00e9 est tenue dans la main<\/li>\n<li>Mode automatique (uniquement 5021\/5022)\u00a0: TSE Wireless est activ\u00e9e sur allumage du clavier \u2013 la TSE E-KEY peut rester dans le sac<\/li>\n<li>Affichage de changement des piles, Alimentation\u00a0:\u00a0pile bouton standard CR 2032<\/li>\n<li>utilisation optimale avec le logiciel TSE pour PC<\/li>\n<li>Utilisez la t\u00e9l\u00e9commande comme une cl\u00e9\u00a0passe-partout pour ouvrir divers cylindres ou\u00a0coffres-forts<\/li>\n<\/ul>\n","protected":false},"excerpt":{"rendered":"<p>Cl\u00e9 \u00e9lectronique \u00e0 t\u00e9l\u00e9commande radiofr\u00e9quence\u00a0\u2013\u00a0pratique et esth\u00e9tique Pour d\u00e9verrouiller vos portes avec le TSE 4000 Home Set, vous avez la possibilit\u00e9 d&#8217;activer le cylindre \u00e9lectronique avec une E-KEY pratique. Il est possible de programmer pour le cylindre, au moyen du &hellip; <a class=\"kt-excerpt-readmore\" href=\"https:\/\/test.burgwaechterservice.de\/fr\/p\/serrure-electronique\/telecommande-tse-e-key\/\" aria-label=\"T\u00e9l\u00e9commande TSE E-KEY\">Lire la suite<\/a><\/p>\n","protected":false},"featured_media":32505,"comment_status":"closed","ping_status":"closed","template":"","meta":[],"product_cat":[1138,1137],"product_tag":[509,561],"yoast_head":"<!-- This site is optimized with the Yoast SEO Premium plugin v18.4 (Yoast SEO v19.13) - https:\/\/yoast.com\/wordpress\/plugins\/seo\/ -->\n<title>T\u00e9l\u00e9commande TSE E-KEY - BURG-W\u00c4CHTER<\/title>\n<meta name=\"description\" content=\"Cl\u00e9 \u00e9lectronique \u00e0 t\u00e9l\u00e9commande radiofr\u00e9quence\u00a0\u2013\u00a0pratique et esth\u00e9tique Pour d\u00e9verrouiller vos portes avec le TSE 4000 Home Set, vous avez la possibilit\u00e9\" \/>\n<meta name=\"robots\" content=\"index, follow, max-snippet:-1, max-image-preview:large, max-video-preview:-1\" \/>\n<link rel=\"canonical\" href=\"https:\/\/test.burgwaechterservice.de\/fr\/p\/serrure-electronique\/telecommande-tse-e-key\/\" \/>\n<meta property=\"og:locale\" content=\"fr_FR\" \/>\n<meta property=\"og:type\" content=\"article\" \/>\n<meta property=\"og:title\" content=\"T\u00e9l\u00e9commande TSE E-KEY\" \/>\n<meta property=\"og:description\" content=\"Cl\u00e9 \u00e9lectronique \u00e0 t\u00e9l\u00e9commande radiofr\u00e9quence\u00a0\u2013\u00a0pratique et esth\u00e9tique Pour d\u00e9verrouiller vos portes avec le TSE 4000 Home Set, vous avez la possibilit\u00e9\" \/>\n<meta property=\"og:url\" content=\"https:\/\/test.burgwaechterservice.de\/fr\/p\/serrure-electronique\/telecommande-tse-e-key\/\" \/>\n<meta property=\"og:site_name\" content=\"Burg-W\u00e4chter France\" \/>\n<meta property=\"article:modified_time\" content=\"2020-12-02T10:36:49+00:00\" \/>\n<meta property=\"og:image\" content=\"https:\/\/test.burgwaechterservice.de\/fr\/wp-content\/uploads\/sites\/4\/2016\/07\/TSE_5103_E-KEY_SB_550304-02.jpg\" \/>\n\t<meta property=\"og:image:width\" content=\"1471\" \/>\n\t<meta property=\"og:image:height\" content=\"1471\" \/>\n\t<meta property=\"og:image:type\" content=\"image\/jpeg\" \/>\n<meta name=\"twitter:card\" content=\"summary_large_image\" \/>\n<meta name=\"twitter:label1\" content=\"Dur\u00e9e de lecture estim\u00e9e\" \/>\n\t<meta name=\"twitter:data1\" content=\"2 minutes\" \/>\n<!-- \/ Yoast SEO Premium plugin. -->","yoast_head_json":{"title":"T\u00e9l\u00e9commande TSE E-KEY - BURG-W\u00c4CHTER","description":"Cl\u00e9 \u00e9lectronique \u00e0 t\u00e9l\u00e9commande radiofr\u00e9quence\u00a0\u2013\u00a0pratique et esth\u00e9tique Pour d\u00e9verrouiller vos portes avec le TSE 4000 Home Set, vous avez la possibilit\u00e9","robots":{"index":"index","follow":"follow","max-snippet":"max-snippet:-1","max-image-preview":"max-image-preview:large","max-video-preview":"max-video-preview:-1"},"canonical":"https:\/\/test.burgwaechterservice.de\/fr\/p\/serrure-electronique\/telecommande-tse-e-key\/","og_locale":"fr_FR","og_type":"article","og_title":"T\u00e9l\u00e9commande TSE E-KEY","og_description":"Cl\u00e9 \u00e9lectronique \u00e0 t\u00e9l\u00e9commande radiofr\u00e9quence\u00a0\u2013\u00a0pratique et esth\u00e9tique Pour d\u00e9verrouiller vos portes avec le TSE 4000 Home Set, vous avez la possibilit\u00e9","og_url":"https:\/\/test.burgwaechterservice.de\/fr\/p\/serrure-electronique\/telecommande-tse-e-key\/","og_site_name":"Burg-W\u00e4chter France","article_modified_time":"2020-12-02T10:36:49+00:00","og_image":[{"width":1471,"height":1471,"url":"https:\/\/test.burgwaechterservice.de\/fr\/wp-content\/uploads\/sites\/4\/2016\/07\/TSE_5103_E-KEY_SB_550304-02.jpg","type":"image\/jpeg"}],"twitter_card":"summary_large_image","twitter_misc":{"Dur\u00e9e de lecture estim\u00e9e":"2 minutes"},"schema":{"@context":"https:\/\/schema.org","@graph":[{"@type":"WebPage","@id":"https:\/\/test.burgwaechterservice.de\/fr\/p\/serrure-electronique\/telecommande-tse-e-key\/","url":"https:\/\/test.burgwaechterservice.de\/fr\/p\/serrure-electronique\/telecommande-tse-e-key\/","name":"T\u00e9l\u00e9commande TSE E-KEY - BURG-W\u00c4CHTER","isPartOf":{"@id":"https:\/\/test.burgwaechterservice.de\/fr\/#website"},"datePublished":"2016-07-14T12:08:59+00:00","dateModified":"2020-12-02T10:36:49+00:00","description":"Cl\u00e9 \u00e9lectronique \u00e0 t\u00e9l\u00e9commande radiofr\u00e9quence\u00a0\u2013\u00a0pratique et esth\u00e9tique Pour d\u00e9verrouiller vos portes avec le TSE 4000 Home Set, vous avez la possibilit\u00e9","breadcrumb":{"@id":"https:\/\/test.burgwaechterservice.de\/fr\/p\/serrure-electronique\/telecommande-tse-e-key\/#breadcrumb"},"inLanguage":"fr-FR","potentialAction":[{"@type":"ReadAction","target":["https:\/\/test.burgwaechterservice.de\/fr\/p\/serrure-electronique\/telecommande-tse-e-key\/"]}]},{"@type":"BreadcrumbList","@id":"https:\/\/test.burgwaechterservice.de\/fr\/p\/serrure-electronique\/telecommande-tse-e-key\/#breadcrumb","itemListElement":[{"@type":"ListItem","position":1,"name":"Accueil","item":"https:\/\/test.burgwaechterservice.de\/fr\/"},{"@type":"ListItem","position":2,"name":"Produits","item":"https:\/\/test.burgwaechterservice.de\/fr\/p\/"},{"@type":"ListItem","position":3,"name":"T\u00e9l\u00e9commande TSE E-KEY"}]},{"@type":"WebSite","@id":"https:\/\/test.burgwaechterservice.de\/fr\/#website","url":"https:\/\/test.burgwaechterservice.de\/fr\/","name":"Burg-W\u00e4chter France","description":"Le choix le plus s\u00fbr!","potentialAction":[{"@type":"SearchAction","target":{"@type":"EntryPoint","urlTemplate":"https:\/\/test.burgwaechterservice.de\/fr\/?s={search_term_string}"},"query-input":"required name=search_term_string"}],"inLanguage":"fr-FR"}]}},"_links":{"self":[{"href":"https:\/\/test.burgwaechterservice.de\/fr\/wp-json\/wp\/v2\/product\/31678"}],"collection":[{"href":"https:\/\/test.burgwaechterservice.de\/fr\/wp-json\/wp\/v2\/product"}],"about":[{"href":"https:\/\/test.burgwaechterservice.de\/fr\/wp-json\/wp\/v2\/types\/product"}],"replies":[{"embeddable":true,"href":"https:\/\/test.burgwaechterservice.de\/fr\/wp-json\/wp\/v2\/comments?post=31678"}],"wp:featuredmedia":[{"embeddable":true,"href":"https:\/\/test.burgwaechterservice.de\/fr\/wp-json\/wp\/v2\/media\/32505"}],"wp:attachment":[{"href":"https:\/\/test.burgwaechterservice.de\/fr\/wp-json\/wp\/v2\/media?parent=31678"}],"wp:term":[{"taxonomy":"product_cat","embeddable":true,"href":"https:\/\/test.burgwaechterservice.de\/fr\/wp-json\/wp\/v2\/product_cat?post=31678"},{"taxonomy":"product_tag","embeddable":true,"href":"https:\/\/test.burgwaechterservice.de\/fr\/wp-json\/wp\/v2\/product_tag?post=31678"}],"curies":[{"name":"wp","href":"https:\/\/api.w.org\/{rel}","templated":true}]}}