{"id":31676,"date":"2016-07-14T12:57:26","date_gmt":"2016-07-14T10:57:26","guid":{"rendered":"https:\/\/www.burg.biz\/?post_type=product&#038;p=31676"},"modified":"2016-11-17T17:37:23","modified_gmt":"2016-11-17T16:37:23","slug":"tse-capot-en-acier-inoxydable","status":"publish","type":"product","link":"https:\/\/test.burgwaechterservice.de\/fr\/p\/serrure-electronique\/tse-capot-en-acier-inoxydable\/","title":{"rendered":"TSE capot en acier inoxydable"},"content":{"rendered":"<h2>Protection suppl\u00e9mentaire pour votre clavier TSE 4001 Home<\/h2>\n<p>BURG-W\u00c4CHTER propose, en dehors de votre TSE Home Set, un capot en acier inoxydable qui octroie une <strong>protection suppl\u00e9mentaire <\/strong>\u00e0 votre clavier <strong>contre des facteurs d&#8217;influence externes<\/strong>, tels que l&#8217;humidit\u00e9 ou le vandalisme. Le capot offre \u00e9galement une protection contre les regards indiscrets lorsque vous tapez votre code. Ainsi, l&#8217;ouverture est encore plus s\u00fbre.<br \/>\n<strong>L&#8217;installation du capot en acier inoxydable est facile et rapide,<\/strong> et celle-ci peut \u00eatre utilis\u00e9e pour effectuer une mise \u00e0 niveau.<br \/>\nL&#8217;accessoire id\u00e9al pour votre cylindre \u00e9lectronique pour portes TSE 4001 Home\u00a0!<\/p>\n","protected":false},"excerpt":{"rendered":"<p>Protection suppl\u00e9mentaire pour votre clavier TSE 4001 Home BURG-W\u00c4CHTER propose, en dehors de votre TSE Home Set, un capot en acier inoxydable qui octroie une protection suppl\u00e9mentaire \u00e0 votre clavier contre des facteurs d&#8217;influence externes, tels que l&#8217;humidit\u00e9 ou le &hellip; <a class=\"kt-excerpt-readmore\" href=\"https:\/\/test.burgwaechterservice.de\/fr\/p\/serrure-electronique\/tse-capot-en-acier-inoxydable\/\" aria-label=\"TSE capot en acier inoxydable\">Lire la suite<\/a><\/p>\n","protected":false},"featured_media":32504,"comment_status":"closed","ping_status":"closed","template":"","meta":[],"product_cat":[1138],"product_tag":[532,561],"yoast_head":"<!-- This site is optimized with the Yoast SEO Premium plugin v18.4 (Yoast SEO v19.13) - https:\/\/yoast.com\/wordpress\/plugins\/seo\/ -->\n<title>TSE capot en acier inoxydable - BURG-W\u00c4CHTER<\/title>\n<meta name=\"description\" content=\"Protection suppl\u00e9mentaire pour votre clavier TSE 4001 Home BURG-W\u00c4CHTER propose, en dehors de votre TSE Home Set, un capot en acier inoxydable qui octroie\" \/>\n<meta name=\"robots\" content=\"index, follow, max-snippet:-1, max-image-preview:large, max-video-preview:-1\" \/>\n<link rel=\"canonical\" href=\"https:\/\/test.burgwaechterservice.de\/fr\/p\/serrure-electronique\/tse-capot-en-acier-inoxydable\/\" \/>\n<meta property=\"og:locale\" content=\"fr_FR\" \/>\n<meta property=\"og:type\" content=\"article\" \/>\n<meta property=\"og:title\" content=\"TSE capot en acier inoxydable\" \/>\n<meta property=\"og:description\" content=\"Protection suppl\u00e9mentaire pour votre clavier TSE 4001 Home BURG-W\u00c4CHTER propose, en dehors de votre TSE Home Set, un capot en acier inoxydable qui octroie\" \/>\n<meta property=\"og:url\" content=\"https:\/\/test.burgwaechterservice.de\/fr\/p\/serrure-electronique\/tse-capot-en-acier-inoxydable\/\" \/>\n<meta property=\"og:site_name\" content=\"Burg-W\u00e4chter France\" \/>\n<meta property=\"article:modified_time\" content=\"2016-11-17T16:37:23+00:00\" \/>\n<meta property=\"og:image\" content=\"https:\/\/test.burgwaechterservice.de\/fr\/wp-content\/uploads\/sites\/4\/2016\/07\/TSE_Edelstahlblende_EBL_SB_546802-01.jpg\" \/>\n\t<meta property=\"og:image:width\" content=\"1181\" \/>\n\t<meta property=\"og:image:height\" content=\"1181\" \/>\n\t<meta property=\"og:image:type\" content=\"image\/jpeg\" \/>\n<meta name=\"twitter:card\" content=\"summary_large_image\" \/>\n<!-- \/ Yoast SEO Premium plugin. -->","yoast_head_json":{"title":"TSE capot en acier inoxydable - BURG-W\u00c4CHTER","description":"Protection suppl\u00e9mentaire pour votre clavier TSE 4001 Home BURG-W\u00c4CHTER propose, en dehors de votre TSE Home Set, un capot en acier inoxydable qui octroie","robots":{"index":"index","follow":"follow","max-snippet":"max-snippet:-1","max-image-preview":"max-image-preview:large","max-video-preview":"max-video-preview:-1"},"canonical":"https:\/\/test.burgwaechterservice.de\/fr\/p\/serrure-electronique\/tse-capot-en-acier-inoxydable\/","og_locale":"fr_FR","og_type":"article","og_title":"TSE capot en acier inoxydable","og_description":"Protection suppl\u00e9mentaire pour votre clavier TSE 4001 Home BURG-W\u00c4CHTER propose, en dehors de votre TSE Home Set, un capot en acier inoxydable qui octroie","og_url":"https:\/\/test.burgwaechterservice.de\/fr\/p\/serrure-electronique\/tse-capot-en-acier-inoxydable\/","og_site_name":"Burg-W\u00e4chter France","article_modified_time":"2016-11-17T16:37:23+00:00","og_image":[{"width":1181,"height":1181,"url":"https:\/\/test.burgwaechterservice.de\/fr\/wp-content\/uploads\/sites\/4\/2016\/07\/TSE_Edelstahlblende_EBL_SB_546802-01.jpg","type":"image\/jpeg"}],"twitter_card":"summary_large_image","schema":{"@context":"https:\/\/schema.org","@graph":[{"@type":"WebPage","@id":"https:\/\/test.burgwaechterservice.de\/fr\/p\/serrure-electronique\/tse-capot-en-acier-inoxydable\/","url":"https:\/\/test.burgwaechterservice.de\/fr\/p\/serrure-electronique\/tse-capot-en-acier-inoxydable\/","name":"TSE capot en acier inoxydable - BURG-W\u00c4CHTER","isPartOf":{"@id":"https:\/\/test.burgwaechterservice.de\/fr\/#website"},"datePublished":"2016-07-14T10:57:26+00:00","dateModified":"2016-11-17T16:37:23+00:00","description":"Protection suppl\u00e9mentaire pour votre clavier TSE 4001 Home BURG-W\u00c4CHTER propose, en dehors de votre TSE Home Set, un capot en acier inoxydable qui octroie","breadcrumb":{"@id":"https:\/\/test.burgwaechterservice.de\/fr\/p\/serrure-electronique\/tse-capot-en-acier-inoxydable\/#breadcrumb"},"inLanguage":"fr-FR","potentialAction":[{"@type":"ReadAction","target":["https:\/\/test.burgwaechterservice.de\/fr\/p\/serrure-electronique\/tse-capot-en-acier-inoxydable\/"]}]},{"@type":"BreadcrumbList","@id":"https:\/\/test.burgwaechterservice.de\/fr\/p\/serrure-electronique\/tse-capot-en-acier-inoxydable\/#breadcrumb","itemListElement":[{"@type":"ListItem","position":1,"name":"Accueil","item":"https:\/\/test.burgwaechterservice.de\/fr\/"},{"@type":"ListItem","position":2,"name":"Produits","item":"https:\/\/test.burgwaechterservice.de\/fr\/p\/"},{"@type":"ListItem","position":3,"name":"TSE capot en acier inoxydable"}]},{"@type":"WebSite","@id":"https:\/\/test.burgwaechterservice.de\/fr\/#website","url":"https:\/\/test.burgwaechterservice.de\/fr\/","name":"Burg-W\u00e4chter France","description":"Le choix le plus s\u00fbr!","potentialAction":[{"@type":"SearchAction","target":{"@type":"EntryPoint","urlTemplate":"https:\/\/test.burgwaechterservice.de\/fr\/?s={search_term_string}"},"query-input":"required name=search_term_string"}],"inLanguage":"fr-FR"}]}},"_links":{"self":[{"href":"https:\/\/test.burgwaechterservice.de\/fr\/wp-json\/wp\/v2\/product\/31676"}],"collection":[{"href":"https:\/\/test.burgwaechterservice.de\/fr\/wp-json\/wp\/v2\/product"}],"about":[{"href":"https:\/\/test.burgwaechterservice.de\/fr\/wp-json\/wp\/v2\/types\/product"}],"replies":[{"embeddable":true,"href":"https:\/\/test.burgwaechterservice.de\/fr\/wp-json\/wp\/v2\/comments?post=31676"}],"wp:featuredmedia":[{"embeddable":true,"href":"https:\/\/test.burgwaechterservice.de\/fr\/wp-json\/wp\/v2\/media\/32504"}],"wp:attachment":[{"href":"https:\/\/test.burgwaechterservice.de\/fr\/wp-json\/wp\/v2\/media?parent=31676"}],"wp:term":[{"taxonomy":"product_cat","embeddable":true,"href":"https:\/\/test.burgwaechterservice.de\/fr\/wp-json\/wp\/v2\/product_cat?post=31676"},{"taxonomy":"product_tag","embeddable":true,"href":"https:\/\/test.burgwaechterservice.de\/fr\/wp-json\/wp\/v2\/product_tag?post=31676"}],"curies":[{"name":"wp","href":"https:\/\/api.w.org\/{rel}","templated":true}]}}