{"id":31671,"date":"2016-07-14T12:50:38","date_gmt":"2016-07-14T10:50:38","guid":{"rendered":"https:\/\/www.burg.biz\/?post_type=product&#038;p=31671"},"modified":"2022-04-06T08:37:10","modified_gmt":"2022-04-06T06:37:10","slug":"tse-4000","status":"publish","type":"product","link":"https:\/\/test.burgwaechterservice.de\/fr\/p\/serrure-electronique\/tse-4000\/","title":{"rendered":"TSE 4001 Home"},"content":{"rendered":"<p><a href=\"https:\/\/test.burgwaechterservice.de\/fr\/p\/serrure-electronique\/secuentry-home\/\" target=\"_blank\" rel=\"noopener\"><strong><span style=\"color: #ff0000;\">Cliquez ici pour d\u00e9couvrir la nouvelle s\u00e9rie secuENTRY<\/span><\/strong><\/a><\/p>\n<p>&nbsp;<\/p>\n<h2>TSE Home: L&#8217;alternative pratique au cylindre portes classique<\/h2>\n<p>D\u00e8s aujourd&#8217;hui, ne prenez plus une cl\u00e9 aga\u00e7ante avec vous\u00a0: Le cylindre \u00e9lectronique pour portes du TSE Home Set est facile \u00e0 monter et vous octroie un acc\u00e8s ais\u00e9 avec votre <strong>code personnel \u00e0 6 chiffres.<\/strong><\/p>\n<p>Au total, il est possible de programmer un acc\u00e8s <strong>pour 6 utilisateurs maximum.<\/strong> Au besoin, il est possible d&#8217;acheter des <strong>cl\u00e9s \u00e0 t\u00e9l\u00e9commande radiofr\u00e9quence<\/strong> pratiques (TSE-KEYs). Celles-ci doivent seulement \u00eatre maintenues un court instant devant le cylindre \u00e9lectronique pou d\u00e9verrouiller votre porte. Lors de l<strong>&#8216;ouverture par radiofr\u00e9quence<\/strong>, les donn\u00e9es sont prot\u00e9g\u00e9es contre toute manipulation de fa\u00e7on optimale.<\/p>\n<p>Le<strong> design \u00e9pur\u00e9 et \u00e9l\u00e9gant <\/strong>du TSE Home Model n&#8217;est pas seulement fonctionnel, mais il embelli \u00e9galement votre entr\u00e9e. Le cylindre \u00e9lectronique pour portes et le clavier correspondant sont disponibles en blanc et chrom\u00e9 mat.<\/p>\n<h3>Compatible avec des portes int\u00e9rieures et ext\u00e9rieures<\/h3>\n<p>Le cylindre \u00e9lectrique profil\u00e9 TSE peut \u00eatre utilis\u00e9 avec toutes les portes <strong>dont l&#8217;\u00e9paisseur n&#8217;exc\u00e8de pas 120 mm <\/strong>(von 30\/30 &#8211; 60\/60). Ce cylindre offre une flexibilit\u00e9 hors du commun, car il peut \u00eatre s&#8217;adapter au millim\u00e8tre pr\u00e8s \u00e0 votre porte lorsqu&#8217;il s&#8217;enclenche.<br \/>\n<strong>Montage possible \u00e0 l&#8217;int\u00e9rieur comme \u00e0 l&#8217;ext\u00e9rieur.<\/strong><br \/>\nLe clavier TSE doit \u00eatre install\u00e9 \u00e0 l&#8217;int\u00e9rieur ou \u00e0 l&#8217;ext\u00e9rieur \u00e0 un endroit <strong>\u00e0 l&#8217;abri des intemp\u00e9ries.<\/strong> Pour une liaison radio optimale entre clavier et cylindre, le clavier doit \u00eatre install\u00e9 <strong>\u00e0 une distance maximale de 4 m\u00e8tres de la porte<\/strong>.<\/p>\n<p>Le montage se fait sans difficult\u00e9, en un tour de main. Aucun besoin de mat\u00e9riel suppl\u00e9mentaire ou de per\u00e7age. Les garnitures de porte existantes demeurent donc parfaitement intactes. Il suffit de remplacer rapidement le cylindre profil\u00e9 m\u00e9canique par le cylindre \u00e9lectronique TSE\u00a0\u2013\u00a0et c&#8217;est d\u00e9j\u00e0 termin\u00e9. Pour pouvez imm\u00e9diatement utiliser le cylindre et le clavier gr\u00e2ce aux piles fournies lors de la livraison.<\/p>\n<p>Le set complet contient un cylindre \u00e9lectronique profil\u00e9 TSE reli\u00e9 au clavier par radiofr\u00e9quence, des piles, ainsi qu&#8217;un manuel d&#8217;utilisation et des instructions de montage.<\/p>\n<h3>R\u00e9sum\u00e9 des caract\u00e9ristiques du TSE Home SET 4001<\/h3>\n<h4>S\u00c9CURIT\u00c9<\/h4>\n<ul>\n<li>1 million de codes possibles<\/li>\n<li>Possibilit\u00e9 de programmer jusqu&#8217;\u00e0 6 utilisateurs\u00a0: 1 code secret (code administrateur \u00e0 6 chiffres) et 5 <strong>TSE E-KEYs <\/strong>en option<\/li>\n<li>Protection optimale contre toute manipulation<\/li>\n<li>Sans serrure de secours m\u00e9canique<\/li>\n<\/ul>\n<h4>COMPATIBILIT\u00c9<\/h4>\n<ul>\n<li>Convient \u00e0 toutes les \u00e9paisseurs de porte allant jusqu&#8217;\u00e0 120 mm (von 30\/30 &#8211; 60\/60)<\/li>\n<li>Pour portes int\u00e9rieures et ext\u00e9rieures<\/li>\n<\/ul>\n<h4>WIRELESS<\/h4>\n<ul>\n<li>Installation du clavier \u00e0 une distance de 4 m\u00e8tres maximum de la porte<\/li>\n<\/ul>\n<h4>SIMPLICIT\u00c9<\/h4>\n<ul>\n<li>Montage sans c\u00e2ble ni per\u00e7age, etc.<\/li>\n<li>Le cylindre profil\u00e9 TSE \u00e0 commande \u00e9lectronique remplace le cylindre m\u00e9canique profil\u00e9<\/li>\n<li>On conserve en place les garnitures existantes<\/li>\n<li>Aucun per\u00e7age\u00a0\u2013 mise \u00e0 niveau extr\u00eamement simple<\/li>\n<li>Montage en ext\u00e9rieur \u00e0 un endroit prot\u00e9g\u00e9 des intemp\u00e9ries<\/li>\n<li>Disponible en blanc et chrom\u00e9 mat<\/li>\n<\/ul>\n<p>&nbsp;<\/p>\n<table class=\"ausfuehrung\">\n<thead>\n<tr>\n<td>Article<\/td>\n<td>Couleurs<\/td>\n<\/tr>\n<\/thead>\n<tbody>\n<tr>\n<td>TSE Set 4001 Home W<\/td>\n<td>blanc<\/td>\n<\/tr>\n<tr>\n<td>TSE Set 4001 Home MCR<\/td>\n<td>chrom\u00e9 mat<\/td>\n<\/tr>\n<\/tbody>\n<\/table>\n","protected":false},"excerpt":{"rendered":"<p>Cliquez ici pour d\u00e9couvrir la nouvelle s\u00e9rie secuENTRY &nbsp; TSE Home: L&#8217;alternative pratique au cylindre portes classique D\u00e8s aujourd&#8217;hui, ne prenez plus une cl\u00e9 aga\u00e7ante avec vous\u00a0: Le cylindre \u00e9lectronique pour portes du TSE Home Set est facile \u00e0 monter &hellip; <a class=\"kt-excerpt-readmore\" href=\"https:\/\/test.burgwaechterservice.de\/fr\/p\/serrure-electronique\/tse-4000\/\" aria-label=\"TSE 4001 Home\">Lire la suite<\/a><\/p>\n","protected":false},"featured_media":627140,"comment_status":"closed","ping_status":"closed","template":"","meta":[],"product_cat":[1138],"product_tag":[561],"yoast_head":"<!-- This site is optimized with the Yoast SEO Premium plugin v18.4 (Yoast SEO v19.13) - https:\/\/yoast.com\/wordpress\/plugins\/seo\/ -->\n<title>TSE 4001 Home - BURG-W\u00c4CHTER<\/title>\n<meta name=\"description\" content=\"Cliquez ici pour d\u00e9couvrir la nouvelle s\u00e9rie secuENTRY &nbsp; TSE Home: L&#039;alternative pratique au cylindre portes classique D\u00e8s aujourd&#039;hui, ne prenez\" \/>\n<meta name=\"robots\" content=\"index, follow, max-snippet:-1, max-image-preview:large, max-video-preview:-1\" \/>\n<link rel=\"canonical\" href=\"https:\/\/test.burgwaechterservice.de\/fr\/p\/serrure-electronique\/tse-4000\/\" \/>\n<meta property=\"og:locale\" content=\"fr_FR\" \/>\n<meta property=\"og:type\" content=\"article\" \/>\n<meta property=\"og:title\" content=\"TSE 4001 Home\" \/>\n<meta property=\"og:description\" content=\"Cliquez ici pour d\u00e9couvrir la nouvelle s\u00e9rie secuENTRY &nbsp; TSE Home: L&#039;alternative pratique au cylindre portes classique D\u00e8s aujourd&#039;hui, ne prenez\" \/>\n<meta property=\"og:url\" content=\"https:\/\/test.burgwaechterservice.de\/fr\/p\/serrure-electronique\/tse-4000\/\" \/>\n<meta property=\"og:site_name\" content=\"Burg-W\u00e4chter France\" \/>\n<meta property=\"article:modified_time\" content=\"2022-04-06T06:37:10+00:00\" \/>\n<meta property=\"og:image\" content=\"https:\/\/test.burgwaechterservice.de\/fr\/wp-content\/uploads\/sites\/4\/2016\/07\/TSE_4001_PINCODE_frei_FR.png\" \/>\n\t<meta property=\"og:image:width\" content=\"1181\" \/>\n\t<meta property=\"og:image:height\" content=\"1181\" \/>\n\t<meta property=\"og:image:type\" content=\"image\/png\" \/>\n<meta name=\"twitter:card\" content=\"summary_large_image\" \/>\n<meta name=\"twitter:label1\" content=\"Dur\u00e9e de lecture estim\u00e9e\" \/>\n\t<meta name=\"twitter:data1\" content=\"3 minutes\" \/>\n<!-- \/ Yoast SEO Premium plugin. -->","yoast_head_json":{"title":"TSE 4001 Home - BURG-W\u00c4CHTER","description":"Cliquez ici pour d\u00e9couvrir la nouvelle s\u00e9rie secuENTRY &nbsp; TSE Home: L'alternative pratique au cylindre portes classique D\u00e8s aujourd'hui, ne prenez","robots":{"index":"index","follow":"follow","max-snippet":"max-snippet:-1","max-image-preview":"max-image-preview:large","max-video-preview":"max-video-preview:-1"},"canonical":"https:\/\/test.burgwaechterservice.de\/fr\/p\/serrure-electronique\/tse-4000\/","og_locale":"fr_FR","og_type":"article","og_title":"TSE 4001 Home","og_description":"Cliquez ici pour d\u00e9couvrir la nouvelle s\u00e9rie secuENTRY &nbsp; TSE Home: L'alternative pratique au cylindre portes classique D\u00e8s aujourd'hui, ne prenez","og_url":"https:\/\/test.burgwaechterservice.de\/fr\/p\/serrure-electronique\/tse-4000\/","og_site_name":"Burg-W\u00e4chter France","article_modified_time":"2022-04-06T06:37:10+00:00","og_image":[{"width":1181,"height":1181,"url":"https:\/\/test.burgwaechterservice.de\/fr\/wp-content\/uploads\/sites\/4\/2016\/07\/TSE_4001_PINCODE_frei_FR.png","type":"image\/png"}],"twitter_card":"summary_large_image","twitter_misc":{"Dur\u00e9e de lecture estim\u00e9e":"3 minutes"},"schema":{"@context":"https:\/\/schema.org","@graph":[{"@type":"WebPage","@id":"https:\/\/test.burgwaechterservice.de\/fr\/p\/serrure-electronique\/tse-4000\/","url":"https:\/\/test.burgwaechterservice.de\/fr\/p\/serrure-electronique\/tse-4000\/","name":"TSE 4001 Home - BURG-W\u00c4CHTER","isPartOf":{"@id":"https:\/\/test.burgwaechterservice.de\/fr\/#website"},"datePublished":"2016-07-14T10:50:38+00:00","dateModified":"2022-04-06T06:37:10+00:00","description":"Cliquez ici pour d\u00e9couvrir la nouvelle s\u00e9rie secuENTRY &nbsp; TSE Home: L'alternative pratique au cylindre portes classique D\u00e8s aujourd'hui, ne prenez","breadcrumb":{"@id":"https:\/\/test.burgwaechterservice.de\/fr\/p\/serrure-electronique\/tse-4000\/#breadcrumb"},"inLanguage":"fr-FR","potentialAction":[{"@type":"ReadAction","target":["https:\/\/test.burgwaechterservice.de\/fr\/p\/serrure-electronique\/tse-4000\/"]}]},{"@type":"BreadcrumbList","@id":"https:\/\/test.burgwaechterservice.de\/fr\/p\/serrure-electronique\/tse-4000\/#breadcrumb","itemListElement":[{"@type":"ListItem","position":1,"name":"Accueil","item":"https:\/\/test.burgwaechterservice.de\/fr\/"},{"@type":"ListItem","position":2,"name":"Produits","item":"https:\/\/test.burgwaechterservice.de\/fr\/p\/"},{"@type":"ListItem","position":3,"name":"TSE 4001 Home"}]},{"@type":"WebSite","@id":"https:\/\/test.burgwaechterservice.de\/fr\/#website","url":"https:\/\/test.burgwaechterservice.de\/fr\/","name":"Burg-W\u00e4chter France","description":"Le choix le plus s\u00fbr!","potentialAction":[{"@type":"SearchAction","target":{"@type":"EntryPoint","urlTemplate":"https:\/\/test.burgwaechterservice.de\/fr\/?s={search_term_string}"},"query-input":"required name=search_term_string"}],"inLanguage":"fr-FR"}]}},"_links":{"self":[{"href":"https:\/\/test.burgwaechterservice.de\/fr\/wp-json\/wp\/v2\/product\/31671"}],"collection":[{"href":"https:\/\/test.burgwaechterservice.de\/fr\/wp-json\/wp\/v2\/product"}],"about":[{"href":"https:\/\/test.burgwaechterservice.de\/fr\/wp-json\/wp\/v2\/types\/product"}],"replies":[{"embeddable":true,"href":"https:\/\/test.burgwaechterservice.de\/fr\/wp-json\/wp\/v2\/comments?post=31671"}],"wp:featuredmedia":[{"embeddable":true,"href":"https:\/\/test.burgwaechterservice.de\/fr\/wp-json\/wp\/v2\/media\/627140"}],"wp:attachment":[{"href":"https:\/\/test.burgwaechterservice.de\/fr\/wp-json\/wp\/v2\/media?parent=31671"}],"wp:term":[{"taxonomy":"product_cat","embeddable":true,"href":"https:\/\/test.burgwaechterservice.de\/fr\/wp-json\/wp\/v2\/product_cat?post=31671"},{"taxonomy":"product_tag","embeddable":true,"href":"https:\/\/test.burgwaechterservice.de\/fr\/wp-json\/wp\/v2\/product_tag?post=31671"}],"curies":[{"name":"wp","href":"https:\/\/api.w.org\/{rel}","templated":true}]}}