{"id":31670,"date":"2016-07-14T12:37:33","date_gmt":"2016-07-14T10:37:33","guid":{"rendered":"https:\/\/www.burg.biz\/?post_type=product&#038;p=31670"},"modified":"2022-04-29T09:07:23","modified_gmt":"2022-04-29T07:07:23","slug":"secuentry-easy-5601-pincode","status":"publish","type":"product","link":"https:\/\/test.burgwaechterservice.de\/fr\/p\/serrure-electronique\/secuentry-easy-5601-pincode\/","title":{"rendered":"secuENTRY easy 5601 Pincode"},"content":{"rendered":"<h2>secuENTRY easy: Ouvrez les portes rapidement et en toute s\u00e9curit\u00e9 avec un code \u00e0 6 chiffres<\/h2>\n<p>Ouvrez les portes avec un code individuel\u00a0\u2013\u00a0Difficile de faire plus pratique. Ou bien, le cylindre pour portes secuENTRY easy 5601 PINCODE vous offre la possibilit\u00e9 de recevoir un acc\u00e8s via KeyApp sur votre Smartphone.<\/p>\n<p>Ce syst\u00e8me de cylindre \u00e9lectronique pour portes est particuli\u00e8rement s\u00fbr et est de plus prot\u00e9g\u00e9 contre toute manipulation gr\u00e2ce au cryptage AES effectu\u00e9 lors de la transmission de donn\u00e9es via Bluetooth 4.0 LE.<\/p>\n<h3>Un acc\u00e8s moderne\u00a0: Via un code individuel ou au moyen de la KeyApp<\/h3>\n<p>Le <strong>cylindre <\/strong>secuENTRY offre une flexibilit\u00e9 hors du commun, car, outre via les Smartphones, il dispose \u00e9galement d&#8217;une fonction de s\u00e9rie lui permettant de l&#8217;activer au moyen de la biom\u00e9trie et d&#8217;un code PIN.<br \/>\nCela permet de r\u00e9agir rapidement \u00e0 des conditions changeantes, le syst\u00e8me pouvant toujours \u00eatre compl\u00e9t\u00e9 ult\u00e9rieurement.<\/p>\n<p>Ouvrez les portes de mani\u00e8re innovante\u00a0! Avec le secuENTRY easy 5601 avec code PIN, vous avez le choix entre deux m\u00e9thodes d&#8217;ouverture diff\u00e9rentes\u00a0:<\/p>\n<ul>\n<li>Cr\u00e9ez votre code d&#8217;acc\u00e8s personnel et tapez-le facilement sur le clavier. Le cylindre \u00e9lectronique est activ\u00e9 et vous pouvez maintenant actionner le bouton. En tout, vous pouvez programmer jusqu&#8217;\u00e0 50 codes diff\u00e9rents (dont un code administrateur).<\/li>\n<li>De m\u00eame, l&#8217;acc\u00e8s via KeyApp sur votre Smartphone est particuli\u00e8rement ais\u00e9. Il suffit d&#8217;actionner le bouton d&#8217;acc\u00e8s\u00a0\u2013\u00a0c&#8217;est termin\u00e9\u00a0! Avantage pratique\u00a0: Plusieurs Smartphones de diff\u00e9rents utilisateurs peuvent \u00eatre configur\u00e9s simultan\u00e9ment pour le cylindre secuENTRY\u00a0!<br \/>\nVous disposez gratuitement de l&#8217;application avec 30 fermetures \u00e0 t\u00e9l\u00e9charger sur Appstore et Google Play Store. Des packages suppl\u00e9mentaires payants sont disponibles sous la forme d&#8217;achats In App.<\/li>\n<\/ul>\n<p>Avec les deux m\u00e9thodes, les informations sont s\u00e9curis\u00e9es par cryptage AES via Bluetooth. De cette fa\u00e7on, tout risque de manipulation est \u00e9cart\u00e9.<\/p>\n<h3>COMPATIBILIT\u00c9<\/h3>\n<p>Ce syst\u00e8me de cylindre \u00e9lectronique pour portes est utilisable aussi bien en int\u00e9rieur que pour des portes en ext\u00e9rieur. Le cylindre \u00e9lectronique peut \u00eatre utilis\u00e9 avec des portes avec une \u00e9paisseur allant jusqu&#8217;\u00e0 118 mm (59\/59). En l&#8217;occurrence, le montage est tr\u00e8s facile et rapide, et ne n\u00e9cessite aucun per\u00e7age suppl\u00e9mentaire. Les garnitures existantes demeurent intactes.<br \/>\nDans l&#8217;id\u00e9al, le clavier secuENTRY avec indice de protection IP 65 est mont\u00e9 \u00e0 un endroit \u00e0 l&#8217;abri des intemp\u00e9ries. Veillez \u00e0 respecter la distance maximale de 4 m\u00e8tres au sein du p\u00e9rim\u00e8tre de la porte \u2013\u00a0de cette fa\u00e7on, une connexion Bluetooth ais\u00e9e est garantie.<\/p>\n<h3>Logiciel pour PC en option<\/h3>\n<p>Avec le secuENTRY easy 5601 Pincode vous avez la possibilit\u00e9 d&#8217;enregistrer plusieurs utilisateurs avec des codes individuels. La gestion d&#8217;utilisateur est effectu\u00e9e au moyen du logiciel pratique pour votre PC. Il est \u00e0 cet \u00e9gard particuli\u00e8rement ais\u00e9 de g\u00e9rer organisation et vue d&#8217;ensemble.<br \/>\nAttribuez ou retirez des droits d&#8217;acc\u00e8s (jusqu&#8217;\u00e0 50 utilisateurs) et consultez l&#8217;historique. Avec ce programme, vous disposez d&#8217;une vue d&#8217;ensemble optimale de tous les acc\u00e8s.<\/p>\n<p>Ce set contient\u00a0: Un cylindre \u00e9lectronique secuENTRY easy, un clavier secuENTRY easy Pincode, des piles, ainsi qu&#8217;un manuel d&#8217;utilisation et des instructions de montage.<\/p>\n<h3>Aper\u00e7u du cylindre \u00e9lectronique pour portes secuENTRY easy 5601 Pincode<\/h3>\n<h4>ACC\u00c8S<\/h4>\n<ol>\n<li>\n<h5>Mobile via Smartphone<\/h5>\n<\/li>\n<\/ol>\n<ul>\n<li>Application t\u00e9l\u00e9chargeable sur Appstore et Google Play Store*<\/li>\n<li>Application disponible pour Samsung Galaxy S4, S4 mini, S5 et S5 mini \u00e0 partir d&#8217;Android 4.3 KitKat ou 5.0 Lollipop et pour Apple iPhone 4S, 5, 5S, 6, 6P \u00e0 partir d&#8217;IOS 8.1.3 (V\u00e9rifiez la disponibilit\u00e9 des autres appareils sur\u00a0:\u00a0test.burgwaechterservice.de)<\/li>\n<li>Keyless Entry<\/li>\n<\/ul>\n<ol start=\"2\">\n<li>\n<h5>Code PIN via le clavier<\/h5>\n<\/li>\n<\/ol>\n<ul>\n<li>Clavier r\u00e9tro\u00e9clair\u00e9<\/li>\n<li>Activation du clavier via un pav\u00e9 tactile<\/li>\n<\/ul>\n<h4>S\u00c9CURIT\u00c9<\/h4>\n<ul>\n<li>Code secret \u00e0 6 chiffres<\/li>\n<li>Jusqu&#8217;\u00e0 50 codes programmables (dont 1 code administrateur), 24 empreintes digitales maximum<\/li>\n<li>1 million de codes possibles (code PIN)<\/li>\n<li>Protection optimale contre toute manipulation<\/li>\n<li>Incluse\u00a0:\u00a0Serrure de secours m\u00e9canique<\/li>\n<li>Transmission des donn\u00e9es de s\u00e9curit\u00e9 prot\u00e9g\u00e9es par cryptage AES<\/li>\n<li>Montage du clavier \u00e0 un endroit prot\u00e9g\u00e9 des intemp\u00e9ries, indice de protection IP 65<\/li>\n<\/ul>\n<h4>COMPATIBILIT\u00c9<\/h4>\n<ul>\n<li>Convient \u00e0 une \u00e9paisseur de porte allant jusqu&#8217;\u00e0 118 mm (59\/59)<\/li>\n<li>Pour portes int\u00e9rieures et ext\u00e9rieures<\/li>\n<li>Installation du clavier \u00e0 une distance de 4 m\u00e8tres maximum de la porte<\/li>\n<\/ul>\n<h4>SIMPLICIT\u00c9<\/h4>\n<ul>\n<li>Le cylindre secuENTRY EASY \u00e0 commande \u00e9lectronique remplace le cylindre m\u00e9canique profil\u00e9<\/li>\n<li>On conserve en place les garnitures existantes***<\/li>\n<li>Aucun per\u00e7age\u00a0\u2013 mise \u00e0 niveau facile<\/li>\n<\/ul>\n<h4>APP<\/h4>\n<h5>1.KeyApp<\/h5>\n<ul>\n<li>Ouverture du cylindre via Smartphone<\/li>\n<li>T\u00e9l\u00e9chargement sur Appstore et Google Play Store*<\/li>\n<li>Installation rapide et mise en service directe<\/li>\n<li>Mises \u00e0 jour automatiques possibles<\/li>\n<li>Kit de d\u00e9marrage gratuit comprenant 30 ouvertures<\/li>\n<li>Packages suppl\u00e9mentaires dans votre Store<\/li>\n<\/ul>\n<h5>2.ConfigApp<\/h5>\n<ul>\n<li>Uniquement compatible avec le logiciel pour PC secuENTRY<\/li>\n<li>Programmation des cylindres et des claviers<\/li>\n<li>Lecture et affichage de l&#8217;historique<\/li>\n<li>T\u00e9l\u00e9chargement gratuit sur Appstore et Google Play Store<\/li>\n<\/ul>\n<h4>COMPATIBILIT\u00c9 AVEC PC<\/h4>\n<ul>\n<li>Via le logiciel pour PC disponible en option, il est possible d&#8217;acc\u00e9der entre autres \u00e0 des fonctions telles que<\/li>\n<\/ul>\n<ul>\n<li>La gestion d&#8217;utilisateur<\/li>\n<li>Attribution de droits<\/li>\n<li>Lecture de l&#8217;historique, etc.<\/li>\n<\/ul>\n<p>***En cas de garniture de porte avec protection anti-vandalisme la serrure de secours m\u00e9canique n\u2019est plus accessible\u00a0!<\/p>\n","protected":false},"excerpt":{"rendered":"<p>secuENTRY easy: Ouvrez les portes rapidement et en toute s\u00e9curit\u00e9 avec un code \u00e0 6 chiffres Ouvrez les portes avec un code individuel\u00a0\u2013\u00a0Difficile de faire plus pratique. Ou bien, le cylindre pour portes secuENTRY easy 5601 PINCODE vous offre la &hellip; <a class=\"kt-excerpt-readmore\" href=\"https:\/\/test.burgwaechterservice.de\/fr\/p\/serrure-electronique\/secuentry-easy-5601-pincode\/\" aria-label=\"secuENTRY easy 5601 Pincode\">Lire la suite<\/a><\/p>\n","protected":false},"featured_media":32502,"comment_status":"closed","ping_status":"closed","template":"","meta":[],"product_cat":[1136],"product_tag":[543,552],"yoast_head":"<!-- This site is optimized with the Yoast SEO Premium plugin v18.4 (Yoast SEO v19.13) - https:\/\/yoast.com\/wordpress\/plugins\/seo\/ -->\n<title>secuENTRY easy 5601 Pincode - BURG-W\u00c4CHTER<\/title>\n<meta name=\"description\" content=\"secuENTRY easy: Ouvrez les portes rapidement et en toute s\u00e9curit\u00e9 avec un code \u00e0 6 chiffres Ouvrez les portes avec un code individuel\u00a0\u2013\u00a0Difficile de faire\" \/>\n<meta name=\"robots\" content=\"index, follow, max-snippet:-1, max-image-preview:large, max-video-preview:-1\" \/>\n<link rel=\"canonical\" href=\"https:\/\/test.burgwaechterservice.de\/fr\/p\/serrure-electronique\/secuentry-easy-5601-pincode\/\" \/>\n<meta property=\"og:locale\" content=\"fr_FR\" \/>\n<meta property=\"og:type\" content=\"article\" \/>\n<meta property=\"og:title\" content=\"secuENTRY easy 5601 Pincode\" \/>\n<meta property=\"og:description\" content=\"secuENTRY easy: Ouvrez les portes rapidement et en toute s\u00e9curit\u00e9 avec un code \u00e0 6 chiffres Ouvrez les portes avec un code individuel\u00a0\u2013\u00a0Difficile de faire\" \/>\n<meta property=\"og:url\" content=\"https:\/\/test.burgwaechterservice.de\/fr\/p\/serrure-electronique\/secuentry-easy-5601-pincode\/\" \/>\n<meta property=\"og:site_name\" content=\"Burg-W\u00e4chter France\" \/>\n<meta property=\"article:modified_time\" content=\"2022-04-29T07:07:23+00:00\" \/>\n<meta property=\"og:image\" content=\"https:\/\/test.burgwaechterservice.de\/fr\/wp-content\/uploads\/sites\/4\/2016\/07\/secuENTRY_easy_5601_PINCODE_560112_02.jpg\" \/>\n\t<meta property=\"og:image:width\" content=\"1417\" \/>\n\t<meta property=\"og:image:height\" content=\"1417\" \/>\n\t<meta property=\"og:image:type\" content=\"image\/jpeg\" \/>\n<meta name=\"twitter:card\" content=\"summary_large_image\" \/>\n<meta name=\"twitter:label1\" content=\"Dur\u00e9e de lecture estim\u00e9e\" \/>\n\t<meta name=\"twitter:data1\" content=\"4 minutes\" \/>\n<!-- \/ Yoast SEO Premium plugin. -->","yoast_head_json":{"title":"secuENTRY easy 5601 Pincode - BURG-W\u00c4CHTER","description":"secuENTRY easy: Ouvrez les portes rapidement et en toute s\u00e9curit\u00e9 avec un code \u00e0 6 chiffres Ouvrez les portes avec un code individuel\u00a0\u2013\u00a0Difficile de faire","robots":{"index":"index","follow":"follow","max-snippet":"max-snippet:-1","max-image-preview":"max-image-preview:large","max-video-preview":"max-video-preview:-1"},"canonical":"https:\/\/test.burgwaechterservice.de\/fr\/p\/serrure-electronique\/secuentry-easy-5601-pincode\/","og_locale":"fr_FR","og_type":"article","og_title":"secuENTRY easy 5601 Pincode","og_description":"secuENTRY easy: Ouvrez les portes rapidement et en toute s\u00e9curit\u00e9 avec un code \u00e0 6 chiffres Ouvrez les portes avec un code individuel\u00a0\u2013\u00a0Difficile de faire","og_url":"https:\/\/test.burgwaechterservice.de\/fr\/p\/serrure-electronique\/secuentry-easy-5601-pincode\/","og_site_name":"Burg-W\u00e4chter France","article_modified_time":"2022-04-29T07:07:23+00:00","og_image":[{"width":1417,"height":1417,"url":"https:\/\/test.burgwaechterservice.de\/fr\/wp-content\/uploads\/sites\/4\/2016\/07\/secuENTRY_easy_5601_PINCODE_560112_02.jpg","type":"image\/jpeg"}],"twitter_card":"summary_large_image","twitter_misc":{"Dur\u00e9e de lecture estim\u00e9e":"4 minutes"},"schema":{"@context":"https:\/\/schema.org","@graph":[{"@type":"WebPage","@id":"https:\/\/test.burgwaechterservice.de\/fr\/p\/serrure-electronique\/secuentry-easy-5601-pincode\/","url":"https:\/\/test.burgwaechterservice.de\/fr\/p\/serrure-electronique\/secuentry-easy-5601-pincode\/","name":"secuENTRY easy 5601 Pincode - BURG-W\u00c4CHTER","isPartOf":{"@id":"https:\/\/test.burgwaechterservice.de\/fr\/#website"},"datePublished":"2016-07-14T10:37:33+00:00","dateModified":"2022-04-29T07:07:23+00:00","description":"secuENTRY easy: Ouvrez les portes rapidement et en toute s\u00e9curit\u00e9 avec un code \u00e0 6 chiffres Ouvrez les portes avec un code individuel\u00a0\u2013\u00a0Difficile de faire","breadcrumb":{"@id":"https:\/\/test.burgwaechterservice.de\/fr\/p\/serrure-electronique\/secuentry-easy-5601-pincode\/#breadcrumb"},"inLanguage":"fr-FR","potentialAction":[{"@type":"ReadAction","target":["https:\/\/test.burgwaechterservice.de\/fr\/p\/serrure-electronique\/secuentry-easy-5601-pincode\/"]}]},{"@type":"BreadcrumbList","@id":"https:\/\/test.burgwaechterservice.de\/fr\/p\/serrure-electronique\/secuentry-easy-5601-pincode\/#breadcrumb","itemListElement":[{"@type":"ListItem","position":1,"name":"Accueil","item":"https:\/\/test.burgwaechterservice.de\/fr\/"},{"@type":"ListItem","position":2,"name":"Produits","item":"https:\/\/test.burgwaechterservice.de\/fr\/p\/"},{"@type":"ListItem","position":3,"name":"secuENTRY easy 5601 Pincode"}]},{"@type":"WebSite","@id":"https:\/\/test.burgwaechterservice.de\/fr\/#website","url":"https:\/\/test.burgwaechterservice.de\/fr\/","name":"Burg-W\u00e4chter France","description":"Le choix le plus s\u00fbr!","potentialAction":[{"@type":"SearchAction","target":{"@type":"EntryPoint","urlTemplate":"https:\/\/test.burgwaechterservice.de\/fr\/?s={search_term_string}"},"query-input":"required name=search_term_string"}],"inLanguage":"fr-FR"}]}},"_links":{"self":[{"href":"https:\/\/test.burgwaechterservice.de\/fr\/wp-json\/wp\/v2\/product\/31670"}],"collection":[{"href":"https:\/\/test.burgwaechterservice.de\/fr\/wp-json\/wp\/v2\/product"}],"about":[{"href":"https:\/\/test.burgwaechterservice.de\/fr\/wp-json\/wp\/v2\/types\/product"}],"replies":[{"embeddable":true,"href":"https:\/\/test.burgwaechterservice.de\/fr\/wp-json\/wp\/v2\/comments?post=31670"}],"wp:featuredmedia":[{"embeddable":true,"href":"https:\/\/test.burgwaechterservice.de\/fr\/wp-json\/wp\/v2\/media\/32502"}],"wp:attachment":[{"href":"https:\/\/test.burgwaechterservice.de\/fr\/wp-json\/wp\/v2\/media?parent=31670"}],"wp:term":[{"taxonomy":"product_cat","embeddable":true,"href":"https:\/\/test.burgwaechterservice.de\/fr\/wp-json\/wp\/v2\/product_cat?post=31670"},{"taxonomy":"product_tag","embeddable":true,"href":"https:\/\/test.burgwaechterservice.de\/fr\/wp-json\/wp\/v2\/product_tag?post=31670"}],"curies":[{"name":"wp","href":"https:\/\/api.w.org\/{rel}","templated":true}]}}