{"id":31665,"date":"2016-07-14T12:17:39","date_gmt":"2016-07-14T10:17:39","guid":{"rendered":"https:\/\/www.burg.biz\/?post_type=product&#038;p=31665"},"modified":"2022-04-29T09:05:55","modified_gmt":"2022-04-29T07:05:55","slug":"logiciel-secuentry","status":"publish","type":"product","link":"https:\/\/test.burgwaechterservice.de\/fr\/p\/serrure-electronique\/logiciel-secuentry\/","title":{"rendered":"Logiciel secuENTRY"},"content":{"rendered":"<h2>secuENTRY PC Software: Configurer et programmer est un jeu d&#8217;enfant<\/h2>\n<p>Avec ce logiciel pour votre PC, vous disposez d&#8217;<strong>une vue d&#8217;ensemble compl\u00e8te de tous les utilisateurs et de leurs ouvertures.<\/strong> Avec ce programme, la gestion des fonctions et des utilisateurs est effectu\u00e9e de mani\u00e8re particuli\u00e8rement ais\u00e9e.<\/p>\n<h3>Disposez d&#8217;une vue d&#8217;ensemble des utilisateurs et des ouvertures<\/h3>\n<p>Le logiciel facile d&#8217;utilisation secuENTRY permet de g\u00e9rer facilement jusqu&#8217;\u00e0 15 utilisateurs. Consultez l&#8217;<strong>historique des acc\u00e8s<\/strong>\u00a0\u2013\u00a0pour cela <u>aucune<\/u> liaison radio permanente entre le cylindre et le logiciel n&#8217;est n\u00e9cessaire. Pour obtenir une liste claire de tous les utilisateurs, vous pouvez rapidement et facilement cr\u00e9er des <strong>profils d&#8217;utilisateur <\/strong>avec les informations n\u00e9cessaires. Attribuer des <strong>droits d&#8217;acc\u00e8s<\/strong> et retirez-les tout simplement si n\u00e9cessaire. Il est \u00e9galement possible d&#8217;attribuer des<strong> droits d&#8217;acc\u00e8s temporaires<\/strong>\u00a0\u2013\u00a0id\u00e9al \u00e9galement pour un \u00e9tablissement h\u00f4telier.<\/p>\n<p>Utilisez votre webcam pour scanner le code QR fourni lors de la livraison. Ce processus est n\u00e9cessaire pour configurer l&#8217;unit\u00e9 secuENTRY pour le logiciel.<\/p>\n<p>Le logiciel est compatible avec Windows 7, Windows 8 ou Windows 10 dans la configuration standard.<\/p>\n<h3>En bref\u00a0: Le logiciel pour votre PC secuENTRY<\/h3>\n<ul>\n<li>Logiciel pour PC facile d&#8217;utilisation pour syst\u00e8mes de fermeture avec jusqu&#8217;\u00e0 15 utilisateurs et 8 cylindres (les donn\u00e9es de lecteur d&#8217;empreintes digitales ne peuvent ni \u00eatre programm\u00e9es, ni g\u00e9r\u00e9es via le logiciel)<\/li>\n<li>Configuration des unit\u00e9s BURG-W\u00c4CHTER via Smartphones (ConfigApp) et\/ou logiciel Windows<\/li>\n<li>Application t\u00e9l\u00e9chargeable sur Appstore et Google Play Store<\/li>\n<li>Lecture de l&#8217;historique<\/li>\n<li>Fonctions sp\u00e9ciales disponibles sous forme d&#8217;achats In-Apps<\/li>\n<li>Affichage de l&#8217;\u00e9tat des piles du cylindre<\/li>\n<li>Syst\u00e8me d&#8217;exploitation requis\u00a0:\u00a0Windows 7, Windows 8 ou Windows 10\u00a0(pour les tablettes PC Windows d\u00e8s la version 8.1)\u00a0en configuration standard, port USB<\/li>\n<li>Aucune liaison radio permanente entre le PC et\u00a0le cylindre n&#8217;est n\u00e9cessaire<\/li>\n<li>R\u00e9solution d&#8217;\u00e9cran recommand\u00e9e\u00a0:\u00a01200 X 1024 (\u00e9galement possible, sans difficult\u00e9, sur les ordinateurs portables)<\/li>\n<li>Lecture du transpondeur par logiciel via webcam<\/li>\n<\/ul>\n","protected":false},"excerpt":{"rendered":"<p>secuENTRY PC Software: Configurer et programmer est un jeu d&#8217;enfant Avec ce logiciel pour votre PC, vous disposez d&#8217;une vue d&#8217;ensemble compl\u00e8te de tous les utilisateurs et de leurs ouvertures. Avec ce programme, la gestion des fonctions et des utilisateurs &hellip; <a class=\"kt-excerpt-readmore\" href=\"https:\/\/test.burgwaechterservice.de\/fr\/p\/serrure-electronique\/logiciel-secuentry\/\" aria-label=\"Logiciel secuENTRY\">Lire la suite<\/a><\/p>\n","protected":false},"featured_media":31666,"comment_status":"closed","ping_status":"closed","template":"","meta":[],"product_cat":[5802,1135,1136],"product_tag":[551],"yoast_head":"<!-- This site is optimized with the Yoast SEO Premium plugin v18.4 (Yoast SEO v19.13) - https:\/\/yoast.com\/wordpress\/plugins\/seo\/ -->\n<title>secuEntry Software - Burg-W\u00e4chter<\/title>\n<meta name=\"description\" content=\"secuENTRY PC Software: Configurer et programmer est un jeu d&#039;enfant Avec ce logiciel pour votre PC, vous disposez d&#039;une vue d&#039;ensemble compl\u00e8te de tous\" \/>\n<meta name=\"robots\" content=\"index, follow, max-snippet:-1, max-image-preview:large, max-video-preview:-1\" \/>\n<link rel=\"canonical\" href=\"https:\/\/test.burgwaechterservice.de\/fr\/p\/serrure-electronique\/logiciel-secuentry\/\" \/>\n<meta property=\"og:locale\" content=\"fr_FR\" \/>\n<meta property=\"og:type\" content=\"article\" \/>\n<meta property=\"og:title\" content=\"Logiciel secuENTRY\" \/>\n<meta property=\"og:description\" content=\"secuENTRY PC Software: Configurer et programmer est un jeu d&#039;enfant Avec ce logiciel pour votre PC, vous disposez d&#039;une vue d&#039;ensemble compl\u00e8te de tous\" \/>\n<meta property=\"og:url\" content=\"https:\/\/test.burgwaechterservice.de\/fr\/p\/serrure-electronique\/logiciel-secuentry\/\" \/>\n<meta property=\"og:site_name\" content=\"Burg-W\u00e4chter France\" \/>\n<meta property=\"article:modified_time\" content=\"2022-04-29T07:05:55+00:00\" \/>\n<meta property=\"og:image\" content=\"https:\/\/test.burgwaechterservice.de\/fr\/wp-content\/uploads\/sites\/4\/2016\/07\/ENTRY-5750-Software.jpg\" \/>\n\t<meta property=\"og:image:width\" content=\"3806\" \/>\n\t<meta property=\"og:image:height\" content=\"3806\" \/>\n\t<meta property=\"og:image:type\" content=\"image\/jpeg\" \/>\n<meta name=\"twitter:card\" content=\"summary_large_image\" \/>\n<meta name=\"twitter:label1\" content=\"Dur\u00e9e de lecture estim\u00e9e\" \/>\n\t<meta name=\"twitter:data1\" content=\"2 minutes\" \/>\n<!-- \/ Yoast SEO Premium plugin. -->","yoast_head_json":{"title":"secuEntry Software - Burg-W\u00e4chter","description":"secuENTRY PC Software: Configurer et programmer est un jeu d'enfant Avec ce logiciel pour votre PC, vous disposez d'une vue d'ensemble compl\u00e8te de tous","robots":{"index":"index","follow":"follow","max-snippet":"max-snippet:-1","max-image-preview":"max-image-preview:large","max-video-preview":"max-video-preview:-1"},"canonical":"https:\/\/test.burgwaechterservice.de\/fr\/p\/serrure-electronique\/logiciel-secuentry\/","og_locale":"fr_FR","og_type":"article","og_title":"Logiciel secuENTRY","og_description":"secuENTRY PC Software: Configurer et programmer est un jeu d'enfant Avec ce logiciel pour votre PC, vous disposez d'une vue d'ensemble compl\u00e8te de tous","og_url":"https:\/\/test.burgwaechterservice.de\/fr\/p\/serrure-electronique\/logiciel-secuentry\/","og_site_name":"Burg-W\u00e4chter France","article_modified_time":"2022-04-29T07:05:55+00:00","og_image":[{"width":3806,"height":3806,"url":"https:\/\/test.burgwaechterservice.de\/fr\/wp-content\/uploads\/sites\/4\/2016\/07\/ENTRY-5750-Software.jpg","type":"image\/jpeg"}],"twitter_card":"summary_large_image","twitter_misc":{"Dur\u00e9e de lecture estim\u00e9e":"2 minutes"},"schema":{"@context":"https:\/\/schema.org","@graph":[{"@type":"WebPage","@id":"https:\/\/test.burgwaechterservice.de\/fr\/p\/serrure-electronique\/logiciel-secuentry\/","url":"https:\/\/test.burgwaechterservice.de\/fr\/p\/serrure-electronique\/logiciel-secuentry\/","name":"secuEntry Software - Burg-W\u00e4chter","isPartOf":{"@id":"https:\/\/test.burgwaechterservice.de\/fr\/#website"},"datePublished":"2016-07-14T10:17:39+00:00","dateModified":"2022-04-29T07:05:55+00:00","description":"secuENTRY PC Software: Configurer et programmer est un jeu d'enfant Avec ce logiciel pour votre PC, vous disposez d'une vue d'ensemble compl\u00e8te de tous","breadcrumb":{"@id":"https:\/\/test.burgwaechterservice.de\/fr\/p\/serrure-electronique\/logiciel-secuentry\/#breadcrumb"},"inLanguage":"fr-FR","potentialAction":[{"@type":"ReadAction","target":["https:\/\/test.burgwaechterservice.de\/fr\/p\/serrure-electronique\/logiciel-secuentry\/"]}]},{"@type":"BreadcrumbList","@id":"https:\/\/test.burgwaechterservice.de\/fr\/p\/serrure-electronique\/logiciel-secuentry\/#breadcrumb","itemListElement":[{"@type":"ListItem","position":1,"name":"Accueil","item":"https:\/\/test.burgwaechterservice.de\/fr\/"},{"@type":"ListItem","position":2,"name":"Produits","item":"https:\/\/test.burgwaechterservice.de\/fr\/p\/"},{"@type":"ListItem","position":3,"name":"Logiciel secuENTRY"}]},{"@type":"WebSite","@id":"https:\/\/test.burgwaechterservice.de\/fr\/#website","url":"https:\/\/test.burgwaechterservice.de\/fr\/","name":"Burg-W\u00e4chter France","description":"Le choix le plus s\u00fbr!","potentialAction":[{"@type":"SearchAction","target":{"@type":"EntryPoint","urlTemplate":"https:\/\/test.burgwaechterservice.de\/fr\/?s={search_term_string}"},"query-input":"required name=search_term_string"}],"inLanguage":"fr-FR"}]}},"_links":{"self":[{"href":"https:\/\/test.burgwaechterservice.de\/fr\/wp-json\/wp\/v2\/product\/31665"}],"collection":[{"href":"https:\/\/test.burgwaechterservice.de\/fr\/wp-json\/wp\/v2\/product"}],"about":[{"href":"https:\/\/test.burgwaechterservice.de\/fr\/wp-json\/wp\/v2\/types\/product"}],"replies":[{"embeddable":true,"href":"https:\/\/test.burgwaechterservice.de\/fr\/wp-json\/wp\/v2\/comments?post=31665"}],"wp:featuredmedia":[{"embeddable":true,"href":"https:\/\/test.burgwaechterservice.de\/fr\/wp-json\/wp\/v2\/media\/31666"}],"wp:attachment":[{"href":"https:\/\/test.burgwaechterservice.de\/fr\/wp-json\/wp\/v2\/media?parent=31665"}],"wp:term":[{"taxonomy":"product_cat","embeddable":true,"href":"https:\/\/test.burgwaechterservice.de\/fr\/wp-json\/wp\/v2\/product_cat?post=31665"},{"taxonomy":"product_tag","embeddable":true,"href":"https:\/\/test.burgwaechterservice.de\/fr\/wp-json\/wp\/v2\/product_tag?post=31665"}],"curies":[{"name":"wp","href":"https:\/\/api.w.org\/{rel}","templated":true}]}}