{"id":31622,"date":"2016-07-14T11:03:40","date_gmt":"2016-07-14T09:03:40","guid":{"rendered":"https:\/\/www.burg.biz\/?post_type=product&#038;p=31622"},"modified":"2020-06-29T08:33:08","modified_gmt":"2020-06-29T06:33:08","slug":"e7me","status":"publish","type":"product","link":"https:\/\/test.burgwaechterservice.de\/fr\/p\/cadenas-et-porte-cadenas\/e7me\/","title":{"rendered":"Cl\u00e9s de blocage \u00e0 cylindre E7\/ME"},"content":{"rendered":"<h2>Protection de trou de serrure \u00e0 cylindre E7 \/ ME<\/h2>\n<p>Offrez \u00e0 vos serrures de mortaise une protection suppl\u00e9mentaire avec le bloqueur de trou de serrure de BURG-W\u00c4CHTER\u00a0!<\/p>\n<p>Voici comment s\u00e9curiser vos serrures sans vous emb\u00eater avec une installation suppl\u00e9mentaire au niveau de la serrure. Il suffit d\u2019ins\u00e9rer d\u2019un c\u00f4t\u00e9 de la serrure le bloqueur de serrure adapt\u00e9 afin de pr\u00e9venir une ouverture non d\u00e9sir\u00e9e depuis l\u2019autre c\u00f4t\u00e9 de la serrure.<\/p>\n<p>Choisissez parmi les versions suivantes le bloqueur de serrure qui correspond \u00e0 votre serrure \u00e0 mortaise ainsi qu\u2019\u00e0 vous.<\/p>\n<ul>\n<li>E 6 \/ E 7 Adapt\u00e9 pour les <strong>serrures \u00e0 mortaise<\/strong><\/li>\n<li>* E 700 <strong>Avec but\u00e9e<\/strong>, adapt\u00e9 pour les serrures \u00e0 mortaise<\/li>\n<li>ME Adapt\u00e9 pour les <strong>serrures \u00e0 mortaise de meuble<\/strong><\/li>\n<\/ul>\n<p>Par ailleurs, vous pouvez choisir si vous avez besoin soit de <strong>deux<\/strong> soit plut\u00f4t de <strong>trois<\/strong> cl\u00e9s pour votre bloqueur de trou de serrure (seulement pour les versions E 7 et E 700).<\/p>\n<p>&nbsp;<\/p>\n<h2>Cl\u00e9s de blocage \u00e0 cylindre<\/h2>\n<ul>\n<li>E 6\/E 7 : pour serrures \u00e0 larder<\/li>\n<li>E 700 : avec arr\u00eat, pour serrures \u00e0 larder<\/li>\n<li>ME : pour serrures de meubles \u00e0 larder<\/li>\n<li>Version \u201e\/2\u201c: avec 2 cl\u00e9s<\/li>\n<li>Version \u201e\/3\u201c: avec 3 cl\u00e9s<\/li>\n<\/ul>\n<p>&nbsp;<\/p>\n<table class=\"ausfuehrung\">\n<thead>\n<tr>\n<td>Article<\/td>\n<td>\u00d8 (mm)<\/td>\n<td>N\u00b0. d\u2019\u00e9bauche<\/td>\n<\/tr>\n<\/thead>\n<tbody>\n<tr>\n<td>E 7\/2<\/td>\n<td>7<\/td>\n<td>24<\/td>\n<\/tr>\n<tr>\n<td>E 7\/3<\/td>\n<td>7<\/td>\n<td>24<\/td>\n<\/tr>\n<tr>\n<td>E6\/2<\/td>\n<td>6<\/td>\n<td>22<\/td>\n<\/tr>\n<tr>\n<td>E700\/2<\/td>\n<td>7<\/td>\n<td>26<\/td>\n<\/tr>\n<tr>\n<td>E700\/3<\/td>\n<td>7<\/td>\n<td>26<\/td>\n<\/tr>\n<tr>\n<td>ME\/2<\/td>\n<td>6<\/td>\n<td>14<\/td>\n<\/tr>\n<\/tbody>\n<\/table>\n","protected":false},"excerpt":{"rendered":"<p>Protection de trou de serrure \u00e0 cylindre E7 \/ ME Offrez \u00e0 vos serrures de mortaise une protection suppl\u00e9mentaire avec le bloqueur de trou de serrure de BURG-W\u00c4CHTER\u00a0! Voici comment s\u00e9curiser vos serrures sans vous emb\u00eater avec une installation suppl\u00e9mentaire &hellip; <a class=\"kt-excerpt-readmore\" href=\"https:\/\/test.burgwaechterservice.de\/fr\/p\/cadenas-et-porte-cadenas\/e7me\/\" aria-label=\"Cl\u00e9s de blocage \u00e0 cylindre E7\/ME\">Lire la suite<\/a><\/p>\n","protected":false},"featured_media":32493,"comment_status":"closed","ping_status":"closed","template":"","meta":[],"product_cat":[30,59],"product_tag":[],"yoast_head":"<!-- This site is optimized with the Yoast SEO Premium plugin v18.4 (Yoast SEO v19.13) - https:\/\/yoast.com\/wordpress\/plugins\/seo\/ -->\n<title>Cl\u00e9s de blocage \u00e0 cylindre E7\/ME - BURG-W\u00c4CHTER<\/title>\n<meta name=\"description\" content=\"Protection de trou de serrure \u00e0 cylindre E7 \/ ME Offrez \u00e0 vos serrures de mortaise une protection suppl\u00e9mentaire avec le bloqueur de trou de serrure de\" \/>\n<meta name=\"robots\" content=\"index, follow, max-snippet:-1, max-image-preview:large, max-video-preview:-1\" \/>\n<link rel=\"canonical\" href=\"https:\/\/test.burgwaechterservice.de\/fr\/p\/cadenas-et-porte-cadenas\/e7me\/\" \/>\n<meta property=\"og:locale\" content=\"fr_FR\" \/>\n<meta property=\"og:type\" content=\"article\" \/>\n<meta property=\"og:title\" content=\"Cl\u00e9s de blocage \u00e0 cylindre E7\/ME\" \/>\n<meta property=\"og:description\" content=\"Protection de trou de serrure \u00e0 cylindre E7 \/ ME Offrez \u00e0 vos serrures de mortaise une protection suppl\u00e9mentaire avec le bloqueur de trou de serrure de\" \/>\n<meta property=\"og:url\" content=\"https:\/\/test.burgwaechterservice.de\/fr\/p\/cadenas-et-porte-cadenas\/e7me\/\" \/>\n<meta property=\"og:site_name\" content=\"Burg-W\u00e4chter France\" \/>\n<meta property=\"article:modified_time\" content=\"2020-06-29T06:33:08+00:00\" \/>\n<meta property=\"og:image\" content=\"https:\/\/test.burgwaechterservice.de\/fr\/wp-content\/uploads\/sites\/4\/2016\/07\/Schl\u00fcssellochsperrer_E_7_2_042809-01.jpg\" \/>\n\t<meta property=\"og:image:width\" content=\"1000\" \/>\n\t<meta property=\"og:image:height\" content=\"1000\" \/>\n\t<meta property=\"og:image:type\" content=\"image\/jpeg\" \/>\n<meta name=\"twitter:card\" content=\"summary_large_image\" \/>\n<meta name=\"twitter:label1\" content=\"Dur\u00e9e de lecture estim\u00e9e\" \/>\n\t<meta name=\"twitter:data1\" content=\"1 minute\" \/>\n<!-- \/ Yoast SEO Premium plugin. -->","yoast_head_json":{"title":"Cl\u00e9s de blocage \u00e0 cylindre E7\/ME - BURG-W\u00c4CHTER","description":"Protection de trou de serrure \u00e0 cylindre E7 \/ ME Offrez \u00e0 vos serrures de mortaise une protection suppl\u00e9mentaire avec le bloqueur de trou de serrure de","robots":{"index":"index","follow":"follow","max-snippet":"max-snippet:-1","max-image-preview":"max-image-preview:large","max-video-preview":"max-video-preview:-1"},"canonical":"https:\/\/test.burgwaechterservice.de\/fr\/p\/cadenas-et-porte-cadenas\/e7me\/","og_locale":"fr_FR","og_type":"article","og_title":"Cl\u00e9s de blocage \u00e0 cylindre E7\/ME","og_description":"Protection de trou de serrure \u00e0 cylindre E7 \/ ME Offrez \u00e0 vos serrures de mortaise une protection suppl\u00e9mentaire avec le bloqueur de trou de serrure de","og_url":"https:\/\/test.burgwaechterservice.de\/fr\/p\/cadenas-et-porte-cadenas\/e7me\/","og_site_name":"Burg-W\u00e4chter France","article_modified_time":"2020-06-29T06:33:08+00:00","og_image":[{"width":1000,"height":1000,"url":"https:\/\/test.burgwaechterservice.de\/fr\/wp-content\/uploads\/sites\/4\/2016\/07\/Schl\u00fcssellochsperrer_E_7_2_042809-01.jpg","type":"image\/jpeg"}],"twitter_card":"summary_large_image","twitter_misc":{"Dur\u00e9e de lecture estim\u00e9e":"1 minute"},"schema":{"@context":"https:\/\/schema.org","@graph":[{"@type":"WebPage","@id":"https:\/\/test.burgwaechterservice.de\/fr\/p\/cadenas-et-porte-cadenas\/e7me\/","url":"https:\/\/test.burgwaechterservice.de\/fr\/p\/cadenas-et-porte-cadenas\/e7me\/","name":"Cl\u00e9s de blocage \u00e0 cylindre E7\/ME - BURG-W\u00c4CHTER","isPartOf":{"@id":"https:\/\/test.burgwaechterservice.de\/fr\/#website"},"datePublished":"2016-07-14T09:03:40+00:00","dateModified":"2020-06-29T06:33:08+00:00","description":"Protection de trou de serrure \u00e0 cylindre E7 \/ ME Offrez \u00e0 vos serrures de mortaise une protection suppl\u00e9mentaire avec le bloqueur de trou de serrure de","breadcrumb":{"@id":"https:\/\/test.burgwaechterservice.de\/fr\/p\/cadenas-et-porte-cadenas\/e7me\/#breadcrumb"},"inLanguage":"fr-FR","potentialAction":[{"@type":"ReadAction","target":["https:\/\/test.burgwaechterservice.de\/fr\/p\/cadenas-et-porte-cadenas\/e7me\/"]}]},{"@type":"BreadcrumbList","@id":"https:\/\/test.burgwaechterservice.de\/fr\/p\/cadenas-et-porte-cadenas\/e7me\/#breadcrumb","itemListElement":[{"@type":"ListItem","position":1,"name":"Accueil","item":"https:\/\/test.burgwaechterservice.de\/fr\/"},{"@type":"ListItem","position":2,"name":"Produits","item":"https:\/\/test.burgwaechterservice.de\/fr\/p\/"},{"@type":"ListItem","position":3,"name":"Cl\u00e9s de blocage \u00e0 cylindre E7\/ME"}]},{"@type":"WebSite","@id":"https:\/\/test.burgwaechterservice.de\/fr\/#website","url":"https:\/\/test.burgwaechterservice.de\/fr\/","name":"Burg-W\u00e4chter France","description":"Le choix le plus s\u00fbr!","potentialAction":[{"@type":"SearchAction","target":{"@type":"EntryPoint","urlTemplate":"https:\/\/test.burgwaechterservice.de\/fr\/?s={search_term_string}"},"query-input":"required name=search_term_string"}],"inLanguage":"fr-FR"}]}},"_links":{"self":[{"href":"https:\/\/test.burgwaechterservice.de\/fr\/wp-json\/wp\/v2\/product\/31622"}],"collection":[{"href":"https:\/\/test.burgwaechterservice.de\/fr\/wp-json\/wp\/v2\/product"}],"about":[{"href":"https:\/\/test.burgwaechterservice.de\/fr\/wp-json\/wp\/v2\/types\/product"}],"replies":[{"embeddable":true,"href":"https:\/\/test.burgwaechterservice.de\/fr\/wp-json\/wp\/v2\/comments?post=31622"}],"wp:featuredmedia":[{"embeddable":true,"href":"https:\/\/test.burgwaechterservice.de\/fr\/wp-json\/wp\/v2\/media\/32493"}],"wp:attachment":[{"href":"https:\/\/test.burgwaechterservice.de\/fr\/wp-json\/wp\/v2\/media?parent=31622"}],"wp:term":[{"taxonomy":"product_cat","embeddable":true,"href":"https:\/\/test.burgwaechterservice.de\/fr\/wp-json\/wp\/v2\/product_cat?post=31622"},{"taxonomy":"product_tag","embeddable":true,"href":"https:\/\/test.burgwaechterservice.de\/fr\/wp-json\/wp\/v2\/product_tag?post=31622"}],"curies":[{"name":"wp","href":"https:\/\/api.w.org\/{rel}","templated":true}]}}