{"id":31612,"date":"2016-07-14T10:16:53","date_gmt":"2016-07-14T08:16:53","guid":{"rendered":"https:\/\/www.burg.biz\/?post_type=product&#038;p=31612"},"modified":"2017-07-07T12:49:14","modified_gmt":"2017-07-07T10:49:14","slug":"esesa","status":"publish","type":"product","link":"https:\/\/test.burgwaechterservice.de\/fr\/p\/cadenas-et-porte-cadenas\/esesa\/","title":{"rendered":"Dispositifs de s\u00e9curit\u00e9 ES\/ESA"},"content":{"rendered":"<h2>Dispositifs de s\u00e9curit\u00e9<\/h2>\n<ul>\n<li>Dispositifs qui transforment les serrures \u00e0 gorges en serrures \u00e0 cylindre<\/li>\n<li>rayon de fermeture r\u00e9glable de 13,5 \u00e0 15 mm<\/li>\n<li>ESA: dispositif de s\u00e9curit\u00e9 au prix avantageux, rayon de fermeture de 16,5 mm, avec 3 cl\u00e9s<\/li>\n<li>Version \u201e\/2\u201c: avec 2 cl\u00e9s<\/li>\n<li>Version \u201e\/3\u201c: avec 3 cl\u00e9s<\/li>\n<\/ul>\n<p>&nbsp;<\/p>\n<table class=\"ausfuehrung\">\n<thead>\n<tr>\n<td>Article<\/td>\n<td>Longueur de cl\u00e9 (mm)<\/td>\n<td>N\u00b0. d\u2019\u00e9bauche<\/td>\n<\/tr>\n<\/thead>\n<tbody>\n<tr>\n<td>ES 10\/2<\/td>\n<td>85<\/td>\n<td>29<\/td>\n<\/tr>\n<tr>\n<td>ES 10\/3<\/td>\n<td>85<\/td>\n<td>29<\/td>\n<\/tr>\n<tr>\n<td>ESA 10\/3<\/td>\n<td>85<\/td>\n<td>29<\/td>\n<\/tr>\n<\/tbody>\n<\/table>\n","protected":false},"excerpt":{"rendered":"<p>Dispositifs de s\u00e9curit\u00e9 Dispositifs qui transforment les serrures \u00e0 gorges en serrures \u00e0 cylindre rayon de fermeture r\u00e9glable de 13,5 \u00e0 15 mm ESA: dispositif de s\u00e9curit\u00e9 au prix avantageux, rayon de fermeture de 16,5 mm, avec 3 cl\u00e9s Version &hellip; <a class=\"kt-excerpt-readmore\" href=\"https:\/\/test.burgwaechterservice.de\/fr\/p\/cadenas-et-porte-cadenas\/esesa\/\" aria-label=\"Dispositifs de s\u00e9curit\u00e9 ES\/ESA\">Lire la suite<\/a><\/p>\n","protected":false},"featured_media":32491,"comment_status":"closed","ping_status":"closed","template":"","meta":[],"product_cat":[30,59],"product_tag":[],"yoast_head":"<!-- This site is optimized with the Yoast SEO Premium plugin v18.4 (Yoast SEO v19.13) - https:\/\/yoast.com\/wordpress\/plugins\/seo\/ -->\n<title>Dispositifs de s\u00e9curit\u00e9 ES\/ESA - BURG-W\u00c4CHTER<\/title>\n<meta name=\"description\" content=\"Dispositifs de s\u00e9curit\u00e9 Dispositifs qui transforment les serrures \u00e0 gorges en serrures \u00e0 cylindre rayon de fermeture r\u00e9glable de 13,5 \u00e0 15 mm ESA:\" \/>\n<meta name=\"robots\" content=\"index, follow, max-snippet:-1, max-image-preview:large, max-video-preview:-1\" \/>\n<link rel=\"canonical\" href=\"https:\/\/test.burgwaechterservice.de\/fr\/p\/cadenas-et-porte-cadenas\/esesa\/\" \/>\n<meta property=\"og:locale\" content=\"fr_FR\" \/>\n<meta property=\"og:type\" content=\"article\" \/>\n<meta property=\"og:title\" content=\"Dispositifs de s\u00e9curit\u00e9 ES\/ESA\" \/>\n<meta property=\"og:description\" content=\"Dispositifs de s\u00e9curit\u00e9 Dispositifs qui transforment les serrures \u00e0 gorges en serrures \u00e0 cylindre rayon de fermeture r\u00e9glable de 13,5 \u00e0 15 mm ESA:\" \/>\n<meta property=\"og:url\" content=\"https:\/\/test.burgwaechterservice.de\/fr\/p\/cadenas-et-porte-cadenas\/esesa\/\" \/>\n<meta property=\"og:site_name\" content=\"Burg-W\u00e4chter France\" \/>\n<meta property=\"article:modified_time\" content=\"2017-07-07T10:49:14+00:00\" \/>\n<meta property=\"og:image\" content=\"https:\/\/test.burgwaechterservice.de\/fr\/wp-content\/uploads\/sites\/4\/2016\/07\/Einbausicherung_ES-01.jpg\" \/>\n\t<meta property=\"og:image:width\" content=\"800\" \/>\n\t<meta property=\"og:image:height\" content=\"816\" \/>\n\t<meta property=\"og:image:type\" content=\"image\/jpeg\" \/>\n<meta name=\"twitter:card\" content=\"summary_large_image\" \/>\n<!-- \/ Yoast SEO Premium plugin. -->","yoast_head_json":{"title":"Dispositifs de s\u00e9curit\u00e9 ES\/ESA - BURG-W\u00c4CHTER","description":"Dispositifs de s\u00e9curit\u00e9 Dispositifs qui transforment les serrures \u00e0 gorges en serrures \u00e0 cylindre rayon de fermeture r\u00e9glable de 13,5 \u00e0 15 mm ESA:","robots":{"index":"index","follow":"follow","max-snippet":"max-snippet:-1","max-image-preview":"max-image-preview:large","max-video-preview":"max-video-preview:-1"},"canonical":"https:\/\/test.burgwaechterservice.de\/fr\/p\/cadenas-et-porte-cadenas\/esesa\/","og_locale":"fr_FR","og_type":"article","og_title":"Dispositifs de s\u00e9curit\u00e9 ES\/ESA","og_description":"Dispositifs de s\u00e9curit\u00e9 Dispositifs qui transforment les serrures \u00e0 gorges en serrures \u00e0 cylindre rayon de fermeture r\u00e9glable de 13,5 \u00e0 15 mm ESA:","og_url":"https:\/\/test.burgwaechterservice.de\/fr\/p\/cadenas-et-porte-cadenas\/esesa\/","og_site_name":"Burg-W\u00e4chter France","article_modified_time":"2017-07-07T10:49:14+00:00","og_image":[{"width":800,"height":816,"url":"https:\/\/test.burgwaechterservice.de\/fr\/wp-content\/uploads\/sites\/4\/2016\/07\/Einbausicherung_ES-01.jpg","type":"image\/jpeg"}],"twitter_card":"summary_large_image","schema":{"@context":"https:\/\/schema.org","@graph":[{"@type":"WebPage","@id":"https:\/\/test.burgwaechterservice.de\/fr\/p\/cadenas-et-porte-cadenas\/esesa\/","url":"https:\/\/test.burgwaechterservice.de\/fr\/p\/cadenas-et-porte-cadenas\/esesa\/","name":"Dispositifs de s\u00e9curit\u00e9 ES\/ESA - BURG-W\u00c4CHTER","isPartOf":{"@id":"https:\/\/test.burgwaechterservice.de\/fr\/#website"},"datePublished":"2016-07-14T08:16:53+00:00","dateModified":"2017-07-07T10:49:14+00:00","description":"Dispositifs de s\u00e9curit\u00e9 Dispositifs qui transforment les serrures \u00e0 gorges en serrures \u00e0 cylindre rayon de fermeture r\u00e9glable de 13,5 \u00e0 15 mm ESA:","breadcrumb":{"@id":"https:\/\/test.burgwaechterservice.de\/fr\/p\/cadenas-et-porte-cadenas\/esesa\/#breadcrumb"},"inLanguage":"fr-FR","potentialAction":[{"@type":"ReadAction","target":["https:\/\/test.burgwaechterservice.de\/fr\/p\/cadenas-et-porte-cadenas\/esesa\/"]}]},{"@type":"BreadcrumbList","@id":"https:\/\/test.burgwaechterservice.de\/fr\/p\/cadenas-et-porte-cadenas\/esesa\/#breadcrumb","itemListElement":[{"@type":"ListItem","position":1,"name":"Accueil","item":"https:\/\/test.burgwaechterservice.de\/fr\/"},{"@type":"ListItem","position":2,"name":"Produits","item":"https:\/\/test.burgwaechterservice.de\/fr\/p\/"},{"@type":"ListItem","position":3,"name":"Dispositifs de s\u00e9curit\u00e9 ES\/ESA"}]},{"@type":"WebSite","@id":"https:\/\/test.burgwaechterservice.de\/fr\/#website","url":"https:\/\/test.burgwaechterservice.de\/fr\/","name":"Burg-W\u00e4chter France","description":"Le choix le plus s\u00fbr!","potentialAction":[{"@type":"SearchAction","target":{"@type":"EntryPoint","urlTemplate":"https:\/\/test.burgwaechterservice.de\/fr\/?s={search_term_string}"},"query-input":"required name=search_term_string"}],"inLanguage":"fr-FR"}]}},"_links":{"self":[{"href":"https:\/\/test.burgwaechterservice.de\/fr\/wp-json\/wp\/v2\/product\/31612"}],"collection":[{"href":"https:\/\/test.burgwaechterservice.de\/fr\/wp-json\/wp\/v2\/product"}],"about":[{"href":"https:\/\/test.burgwaechterservice.de\/fr\/wp-json\/wp\/v2\/types\/product"}],"replies":[{"embeddable":true,"href":"https:\/\/test.burgwaechterservice.de\/fr\/wp-json\/wp\/v2\/comments?post=31612"}],"wp:featuredmedia":[{"embeddable":true,"href":"https:\/\/test.burgwaechterservice.de\/fr\/wp-json\/wp\/v2\/media\/32491"}],"wp:attachment":[{"href":"https:\/\/test.burgwaechterservice.de\/fr\/wp-json\/wp\/v2\/media?parent=31612"}],"wp:term":[{"taxonomy":"product_cat","embeddable":true,"href":"https:\/\/test.burgwaechterservice.de\/fr\/wp-json\/wp\/v2\/product_cat?post=31612"},{"taxonomy":"product_tag","embeddable":true,"href":"https:\/\/test.burgwaechterservice.de\/fr\/wp-json\/wp\/v2\/product_tag?post=31612"}],"curies":[{"name":"wp","href":"https:\/\/api.w.org\/{rel}","templated":true}]}}