{"id":31583,"date":"2016-07-14T09:34:38","date_gmt":"2016-07-14T07:34:38","guid":{"rendered":"https:\/\/www.burg.biz\/?post_type=product&#038;p=31583"},"modified":"2018-08-13T09:21:44","modified_gmt":"2018-08-13T07:21:44","slug":"serrures-a-cylindre-universelles-zs","status":"publish","type":"product","link":"https:\/\/test.burgwaechterservice.de\/fr\/p\/cadenas-et-porte-cadenas\/serrures-a-cylindre-universelles-zs\/","title":{"rendered":"Serrures \u00e0 cylindre universelles ZS"},"content":{"rendered":"<h2>Serrures \u00e0 cylindre universelles ZS<\/h2>\n<ul>\n<li>En zinc moul\u00e9 sous pression particuli\u00e8rement r\u00e9sistant.<\/li>\n<li>Serrure \u00e0 disques avec cl\u00e9 r\u00e9versible<\/li>\n<li>verrou r\u00e9glable \u00e0 90\u00b0<\/li>\n<li>ZS 76, ZS 77, ZS 77 H, ZS 84-86: avec \u00e9crou de fixation<\/li>\n<li>ZS 80 &#8211; 82: avec ressort<\/li>\n<li>Set ZS 81 : disponible en set s\u2018entrouvrant DUO et TRIO<\/li>\n<\/ul>\n<p>Tous les mod\u00e8les avec 3 cames diff\u00e9rentes de s\u00e9rie, toujours une solution id\u00e9ale (sauf ZS 77 H et ZS 84).<\/p>\n<p>&nbsp;<\/p>\n<table class=\"ausfuehrung\">\n<thead>\n<tr>\n<td>Article<\/td>\n<td>Pour une \u00e9paisseur:<\/td>\n<td>N\u00b0. d\u2019\u00e9bauche<\/td>\n<\/tr>\n<\/thead>\n<tbody>\n<tr>\n<td>ZS 76<\/td>\n<td>1 &#8211; 5 mm<\/td>\n<td>33W<\/td>\n<\/tr>\n<tr>\n<td>ZS 77<\/td>\n<td>1\u00a0 10 mm<\/td>\n<td>33W<\/td>\n<\/tr>\n<tr>\n<td>ZS 77 H<\/td>\n<td>11 &#8211; 18,8 mm<\/td>\n<td>33W<\/td>\n<\/tr>\n<tr>\n<td>ZS 80<\/td>\n<td>1 &#8211; 2 mm<\/td>\n<td>33W<\/td>\n<\/tr>\n<tr>\n<td>ZS 81<\/td>\n<td>1 &#8211; 2 mm<\/td>\n<td>33W<\/td>\n<\/tr>\n<tr>\n<td>ZS 82<\/td>\n<td>1 &#8211; 2 + 4 &#8211; 5 mm<\/td>\n<td>33W<\/td>\n<\/tr>\n<tr>\n<td>ZS 84<\/td>\n<td>1 &#8211; 12 mm<\/td>\n<td><\/td>\n<\/tr>\n<tr>\n<td>ZS 85<\/td>\n<td>1 &#8211; 12 mm<\/td>\n<td>36W<\/td>\n<\/tr>\n<tr>\n<td>ZS 86<\/td>\n<td>1 &#8211; 24 mm<\/td>\n<td>36W<\/td>\n<\/tr>\n<tr>\n<td>ZS\u00a0 81 DUO SB<\/td>\n<td>1 &#8211; 2 mm<\/td>\n<td>33W<\/td>\n<\/tr>\n<\/tbody>\n<\/table>\n","protected":false},"excerpt":{"rendered":"<p>Serrures \u00e0 cylindre universelles ZS En zinc moul\u00e9 sous pression particuli\u00e8rement r\u00e9sistant. Serrure \u00e0 disques avec cl\u00e9 r\u00e9versible verrou r\u00e9glable \u00e0 90\u00b0 ZS 76, ZS 77, ZS 77 H, ZS 84-86: avec \u00e9crou de fixation ZS 80 &#8211; 82: avec &hellip; <a class=\"kt-excerpt-readmore\" href=\"https:\/\/test.burgwaechterservice.de\/fr\/p\/cadenas-et-porte-cadenas\/serrures-a-cylindre-universelles-zs\/\" aria-label=\"Serrures \u00e0 cylindre universelles ZS\">Lire la suite<\/a><\/p>\n","protected":false},"featured_media":32484,"comment_status":"closed","ping_status":"closed","template":"","meta":[],"product_cat":[30,59],"product_tag":[],"yoast_head":"<!-- This site is optimized with the Yoast SEO Premium plugin v18.4 (Yoast SEO v19.13) - https:\/\/yoast.com\/wordpress\/plugins\/seo\/ -->\n<title>Serrures \u00e0 cylindre universelles ZS - BURG-W\u00c4CHTER<\/title>\n<meta name=\"description\" content=\"Serrures \u00e0 cylindre universelles ZS En zinc moul\u00e9 sous pression particuli\u00e8rement r\u00e9sistant. Serrure \u00e0 disques avec cl\u00e9 r\u00e9versible verrou r\u00e9glable \u00e0 90\u00b0 ZS\" \/>\n<meta name=\"robots\" content=\"index, follow, max-snippet:-1, max-image-preview:large, max-video-preview:-1\" \/>\n<link rel=\"canonical\" href=\"https:\/\/test.burgwaechterservice.de\/fr\/p\/cadenas-et-porte-cadenas\/serrures-a-cylindre-universelles-zs\/\" \/>\n<meta property=\"og:locale\" content=\"fr_FR\" \/>\n<meta property=\"og:type\" content=\"article\" \/>\n<meta property=\"og:title\" content=\"Serrures \u00e0 cylindre universelles ZS\" \/>\n<meta property=\"og:description\" content=\"Serrures \u00e0 cylindre universelles ZS En zinc moul\u00e9 sous pression particuli\u00e8rement r\u00e9sistant. Serrure \u00e0 disques avec cl\u00e9 r\u00e9versible verrou r\u00e9glable \u00e0 90\u00b0 ZS\" \/>\n<meta property=\"og:url\" content=\"https:\/\/test.burgwaechterservice.de\/fr\/p\/cadenas-et-porte-cadenas\/serrures-a-cylindre-universelles-zs\/\" \/>\n<meta property=\"og:site_name\" content=\"Burg-W\u00e4chter France\" \/>\n<meta property=\"article:modified_time\" content=\"2018-08-13T07:21:44+00:00\" \/>\n<meta property=\"og:image\" content=\"https:\/\/test.burgwaechterservice.de\/fr\/wp-content\/uploads\/sites\/4\/2016\/07\/Zylinder_ZS_77_030707-01.jpg\" \/>\n\t<meta property=\"og:image:width\" content=\"1000\" \/>\n\t<meta property=\"og:image:height\" content=\"1000\" \/>\n\t<meta property=\"og:image:type\" content=\"image\/jpeg\" \/>\n<meta name=\"twitter:card\" content=\"summary_large_image\" \/>\n<meta name=\"twitter:label1\" content=\"Dur\u00e9e de lecture estim\u00e9e\" \/>\n\t<meta name=\"twitter:data1\" content=\"1 minute\" \/>\n<!-- \/ Yoast SEO Premium plugin. -->","yoast_head_json":{"title":"Serrures \u00e0 cylindre universelles ZS - BURG-W\u00c4CHTER","description":"Serrures \u00e0 cylindre universelles ZS En zinc moul\u00e9 sous pression particuli\u00e8rement r\u00e9sistant. Serrure \u00e0 disques avec cl\u00e9 r\u00e9versible verrou r\u00e9glable \u00e0 90\u00b0 ZS","robots":{"index":"index","follow":"follow","max-snippet":"max-snippet:-1","max-image-preview":"max-image-preview:large","max-video-preview":"max-video-preview:-1"},"canonical":"https:\/\/test.burgwaechterservice.de\/fr\/p\/cadenas-et-porte-cadenas\/serrures-a-cylindre-universelles-zs\/","og_locale":"fr_FR","og_type":"article","og_title":"Serrures \u00e0 cylindre universelles ZS","og_description":"Serrures \u00e0 cylindre universelles ZS En zinc moul\u00e9 sous pression particuli\u00e8rement r\u00e9sistant. Serrure \u00e0 disques avec cl\u00e9 r\u00e9versible verrou r\u00e9glable \u00e0 90\u00b0 ZS","og_url":"https:\/\/test.burgwaechterservice.de\/fr\/p\/cadenas-et-porte-cadenas\/serrures-a-cylindre-universelles-zs\/","og_site_name":"Burg-W\u00e4chter France","article_modified_time":"2018-08-13T07:21:44+00:00","og_image":[{"width":1000,"height":1000,"url":"https:\/\/test.burgwaechterservice.de\/fr\/wp-content\/uploads\/sites\/4\/2016\/07\/Zylinder_ZS_77_030707-01.jpg","type":"image\/jpeg"}],"twitter_card":"summary_large_image","twitter_misc":{"Dur\u00e9e de lecture estim\u00e9e":"1 minute"},"schema":{"@context":"https:\/\/schema.org","@graph":[{"@type":"WebPage","@id":"https:\/\/test.burgwaechterservice.de\/fr\/p\/cadenas-et-porte-cadenas\/serrures-a-cylindre-universelles-zs\/","url":"https:\/\/test.burgwaechterservice.de\/fr\/p\/cadenas-et-porte-cadenas\/serrures-a-cylindre-universelles-zs\/","name":"Serrures \u00e0 cylindre universelles ZS - BURG-W\u00c4CHTER","isPartOf":{"@id":"https:\/\/test.burgwaechterservice.de\/fr\/#website"},"datePublished":"2016-07-14T07:34:38+00:00","dateModified":"2018-08-13T07:21:44+00:00","description":"Serrures \u00e0 cylindre universelles ZS En zinc moul\u00e9 sous pression particuli\u00e8rement r\u00e9sistant. Serrure \u00e0 disques avec cl\u00e9 r\u00e9versible verrou r\u00e9glable \u00e0 90\u00b0 ZS","breadcrumb":{"@id":"https:\/\/test.burgwaechterservice.de\/fr\/p\/cadenas-et-porte-cadenas\/serrures-a-cylindre-universelles-zs\/#breadcrumb"},"inLanguage":"fr-FR","potentialAction":[{"@type":"ReadAction","target":["https:\/\/test.burgwaechterservice.de\/fr\/p\/cadenas-et-porte-cadenas\/serrures-a-cylindre-universelles-zs\/"]}]},{"@type":"BreadcrumbList","@id":"https:\/\/test.burgwaechterservice.de\/fr\/p\/cadenas-et-porte-cadenas\/serrures-a-cylindre-universelles-zs\/#breadcrumb","itemListElement":[{"@type":"ListItem","position":1,"name":"Accueil","item":"https:\/\/test.burgwaechterservice.de\/fr\/"},{"@type":"ListItem","position":2,"name":"Produits","item":"https:\/\/test.burgwaechterservice.de\/fr\/p\/"},{"@type":"ListItem","position":3,"name":"Serrures \u00e0 cylindre universelles ZS"}]},{"@type":"WebSite","@id":"https:\/\/test.burgwaechterservice.de\/fr\/#website","url":"https:\/\/test.burgwaechterservice.de\/fr\/","name":"Burg-W\u00e4chter France","description":"Le choix le plus s\u00fbr!","potentialAction":[{"@type":"SearchAction","target":{"@type":"EntryPoint","urlTemplate":"https:\/\/test.burgwaechterservice.de\/fr\/?s={search_term_string}"},"query-input":"required name=search_term_string"}],"inLanguage":"fr-FR"}]}},"_links":{"self":[{"href":"https:\/\/test.burgwaechterservice.de\/fr\/wp-json\/wp\/v2\/product\/31583"}],"collection":[{"href":"https:\/\/test.burgwaechterservice.de\/fr\/wp-json\/wp\/v2\/product"}],"about":[{"href":"https:\/\/test.burgwaechterservice.de\/fr\/wp-json\/wp\/v2\/types\/product"}],"replies":[{"embeddable":true,"href":"https:\/\/test.burgwaechterservice.de\/fr\/wp-json\/wp\/v2\/comments?post=31583"}],"wp:featuredmedia":[{"embeddable":true,"href":"https:\/\/test.burgwaechterservice.de\/fr\/wp-json\/wp\/v2\/media\/32484"}],"wp:attachment":[{"href":"https:\/\/test.burgwaechterservice.de\/fr\/wp-json\/wp\/v2\/media?parent=31583"}],"wp:term":[{"taxonomy":"product_cat","embeddable":true,"href":"https:\/\/test.burgwaechterservice.de\/fr\/wp-json\/wp\/v2\/product_cat?post=31583"},{"taxonomy":"product_tag","embeddable":true,"href":"https:\/\/test.burgwaechterservice.de\/fr\/wp-json\/wp\/v2\/product_tag?post=31583"}],"curies":[{"name":"wp","href":"https:\/\/api.w.org\/{rel}","templated":true}]}}