{"id":31554,"date":"2016-07-13T16:35:22","date_gmt":"2016-07-13T14:35:22","guid":{"rendered":"https:\/\/www.burg.biz\/?post_type=product&#038;p=31554"},"modified":"2017-07-10T10:15:59","modified_gmt":"2017-07-10T08:15:59","slug":"cylindres-de-rechange","status":"publish","type":"product","link":"https:\/\/test.burgwaechterservice.de\/fr\/p\/cadenas-et-porte-cadenas\/cylindres-de-rechange\/","title":{"rendered":"Cylindres de rechange"},"content":{"rendered":"<h2>Cylindres de rechange<\/h2>\n<ul>\n<li>ZBK: cylindres de rechange pour bo\u00eetes aux lettres de divers fabricants<\/li>\n<li>BK 92 SB: Emball\u00e9 pour le libre-service pour les bo\u00eetes aux lettres BURG-W\u00c4CHTER<\/li>\n<\/ul>\n<p>&nbsp;<\/p>\n<table class=\"ausfuehrung\">\n<thead>\n<tr>\n<td>Article<\/td>\n<td>De fabrication<\/td>\n<td>N\u00b0. d\u2019\u00e9bauche<\/td>\n<\/tr>\n<\/thead>\n<tbody>\n<tr>\n<td>ZBK 70<\/td>\n<td>\u00a0JU<\/td>\n<td>35W<\/td>\n<\/tr>\n<tr>\n<td>ZBK 71<\/td>\n<td>\u00a0Renz (jusqu\u2018\u00e0 2006), Decayeux et al.<\/td>\n<td>34W<\/td>\n<\/tr>\n<tr>\n<td>ZBK 72<\/td>\n<td>\u00a0Rombi, Knobloch<\/td>\n<td>34W<\/td>\n<\/tr>\n<tr>\n<td>ZBK 73<\/td>\n<td>\u00a0Brabantia (t\u00f4le)<\/td>\n<td>34W<\/td>\n<\/tr>\n<tr>\n<td>ZBK 74<\/td>\n<td>\u00a0Brabantia (plastique)<\/td>\n<td>34W<\/td>\n<\/tr>\n<tr>\n<td>ZBK 75<\/td>\n<td>\u00a0Renz, ME-FA (d\u00e8s 2006)<\/td>\n<td>34W<\/td>\n<\/tr>\n<tr>\n<td>BK 92 K SB<\/td>\n<td>Mod\u00e8les en m\u00e9tal<\/td>\n<td>65R<\/td>\n<\/tr>\n<tr>\n<td>BK 92 K SB<\/td>\n<td>Mod\u00e8les en plastique ou fonte d\u2018aluminium<\/td>\n<td>65R<\/td>\n<\/tr>\n<tr>\n<td>BK 92 Point SB<\/td>\n<td>Mod\u00e8les Point<\/td>\n<td>40W L\/R<\/td>\n<\/tr>\n<\/tbody>\n<\/table>\n","protected":false},"excerpt":{"rendered":"<p>Cylindres de rechange ZBK: cylindres de rechange pour bo\u00eetes aux lettres de divers fabricants BK 92 SB: Emball\u00e9 pour le libre-service pour les bo\u00eetes aux lettres BURG-W\u00c4CHTER &nbsp; Article De fabrication N\u00b0. d\u2019\u00e9bauche ZBK 70 \u00a0JU 35W ZBK 71 \u00a0Renz &hellip; <a class=\"kt-excerpt-readmore\" href=\"https:\/\/test.burgwaechterservice.de\/fr\/p\/cadenas-et-porte-cadenas\/cylindres-de-rechange\/\" aria-label=\"Cylindres de rechange\">Lire la suite<\/a><\/p>\n","protected":false},"featured_media":32481,"comment_status":"closed","ping_status":"closed","template":"","meta":[],"product_cat":[30,59],"product_tag":[],"yoast_head":"<!-- This site is optimized with the Yoast SEO Premium plugin v18.4 (Yoast SEO v19.13) - https:\/\/yoast.com\/wordpress\/plugins\/seo\/ -->\n<title>Cylindres de rechange - BURG-W\u00c4CHTER<\/title>\n<meta name=\"description\" content=\"Cylindres de rechange ZBK: cylindres de rechange pour bo\u00eetes aux lettres de divers fabricants BK 92 SB: Emball\u00e9 pour le libre-service pour les bo\u00eetes aux\" \/>\n<meta name=\"robots\" content=\"index, follow, max-snippet:-1, max-image-preview:large, max-video-preview:-1\" \/>\n<link rel=\"canonical\" href=\"https:\/\/test.burgwaechterservice.de\/fr\/p\/cadenas-et-porte-cadenas\/cylindres-de-rechange\/\" \/>\n<meta property=\"og:locale\" content=\"fr_FR\" \/>\n<meta property=\"og:type\" content=\"article\" \/>\n<meta property=\"og:title\" content=\"Cylindres de rechange\" \/>\n<meta property=\"og:description\" content=\"Cylindres de rechange ZBK: cylindres de rechange pour bo\u00eetes aux lettres de divers fabricants BK 92 SB: Emball\u00e9 pour le libre-service pour les bo\u00eetes aux\" \/>\n<meta property=\"og:url\" content=\"https:\/\/test.burgwaechterservice.de\/fr\/p\/cadenas-et-porte-cadenas\/cylindres-de-rechange\/\" \/>\n<meta property=\"og:site_name\" content=\"Burg-W\u00e4chter France\" \/>\n<meta property=\"article:modified_time\" content=\"2017-07-10T08:15:59+00:00\" \/>\n<meta property=\"og:image\" content=\"https:\/\/test.burgwaechterservice.de\/fr\/wp-content\/uploads\/sites\/4\/2016\/07\/Zylinder_ZBK_70_223604-01.jpg\" \/>\n\t<meta property=\"og:image:width\" content=\"1000\" \/>\n\t<meta property=\"og:image:height\" content=\"1000\" \/>\n\t<meta property=\"og:image:type\" content=\"image\/jpeg\" \/>\n<meta name=\"twitter:card\" content=\"summary_large_image\" \/>\n<!-- \/ Yoast SEO Premium plugin. -->","yoast_head_json":{"title":"Cylindres de rechange - BURG-W\u00c4CHTER","description":"Cylindres de rechange ZBK: cylindres de rechange pour bo\u00eetes aux lettres de divers fabricants BK 92 SB: Emball\u00e9 pour le libre-service pour les bo\u00eetes aux","robots":{"index":"index","follow":"follow","max-snippet":"max-snippet:-1","max-image-preview":"max-image-preview:large","max-video-preview":"max-video-preview:-1"},"canonical":"https:\/\/test.burgwaechterservice.de\/fr\/p\/cadenas-et-porte-cadenas\/cylindres-de-rechange\/","og_locale":"fr_FR","og_type":"article","og_title":"Cylindres de rechange","og_description":"Cylindres de rechange ZBK: cylindres de rechange pour bo\u00eetes aux lettres de divers fabricants BK 92 SB: Emball\u00e9 pour le libre-service pour les bo\u00eetes aux","og_url":"https:\/\/test.burgwaechterservice.de\/fr\/p\/cadenas-et-porte-cadenas\/cylindres-de-rechange\/","og_site_name":"Burg-W\u00e4chter France","article_modified_time":"2017-07-10T08:15:59+00:00","og_image":[{"width":1000,"height":1000,"url":"https:\/\/test.burgwaechterservice.de\/fr\/wp-content\/uploads\/sites\/4\/2016\/07\/Zylinder_ZBK_70_223604-01.jpg","type":"image\/jpeg"}],"twitter_card":"summary_large_image","schema":{"@context":"https:\/\/schema.org","@graph":[{"@type":"WebPage","@id":"https:\/\/test.burgwaechterservice.de\/fr\/p\/cadenas-et-porte-cadenas\/cylindres-de-rechange\/","url":"https:\/\/test.burgwaechterservice.de\/fr\/p\/cadenas-et-porte-cadenas\/cylindres-de-rechange\/","name":"Cylindres de rechange - BURG-W\u00c4CHTER","isPartOf":{"@id":"https:\/\/test.burgwaechterservice.de\/fr\/#website"},"datePublished":"2016-07-13T14:35:22+00:00","dateModified":"2017-07-10T08:15:59+00:00","description":"Cylindres de rechange ZBK: cylindres de rechange pour bo\u00eetes aux lettres de divers fabricants BK 92 SB: Emball\u00e9 pour le libre-service pour les bo\u00eetes aux","breadcrumb":{"@id":"https:\/\/test.burgwaechterservice.de\/fr\/p\/cadenas-et-porte-cadenas\/cylindres-de-rechange\/#breadcrumb"},"inLanguage":"fr-FR","potentialAction":[{"@type":"ReadAction","target":["https:\/\/test.burgwaechterservice.de\/fr\/p\/cadenas-et-porte-cadenas\/cylindres-de-rechange\/"]}]},{"@type":"BreadcrumbList","@id":"https:\/\/test.burgwaechterservice.de\/fr\/p\/cadenas-et-porte-cadenas\/cylindres-de-rechange\/#breadcrumb","itemListElement":[{"@type":"ListItem","position":1,"name":"Accueil","item":"https:\/\/test.burgwaechterservice.de\/fr\/"},{"@type":"ListItem","position":2,"name":"Produits","item":"https:\/\/test.burgwaechterservice.de\/fr\/p\/"},{"@type":"ListItem","position":3,"name":"Cylindres de rechange"}]},{"@type":"WebSite","@id":"https:\/\/test.burgwaechterservice.de\/fr\/#website","url":"https:\/\/test.burgwaechterservice.de\/fr\/","name":"Burg-W\u00e4chter France","description":"Le choix le plus s\u00fbr!","potentialAction":[{"@type":"SearchAction","target":{"@type":"EntryPoint","urlTemplate":"https:\/\/test.burgwaechterservice.de\/fr\/?s={search_term_string}"},"query-input":"required name=search_term_string"}],"inLanguage":"fr-FR"}]}},"_links":{"self":[{"href":"https:\/\/test.burgwaechterservice.de\/fr\/wp-json\/wp\/v2\/product\/31554"}],"collection":[{"href":"https:\/\/test.burgwaechterservice.de\/fr\/wp-json\/wp\/v2\/product"}],"about":[{"href":"https:\/\/test.burgwaechterservice.de\/fr\/wp-json\/wp\/v2\/types\/product"}],"replies":[{"embeddable":true,"href":"https:\/\/test.burgwaechterservice.de\/fr\/wp-json\/wp\/v2\/comments?post=31554"}],"wp:featuredmedia":[{"embeddable":true,"href":"https:\/\/test.burgwaechterservice.de\/fr\/wp-json\/wp\/v2\/media\/32481"}],"wp:attachment":[{"href":"https:\/\/test.burgwaechterservice.de\/fr\/wp-json\/wp\/v2\/media?parent=31554"}],"wp:term":[{"taxonomy":"product_cat","embeddable":true,"href":"https:\/\/test.burgwaechterservice.de\/fr\/wp-json\/wp\/v2\/product_cat?post=31554"},{"taxonomy":"product_tag","embeddable":true,"href":"https:\/\/test.burgwaechterservice.de\/fr\/wp-json\/wp\/v2\/product_tag?post=31554"}],"curies":[{"name":"wp","href":"https:\/\/api.w.org\/{rel}","templated":true}]}}