{"id":31547,"date":"2016-07-13T15:40:13","date_gmt":"2016-07-13T13:40:13","guid":{"rendered":"https:\/\/www.burg.biz\/?post_type=product&#038;p=31547"},"modified":"2021-07-20T12:37:15","modified_gmt":"2021-07-20T10:37:15","slug":"750-250","status":"publish","type":"product","link":"https:\/\/test.burgwaechterservice.de\/fr\/p\/cadenas-et-porte-cadenas\/750-250\/","title":{"rendered":"C\u00e2ble antivol 750"},"content":{"rendered":"<h2><strong>C\u00e2ble en spirale extra-long<\/strong><\/h2>\n<p>Vous souhaitez prot\u00e9ger contre le vol un ou plusieurs objets encombrants en m\u00eame temps ? Par exemple des meubles de jardin, du n\u00e9cessaire \u00e0 outils ou des deux-roues. Alors notre c\u00e2ble en spirale extra-long est fait pour vous. La longueur totale de ce c\u00e2ble de s\u00e9curit\u00e9 est comprise entre <strong>150 et 500 cm<\/strong>.<\/p>\n<p>A l\u2019aide des <strong>boucles<\/strong> et d\u2019un cadenas s\u00e9par\u00e9, vous pouvez s\u00e9curiser vos objets de mani\u00e8re flexible. <a href=\"https:\/\/test.burgwaechterservice.de\/fr\/c\/cadenas-et-porte-cadenas\/cadenas\/\">Vous trouverez le bon cadenas pour votre c\u00e2ble de s\u00e9curit\u00e9 en cliquant ici<\/a>. Par ailleurs, nous avons dans notre s\u00e9lection deux combinaisons se composant d\u2019un c\u00e2ble de s\u00e9curit\u00e9 et d\u2019un cadenas.<\/p>\n<h3><strong>C\u00e2ble en spirale 750 250<\/strong><\/h3>\n<ul>\n<li>Boucles<\/li>\n<li>Longueur de 250 cm<\/li>\n<li>Diam\u00e8tre de 10 mm<\/li>\n<li>Rev\u00eatement protecteur en mati\u00e8re plastique<\/li>\n<\/ul>\n<h3><strong>C\u00e2ble en spirale 750 500<\/strong><\/h3>\n<ul>\n<li>Boucles<\/li>\n<li>Longueur de 500 cm<\/li>\n<li>Diam\u00e8tre de 10 mm<\/li>\n<li>Rev\u00eatement protecteur en mati\u00e8re plastique<\/li>\n<\/ul>\n<h3><strong>C\u00e2ble en spirale 750 1000<\/strong><\/h3>\n<ul>\n<li>Boucles<\/li>\n<li>Longueur de 1000 cm<\/li>\n<li>Diam\u00e8tre de 10 mm<\/li>\n<li>Rev\u00eatement protecteur en mati\u00e8re plastique<\/li>\n<\/ul>\n<h3><strong>C\u00e2ble en spirale 750 150 avec antivol en U 1480<\/strong><\/h3>\n<ul>\n<li>Boucles<\/li>\n<li>Longueur de 150 cm<\/li>\n<li>Diam\u00e8tre de 15 mm<\/li>\n<li>Rev\u00eatement protecteur en mati\u00e8re plastique<\/li>\n<li>Robuste antivol en U avec deux cl\u00e9s<\/li>\n<\/ul>\n<h3><strong>C\u00e2ble en spirale 750 250 avec cadenas 402<\/strong><\/h3>\n<ul>\n<li>Boucles<\/li>\n<li>Longueur de 250 cm<\/li>\n<li>Diam\u00e8tre de 10 mm<\/li>\n<li>Rev\u00eatement protecteur en mati\u00e8re plastique<\/li>\n<li>Cadenas robuste 402 avec deux cl\u00e9s<\/li>\n<\/ul>\n<table class=\"ausfuehrung\">\n<thead>\n<tr>\n<td>Article<\/td>\n<td>Longueur (cm)<\/td>\n<td>\u00d8 (mm)<\/td>\n<\/tr>\n<\/thead>\n<tbody>\n<tr>\n<td>750 250<\/td>\n<td>250<\/td>\n<td>10<\/td>\n<\/tr>\n<tr>\n<td>750 500<\/td>\n<td>500<\/td>\n<td>10<\/td>\n<\/tr>\n<tr>\n<td>750 1000<\/td>\n<td>1000<\/td>\n<td>10<\/td>\n<\/tr>\n<tr>\n<td>750 150 avec U-cadena 1480<\/td>\n<td>150<\/td>\n<td>15<\/td>\n<\/tr>\n<tr>\n<td>750 250 avec cadena 402\/50<\/td>\n<td>250<\/td>\n<td>10<\/td>\n<\/tr>\n<\/tbody>\n<\/table>\n","protected":false},"excerpt":{"rendered":"<p>C\u00e2ble en spirale extra-long Vous souhaitez prot\u00e9ger contre le vol un ou plusieurs objets encombrants en m\u00eame temps ? Par exemple des meubles de jardin, du n\u00e9cessaire \u00e0 outils ou des deux-roues. Alors notre c\u00e2ble en spirale extra-long est fait &hellip; <a class=\"kt-excerpt-readmore\" href=\"https:\/\/test.burgwaechterservice.de\/fr\/p\/cadenas-et-porte-cadenas\/750-250\/\" aria-label=\"C\u00e2ble antivol 750\">Lire la suite<\/a><\/p>\n","protected":false},"featured_media":32458,"comment_status":"closed","ping_status":"closed","template":"","meta":[],"product_cat":[30,7942],"product_tag":[],"yoast_head":"<!-- This site is optimized with the Yoast SEO Premium plugin v18.4 (Yoast SEO v19.13) - https:\/\/yoast.com\/wordpress\/plugins\/seo\/ -->\n<title>C\u00e2ble antivol 750 - BURG-W\u00c4CHTER<\/title>\n<meta name=\"description\" content=\"C\u00e2ble en spirale extra-long Vous souhaitez prot\u00e9ger contre le vol un ou plusieurs objets encombrants en m\u00eame temps ? Par exemple des meubles de jardin, du\" \/>\n<meta name=\"robots\" content=\"index, follow, max-snippet:-1, max-image-preview:large, max-video-preview:-1\" \/>\n<link rel=\"canonical\" href=\"https:\/\/test.burgwaechterservice.de\/fr\/p\/cadenas-et-porte-cadenas\/750-250\/\" \/>\n<meta property=\"og:locale\" content=\"fr_FR\" \/>\n<meta property=\"og:type\" content=\"article\" \/>\n<meta property=\"og:title\" content=\"C\u00e2ble antivol 750\" \/>\n<meta property=\"og:description\" content=\"C\u00e2ble en spirale extra-long Vous souhaitez prot\u00e9ger contre le vol un ou plusieurs objets encombrants en m\u00eame temps ? Par exemple des meubles de jardin, du\" \/>\n<meta property=\"og:url\" content=\"https:\/\/test.burgwaechterservice.de\/fr\/p\/cadenas-et-porte-cadenas\/750-250\/\" \/>\n<meta property=\"og:site_name\" content=\"Burg-W\u00e4chter France\" \/>\n<meta property=\"article:modified_time\" content=\"2021-07-20T10:37:15+00:00\" \/>\n<meta property=\"og:image\" content=\"https:\/\/test.burgwaechterservice.de\/fr\/wp-content\/uploads\/sites\/4\/2016\/07\/Spiralkabel_750_250_111505-01.jpg\" \/>\n\t<meta property=\"og:image:width\" content=\"1000\" \/>\n\t<meta property=\"og:image:height\" content=\"1000\" \/>\n\t<meta property=\"og:image:type\" content=\"image\/jpeg\" \/>\n<meta name=\"twitter:card\" content=\"summary_large_image\" \/>\n<meta name=\"twitter:label1\" content=\"Dur\u00e9e de lecture estim\u00e9e\" \/>\n\t<meta name=\"twitter:data1\" content=\"2 minutes\" \/>\n<!-- \/ Yoast SEO Premium plugin. -->","yoast_head_json":{"title":"C\u00e2ble antivol 750 - BURG-W\u00c4CHTER","description":"C\u00e2ble en spirale extra-long Vous souhaitez prot\u00e9ger contre le vol un ou plusieurs objets encombrants en m\u00eame temps ? Par exemple des meubles de jardin, du","robots":{"index":"index","follow":"follow","max-snippet":"max-snippet:-1","max-image-preview":"max-image-preview:large","max-video-preview":"max-video-preview:-1"},"canonical":"https:\/\/test.burgwaechterservice.de\/fr\/p\/cadenas-et-porte-cadenas\/750-250\/","og_locale":"fr_FR","og_type":"article","og_title":"C\u00e2ble antivol 750","og_description":"C\u00e2ble en spirale extra-long Vous souhaitez prot\u00e9ger contre le vol un ou plusieurs objets encombrants en m\u00eame temps ? Par exemple des meubles de jardin, du","og_url":"https:\/\/test.burgwaechterservice.de\/fr\/p\/cadenas-et-porte-cadenas\/750-250\/","og_site_name":"Burg-W\u00e4chter France","article_modified_time":"2021-07-20T10:37:15+00:00","og_image":[{"width":1000,"height":1000,"url":"https:\/\/test.burgwaechterservice.de\/fr\/wp-content\/uploads\/sites\/4\/2016\/07\/Spiralkabel_750_250_111505-01.jpg","type":"image\/jpeg"}],"twitter_card":"summary_large_image","twitter_misc":{"Dur\u00e9e de lecture estim\u00e9e":"2 minutes"},"schema":{"@context":"https:\/\/schema.org","@graph":[{"@type":"WebPage","@id":"https:\/\/test.burgwaechterservice.de\/fr\/p\/cadenas-et-porte-cadenas\/750-250\/","url":"https:\/\/test.burgwaechterservice.de\/fr\/p\/cadenas-et-porte-cadenas\/750-250\/","name":"C\u00e2ble antivol 750 - BURG-W\u00c4CHTER","isPartOf":{"@id":"https:\/\/test.burgwaechterservice.de\/fr\/#website"},"datePublished":"2016-07-13T13:40:13+00:00","dateModified":"2021-07-20T10:37:15+00:00","description":"C\u00e2ble en spirale extra-long Vous souhaitez prot\u00e9ger contre le vol un ou plusieurs objets encombrants en m\u00eame temps ? Par exemple des meubles de jardin, du","breadcrumb":{"@id":"https:\/\/test.burgwaechterservice.de\/fr\/p\/cadenas-et-porte-cadenas\/750-250\/#breadcrumb"},"inLanguage":"fr-FR","potentialAction":[{"@type":"ReadAction","target":["https:\/\/test.burgwaechterservice.de\/fr\/p\/cadenas-et-porte-cadenas\/750-250\/"]}]},{"@type":"BreadcrumbList","@id":"https:\/\/test.burgwaechterservice.de\/fr\/p\/cadenas-et-porte-cadenas\/750-250\/#breadcrumb","itemListElement":[{"@type":"ListItem","position":1,"name":"Accueil","item":"https:\/\/test.burgwaechterservice.de\/fr\/"},{"@type":"ListItem","position":2,"name":"Produits","item":"https:\/\/test.burgwaechterservice.de\/fr\/p\/"},{"@type":"ListItem","position":3,"name":"C\u00e2ble antivol 750"}]},{"@type":"WebSite","@id":"https:\/\/test.burgwaechterservice.de\/fr\/#website","url":"https:\/\/test.burgwaechterservice.de\/fr\/","name":"Burg-W\u00e4chter France","description":"Le choix le plus s\u00fbr!","potentialAction":[{"@type":"SearchAction","target":{"@type":"EntryPoint","urlTemplate":"https:\/\/test.burgwaechterservice.de\/fr\/?s={search_term_string}"},"query-input":"required name=search_term_string"}],"inLanguage":"fr-FR"}]}},"_links":{"self":[{"href":"https:\/\/test.burgwaechterservice.de\/fr\/wp-json\/wp\/v2\/product\/31547"}],"collection":[{"href":"https:\/\/test.burgwaechterservice.de\/fr\/wp-json\/wp\/v2\/product"}],"about":[{"href":"https:\/\/test.burgwaechterservice.de\/fr\/wp-json\/wp\/v2\/types\/product"}],"replies":[{"embeddable":true,"href":"https:\/\/test.burgwaechterservice.de\/fr\/wp-json\/wp\/v2\/comments?post=31547"}],"wp:featuredmedia":[{"embeddable":true,"href":"https:\/\/test.burgwaechterservice.de\/fr\/wp-json\/wp\/v2\/media\/32458"}],"wp:attachment":[{"href":"https:\/\/test.burgwaechterservice.de\/fr\/wp-json\/wp\/v2\/media?parent=31547"}],"wp:term":[{"taxonomy":"product_cat","embeddable":true,"href":"https:\/\/test.burgwaechterservice.de\/fr\/wp-json\/wp\/v2\/product_cat?post=31547"},{"taxonomy":"product_tag","embeddable":true,"href":"https:\/\/test.burgwaechterservice.de\/fr\/wp-json\/wp\/v2\/product_tag?post=31547"}],"curies":[{"name":"wp","href":"https:\/\/api.w.org\/{rel}","templated":true}]}}