{"id":31539,"date":"2016-07-13T15:00:00","date_gmt":"2016-07-13T13:00:00","guid":{"rendered":"https:\/\/www.burg.biz\/?post_type=product&#038;p=31539"},"modified":"2018-04-23T16:03:58","modified_gmt":"2018-04-23T14:03:58","slug":"1500hb","status":"publish","type":"product","link":"https:\/\/test.burgwaechterservice.de\/fr\/p\/cadenas-et-porte-cadenas\/1500hb\/","title":{"rendered":"1500 HB"},"content":{"rendered":"<p><img decoding=\"async\" class=\"alignnone size-full wp-image-31503\" src=\"https:\/\/test.burgwaechterservice.de\/fr\/wp-content\/uploads\/sites\/4\/2016\/07\/wetterschutz-\u00fcberfallen.jpg\" alt=\"wetterschutz-\u00fcberfallen\" width=\"61\" height=\"61\" \/><\/p>\n<h2>Antivol en \u00abU\u00bb<\/h2>\n<ul>\n<li>avec serrure \u00e0 cylindre<\/li>\n<li>anse en acier c\u00e9ment\u00e9, \u00e0 double verrouillage<span id=\"result_box\" class=\"short_text\" lang=\"fr\"><\/span><\/li>\n<li>avec support de fixation solide pour cadre de v\u00e9los jusqu\u2018\u00e0 27 mm avec caoutchouc de protection ou 36 mm sans caoutchouc<\/li>\n<li>corps et anse gain\u00e9s de PVC noir<\/li>\n<li>Disponible en deux couleurs : jaune et gris<\/li>\n<\/ul>\n<p>&nbsp;<\/p>\n<table class=\"ausfuehrung\">\n<thead>\n<tr>\n<td>Article<\/td>\n<td>\u00d8 de l\u2018anse (mm)<\/td>\n<td>Largeur libre de l\u2018anse (mm)<\/td>\n<td>Hauteur libre de l\u2018anse (mm)<\/td>\n<td>N\u00b0. d\u2019\u00e9bauche<\/td>\n<\/tr>\n<\/thead>\n<tbody>\n<tr>\n<td>1500 HB 170\/180<\/td>\n<td>14<\/td>\n<td>110<\/td>\n<td>180<\/td>\n<td>71R<\/td>\n<\/tr>\n<tr>\n<td>1500 HB 170\/255<\/td>\n<td>14<\/td>\n<td>110<\/td>\n<td>255<\/td>\n<td>71R<\/td>\n<\/tr>\n<\/tbody>\n<\/table>\n","protected":false},"excerpt":{"rendered":"<p>Antivol en \u00abU\u00bb avec serrure \u00e0 cylindre anse en acier c\u00e9ment\u00e9, \u00e0 double verrouillage avec support de fixation solide pour cadre de v\u00e9los jusqu\u2018\u00e0 27 mm avec caoutchouc de protection ou 36 mm sans caoutchouc corps et anse gain\u00e9s de &hellip; <a class=\"kt-excerpt-readmore\" href=\"https:\/\/test.burgwaechterservice.de\/fr\/p\/cadenas-et-porte-cadenas\/1500hb\/\" aria-label=\"1500 HB\">Lire la suite<\/a><\/p>\n","protected":false},"featured_media":87530,"comment_status":"closed","ping_status":"closed","template":"","meta":[],"product_cat":[30,50,3131],"product_tag":[],"yoast_head":"<!-- This site is optimized with the Yoast SEO Premium plugin v18.4 (Yoast SEO v19.13) - https:\/\/yoast.com\/wordpress\/plugins\/seo\/ -->\n<title>1500 HB - BURG-W\u00c4CHTER<\/title>\n<meta name=\"description\" content=\"Antivol en \u00abU\u00bb avec serrure \u00e0 cylindre anse en acier c\u00e9ment\u00e9, \u00e0 double verrouillage avec support de fixation solide pour cadre de v\u00e9los jusqu\u2018\u00e0 27 mm avec\" \/>\n<meta name=\"robots\" content=\"index, follow, max-snippet:-1, max-image-preview:large, max-video-preview:-1\" \/>\n<link rel=\"canonical\" href=\"https:\/\/test.burgwaechterservice.de\/fr\/p\/cadenas-et-porte-cadenas\/1500hb\/\" \/>\n<meta property=\"og:locale\" content=\"fr_FR\" \/>\n<meta property=\"og:type\" content=\"article\" \/>\n<meta property=\"og:title\" content=\"1500 HB\" \/>\n<meta property=\"og:description\" content=\"Antivol en \u00abU\u00bb avec serrure \u00e0 cylindre anse en acier c\u00e9ment\u00e9, \u00e0 double verrouillage avec support de fixation solide pour cadre de v\u00e9los jusqu\u2018\u00e0 27 mm avec\" \/>\n<meta property=\"og:url\" content=\"https:\/\/test.burgwaechterservice.de\/fr\/p\/cadenas-et-porte-cadenas\/1500hb\/\" \/>\n<meta property=\"og:site_name\" content=\"Burg-W\u00e4chter France\" \/>\n<meta property=\"article:modified_time\" content=\"2018-04-23T14:03:58+00:00\" \/>\n<meta property=\"og:image\" content=\"https:\/\/test.burgwaechterservice.de\/fr\/wp-content\/uploads\/sites\/4\/2016\/07\/1500_HB_170-180_beide.jpg\" \/>\n\t<meta property=\"og:image:width\" content=\"480\" \/>\n\t<meta property=\"og:image:height\" content=\"480\" \/>\n\t<meta property=\"og:image:type\" content=\"image\/jpeg\" \/>\n<meta name=\"twitter:card\" content=\"summary_large_image\" \/>\n<!-- \/ Yoast SEO Premium plugin. -->","yoast_head_json":{"title":"1500 HB - BURG-W\u00c4CHTER","description":"Antivol en \u00abU\u00bb avec serrure \u00e0 cylindre anse en acier c\u00e9ment\u00e9, \u00e0 double verrouillage avec support de fixation solide pour cadre de v\u00e9los jusqu\u2018\u00e0 27 mm avec","robots":{"index":"index","follow":"follow","max-snippet":"max-snippet:-1","max-image-preview":"max-image-preview:large","max-video-preview":"max-video-preview:-1"},"canonical":"https:\/\/test.burgwaechterservice.de\/fr\/p\/cadenas-et-porte-cadenas\/1500hb\/","og_locale":"fr_FR","og_type":"article","og_title":"1500 HB","og_description":"Antivol en \u00abU\u00bb avec serrure \u00e0 cylindre anse en acier c\u00e9ment\u00e9, \u00e0 double verrouillage avec support de fixation solide pour cadre de v\u00e9los jusqu\u2018\u00e0 27 mm avec","og_url":"https:\/\/test.burgwaechterservice.de\/fr\/p\/cadenas-et-porte-cadenas\/1500hb\/","og_site_name":"Burg-W\u00e4chter France","article_modified_time":"2018-04-23T14:03:58+00:00","og_image":[{"width":480,"height":480,"url":"https:\/\/test.burgwaechterservice.de\/fr\/wp-content\/uploads\/sites\/4\/2016\/07\/1500_HB_170-180_beide.jpg","type":"image\/jpeg"}],"twitter_card":"summary_large_image","schema":{"@context":"https:\/\/schema.org","@graph":[{"@type":"WebPage","@id":"https:\/\/test.burgwaechterservice.de\/fr\/p\/cadenas-et-porte-cadenas\/1500hb\/","url":"https:\/\/test.burgwaechterservice.de\/fr\/p\/cadenas-et-porte-cadenas\/1500hb\/","name":"1500 HB - BURG-W\u00c4CHTER","isPartOf":{"@id":"https:\/\/test.burgwaechterservice.de\/fr\/#website"},"datePublished":"2016-07-13T13:00:00+00:00","dateModified":"2018-04-23T14:03:58+00:00","description":"Antivol en \u00abU\u00bb avec serrure \u00e0 cylindre anse en acier c\u00e9ment\u00e9, \u00e0 double verrouillage avec support de fixation solide pour cadre de v\u00e9los jusqu\u2018\u00e0 27 mm avec","breadcrumb":{"@id":"https:\/\/test.burgwaechterservice.de\/fr\/p\/cadenas-et-porte-cadenas\/1500hb\/#breadcrumb"},"inLanguage":"fr-FR","potentialAction":[{"@type":"ReadAction","target":["https:\/\/test.burgwaechterservice.de\/fr\/p\/cadenas-et-porte-cadenas\/1500hb\/"]}]},{"@type":"BreadcrumbList","@id":"https:\/\/test.burgwaechterservice.de\/fr\/p\/cadenas-et-porte-cadenas\/1500hb\/#breadcrumb","itemListElement":[{"@type":"ListItem","position":1,"name":"Accueil","item":"https:\/\/test.burgwaechterservice.de\/fr\/"},{"@type":"ListItem","position":2,"name":"Produits","item":"https:\/\/test.burgwaechterservice.de\/fr\/p\/"},{"@type":"ListItem","position":3,"name":"1500 HB"}]},{"@type":"WebSite","@id":"https:\/\/test.burgwaechterservice.de\/fr\/#website","url":"https:\/\/test.burgwaechterservice.de\/fr\/","name":"Burg-W\u00e4chter France","description":"Le choix le plus s\u00fbr!","potentialAction":[{"@type":"SearchAction","target":{"@type":"EntryPoint","urlTemplate":"https:\/\/test.burgwaechterservice.de\/fr\/?s={search_term_string}"},"query-input":"required name=search_term_string"}],"inLanguage":"fr-FR"}]}},"_links":{"self":[{"href":"https:\/\/test.burgwaechterservice.de\/fr\/wp-json\/wp\/v2\/product\/31539"}],"collection":[{"href":"https:\/\/test.burgwaechterservice.de\/fr\/wp-json\/wp\/v2\/product"}],"about":[{"href":"https:\/\/test.burgwaechterservice.de\/fr\/wp-json\/wp\/v2\/types\/product"}],"replies":[{"embeddable":true,"href":"https:\/\/test.burgwaechterservice.de\/fr\/wp-json\/wp\/v2\/comments?post=31539"}],"wp:featuredmedia":[{"embeddable":true,"href":"https:\/\/test.burgwaechterservice.de\/fr\/wp-json\/wp\/v2\/media\/87530"}],"wp:attachment":[{"href":"https:\/\/test.burgwaechterservice.de\/fr\/wp-json\/wp\/v2\/media?parent=31539"}],"wp:term":[{"taxonomy":"product_cat","embeddable":true,"href":"https:\/\/test.burgwaechterservice.de\/fr\/wp-json\/wp\/v2\/product_cat?post=31539"},{"taxonomy":"product_tag","embeddable":true,"href":"https:\/\/test.burgwaechterservice.de\/fr\/wp-json\/wp\/v2\/product_tag?post=31539"}],"curies":[{"name":"wp","href":"https:\/\/api.w.org\/{rel}","templated":true}]}}