{"id":31537,"date":"2016-07-13T14:09:54","date_gmt":"2016-07-13T12:09:54","guid":{"rendered":"https:\/\/www.burg.biz\/?post_type=product&#038;p=31537"},"modified":"2018-04-23T15:52:59","modified_gmt":"2018-04-23T13:52:59","slug":"340-180-l","status":"publish","type":"product","link":"https:\/\/test.burgwaechterservice.de\/fr\/p\/cadenas-et-porte-cadenas\/340-180-l\/","title":{"rendered":"340 180 L"},"content":{"rendered":"<p><img decoding=\"async\" class=\"alignnone size-full wp-image-31522\" src=\"https:\/\/test.burgwaechterservice.de\/fr\/wp-content\/uploads\/sites\/4\/2016\/07\/piktoreihe_1345L.jpg\" alt=\"Aufbohrschutz\" width=\"134\" height=\"59\" \/><\/p>\n<h2>C\u00e2ble antivol en spiral robuste<\/h2>\n<ul>\n<li>avec cl\u00e9 \u00e9clair\u00e9e par LED<\/li>\n<li>avec support de fixation pour le cadre de v\u00e9lo<\/li>\n<\/ul>\n<p>&nbsp;<\/p>\n<table class=\"ausfuehrung\">\n<thead>\n<tr>\n<td>Article<\/td>\n<td>Longueur (cm)<\/td>\n<td>\u00d8 (mm)<\/td>\n<\/tr>\n<\/thead>\n<tbody>\n<tr>\n<td>340 180 L<\/td>\n<td>180<\/td>\n<td>12<\/td>\n<\/tr>\n<\/tbody>\n<\/table>\n","protected":false},"excerpt":{"rendered":"<p>C\u00e2ble antivol en spiral robuste avec cl\u00e9 \u00e9clair\u00e9e par LED avec support de fixation pour le cadre de v\u00e9lo &nbsp; Article Longueur (cm) \u00d8 (mm) 340 180 L 180 12<\/p>\n","protected":false},"featured_media":32453,"comment_status":"closed","ping_status":"closed","template":"","meta":[],"product_cat":[30,50,3128],"product_tag":[],"yoast_head":"<!-- This site is optimized with the Yoast SEO Premium plugin v18.4 (Yoast SEO v19.13) - https:\/\/yoast.com\/wordpress\/plugins\/seo\/ -->\n<title>340 180 L - BURG-W\u00c4CHTER<\/title>\n<meta name=\"description\" content=\"C\u00e2ble antivol en spiral robuste avec cl\u00e9 \u00e9clair\u00e9e par LED avec support de fixation pour le cadre de v\u00e9lo &nbsp; Article Longueur (cm) \u00d8 (mm) 340 180 L 180\" \/>\n<meta name=\"robots\" content=\"index, follow, max-snippet:-1, max-image-preview:large, max-video-preview:-1\" \/>\n<link rel=\"canonical\" href=\"https:\/\/test.burgwaechterservice.de\/fr\/p\/cadenas-et-porte-cadenas\/340-180-l\/\" \/>\n<meta property=\"og:locale\" content=\"fr_FR\" \/>\n<meta property=\"og:type\" content=\"article\" \/>\n<meta property=\"og:title\" content=\"340 180 L\" \/>\n<meta property=\"og:description\" content=\"C\u00e2ble antivol en spiral robuste avec cl\u00e9 \u00e9clair\u00e9e par LED avec support de fixation pour le cadre de v\u00e9lo &nbsp; Article Longueur (cm) \u00d8 (mm) 340 180 L 180\" \/>\n<meta property=\"og:url\" content=\"https:\/\/test.burgwaechterservice.de\/fr\/p\/cadenas-et-porte-cadenas\/340-180-l\/\" \/>\n<meta property=\"og:site_name\" content=\"Burg-W\u00e4chter France\" \/>\n<meta property=\"article:modified_time\" content=\"2018-04-23T13:52:59+00:00\" \/>\n<meta property=\"og:image\" content=\"https:\/\/test.burgwaechterservice.de\/fr\/wp-content\/uploads\/sites\/4\/2016\/07\/Spiralschloss_340_180_L_131404-03.jpg\" \/>\n\t<meta property=\"og:image:width\" content=\"665\" \/>\n\t<meta property=\"og:image:height\" content=\"665\" \/>\n\t<meta property=\"og:image:type\" content=\"image\/jpeg\" \/>\n<meta name=\"twitter:card\" content=\"summary_large_image\" \/>\n<!-- \/ Yoast SEO Premium plugin. -->","yoast_head_json":{"title":"340 180 L - BURG-W\u00c4CHTER","description":"C\u00e2ble antivol en spiral robuste avec cl\u00e9 \u00e9clair\u00e9e par LED avec support de fixation pour le cadre de v\u00e9lo &nbsp; Article Longueur (cm) \u00d8 (mm) 340 180 L 180","robots":{"index":"index","follow":"follow","max-snippet":"max-snippet:-1","max-image-preview":"max-image-preview:large","max-video-preview":"max-video-preview:-1"},"canonical":"https:\/\/test.burgwaechterservice.de\/fr\/p\/cadenas-et-porte-cadenas\/340-180-l\/","og_locale":"fr_FR","og_type":"article","og_title":"340 180 L","og_description":"C\u00e2ble antivol en spiral robuste avec cl\u00e9 \u00e9clair\u00e9e par LED avec support de fixation pour le cadre de v\u00e9lo &nbsp; Article Longueur (cm) \u00d8 (mm) 340 180 L 180","og_url":"https:\/\/test.burgwaechterservice.de\/fr\/p\/cadenas-et-porte-cadenas\/340-180-l\/","og_site_name":"Burg-W\u00e4chter France","article_modified_time":"2018-04-23T13:52:59+00:00","og_image":[{"width":665,"height":665,"url":"https:\/\/test.burgwaechterservice.de\/fr\/wp-content\/uploads\/sites\/4\/2016\/07\/Spiralschloss_340_180_L_131404-03.jpg","type":"image\/jpeg"}],"twitter_card":"summary_large_image","schema":{"@context":"https:\/\/schema.org","@graph":[{"@type":"WebPage","@id":"https:\/\/test.burgwaechterservice.de\/fr\/p\/cadenas-et-porte-cadenas\/340-180-l\/","url":"https:\/\/test.burgwaechterservice.de\/fr\/p\/cadenas-et-porte-cadenas\/340-180-l\/","name":"340 180 L - BURG-W\u00c4CHTER","isPartOf":{"@id":"https:\/\/test.burgwaechterservice.de\/fr\/#website"},"datePublished":"2016-07-13T12:09:54+00:00","dateModified":"2018-04-23T13:52:59+00:00","description":"C\u00e2ble antivol en spiral robuste avec cl\u00e9 \u00e9clair\u00e9e par LED avec support de fixation pour le cadre de v\u00e9lo &nbsp; Article Longueur (cm) \u00d8 (mm) 340 180 L 180","breadcrumb":{"@id":"https:\/\/test.burgwaechterservice.de\/fr\/p\/cadenas-et-porte-cadenas\/340-180-l\/#breadcrumb"},"inLanguage":"fr-FR","potentialAction":[{"@type":"ReadAction","target":["https:\/\/test.burgwaechterservice.de\/fr\/p\/cadenas-et-porte-cadenas\/340-180-l\/"]}]},{"@type":"BreadcrumbList","@id":"https:\/\/test.burgwaechterservice.de\/fr\/p\/cadenas-et-porte-cadenas\/340-180-l\/#breadcrumb","itemListElement":[{"@type":"ListItem","position":1,"name":"Accueil","item":"https:\/\/test.burgwaechterservice.de\/fr\/"},{"@type":"ListItem","position":2,"name":"Produits","item":"https:\/\/test.burgwaechterservice.de\/fr\/p\/"},{"@type":"ListItem","position":3,"name":"340 180 L"}]},{"@type":"WebSite","@id":"https:\/\/test.burgwaechterservice.de\/fr\/#website","url":"https:\/\/test.burgwaechterservice.de\/fr\/","name":"Burg-W\u00e4chter France","description":"Le choix le plus s\u00fbr!","potentialAction":[{"@type":"SearchAction","target":{"@type":"EntryPoint","urlTemplate":"https:\/\/test.burgwaechterservice.de\/fr\/?s={search_term_string}"},"query-input":"required name=search_term_string"}],"inLanguage":"fr-FR"}]}},"_links":{"self":[{"href":"https:\/\/test.burgwaechterservice.de\/fr\/wp-json\/wp\/v2\/product\/31537"}],"collection":[{"href":"https:\/\/test.burgwaechterservice.de\/fr\/wp-json\/wp\/v2\/product"}],"about":[{"href":"https:\/\/test.burgwaechterservice.de\/fr\/wp-json\/wp\/v2\/types\/product"}],"replies":[{"embeddable":true,"href":"https:\/\/test.burgwaechterservice.de\/fr\/wp-json\/wp\/v2\/comments?post=31537"}],"wp:featuredmedia":[{"embeddable":true,"href":"https:\/\/test.burgwaechterservice.de\/fr\/wp-json\/wp\/v2\/media\/32453"}],"wp:attachment":[{"href":"https:\/\/test.burgwaechterservice.de\/fr\/wp-json\/wp\/v2\/media?parent=31537"}],"wp:term":[{"taxonomy":"product_cat","embeddable":true,"href":"https:\/\/test.burgwaechterservice.de\/fr\/wp-json\/wp\/v2\/product_cat?post=31537"},{"taxonomy":"product_tag","embeddable":true,"href":"https:\/\/test.burgwaechterservice.de\/fr\/wp-json\/wp\/v2\/product_tag?post=31537"}],"curies":[{"name":"wp","href":"https:\/\/api.w.org\/{rel}","templated":true}]}}