{"id":31526,"date":"2016-07-13T13:23:55","date_gmt":"2016-07-13T11:23:55","guid":{"rendered":"https:\/\/www.burg.biz\/?post_type=product&#038;p=31526"},"modified":"2019-06-12T09:55:59","modified_gmt":"2019-06-12T07:55:59","slug":"f-1360","status":"publish","type":"product","link":"https:\/\/test.burgwaechterservice.de\/fr\/p\/cadenas-et-porte-cadenas\/f-1360\/","title":{"rendered":"1360"},"content":{"rendered":"<p><img decoding=\"async\" class=\"alignnone size-full wp-image-31503\" src=\"https:\/\/test.burgwaechterservice.de\/fr\/wp-content\/uploads\/sites\/4\/2016\/07\/wetterschutz-\u00fcberfallen.jpg\" alt=\"wetterschutz-\u00fcberfallen\" width=\"61\" height=\"61\" \/><\/p>\n<h2>C\u00e2ble antivol en spirale solide<\/h2>\n<ul>\n<li>avec cylindre \u00e0 goupilles de haute qualit\u00e9<\/li>\n<li>avec support de fixation pratique<\/li>\n<li>avec protection du trou de serrure<\/li>\n<\/ul>\n<p>&nbsp;<\/p>\n<table class=\"ausfuehrung\">\n<thead>\n<tr>\n<td>Article<\/td>\n<td>Longueur (cm)<\/td>\n<td>\u00d8 (mm)<\/td>\n<\/tr>\n<\/thead>\n<tbody>\n<tr>\n<td>1360 180<\/td>\n<td>180<\/td>\n<td>10<\/td>\n<\/tr>\n<\/tbody>\n<\/table>\n","protected":false},"excerpt":{"rendered":"<p>C\u00e2ble antivol en spirale solide avec cylindre \u00e0 goupilles de haute qualit\u00e9 avec support de fixation pratique avec protection du trou de serrure &nbsp; Article Longueur (cm) \u00d8 (mm) 1360 180 180 10<\/p>\n","protected":false},"featured_media":32449,"comment_status":"closed","ping_status":"closed","template":"","meta":[],"product_cat":[30,50,3128],"product_tag":[],"yoast_head":"<!-- This site is optimized with the Yoast SEO Premium plugin v18.4 (Yoast SEO v19.13) - https:\/\/yoast.com\/wordpress\/plugins\/seo\/ -->\n<title>1360 - BURG-W\u00c4CHTER<\/title>\n<meta name=\"description\" content=\"C\u00e2ble antivol en spirale solide avec cylindre \u00e0 goupilles de haute qualit\u00e9 avec support de fixation pratique avec protection du trou de serrure &nbsp;\" \/>\n<meta name=\"robots\" content=\"index, follow, max-snippet:-1, max-image-preview:large, max-video-preview:-1\" \/>\n<link rel=\"canonical\" href=\"https:\/\/test.burgwaechterservice.de\/fr\/p\/cadenas-et-porte-cadenas\/f-1360\/\" \/>\n<meta property=\"og:locale\" content=\"fr_FR\" \/>\n<meta property=\"og:type\" content=\"article\" \/>\n<meta property=\"og:title\" content=\"1360\" \/>\n<meta property=\"og:description\" content=\"C\u00e2ble antivol en spirale solide avec cylindre \u00e0 goupilles de haute qualit\u00e9 avec support de fixation pratique avec protection du trou de serrure &nbsp;\" \/>\n<meta property=\"og:url\" content=\"https:\/\/test.burgwaechterservice.de\/fr\/p\/cadenas-et-porte-cadenas\/f-1360\/\" \/>\n<meta property=\"og:site_name\" content=\"Burg-W\u00e4chter France\" \/>\n<meta property=\"article:modified_time\" content=\"2019-06-12T07:55:59+00:00\" \/>\n<meta property=\"og:image\" content=\"https:\/\/test.burgwaechterservice.de\/fr\/wp-content\/uploads\/sites\/4\/2016\/07\/Spiralschloss_1360_180_110508-01.jpg\" \/>\n\t<meta property=\"og:image:width\" content=\"1000\" \/>\n\t<meta property=\"og:image:height\" content=\"1000\" \/>\n\t<meta property=\"og:image:type\" content=\"image\/jpeg\" \/>\n<meta name=\"twitter:card\" content=\"summary_large_image\" \/>\n<!-- \/ Yoast SEO Premium plugin. -->","yoast_head_json":{"title":"1360 - BURG-W\u00c4CHTER","description":"C\u00e2ble antivol en spirale solide avec cylindre \u00e0 goupilles de haute qualit\u00e9 avec support de fixation pratique avec protection du trou de serrure &nbsp;","robots":{"index":"index","follow":"follow","max-snippet":"max-snippet:-1","max-image-preview":"max-image-preview:large","max-video-preview":"max-video-preview:-1"},"canonical":"https:\/\/test.burgwaechterservice.de\/fr\/p\/cadenas-et-porte-cadenas\/f-1360\/","og_locale":"fr_FR","og_type":"article","og_title":"1360","og_description":"C\u00e2ble antivol en spirale solide avec cylindre \u00e0 goupilles de haute qualit\u00e9 avec support de fixation pratique avec protection du trou de serrure &nbsp;","og_url":"https:\/\/test.burgwaechterservice.de\/fr\/p\/cadenas-et-porte-cadenas\/f-1360\/","og_site_name":"Burg-W\u00e4chter France","article_modified_time":"2019-06-12T07:55:59+00:00","og_image":[{"width":1000,"height":1000,"url":"https:\/\/test.burgwaechterservice.de\/fr\/wp-content\/uploads\/sites\/4\/2016\/07\/Spiralschloss_1360_180_110508-01.jpg","type":"image\/jpeg"}],"twitter_card":"summary_large_image","schema":{"@context":"https:\/\/schema.org","@graph":[{"@type":"WebPage","@id":"https:\/\/test.burgwaechterservice.de\/fr\/p\/cadenas-et-porte-cadenas\/f-1360\/","url":"https:\/\/test.burgwaechterservice.de\/fr\/p\/cadenas-et-porte-cadenas\/f-1360\/","name":"1360 - BURG-W\u00c4CHTER","isPartOf":{"@id":"https:\/\/test.burgwaechterservice.de\/fr\/#website"},"datePublished":"2016-07-13T11:23:55+00:00","dateModified":"2019-06-12T07:55:59+00:00","description":"C\u00e2ble antivol en spirale solide avec cylindre \u00e0 goupilles de haute qualit\u00e9 avec support de fixation pratique avec protection du trou de serrure &nbsp;","breadcrumb":{"@id":"https:\/\/test.burgwaechterservice.de\/fr\/p\/cadenas-et-porte-cadenas\/f-1360\/#breadcrumb"},"inLanguage":"fr-FR","potentialAction":[{"@type":"ReadAction","target":["https:\/\/test.burgwaechterservice.de\/fr\/p\/cadenas-et-porte-cadenas\/f-1360\/"]}]},{"@type":"BreadcrumbList","@id":"https:\/\/test.burgwaechterservice.de\/fr\/p\/cadenas-et-porte-cadenas\/f-1360\/#breadcrumb","itemListElement":[{"@type":"ListItem","position":1,"name":"Accueil","item":"https:\/\/test.burgwaechterservice.de\/fr\/"},{"@type":"ListItem","position":2,"name":"Produits","item":"https:\/\/test.burgwaechterservice.de\/fr\/p\/"},{"@type":"ListItem","position":3,"name":"1360"}]},{"@type":"WebSite","@id":"https:\/\/test.burgwaechterservice.de\/fr\/#website","url":"https:\/\/test.burgwaechterservice.de\/fr\/","name":"Burg-W\u00e4chter France","description":"Le choix le plus s\u00fbr!","potentialAction":[{"@type":"SearchAction","target":{"@type":"EntryPoint","urlTemplate":"https:\/\/test.burgwaechterservice.de\/fr\/?s={search_term_string}"},"query-input":"required name=search_term_string"}],"inLanguage":"fr-FR"}]}},"_links":{"self":[{"href":"https:\/\/test.burgwaechterservice.de\/fr\/wp-json\/wp\/v2\/product\/31526"}],"collection":[{"href":"https:\/\/test.burgwaechterservice.de\/fr\/wp-json\/wp\/v2\/product"}],"about":[{"href":"https:\/\/test.burgwaechterservice.de\/fr\/wp-json\/wp\/v2\/types\/product"}],"replies":[{"embeddable":true,"href":"https:\/\/test.burgwaechterservice.de\/fr\/wp-json\/wp\/v2\/comments?post=31526"}],"wp:featuredmedia":[{"embeddable":true,"href":"https:\/\/test.burgwaechterservice.de\/fr\/wp-json\/wp\/v2\/media\/32449"}],"wp:attachment":[{"href":"https:\/\/test.burgwaechterservice.de\/fr\/wp-json\/wp\/v2\/media?parent=31526"}],"wp:term":[{"taxonomy":"product_cat","embeddable":true,"href":"https:\/\/test.burgwaechterservice.de\/fr\/wp-json\/wp\/v2\/product_cat?post=31526"},{"taxonomy":"product_tag","embeddable":true,"href":"https:\/\/test.burgwaechterservice.de\/fr\/wp-json\/wp\/v2\/product_tag?post=31526"}],"curies":[{"name":"wp","href":"https:\/\/api.w.org\/{rel}","templated":true}]}}