{"id":31502,"date":"2016-07-13T10:50:59","date_gmt":"2016-07-13T08:50:59","guid":{"rendered":"https:\/\/www.burg.biz\/?post_type=product&#038;p=31502"},"modified":"2020-04-02T11:35:53","modified_gmt":"2020-04-02T09:35:53","slug":"s-560","status":"publish","type":"product","link":"https:\/\/test.burgwaechterservice.de\/fr\/p\/cadenas-et-porte-cadenas\/s-560\/","title":{"rendered":"560"},"content":{"rendered":"<p>&nbsp;<\/p>\n<p><a href=\"https:\/\/test.burgwaechterservice.de\/fr\/wp-content\/uploads\/sites\/4\/2016\/07\/Piktos-Fahrradschlos-560-BURG-W\u00c4CHTER.jpg\"><img fetchpriority=\"high\" decoding=\"async\" class=\"alignnone wp-image-400618\" src=\"https:\/\/test.burgwaechterservice.de\/fr\/wp-content\/uploads\/sites\/4\/2016\/07\/Piktos-Fahrradschlos-560-BURG-W\u00c4CHTER.jpg\" alt=\"C\u00e2ble antivol tr\u00e8s robuste 560 BURG-W\u00c4CHTER\" width=\"597\" height=\"100\" srcset=\"https:\/\/test.burgwaechterservice.de\/fr\/wp-content\/uploads\/sites\/4\/2016\/07\/Piktos-Fahrradschlos-560-BURG-W\u00c4CHTER.jpg 800w, https:\/\/test.burgwaechterservice.de\/fr\/wp-content\/uploads\/sites\/4\/2016\/07\/Piktos-Fahrradschlos-560-BURG-W\u00c4CHTER-300x50.jpg 300w, https:\/\/test.burgwaechterservice.de\/fr\/wp-content\/uploads\/sites\/4\/2016\/07\/Piktos-Fahrradschlos-560-BURG-W\u00c4CHTER-768x129.jpg 768w\" sizes=\"(max-width: 597px) 100vw, 597px\" \/><\/a><\/p>\n<h2>C\u00e2ble antivol tr\u00e8s robuste<\/h2>\n<ul>\n<li>cylindre \u00e0 goupilles<\/li>\n<li>avec support de fixation pratique pour v\u00e9lo<\/li>\n<\/ul>\n<p>&nbsp;<\/p>\n<table class=\"ausfuehrung\">\n<thead>\n<tr>\n<td>Article<\/td>\n<td>Longueur (cm)<\/td>\n<td>\u00d8 (mm)<\/td>\n<\/tr>\n<\/thead>\n<tbody>\n<tr>\n<td>560 90<\/td>\n<td>90<\/td>\n<td>15,0<\/td>\n<\/tr>\n<\/tbody>\n<\/table>\n","protected":false},"excerpt":{"rendered":"<p>&nbsp; C\u00e2ble antivol tr\u00e8s robuste cylindre \u00e0 goupilles avec support de fixation pratique pour v\u00e9lo &nbsp; Article Longueur (cm) \u00d8 (mm) 560 90 90 15,0<\/p>\n","protected":false},"featured_media":400617,"comment_status":"closed","ping_status":"closed","template":"","meta":[],"product_cat":[30,50,3128],"product_tag":[],"yoast_head":"<!-- This site is optimized with the Yoast SEO Premium plugin v18.4 (Yoast SEO v19.13) - https:\/\/yoast.com\/wordpress\/plugins\/seo\/ -->\n<title>560 - C\u00e2ble antivol tr\u00e8s robuste I BURG-W\u00c4CHTER<\/title>\n<meta name=\"description\" content=\"&nbsp; C\u00e2ble antivol tr\u00e8s robuste cylindre \u00e0 goupilles avec support de fixation pratique pour v\u00e9lo &nbsp; Article Longueur (cm) \u00d8 (mm) 560 90 90\" \/>\n<meta name=\"robots\" content=\"index, follow, max-snippet:-1, max-image-preview:large, max-video-preview:-1\" \/>\n<link rel=\"canonical\" href=\"https:\/\/test.burgwaechterservice.de\/fr\/p\/cadenas-et-porte-cadenas\/s-560\/\" \/>\n<meta property=\"og:locale\" content=\"fr_FR\" \/>\n<meta property=\"og:type\" content=\"article\" \/>\n<meta property=\"og:title\" content=\"560\" \/>\n<meta property=\"og:description\" content=\"&nbsp; C\u00e2ble antivol tr\u00e8s robuste cylindre \u00e0 goupilles avec support de fixation pratique pour v\u00e9lo &nbsp; Article Longueur (cm) \u00d8 (mm) 560 90 90\" \/>\n<meta property=\"og:url\" content=\"https:\/\/test.burgwaechterservice.de\/fr\/p\/cadenas-et-porte-cadenas\/s-560\/\" \/>\n<meta property=\"og:site_name\" content=\"Burg-W\u00e4chter France\" \/>\n<meta property=\"article:modified_time\" content=\"2020-04-02T09:35:53+00:00\" \/>\n<meta property=\"og:image\" content=\"https:\/\/test.burgwaechterservice.de\/fr\/wp-content\/uploads\/sites\/4\/2016\/07\/Fahrradschloss-560-Seilschloss-von-BURG-W\u00c4CHTER.jpg\" \/>\n\t<meta property=\"og:image:width\" content=\"800\" \/>\n\t<meta property=\"og:image:height\" content=\"800\" \/>\n\t<meta property=\"og:image:type\" content=\"image\/jpeg\" \/>\n<meta name=\"twitter:card\" content=\"summary_large_image\" \/>\n<!-- \/ Yoast SEO Premium plugin. -->","yoast_head_json":{"title":"560 - C\u00e2ble antivol tr\u00e8s robuste I BURG-W\u00c4CHTER","description":"&nbsp; C\u00e2ble antivol tr\u00e8s robuste cylindre \u00e0 goupilles avec support de fixation pratique pour v\u00e9lo &nbsp; Article Longueur (cm) \u00d8 (mm) 560 90 90","robots":{"index":"index","follow":"follow","max-snippet":"max-snippet:-1","max-image-preview":"max-image-preview:large","max-video-preview":"max-video-preview:-1"},"canonical":"https:\/\/test.burgwaechterservice.de\/fr\/p\/cadenas-et-porte-cadenas\/s-560\/","og_locale":"fr_FR","og_type":"article","og_title":"560","og_description":"&nbsp; C\u00e2ble antivol tr\u00e8s robuste cylindre \u00e0 goupilles avec support de fixation pratique pour v\u00e9lo &nbsp; Article Longueur (cm) \u00d8 (mm) 560 90 90","og_url":"https:\/\/test.burgwaechterservice.de\/fr\/p\/cadenas-et-porte-cadenas\/s-560\/","og_site_name":"Burg-W\u00e4chter France","article_modified_time":"2020-04-02T09:35:53+00:00","og_image":[{"width":800,"height":800,"url":"https:\/\/test.burgwaechterservice.de\/fr\/wp-content\/uploads\/sites\/4\/2016\/07\/Fahrradschloss-560-Seilschloss-von-BURG-W\u00c4CHTER.jpg","type":"image\/jpeg"}],"twitter_card":"summary_large_image","schema":{"@context":"https:\/\/schema.org","@graph":[{"@type":"WebPage","@id":"https:\/\/test.burgwaechterservice.de\/fr\/p\/cadenas-et-porte-cadenas\/s-560\/","url":"https:\/\/test.burgwaechterservice.de\/fr\/p\/cadenas-et-porte-cadenas\/s-560\/","name":"560 - C\u00e2ble antivol tr\u00e8s robuste I BURG-W\u00c4CHTER","isPartOf":{"@id":"https:\/\/test.burgwaechterservice.de\/fr\/#website"},"datePublished":"2016-07-13T08:50:59+00:00","dateModified":"2020-04-02T09:35:53+00:00","description":"&nbsp; C\u00e2ble antivol tr\u00e8s robuste cylindre \u00e0 goupilles avec support de fixation pratique pour v\u00e9lo &nbsp; Article Longueur (cm) \u00d8 (mm) 560 90 90","breadcrumb":{"@id":"https:\/\/test.burgwaechterservice.de\/fr\/p\/cadenas-et-porte-cadenas\/s-560\/#breadcrumb"},"inLanguage":"fr-FR","potentialAction":[{"@type":"ReadAction","target":["https:\/\/test.burgwaechterservice.de\/fr\/p\/cadenas-et-porte-cadenas\/s-560\/"]}]},{"@type":"BreadcrumbList","@id":"https:\/\/test.burgwaechterservice.de\/fr\/p\/cadenas-et-porte-cadenas\/s-560\/#breadcrumb","itemListElement":[{"@type":"ListItem","position":1,"name":"Accueil","item":"https:\/\/test.burgwaechterservice.de\/fr\/"},{"@type":"ListItem","position":2,"name":"Produits","item":"https:\/\/test.burgwaechterservice.de\/fr\/p\/"},{"@type":"ListItem","position":3,"name":"560"}]},{"@type":"WebSite","@id":"https:\/\/test.burgwaechterservice.de\/fr\/#website","url":"https:\/\/test.burgwaechterservice.de\/fr\/","name":"Burg-W\u00e4chter France","description":"Le choix le plus s\u00fbr!","potentialAction":[{"@type":"SearchAction","target":{"@type":"EntryPoint","urlTemplate":"https:\/\/test.burgwaechterservice.de\/fr\/?s={search_term_string}"},"query-input":"required name=search_term_string"}],"inLanguage":"fr-FR"}]}},"_links":{"self":[{"href":"https:\/\/test.burgwaechterservice.de\/fr\/wp-json\/wp\/v2\/product\/31502"}],"collection":[{"href":"https:\/\/test.burgwaechterservice.de\/fr\/wp-json\/wp\/v2\/product"}],"about":[{"href":"https:\/\/test.burgwaechterservice.de\/fr\/wp-json\/wp\/v2\/types\/product"}],"replies":[{"embeddable":true,"href":"https:\/\/test.burgwaechterservice.de\/fr\/wp-json\/wp\/v2\/comments?post=31502"}],"wp:featuredmedia":[{"embeddable":true,"href":"https:\/\/test.burgwaechterservice.de\/fr\/wp-json\/wp\/v2\/media\/400617"}],"wp:attachment":[{"href":"https:\/\/test.burgwaechterservice.de\/fr\/wp-json\/wp\/v2\/media?parent=31502"}],"wp:term":[{"taxonomy":"product_cat","embeddable":true,"href":"https:\/\/test.burgwaechterservice.de\/fr\/wp-json\/wp\/v2\/product_cat?post=31502"},{"taxonomy":"product_tag","embeddable":true,"href":"https:\/\/test.burgwaechterservice.de\/fr\/wp-json\/wp\/v2\/product_tag?post=31502"}],"curies":[{"name":"wp","href":"https:\/\/api.w.org\/{rel}","templated":true}]}}