{"id":31500,"date":"2016-07-13T10:34:47","date_gmt":"2016-07-13T08:34:47","guid":{"rendered":"https:\/\/www.burg.biz\/?post_type=product&#038;p=31500"},"modified":"2019-06-12T10:00:16","modified_gmt":"2019-06-12T08:00:16","slug":"s-550","status":"publish","type":"product","link":"https:\/\/test.burgwaechterservice.de\/fr\/p\/cadenas-et-porte-cadenas\/s-550\/","title":{"rendered":"550"},"content":{"rendered":"<h2>C\u00e2ble antivol robuste<\/h2>\n<ul>\n<li>cylindre \u00e0 5 goupilles<\/li>\n<li>avec protection du trou de serrure<\/li>\n<\/ul>\n<p>&nbsp;<\/p>\n<table class=\"ausfuehrung\">\n<thead>\n<tr>\n<td>Article<\/td>\n<td>Longueur (cm)<\/td>\n<td>\u00d8 (mm)<\/td>\n<td>N\u00b0. d\u2019\u00e9bauche<\/td>\n<\/tr>\n<\/thead>\n<tbody>\n<tr>\n<td>550 80<\/td>\n<td>80<\/td>\n<td>15,0<\/td>\n<td>71R<\/td>\n<\/tr>\n<\/tbody>\n<\/table>\n","protected":false},"excerpt":{"rendered":"<p>C\u00e2ble antivol robuste cylindre \u00e0 5 goupilles avec protection du trou de serrure &nbsp; Article Longueur (cm) \u00d8 (mm) N\u00b0. d\u2019\u00e9bauche 550 80 80 15,0 71R<\/p>\n","protected":false},"featured_media":32443,"comment_status":"closed","ping_status":"closed","template":"","meta":[],"product_cat":[30,50,3128],"product_tag":[],"yoast_head":"<!-- This site is optimized with the Yoast SEO Premium plugin v18.4 (Yoast SEO v19.13) - https:\/\/yoast.com\/wordpress\/plugins\/seo\/ -->\n<title>550 - BURG-W\u00c4CHTER<\/title>\n<meta name=\"description\" content=\"C\u00e2ble antivol robuste cylindre \u00e0 5 goupilles avec protection du trou de serrure &nbsp; Article Longueur (cm) \u00d8 (mm) N\u00b0. d\u2019\u00e9bauche 550 80 80 15,0\" \/>\n<meta name=\"robots\" content=\"index, follow, max-snippet:-1, max-image-preview:large, max-video-preview:-1\" \/>\n<link rel=\"canonical\" href=\"https:\/\/test.burgwaechterservice.de\/fr\/p\/cadenas-et-porte-cadenas\/s-550\/\" \/>\n<meta property=\"og:locale\" content=\"fr_FR\" \/>\n<meta property=\"og:type\" content=\"article\" \/>\n<meta property=\"og:title\" content=\"550\" \/>\n<meta property=\"og:description\" content=\"C\u00e2ble antivol robuste cylindre \u00e0 5 goupilles avec protection du trou de serrure &nbsp; Article Longueur (cm) \u00d8 (mm) N\u00b0. d\u2019\u00e9bauche 550 80 80 15,0\" \/>\n<meta property=\"og:url\" content=\"https:\/\/test.burgwaechterservice.de\/fr\/p\/cadenas-et-porte-cadenas\/s-550\/\" \/>\n<meta property=\"og:site_name\" content=\"Burg-W\u00e4chter France\" \/>\n<meta property=\"article:modified_time\" content=\"2019-06-12T08:00:16+00:00\" \/>\n<meta property=\"og:image\" content=\"https:\/\/test.burgwaechterservice.de\/fr\/wp-content\/uploads\/sites\/4\/2016\/07\/Seilschloss_550_80_180501-01.jpg\" \/>\n\t<meta property=\"og:image:width\" content=\"1648\" \/>\n\t<meta property=\"og:image:height\" content=\"1648\" \/>\n\t<meta property=\"og:image:type\" content=\"image\/jpeg\" \/>\n<meta name=\"twitter:card\" content=\"summary_large_image\" \/>\n<!-- \/ Yoast SEO Premium plugin. -->","yoast_head_json":{"title":"550 - BURG-W\u00c4CHTER","description":"C\u00e2ble antivol robuste cylindre \u00e0 5 goupilles avec protection du trou de serrure &nbsp; Article Longueur (cm) \u00d8 (mm) N\u00b0. d\u2019\u00e9bauche 550 80 80 15,0","robots":{"index":"index","follow":"follow","max-snippet":"max-snippet:-1","max-image-preview":"max-image-preview:large","max-video-preview":"max-video-preview:-1"},"canonical":"https:\/\/test.burgwaechterservice.de\/fr\/p\/cadenas-et-porte-cadenas\/s-550\/","og_locale":"fr_FR","og_type":"article","og_title":"550","og_description":"C\u00e2ble antivol robuste cylindre \u00e0 5 goupilles avec protection du trou de serrure &nbsp; Article Longueur (cm) \u00d8 (mm) N\u00b0. d\u2019\u00e9bauche 550 80 80 15,0","og_url":"https:\/\/test.burgwaechterservice.de\/fr\/p\/cadenas-et-porte-cadenas\/s-550\/","og_site_name":"Burg-W\u00e4chter France","article_modified_time":"2019-06-12T08:00:16+00:00","og_image":[{"width":1648,"height":1648,"url":"https:\/\/test.burgwaechterservice.de\/fr\/wp-content\/uploads\/sites\/4\/2016\/07\/Seilschloss_550_80_180501-01.jpg","type":"image\/jpeg"}],"twitter_card":"summary_large_image","schema":{"@context":"https:\/\/schema.org","@graph":[{"@type":"WebPage","@id":"https:\/\/test.burgwaechterservice.de\/fr\/p\/cadenas-et-porte-cadenas\/s-550\/","url":"https:\/\/test.burgwaechterservice.de\/fr\/p\/cadenas-et-porte-cadenas\/s-550\/","name":"550 - BURG-W\u00c4CHTER","isPartOf":{"@id":"https:\/\/test.burgwaechterservice.de\/fr\/#website"},"datePublished":"2016-07-13T08:34:47+00:00","dateModified":"2019-06-12T08:00:16+00:00","description":"C\u00e2ble antivol robuste cylindre \u00e0 5 goupilles avec protection du trou de serrure &nbsp; Article Longueur (cm) \u00d8 (mm) N\u00b0. d\u2019\u00e9bauche 550 80 80 15,0","breadcrumb":{"@id":"https:\/\/test.burgwaechterservice.de\/fr\/p\/cadenas-et-porte-cadenas\/s-550\/#breadcrumb"},"inLanguage":"fr-FR","potentialAction":[{"@type":"ReadAction","target":["https:\/\/test.burgwaechterservice.de\/fr\/p\/cadenas-et-porte-cadenas\/s-550\/"]}]},{"@type":"BreadcrumbList","@id":"https:\/\/test.burgwaechterservice.de\/fr\/p\/cadenas-et-porte-cadenas\/s-550\/#breadcrumb","itemListElement":[{"@type":"ListItem","position":1,"name":"Accueil","item":"https:\/\/test.burgwaechterservice.de\/fr\/"},{"@type":"ListItem","position":2,"name":"Produits","item":"https:\/\/test.burgwaechterservice.de\/fr\/p\/"},{"@type":"ListItem","position":3,"name":"550"}]},{"@type":"WebSite","@id":"https:\/\/test.burgwaechterservice.de\/fr\/#website","url":"https:\/\/test.burgwaechterservice.de\/fr\/","name":"Burg-W\u00e4chter France","description":"Le choix le plus s\u00fbr!","potentialAction":[{"@type":"SearchAction","target":{"@type":"EntryPoint","urlTemplate":"https:\/\/test.burgwaechterservice.de\/fr\/?s={search_term_string}"},"query-input":"required name=search_term_string"}],"inLanguage":"fr-FR"}]}},"_links":{"self":[{"href":"https:\/\/test.burgwaechterservice.de\/fr\/wp-json\/wp\/v2\/product\/31500"}],"collection":[{"href":"https:\/\/test.burgwaechterservice.de\/fr\/wp-json\/wp\/v2\/product"}],"about":[{"href":"https:\/\/test.burgwaechterservice.de\/fr\/wp-json\/wp\/v2\/types\/product"}],"replies":[{"embeddable":true,"href":"https:\/\/test.burgwaechterservice.de\/fr\/wp-json\/wp\/v2\/comments?post=31500"}],"wp:featuredmedia":[{"embeddable":true,"href":"https:\/\/test.burgwaechterservice.de\/fr\/wp-json\/wp\/v2\/media\/32443"}],"wp:attachment":[{"href":"https:\/\/test.burgwaechterservice.de\/fr\/wp-json\/wp\/v2\/media?parent=31500"}],"wp:term":[{"taxonomy":"product_cat","embeddable":true,"href":"https:\/\/test.burgwaechterservice.de\/fr\/wp-json\/wp\/v2\/product_cat?post=31500"},{"taxonomy":"product_tag","embeddable":true,"href":"https:\/\/test.burgwaechterservice.de\/fr\/wp-json\/wp\/v2\/product_tag?post=31500"}],"curies":[{"name":"wp","href":"https:\/\/api.w.org\/{rel}","templated":true}]}}