{"id":31479,"date":"2016-07-13T09:25:31","date_gmt":"2016-07-13T07:25:31","guid":{"rendered":"https:\/\/www.burg.biz\/?post_type=product&#038;p=31479"},"modified":"2018-04-23T16:03:27","modified_gmt":"2018-04-23T14:03:27","slug":"chaine-antivol-a-cles","status":"publish","type":"product","link":"https:\/\/test.burgwaechterservice.de\/fr\/p\/cadenas-et-porte-cadenas\/chaine-antivol-a-cles\/","title":{"rendered":"Cha\u00eene antivol \u00e0 cl\u00e9s"},"content":{"rendered":"<p><img decoding=\"async\" class=\"alignnone size-full wp-image-31456\" src=\"https:\/\/test.burgwaechterservice.de\/fr\/wp-content\/uploads\/sites\/4\/2016\/07\/Bike-Hardened.jpg\" alt=\"Bike-Hardened\" width=\"61\" height=\"61\" \/><\/p>\n<h2>Cha\u00eene carr\u00e9e c\u00e9ment\u00e9e<\/h2>\n<ul>\n<li>ga\u00een\u00e9e de textile de haute qualit\u00e9<\/li>\n<li>\u00e9paisseur de maillon 6 mm<\/li>\n<\/ul>\n<p>&nbsp;<\/p>\n<table class=\"ausfuehrung\">\n<thead>\n<tr>\n<td>Article<\/td>\n<td>Longueur (cm)<\/td>\n<td>\u00d8 (mm)<\/td>\n<\/tr>\n<\/thead>\n<tbody>\n<tr>\n<td>580 90 Colour<\/td>\n<td>90<\/td>\n<td>6<\/td>\n<\/tr>\n<tr>\n<td>580 90 Black<\/td>\n<td>90<\/td>\n<td>6<\/td>\n<\/tr>\n<\/tbody>\n<\/table>\n","protected":false},"excerpt":{"rendered":"<p>Cha\u00eene carr\u00e9e c\u00e9ment\u00e9e ga\u00een\u00e9e de textile de haute qualit\u00e9 \u00e9paisseur de maillon 6 mm &nbsp; Article Longueur (cm) \u00d8 (mm) 580 90 Colour 90 6 580 90 Black 90 6<\/p>\n","protected":false},"featured_media":32437,"comment_status":"closed","ping_status":"closed","template":"","meta":[],"product_cat":[30,50,3130],"product_tag":[],"yoast_head":"<!-- This site is optimized with the Yoast SEO Premium plugin v18.4 (Yoast SEO v19.13) - https:\/\/yoast.com\/wordpress\/plugins\/seo\/ -->\n<title>Cha\u00eene antivol \u00e0 cl\u00e9s - BURG-W\u00c4CHTER<\/title>\n<meta name=\"description\" content=\"Cha\u00eene carr\u00e9e c\u00e9ment\u00e9e ga\u00een\u00e9e de textile de haute qualit\u00e9 \u00e9paisseur de maillon 6 mm &nbsp; Article Longueur (cm) \u00d8 (mm) 580 90 Colour 90 6 580 90 Black 90\" \/>\n<meta name=\"robots\" content=\"index, follow, max-snippet:-1, max-image-preview:large, max-video-preview:-1\" \/>\n<link rel=\"canonical\" href=\"https:\/\/test.burgwaechterservice.de\/fr\/p\/cadenas-et-porte-cadenas\/chaine-antivol-a-cles\/\" \/>\n<meta property=\"og:locale\" content=\"fr_FR\" \/>\n<meta property=\"og:type\" content=\"article\" \/>\n<meta property=\"og:title\" content=\"Cha\u00eene antivol \u00e0 cl\u00e9s\" \/>\n<meta property=\"og:description\" content=\"Cha\u00eene carr\u00e9e c\u00e9ment\u00e9e ga\u00een\u00e9e de textile de haute qualit\u00e9 \u00e9paisseur de maillon 6 mm &nbsp; Article Longueur (cm) \u00d8 (mm) 580 90 Colour 90 6 580 90 Black 90\" \/>\n<meta property=\"og:url\" content=\"https:\/\/test.burgwaechterservice.de\/fr\/p\/cadenas-et-porte-cadenas\/chaine-antivol-a-cles\/\" \/>\n<meta property=\"og:site_name\" content=\"Burg-W\u00e4chter France\" \/>\n<meta property=\"article:modified_time\" content=\"2018-04-23T14:03:27+00:00\" \/>\n<meta property=\"og:image\" content=\"https:\/\/test.burgwaechterservice.de\/fr\/wp-content\/uploads\/sites\/4\/2016\/07\/Kette_580_90_COLOUR_389003-01.jpg\" \/>\n\t<meta property=\"og:image:width\" content=\"1656\" \/>\n\t<meta property=\"og:image:height\" content=\"1656\" \/>\n\t<meta property=\"og:image:type\" content=\"image\/jpeg\" \/>\n<meta name=\"twitter:card\" content=\"summary_large_image\" \/>\n<!-- \/ Yoast SEO Premium plugin. -->","yoast_head_json":{"title":"Cha\u00eene antivol \u00e0 cl\u00e9s - BURG-W\u00c4CHTER","description":"Cha\u00eene carr\u00e9e c\u00e9ment\u00e9e ga\u00een\u00e9e de textile de haute qualit\u00e9 \u00e9paisseur de maillon 6 mm &nbsp; Article Longueur (cm) \u00d8 (mm) 580 90 Colour 90 6 580 90 Black 90","robots":{"index":"index","follow":"follow","max-snippet":"max-snippet:-1","max-image-preview":"max-image-preview:large","max-video-preview":"max-video-preview:-1"},"canonical":"https:\/\/test.burgwaechterservice.de\/fr\/p\/cadenas-et-porte-cadenas\/chaine-antivol-a-cles\/","og_locale":"fr_FR","og_type":"article","og_title":"Cha\u00eene antivol \u00e0 cl\u00e9s","og_description":"Cha\u00eene carr\u00e9e c\u00e9ment\u00e9e ga\u00een\u00e9e de textile de haute qualit\u00e9 \u00e9paisseur de maillon 6 mm &nbsp; Article Longueur (cm) \u00d8 (mm) 580 90 Colour 90 6 580 90 Black 90","og_url":"https:\/\/test.burgwaechterservice.de\/fr\/p\/cadenas-et-porte-cadenas\/chaine-antivol-a-cles\/","og_site_name":"Burg-W\u00e4chter France","article_modified_time":"2018-04-23T14:03:27+00:00","og_image":[{"width":1656,"height":1656,"url":"https:\/\/test.burgwaechterservice.de\/fr\/wp-content\/uploads\/sites\/4\/2016\/07\/Kette_580_90_COLOUR_389003-01.jpg","type":"image\/jpeg"}],"twitter_card":"summary_large_image","schema":{"@context":"https:\/\/schema.org","@graph":[{"@type":"WebPage","@id":"https:\/\/test.burgwaechterservice.de\/fr\/p\/cadenas-et-porte-cadenas\/chaine-antivol-a-cles\/","url":"https:\/\/test.burgwaechterservice.de\/fr\/p\/cadenas-et-porte-cadenas\/chaine-antivol-a-cles\/","name":"Cha\u00eene antivol \u00e0 cl\u00e9s - BURG-W\u00c4CHTER","isPartOf":{"@id":"https:\/\/test.burgwaechterservice.de\/fr\/#website"},"datePublished":"2016-07-13T07:25:31+00:00","dateModified":"2018-04-23T14:03:27+00:00","description":"Cha\u00eene carr\u00e9e c\u00e9ment\u00e9e ga\u00een\u00e9e de textile de haute qualit\u00e9 \u00e9paisseur de maillon 6 mm &nbsp; Article Longueur (cm) \u00d8 (mm) 580 90 Colour 90 6 580 90 Black 90","breadcrumb":{"@id":"https:\/\/test.burgwaechterservice.de\/fr\/p\/cadenas-et-porte-cadenas\/chaine-antivol-a-cles\/#breadcrumb"},"inLanguage":"fr-FR","potentialAction":[{"@type":"ReadAction","target":["https:\/\/test.burgwaechterservice.de\/fr\/p\/cadenas-et-porte-cadenas\/chaine-antivol-a-cles\/"]}]},{"@type":"BreadcrumbList","@id":"https:\/\/test.burgwaechterservice.de\/fr\/p\/cadenas-et-porte-cadenas\/chaine-antivol-a-cles\/#breadcrumb","itemListElement":[{"@type":"ListItem","position":1,"name":"Accueil","item":"https:\/\/test.burgwaechterservice.de\/fr\/"},{"@type":"ListItem","position":2,"name":"Produits","item":"https:\/\/test.burgwaechterservice.de\/fr\/p\/"},{"@type":"ListItem","position":3,"name":"Cha\u00eene antivol \u00e0 cl\u00e9s"}]},{"@type":"WebSite","@id":"https:\/\/test.burgwaechterservice.de\/fr\/#website","url":"https:\/\/test.burgwaechterservice.de\/fr\/","name":"Burg-W\u00e4chter France","description":"Le choix le plus s\u00fbr!","potentialAction":[{"@type":"SearchAction","target":{"@type":"EntryPoint","urlTemplate":"https:\/\/test.burgwaechterservice.de\/fr\/?s={search_term_string}"},"query-input":"required name=search_term_string"}],"inLanguage":"fr-FR"}]}},"_links":{"self":[{"href":"https:\/\/test.burgwaechterservice.de\/fr\/wp-json\/wp\/v2\/product\/31479"}],"collection":[{"href":"https:\/\/test.burgwaechterservice.de\/fr\/wp-json\/wp\/v2\/product"}],"about":[{"href":"https:\/\/test.burgwaechterservice.de\/fr\/wp-json\/wp\/v2\/types\/product"}],"replies":[{"embeddable":true,"href":"https:\/\/test.burgwaechterservice.de\/fr\/wp-json\/wp\/v2\/comments?post=31479"}],"wp:featuredmedia":[{"embeddable":true,"href":"https:\/\/test.burgwaechterservice.de\/fr\/wp-json\/wp\/v2\/media\/32437"}],"wp:attachment":[{"href":"https:\/\/test.burgwaechterservice.de\/fr\/wp-json\/wp\/v2\/media?parent=31479"}],"wp:term":[{"taxonomy":"product_cat","embeddable":true,"href":"https:\/\/test.burgwaechterservice.de\/fr\/wp-json\/wp\/v2\/product_cat?post=31479"},{"taxonomy":"product_tag","embeddable":true,"href":"https:\/\/test.burgwaechterservice.de\/fr\/wp-json\/wp\/v2\/product_tag?post=31479"}],"curies":[{"name":"wp","href":"https:\/\/api.w.org\/{rel}","templated":true}]}}