{"id":31463,"date":"2016-07-12T17:08:45","date_gmt":"2016-07-12T15:08:45","guid":{"rendered":"https:\/\/www.burg.biz\/?post_type=product&#038;p=31463"},"modified":"2018-04-23T16:03:28","modified_gmt":"2018-04-23T14:03:28","slug":"chaine-carree-gkm","status":"publish","type":"product","link":"https:\/\/test.burgwaechterservice.de\/fr\/p\/cadenas-et-porte-cadenas\/chaine-carree-gkm\/","title":{"rendered":"Cha\u00eene carr\u00e9e GKM"},"content":{"rendered":"<p><img decoding=\"async\" class=\"alignnone size-full wp-image-31456\" src=\"https:\/\/test.burgwaechterservice.de\/fr\/wp-content\/uploads\/sites\/4\/2016\/07\/Bike-Hardened.jpg\" alt=\"Bike-Hardened\" width=\"61\" height=\"61\" \/><\/p>\n<h2>Qualit\u00e9 sup\u00e9rieure !<br \/>\nCha\u00eene carr\u00e9e c\u00e9ment\u00e9e<\/h2>\n<ul>\n<li>ga\u00een\u00e9e de textile de haute qualit\u00e9<\/li>\n<li>\u00e9paisseur du maillon 10 mm<\/li>\n<\/ul>\n<p>&nbsp;<\/p>\n<table class=\"ausfuehrung\">\n<thead>\n<tr>\n<td>Article<\/td>\n<td>Longueur (mm)<\/td>\n<td>\u00d8 (mm)<\/td>\n<\/tr>\n<\/thead>\n<tbody>\n<tr>\n<td>GKM 10\/100<\/td>\n<td>100<\/td>\n<td>10<\/td>\n<\/tr>\n<tr>\n<td>GKM 10\/150<\/td>\n<td>150<\/td>\n<td>10<\/td>\n<\/tr>\n<\/tbody>\n<tbody>\n<tr>\n<td>GKM 10\/200<\/td>\n<td>200<\/td>\n<td>10<\/td>\n<\/tr>\n<\/tbody>\n<\/table>\n","protected":false},"excerpt":{"rendered":"<p>Qualit\u00e9 sup\u00e9rieure ! Cha\u00eene carr\u00e9e c\u00e9ment\u00e9e ga\u00een\u00e9e de textile de haute qualit\u00e9 \u00e9paisseur du maillon 10 mm &nbsp; Article Longueur (mm) \u00d8 (mm) GKM 10\/100 100 10 GKM 10\/150 150 10 GKM 10\/200 200 10<\/p>\n","protected":false},"featured_media":32432,"comment_status":"closed","ping_status":"closed","template":"","meta":[],"product_cat":[30,50,3130],"product_tag":[],"yoast_head":"<!-- This site is optimized with the Yoast SEO Premium plugin v18.4 (Yoast SEO v19.13) - https:\/\/yoast.com\/wordpress\/plugins\/seo\/ -->\n<title>Cha\u00eene carr\u00e9e GKM - BURG-W\u00c4CHTER<\/title>\n<meta name=\"description\" content=\"Qualit\u00e9 sup\u00e9rieure ! Cha\u00eene carr\u00e9e c\u00e9ment\u00e9e ga\u00een\u00e9e de textile de haute qualit\u00e9 \u00e9paisseur du maillon 10 mm &nbsp; Article Longueur (mm) \u00d8 (mm) GKM 10\/100\" \/>\n<meta name=\"robots\" content=\"index, follow, max-snippet:-1, max-image-preview:large, max-video-preview:-1\" \/>\n<link rel=\"canonical\" href=\"https:\/\/test.burgwaechterservice.de\/fr\/p\/cadenas-et-porte-cadenas\/chaine-carree-gkm\/\" \/>\n<meta property=\"og:locale\" content=\"fr_FR\" \/>\n<meta property=\"og:type\" content=\"article\" \/>\n<meta property=\"og:title\" content=\"Cha\u00eene carr\u00e9e GKM\" \/>\n<meta property=\"og:description\" content=\"Qualit\u00e9 sup\u00e9rieure ! Cha\u00eene carr\u00e9e c\u00e9ment\u00e9e ga\u00een\u00e9e de textile de haute qualit\u00e9 \u00e9paisseur du maillon 10 mm &nbsp; Article Longueur (mm) \u00d8 (mm) GKM 10\/100\" \/>\n<meta property=\"og:url\" content=\"https:\/\/test.burgwaechterservice.de\/fr\/p\/cadenas-et-porte-cadenas\/chaine-carree-gkm\/\" \/>\n<meta property=\"og:site_name\" content=\"Burg-W\u00e4chter France\" \/>\n<meta property=\"article:modified_time\" content=\"2018-04-23T14:03:28+00:00\" \/>\n<meta property=\"og:image\" content=\"https:\/\/test.burgwaechterservice.de\/fr\/wp-content\/uploads\/sites\/4\/2016\/07\/Kette_GKM-03.jpg\" \/>\n\t<meta property=\"og:image:width\" content=\"1000\" \/>\n\t<meta property=\"og:image:height\" content=\"1000\" \/>\n\t<meta property=\"og:image:type\" content=\"image\/jpeg\" \/>\n<meta name=\"twitter:card\" content=\"summary_large_image\" \/>\n<!-- \/ Yoast SEO Premium plugin. -->","yoast_head_json":{"title":"Cha\u00eene carr\u00e9e GKM - BURG-W\u00c4CHTER","description":"Qualit\u00e9 sup\u00e9rieure ! Cha\u00eene carr\u00e9e c\u00e9ment\u00e9e ga\u00een\u00e9e de textile de haute qualit\u00e9 \u00e9paisseur du maillon 10 mm &nbsp; Article Longueur (mm) \u00d8 (mm) GKM 10\/100","robots":{"index":"index","follow":"follow","max-snippet":"max-snippet:-1","max-image-preview":"max-image-preview:large","max-video-preview":"max-video-preview:-1"},"canonical":"https:\/\/test.burgwaechterservice.de\/fr\/p\/cadenas-et-porte-cadenas\/chaine-carree-gkm\/","og_locale":"fr_FR","og_type":"article","og_title":"Cha\u00eene carr\u00e9e GKM","og_description":"Qualit\u00e9 sup\u00e9rieure ! Cha\u00eene carr\u00e9e c\u00e9ment\u00e9e ga\u00een\u00e9e de textile de haute qualit\u00e9 \u00e9paisseur du maillon 10 mm &nbsp; Article Longueur (mm) \u00d8 (mm) GKM 10\/100","og_url":"https:\/\/test.burgwaechterservice.de\/fr\/p\/cadenas-et-porte-cadenas\/chaine-carree-gkm\/","og_site_name":"Burg-W\u00e4chter France","article_modified_time":"2018-04-23T14:03:28+00:00","og_image":[{"width":1000,"height":1000,"url":"https:\/\/test.burgwaechterservice.de\/fr\/wp-content\/uploads\/sites\/4\/2016\/07\/Kette_GKM-03.jpg","type":"image\/jpeg"}],"twitter_card":"summary_large_image","schema":{"@context":"https:\/\/schema.org","@graph":[{"@type":"WebPage","@id":"https:\/\/test.burgwaechterservice.de\/fr\/p\/cadenas-et-porte-cadenas\/chaine-carree-gkm\/","url":"https:\/\/test.burgwaechterservice.de\/fr\/p\/cadenas-et-porte-cadenas\/chaine-carree-gkm\/","name":"Cha\u00eene carr\u00e9e GKM - BURG-W\u00c4CHTER","isPartOf":{"@id":"https:\/\/test.burgwaechterservice.de\/fr\/#website"},"datePublished":"2016-07-12T15:08:45+00:00","dateModified":"2018-04-23T14:03:28+00:00","description":"Qualit\u00e9 sup\u00e9rieure ! Cha\u00eene carr\u00e9e c\u00e9ment\u00e9e ga\u00een\u00e9e de textile de haute qualit\u00e9 \u00e9paisseur du maillon 10 mm &nbsp; Article Longueur (mm) \u00d8 (mm) GKM 10\/100","breadcrumb":{"@id":"https:\/\/test.burgwaechterservice.de\/fr\/p\/cadenas-et-porte-cadenas\/chaine-carree-gkm\/#breadcrumb"},"inLanguage":"fr-FR","potentialAction":[{"@type":"ReadAction","target":["https:\/\/test.burgwaechterservice.de\/fr\/p\/cadenas-et-porte-cadenas\/chaine-carree-gkm\/"]}]},{"@type":"BreadcrumbList","@id":"https:\/\/test.burgwaechterservice.de\/fr\/p\/cadenas-et-porte-cadenas\/chaine-carree-gkm\/#breadcrumb","itemListElement":[{"@type":"ListItem","position":1,"name":"Accueil","item":"https:\/\/test.burgwaechterservice.de\/fr\/"},{"@type":"ListItem","position":2,"name":"Produits","item":"https:\/\/test.burgwaechterservice.de\/fr\/p\/"},{"@type":"ListItem","position":3,"name":"Cha\u00eene carr\u00e9e GKM"}]},{"@type":"WebSite","@id":"https:\/\/test.burgwaechterservice.de\/fr\/#website","url":"https:\/\/test.burgwaechterservice.de\/fr\/","name":"Burg-W\u00e4chter France","description":"Le choix le plus s\u00fbr!","potentialAction":[{"@type":"SearchAction","target":{"@type":"EntryPoint","urlTemplate":"https:\/\/test.burgwaechterservice.de\/fr\/?s={search_term_string}"},"query-input":"required name=search_term_string"}],"inLanguage":"fr-FR"}]}},"_links":{"self":[{"href":"https:\/\/test.burgwaechterservice.de\/fr\/wp-json\/wp\/v2\/product\/31463"}],"collection":[{"href":"https:\/\/test.burgwaechterservice.de\/fr\/wp-json\/wp\/v2\/product"}],"about":[{"href":"https:\/\/test.burgwaechterservice.de\/fr\/wp-json\/wp\/v2\/types\/product"}],"replies":[{"embeddable":true,"href":"https:\/\/test.burgwaechterservice.de\/fr\/wp-json\/wp\/v2\/comments?post=31463"}],"wp:featuredmedia":[{"embeddable":true,"href":"https:\/\/test.burgwaechterservice.de\/fr\/wp-json\/wp\/v2\/media\/32432"}],"wp:attachment":[{"href":"https:\/\/test.burgwaechterservice.de\/fr\/wp-json\/wp\/v2\/media?parent=31463"}],"wp:term":[{"taxonomy":"product_cat","embeddable":true,"href":"https:\/\/test.burgwaechterservice.de\/fr\/wp-json\/wp\/v2\/product_cat?post=31463"},{"taxonomy":"product_tag","embeddable":true,"href":"https:\/\/test.burgwaechterservice.de\/fr\/wp-json\/wp\/v2\/product_tag?post=31463"}],"curies":[{"name":"wp","href":"https:\/\/api.w.org\/{rel}","templated":true}]}}