{"id":31442,"date":"2016-07-12T15:32:10","date_gmt":"2016-07-12T13:32:10","guid":{"rendered":"https:\/\/www.burg.biz\/?post_type=product&#038;p=31442"},"modified":"2021-08-26T10:15:02","modified_gmt":"2021-08-26T08:15:02","slug":"verrous-de-securite-ni","status":"publish","type":"product","link":"https:\/\/test.burgwaechterservice.de\/fr\/p\/cadenas-et-porte-cadenas\/verrous-de-securite-ni\/","title":{"rendered":"Verrous de s\u00e9curit\u00e9 Ni"},"content":{"rendered":"<p><img decoding=\"async\" class=\"alignnone size-full wp-image-31440\" src=\"https:\/\/test.burgwaechterservice.de\/wp-content\/uploads\/2016\/07\/piktoreihe_panzer-\u00fcberfallen-2.jpg\" alt=\"Aufbohrschutz\" width=\"278\" height=\"60\" srcset=\"https:\/\/test.burgwaechterservice.de\/fr\/wp-content\/uploads\/sites\/4\/2016\/07\/piktoreihe_panzer-\u00fcberfallen-2.jpg 278w, https:\/\/test.burgwaechterservice.de\/fr\/wp-content\/uploads\/sites\/4\/2016\/07\/piktoreihe_panzer-\u00fcberfallen-2-272x60.jpg 272w\" sizes=\"(max-width: 278px) 100vw, 278px\" \/><\/p>\n<h2>Verrous de s\u00e9curit\u00e9 Ni<\/h2>\n<ul>\n<li>acier inoxydable<\/li>\n<li>aucune vis apparente<\/li>\n<li>livr\u00e9 avec vis<\/li>\n<\/ul>\n<p>&nbsp;<\/p>\n<table class=\"ausfuehrung\">\n<thead>\n<tr>\n<td>Article<\/td>\n<td>Longueur (mm)<\/td>\n<td>Largeur (mm)<\/td>\n<td>\u00d8 (mm)<\/td>\n<\/tr>\n<\/thead>\n<tbody>\n<tr>\n<td>R 60 Ni SB<\/td>\n<td>60<\/td>\n<td>23<\/td>\n<td>4,5<\/td>\n<\/tr>\n<tr>\n<td>R 80 Ni SB<\/td>\n<td>80<\/td>\n<td>32,5<\/td>\n<td>8<\/td>\n<\/tr>\n<\/tbody>\n<tbody>\n<tr>\n<td>R 100 Ni SB<\/td>\n<td>100<\/td>\n<td>39<\/td>\n<td>10<\/td>\n<\/tr>\n<\/tbody>\n<\/table>\n","protected":false},"excerpt":{"rendered":"<p>Verrous de s\u00e9curit\u00e9 Ni acier inoxydable aucune vis apparente livr\u00e9 avec vis &nbsp; Article Longueur (mm) Largeur (mm) \u00d8 (mm) R 60 Ni SB 60 23 4,5 R 80 Ni SB 80 32,5 8 R 100 Ni SB 100 39 &hellip; <a class=\"kt-excerpt-readmore\" href=\"https:\/\/test.burgwaechterservice.de\/fr\/p\/cadenas-et-porte-cadenas\/verrous-de-securite-ni\/\" aria-label=\"Verrous de s\u00e9curit\u00e9 Ni\">Lire la suite<\/a><\/p>\n","protected":false},"featured_media":545180,"comment_status":"closed","ping_status":"closed","template":"","meta":[],"product_cat":[30,38],"product_tag":[],"yoast_head":"<!-- This site is optimized with the Yoast SEO Premium plugin v18.4 (Yoast SEO v19.13) - https:\/\/yoast.com\/wordpress\/plugins\/seo\/ -->\n<title>Verrous de s\u00e9curit\u00e9 Ni - BURG-W\u00c4CHTER<\/title>\n<meta name=\"description\" content=\"Verrous de s\u00e9curit\u00e9 Ni acier inoxydable aucune vis apparente livr\u00e9 avec vis &nbsp; Article Longueur (mm) Largeur (mm) \u00d8 (mm) R 60 Ni SB 60 23 4,5 R 80 Ni\" \/>\n<meta name=\"robots\" content=\"index, follow, max-snippet:-1, max-image-preview:large, max-video-preview:-1\" \/>\n<link rel=\"canonical\" href=\"https:\/\/test.burgwaechterservice.de\/fr\/p\/cadenas-et-porte-cadenas\/verrous-de-securite-ni\/\" \/>\n<meta property=\"og:locale\" content=\"fr_FR\" \/>\n<meta property=\"og:type\" content=\"article\" \/>\n<meta property=\"og:title\" content=\"Verrous de s\u00e9curit\u00e9 Ni\" \/>\n<meta property=\"og:description\" content=\"Verrous de s\u00e9curit\u00e9 Ni acier inoxydable aucune vis apparente livr\u00e9 avec vis &nbsp; Article Longueur (mm) Largeur (mm) \u00d8 (mm) R 60 Ni SB 60 23 4,5 R 80 Ni\" \/>\n<meta property=\"og:url\" content=\"https:\/\/test.burgwaechterservice.de\/fr\/p\/cadenas-et-porte-cadenas\/verrous-de-securite-ni\/\" \/>\n<meta property=\"og:site_name\" content=\"Burg-W\u00e4chter France\" \/>\n<meta property=\"article:modified_time\" content=\"2021-08-26T08:15:02+00:00\" \/>\n<meta property=\"og:image\" content=\"https:\/\/test.burgwaechterservice.de\/fr\/wp-content\/uploads\/sites\/4\/2016\/07\/BW_SCHLOSS_RIEGEL_R-100-NI_4003482237915_PRODUKTBILD.jpg\" \/>\n\t<meta property=\"og:image:width\" content=\"1000\" \/>\n\t<meta property=\"og:image:height\" content=\"1000\" \/>\n\t<meta property=\"og:image:type\" content=\"image\/jpeg\" \/>\n<meta name=\"twitter:card\" content=\"summary_large_image\" \/>\n<!-- \/ Yoast SEO Premium plugin. -->","yoast_head_json":{"title":"Verrous de s\u00e9curit\u00e9 Ni - BURG-W\u00c4CHTER","description":"Verrous de s\u00e9curit\u00e9 Ni acier inoxydable aucune vis apparente livr\u00e9 avec vis &nbsp; Article Longueur (mm) Largeur (mm) \u00d8 (mm) R 60 Ni SB 60 23 4,5 R 80 Ni","robots":{"index":"index","follow":"follow","max-snippet":"max-snippet:-1","max-image-preview":"max-image-preview:large","max-video-preview":"max-video-preview:-1"},"canonical":"https:\/\/test.burgwaechterservice.de\/fr\/p\/cadenas-et-porte-cadenas\/verrous-de-securite-ni\/","og_locale":"fr_FR","og_type":"article","og_title":"Verrous de s\u00e9curit\u00e9 Ni","og_description":"Verrous de s\u00e9curit\u00e9 Ni acier inoxydable aucune vis apparente livr\u00e9 avec vis &nbsp; Article Longueur (mm) Largeur (mm) \u00d8 (mm) R 60 Ni SB 60 23 4,5 R 80 Ni","og_url":"https:\/\/test.burgwaechterservice.de\/fr\/p\/cadenas-et-porte-cadenas\/verrous-de-securite-ni\/","og_site_name":"Burg-W\u00e4chter France","article_modified_time":"2021-08-26T08:15:02+00:00","og_image":[{"width":1000,"height":1000,"url":"https:\/\/test.burgwaechterservice.de\/fr\/wp-content\/uploads\/sites\/4\/2016\/07\/BW_SCHLOSS_RIEGEL_R-100-NI_4003482237915_PRODUKTBILD.jpg","type":"image\/jpeg"}],"twitter_card":"summary_large_image","schema":{"@context":"https:\/\/schema.org","@graph":[{"@type":"WebPage","@id":"https:\/\/test.burgwaechterservice.de\/fr\/p\/cadenas-et-porte-cadenas\/verrous-de-securite-ni\/","url":"https:\/\/test.burgwaechterservice.de\/fr\/p\/cadenas-et-porte-cadenas\/verrous-de-securite-ni\/","name":"Verrous de s\u00e9curit\u00e9 Ni - BURG-W\u00c4CHTER","isPartOf":{"@id":"https:\/\/test.burgwaechterservice.de\/fr\/#website"},"datePublished":"2016-07-12T13:32:10+00:00","dateModified":"2021-08-26T08:15:02+00:00","description":"Verrous de s\u00e9curit\u00e9 Ni acier inoxydable aucune vis apparente livr\u00e9 avec vis &nbsp; Article Longueur (mm) Largeur (mm) \u00d8 (mm) R 60 Ni SB 60 23 4,5 R 80 Ni","breadcrumb":{"@id":"https:\/\/test.burgwaechterservice.de\/fr\/p\/cadenas-et-porte-cadenas\/verrous-de-securite-ni\/#breadcrumb"},"inLanguage":"fr-FR","potentialAction":[{"@type":"ReadAction","target":["https:\/\/test.burgwaechterservice.de\/fr\/p\/cadenas-et-porte-cadenas\/verrous-de-securite-ni\/"]}]},{"@type":"BreadcrumbList","@id":"https:\/\/test.burgwaechterservice.de\/fr\/p\/cadenas-et-porte-cadenas\/verrous-de-securite-ni\/#breadcrumb","itemListElement":[{"@type":"ListItem","position":1,"name":"Accueil","item":"https:\/\/test.burgwaechterservice.de\/fr\/"},{"@type":"ListItem","position":2,"name":"Produits","item":"https:\/\/test.burgwaechterservice.de\/fr\/p\/"},{"@type":"ListItem","position":3,"name":"Verrous de s\u00e9curit\u00e9 Ni"}]},{"@type":"WebSite","@id":"https:\/\/test.burgwaechterservice.de\/fr\/#website","url":"https:\/\/test.burgwaechterservice.de\/fr\/","name":"Burg-W\u00e4chter France","description":"Le choix le plus s\u00fbr!","potentialAction":[{"@type":"SearchAction","target":{"@type":"EntryPoint","urlTemplate":"https:\/\/test.burgwaechterservice.de\/fr\/?s={search_term_string}"},"query-input":"required name=search_term_string"}],"inLanguage":"fr-FR"}]}},"_links":{"self":[{"href":"https:\/\/test.burgwaechterservice.de\/fr\/wp-json\/wp\/v2\/product\/31442"}],"collection":[{"href":"https:\/\/test.burgwaechterservice.de\/fr\/wp-json\/wp\/v2\/product"}],"about":[{"href":"https:\/\/test.burgwaechterservice.de\/fr\/wp-json\/wp\/v2\/types\/product"}],"replies":[{"embeddable":true,"href":"https:\/\/test.burgwaechterservice.de\/fr\/wp-json\/wp\/v2\/comments?post=31442"}],"wp:featuredmedia":[{"embeddable":true,"href":"https:\/\/test.burgwaechterservice.de\/fr\/wp-json\/wp\/v2\/media\/545180"}],"wp:attachment":[{"href":"https:\/\/test.burgwaechterservice.de\/fr\/wp-json\/wp\/v2\/media?parent=31442"}],"wp:term":[{"taxonomy":"product_cat","embeddable":true,"href":"https:\/\/test.burgwaechterservice.de\/fr\/wp-json\/wp\/v2\/product_cat?post=31442"},{"taxonomy":"product_tag","embeddable":true,"href":"https:\/\/test.burgwaechterservice.de\/fr\/wp-json\/wp\/v2\/product_tag?post=31442"}],"curies":[{"name":"wp","href":"https:\/\/api.w.org\/{rel}","templated":true}]}}