{"id":31436,"date":"2016-07-12T15:15:43","date_gmt":"2016-07-12T13:15:43","guid":{"rendered":"https:\/\/www.burg.biz\/?post_type=product&#038;p=31436"},"modified":"2017-04-24T13:15:12","modified_gmt":"2017-04-24T11:15:12","slug":"porte-cadenas-blindes-ni","status":"publish","type":"product","link":"https:\/\/test.burgwaechterservice.de\/fr\/p\/cadenas-et-porte-cadenas\/porte-cadenas-blindes-ni\/","title":{"rendered":"Porte-cadenas blind\u00e9s Ni"},"content":{"rendered":"<p><img decoding=\"async\" class=\"alignnone size-full wp-image-31440\" src=\"https:\/\/test.burgwaechterservice.de\/wp-content\/uploads\/2016\/07\/piktoreihe_panzer-\u00fcberfallen-2.jpg\" alt=\"Aufbohrschutz\" width=\"278\" height=\"60\" srcset=\"https:\/\/test.burgwaechterservice.de\/fr\/wp-content\/uploads\/sites\/4\/2016\/07\/piktoreihe_panzer-\u00fcberfallen-2.jpg 278w, https:\/\/test.burgwaechterservice.de\/fr\/wp-content\/uploads\/sites\/4\/2016\/07\/piktoreihe_panzer-\u00fcberfallen-2-272x60.jpg 272w\" sizes=\"(max-width: 278px) 100vw, 278px\" \/><\/p>\n<h2>Porte-cadenas blind\u00e9s Ni<\/h2>\n<ul>\n<li>acier inoxydable<\/li>\n<li>aucune vis apparente<\/li>\n<li>livr\u00e9 avec vis<\/li>\n<\/ul>\n<p>&nbsp;<\/p>\n<table class=\"ausfuehrung\">\n<thead>\n<tr>\n<td>Article<\/td>\n<td>Longueur (mm)<\/td>\n<td>Largeur (mm)<\/td>\n<td>\u00d8 (mm)<\/td>\n<\/tr>\n<\/thead>\n<tbody>\n<tr>\n<td>PCC 80 Ni SB<\/td>\n<td>80<\/td>\n<td>32<\/td>\n<td>8<\/td>\n<\/tr>\n<tr>\n<td>PMG 80 Ni SB<\/td>\n<td>118<\/td>\n<td>32<\/td>\n<td>8<\/td>\n<\/tr>\n<\/tbody>\n<\/table>\n","protected":false},"excerpt":{"rendered":"<p>Porte-cadenas blind\u00e9s Ni acier inoxydable aucune vis apparente livr\u00e9 avec vis &nbsp; Article Longueur (mm) Largeur (mm) \u00d8 (mm) PCC 80 Ni SB 80 32 8 PMG 80 Ni SB 118 32 8<\/p>\n","protected":false},"featured_media":32428,"comment_status":"closed","ping_status":"closed","template":"","meta":[],"product_cat":[30,38],"product_tag":[],"yoast_head":"<!-- This site is optimized with the Yoast SEO Premium plugin v18.4 (Yoast SEO v19.13) - https:\/\/yoast.com\/wordpress\/plugins\/seo\/ -->\n<title>Porte-cadenas blind\u00e9s Ni - BURG-W\u00c4CHTER<\/title>\n<meta name=\"description\" content=\"Porte-cadenas blind\u00e9s Ni acier inoxydable aucune vis apparente livr\u00e9 avec vis &nbsp; Article Longueur (mm) Largeur (mm) \u00d8 (mm) PCC 80 Ni SB 80 32 8 PMG 80\" \/>\n<meta name=\"robots\" content=\"index, follow, max-snippet:-1, max-image-preview:large, max-video-preview:-1\" \/>\n<link rel=\"canonical\" href=\"https:\/\/test.burgwaechterservice.de\/fr\/p\/cadenas-et-porte-cadenas\/porte-cadenas-blindes-ni\/\" \/>\n<meta property=\"og:locale\" content=\"fr_FR\" \/>\n<meta property=\"og:type\" content=\"article\" \/>\n<meta property=\"og:title\" content=\"Porte-cadenas blind\u00e9s Ni\" \/>\n<meta property=\"og:description\" content=\"Porte-cadenas blind\u00e9s Ni acier inoxydable aucune vis apparente livr\u00e9 avec vis &nbsp; Article Longueur (mm) Largeur (mm) \u00d8 (mm) PCC 80 Ni SB 80 32 8 PMG 80\" \/>\n<meta property=\"og:url\" content=\"https:\/\/test.burgwaechterservice.de\/fr\/p\/cadenas-et-porte-cadenas\/porte-cadenas-blindes-ni\/\" \/>\n<meta property=\"og:site_name\" content=\"Burg-W\u00e4chter France\" \/>\n<meta property=\"article:modified_time\" content=\"2017-04-24T11:15:12+00:00\" \/>\n<meta property=\"og:image\" content=\"https:\/\/test.burgwaechterservice.de\/fr\/wp-content\/uploads\/sites\/4\/2016\/07\/Edelstahl_Panzer_\u00dcberfalle_Ni_PCC_80_SB_238011-01-1.jpg\" \/>\n\t<meta property=\"og:image:width\" content=\"1576\" \/>\n\t<meta property=\"og:image:height\" content=\"1576\" \/>\n\t<meta property=\"og:image:type\" content=\"image\/jpeg\" \/>\n<meta name=\"twitter:card\" content=\"summary_large_image\" \/>\n<!-- \/ Yoast SEO Premium plugin. -->","yoast_head_json":{"title":"Porte-cadenas blind\u00e9s Ni - BURG-W\u00c4CHTER","description":"Porte-cadenas blind\u00e9s Ni acier inoxydable aucune vis apparente livr\u00e9 avec vis &nbsp; Article Longueur (mm) Largeur (mm) \u00d8 (mm) PCC 80 Ni SB 80 32 8 PMG 80","robots":{"index":"index","follow":"follow","max-snippet":"max-snippet:-1","max-image-preview":"max-image-preview:large","max-video-preview":"max-video-preview:-1"},"canonical":"https:\/\/test.burgwaechterservice.de\/fr\/p\/cadenas-et-porte-cadenas\/porte-cadenas-blindes-ni\/","og_locale":"fr_FR","og_type":"article","og_title":"Porte-cadenas blind\u00e9s Ni","og_description":"Porte-cadenas blind\u00e9s Ni acier inoxydable aucune vis apparente livr\u00e9 avec vis &nbsp; Article Longueur (mm) Largeur (mm) \u00d8 (mm) PCC 80 Ni SB 80 32 8 PMG 80","og_url":"https:\/\/test.burgwaechterservice.de\/fr\/p\/cadenas-et-porte-cadenas\/porte-cadenas-blindes-ni\/","og_site_name":"Burg-W\u00e4chter France","article_modified_time":"2017-04-24T11:15:12+00:00","og_image":[{"width":1576,"height":1576,"url":"https:\/\/test.burgwaechterservice.de\/fr\/wp-content\/uploads\/sites\/4\/2016\/07\/Edelstahl_Panzer_\u00dcberfalle_Ni_PCC_80_SB_238011-01-1.jpg","type":"image\/jpeg"}],"twitter_card":"summary_large_image","schema":{"@context":"https:\/\/schema.org","@graph":[{"@type":"WebPage","@id":"https:\/\/test.burgwaechterservice.de\/fr\/p\/cadenas-et-porte-cadenas\/porte-cadenas-blindes-ni\/","url":"https:\/\/test.burgwaechterservice.de\/fr\/p\/cadenas-et-porte-cadenas\/porte-cadenas-blindes-ni\/","name":"Porte-cadenas blind\u00e9s Ni - BURG-W\u00c4CHTER","isPartOf":{"@id":"https:\/\/test.burgwaechterservice.de\/fr\/#website"},"datePublished":"2016-07-12T13:15:43+00:00","dateModified":"2017-04-24T11:15:12+00:00","description":"Porte-cadenas blind\u00e9s Ni acier inoxydable aucune vis apparente livr\u00e9 avec vis &nbsp; Article Longueur (mm) Largeur (mm) \u00d8 (mm) PCC 80 Ni SB 80 32 8 PMG 80","breadcrumb":{"@id":"https:\/\/test.burgwaechterservice.de\/fr\/p\/cadenas-et-porte-cadenas\/porte-cadenas-blindes-ni\/#breadcrumb"},"inLanguage":"fr-FR","potentialAction":[{"@type":"ReadAction","target":["https:\/\/test.burgwaechterservice.de\/fr\/p\/cadenas-et-porte-cadenas\/porte-cadenas-blindes-ni\/"]}]},{"@type":"BreadcrumbList","@id":"https:\/\/test.burgwaechterservice.de\/fr\/p\/cadenas-et-porte-cadenas\/porte-cadenas-blindes-ni\/#breadcrumb","itemListElement":[{"@type":"ListItem","position":1,"name":"Accueil","item":"https:\/\/test.burgwaechterservice.de\/fr\/"},{"@type":"ListItem","position":2,"name":"Produits","item":"https:\/\/test.burgwaechterservice.de\/fr\/p\/"},{"@type":"ListItem","position":3,"name":"Porte-cadenas blind\u00e9s Ni"}]},{"@type":"WebSite","@id":"https:\/\/test.burgwaechterservice.de\/fr\/#website","url":"https:\/\/test.burgwaechterservice.de\/fr\/","name":"Burg-W\u00e4chter France","description":"Le choix le plus s\u00fbr!","potentialAction":[{"@type":"SearchAction","target":{"@type":"EntryPoint","urlTemplate":"https:\/\/test.burgwaechterservice.de\/fr\/?s={search_term_string}"},"query-input":"required name=search_term_string"}],"inLanguage":"fr-FR"}]}},"_links":{"self":[{"href":"https:\/\/test.burgwaechterservice.de\/fr\/wp-json\/wp\/v2\/product\/31436"}],"collection":[{"href":"https:\/\/test.burgwaechterservice.de\/fr\/wp-json\/wp\/v2\/product"}],"about":[{"href":"https:\/\/test.burgwaechterservice.de\/fr\/wp-json\/wp\/v2\/types\/product"}],"replies":[{"embeddable":true,"href":"https:\/\/test.burgwaechterservice.de\/fr\/wp-json\/wp\/v2\/comments?post=31436"}],"wp:featuredmedia":[{"embeddable":true,"href":"https:\/\/test.burgwaechterservice.de\/fr\/wp-json\/wp\/v2\/media\/32428"}],"wp:attachment":[{"href":"https:\/\/test.burgwaechterservice.de\/fr\/wp-json\/wp\/v2\/media?parent=31436"}],"wp:term":[{"taxonomy":"product_cat","embeddable":true,"href":"https:\/\/test.burgwaechterservice.de\/fr\/wp-json\/wp\/v2\/product_cat?post=31436"},{"taxonomy":"product_tag","embeddable":true,"href":"https:\/\/test.burgwaechterservice.de\/fr\/wp-json\/wp\/v2\/product_tag?post=31436"}],"curies":[{"name":"wp","href":"https:\/\/api.w.org\/{rel}","templated":true}]}}