{"id":31412,"date":"2016-07-12T12:38:55","date_gmt":"2016-07-12T10:38:55","guid":{"rendered":"https:\/\/www.burg.biz\/?post_type=product&#038;p=31412"},"modified":"2021-08-19T08:52:24","modified_gmt":"2021-08-19T06:52:24","slug":"panzer-riegel","status":"publish","type":"product","link":"https:\/\/test.burgwaechterservice.de\/fr\/p\/cadenas-et-porte-cadenas\/panzer-riegel\/","title":{"rendered":"Verrous de s\u00e9curit\u00e9"},"content":{"rendered":"<p><img decoding=\"async\" class=\"alignnone size-full wp-image-31420\" src=\"https:\/\/test.burgwaechterservice.de\/wp-content\/uploads\/2016\/07\/piktoreihe_panzer-riegel.jpg\" alt=\"Aufbohrschutz\" width=\"137\" height=\"60\" \/><\/p>\n<h2>Verrous de s\u00e9curit\u00e9<\/h2>\n<ul>\n<li>Galvanis\u00e9s<\/li>\n<li>aucune vis apparente<\/li>\n<\/ul>\n<p>&nbsp;<\/p>\n<table class=\"ausfuehrung\">\n<thead>\n<tr>\n<td>Article<\/td>\n<td>Longueur (mm)<\/td>\n<td>Largeur (mm)<\/td>\n<td>\u00d8 (mm)<\/td>\n<\/tr>\n<\/thead>\n<tbody>\n<tr>\n<td>R 100<\/td>\n<td>100<\/td>\n<td>39<\/td>\n<td>9<\/td>\n<\/tr>\n<tr>\n<td>R 120<\/td>\n<td>120<\/td>\n<td>47<\/td>\n<td>10<\/td>\n<\/tr>\n<tr>\n<td>R 140 (Mod\u00e8le abandonn\u00e9)<\/td>\n<td>140<\/td>\n<td>54<\/td>\n<td>13<\/td>\n<\/tr>\n<\/tbody>\n<\/table>\n","protected":false},"excerpt":{"rendered":"<p>Verrous de s\u00e9curit\u00e9 Galvanis\u00e9s aucune vis apparente &nbsp; Article Longueur (mm) Largeur (mm) \u00d8 (mm) R 100 100 39 9 R 120 120 47 10 R 140 (Mod\u00e8le abandonn\u00e9) 140 54 13<\/p>\n","protected":false},"featured_media":32425,"comment_status":"closed","ping_status":"closed","template":"","meta":[],"product_cat":[30,38],"product_tag":[],"yoast_head":"<!-- This site is optimized with the Yoast SEO Premium plugin v18.4 (Yoast SEO v19.13) - https:\/\/yoast.com\/wordpress\/plugins\/seo\/ -->\n<title>Verrous de s\u00e9curit\u00e9 - BURG-W\u00c4CHTER<\/title>\n<meta name=\"description\" content=\"Verrous de s\u00e9curit\u00e9 Galvanis\u00e9s aucune vis apparente &nbsp; Article Longueur (mm) Largeur (mm) \u00d8 (mm) R 100 100 39 9 R 120 120 47 10 R 140 (Mod\u00e8le\" \/>\n<meta name=\"robots\" content=\"index, follow, max-snippet:-1, max-image-preview:large, max-video-preview:-1\" \/>\n<link rel=\"canonical\" href=\"https:\/\/test.burgwaechterservice.de\/fr\/p\/cadenas-et-porte-cadenas\/panzer-riegel\/\" \/>\n<meta property=\"og:locale\" content=\"fr_FR\" \/>\n<meta property=\"og:type\" content=\"article\" \/>\n<meta property=\"og:title\" content=\"Verrous de s\u00e9curit\u00e9\" \/>\n<meta property=\"og:description\" content=\"Verrous de s\u00e9curit\u00e9 Galvanis\u00e9s aucune vis apparente &nbsp; Article Longueur (mm) Largeur (mm) \u00d8 (mm) R 100 100 39 9 R 120 120 47 10 R 140 (Mod\u00e8le\" \/>\n<meta property=\"og:url\" content=\"https:\/\/test.burgwaechterservice.de\/fr\/p\/cadenas-et-porte-cadenas\/panzer-riegel\/\" \/>\n<meta property=\"og:site_name\" content=\"Burg-W\u00e4chter France\" \/>\n<meta property=\"article:modified_time\" content=\"2021-08-19T06:52:24+00:00\" \/>\n<meta property=\"og:image\" content=\"https:\/\/test.burgwaechterservice.de\/fr\/wp-content\/uploads\/sites\/4\/2016\/07\/Panzer_Rigel_R_100_022306-01.jpg\" \/>\n\t<meta property=\"og:image:width\" content=\"1000\" \/>\n\t<meta property=\"og:image:height\" content=\"1000\" \/>\n\t<meta property=\"og:image:type\" content=\"image\/jpeg\" \/>\n<meta name=\"twitter:card\" content=\"summary_large_image\" \/>\n<meta name=\"twitter:label1\" content=\"Dur\u00e9e de lecture estim\u00e9e\" \/>\n\t<meta name=\"twitter:data1\" content=\"1 minute\" \/>\n<!-- \/ Yoast SEO Premium plugin. -->","yoast_head_json":{"title":"Verrous de s\u00e9curit\u00e9 - BURG-W\u00c4CHTER","description":"Verrous de s\u00e9curit\u00e9 Galvanis\u00e9s aucune vis apparente &nbsp; Article Longueur (mm) Largeur (mm) \u00d8 (mm) R 100 100 39 9 R 120 120 47 10 R 140 (Mod\u00e8le","robots":{"index":"index","follow":"follow","max-snippet":"max-snippet:-1","max-image-preview":"max-image-preview:large","max-video-preview":"max-video-preview:-1"},"canonical":"https:\/\/test.burgwaechterservice.de\/fr\/p\/cadenas-et-porte-cadenas\/panzer-riegel\/","og_locale":"fr_FR","og_type":"article","og_title":"Verrous de s\u00e9curit\u00e9","og_description":"Verrous de s\u00e9curit\u00e9 Galvanis\u00e9s aucune vis apparente &nbsp; Article Longueur (mm) Largeur (mm) \u00d8 (mm) R 100 100 39 9 R 120 120 47 10 R 140 (Mod\u00e8le","og_url":"https:\/\/test.burgwaechterservice.de\/fr\/p\/cadenas-et-porte-cadenas\/panzer-riegel\/","og_site_name":"Burg-W\u00e4chter France","article_modified_time":"2021-08-19T06:52:24+00:00","og_image":[{"width":1000,"height":1000,"url":"https:\/\/test.burgwaechterservice.de\/fr\/wp-content\/uploads\/sites\/4\/2016\/07\/Panzer_Rigel_R_100_022306-01.jpg","type":"image\/jpeg"}],"twitter_card":"summary_large_image","twitter_misc":{"Dur\u00e9e de lecture estim\u00e9e":"1 minute"},"schema":{"@context":"https:\/\/schema.org","@graph":[{"@type":"WebPage","@id":"https:\/\/test.burgwaechterservice.de\/fr\/p\/cadenas-et-porte-cadenas\/panzer-riegel\/","url":"https:\/\/test.burgwaechterservice.de\/fr\/p\/cadenas-et-porte-cadenas\/panzer-riegel\/","name":"Verrous de s\u00e9curit\u00e9 - BURG-W\u00c4CHTER","isPartOf":{"@id":"https:\/\/test.burgwaechterservice.de\/fr\/#website"},"datePublished":"2016-07-12T10:38:55+00:00","dateModified":"2021-08-19T06:52:24+00:00","description":"Verrous de s\u00e9curit\u00e9 Galvanis\u00e9s aucune vis apparente &nbsp; Article Longueur (mm) Largeur (mm) \u00d8 (mm) R 100 100 39 9 R 120 120 47 10 R 140 (Mod\u00e8le","breadcrumb":{"@id":"https:\/\/test.burgwaechterservice.de\/fr\/p\/cadenas-et-porte-cadenas\/panzer-riegel\/#breadcrumb"},"inLanguage":"fr-FR","potentialAction":[{"@type":"ReadAction","target":["https:\/\/test.burgwaechterservice.de\/fr\/p\/cadenas-et-porte-cadenas\/panzer-riegel\/"]}]},{"@type":"BreadcrumbList","@id":"https:\/\/test.burgwaechterservice.de\/fr\/p\/cadenas-et-porte-cadenas\/panzer-riegel\/#breadcrumb","itemListElement":[{"@type":"ListItem","position":1,"name":"Accueil","item":"https:\/\/test.burgwaechterservice.de\/fr\/"},{"@type":"ListItem","position":2,"name":"Produits","item":"https:\/\/test.burgwaechterservice.de\/fr\/p\/"},{"@type":"ListItem","position":3,"name":"Verrous de s\u00e9curit\u00e9"}]},{"@type":"WebSite","@id":"https:\/\/test.burgwaechterservice.de\/fr\/#website","url":"https:\/\/test.burgwaechterservice.de\/fr\/","name":"Burg-W\u00e4chter France","description":"Le choix le plus s\u00fbr!","potentialAction":[{"@type":"SearchAction","target":{"@type":"EntryPoint","urlTemplate":"https:\/\/test.burgwaechterservice.de\/fr\/?s={search_term_string}"},"query-input":"required name=search_term_string"}],"inLanguage":"fr-FR"}]}},"_links":{"self":[{"href":"https:\/\/test.burgwaechterservice.de\/fr\/wp-json\/wp\/v2\/product\/31412"}],"collection":[{"href":"https:\/\/test.burgwaechterservice.de\/fr\/wp-json\/wp\/v2\/product"}],"about":[{"href":"https:\/\/test.burgwaechterservice.de\/fr\/wp-json\/wp\/v2\/types\/product"}],"replies":[{"embeddable":true,"href":"https:\/\/test.burgwaechterservice.de\/fr\/wp-json\/wp\/v2\/comments?post=31412"}],"wp:featuredmedia":[{"embeddable":true,"href":"https:\/\/test.burgwaechterservice.de\/fr\/wp-json\/wp\/v2\/media\/32425"}],"wp:attachment":[{"href":"https:\/\/test.burgwaechterservice.de\/fr\/wp-json\/wp\/v2\/media?parent=31412"}],"wp:term":[{"taxonomy":"product_cat","embeddable":true,"href":"https:\/\/test.burgwaechterservice.de\/fr\/wp-json\/wp\/v2\/product_cat?post=31412"},{"taxonomy":"product_tag","embeddable":true,"href":"https:\/\/test.burgwaechterservice.de\/fr\/wp-json\/wp\/v2\/product_tag?post=31412"}],"curies":[{"name":"wp","href":"https:\/\/api.w.org\/{rel}","templated":true}]}}