{"id":31366,"date":"2016-07-12T12:22:51","date_gmt":"2016-07-12T10:22:51","guid":{"rendered":"https:\/\/www.burg.biz\/?post_type=product&#038;p=31366"},"modified":"2021-08-12T14:37:31","modified_gmt":"2021-08-12T12:37:31","slug":"porte-cadenas-blindes","status":"publish","type":"product","link":"https:\/\/test.burgwaechterservice.de\/fr\/p\/cadenas-et-porte-cadenas\/porte-cadenas-blindes\/","title":{"rendered":"Porte-cadenas blind\u00e9s"},"content":{"rendered":"<p><img decoding=\"async\" class=\"alignnone size-full wp-image-31411\" src=\"https:\/\/test.burgwaechterservice.de\/wp-content\/uploads\/2016\/07\/piktoreihe_panzer-\u00fcberfallen.jpg\" alt=\"Aufbohrschutz\" width=\"215\" height=\"60\" \/><\/p>\n<h2>Porte-cadenas blind\u00e9s<\/h2>\n<ul>\n<li>Galvanis\u00e9s<\/li>\n<li>aucune vis apparente<\/li>\n<\/ul>\n<p><strong>PC:<\/strong> ex\u00e9cution standard<br \/>\n<strong>PMG:<\/strong> avec charni\u00e8re<br \/>\n<strong>PK:<\/strong> ex\u00e9cution solide avec 1 double charni\u00e8re<br \/>\n<strong>PL:<\/strong> ex\u00e9cution solide avec 2 double charni\u00e8res<\/p>\n<p>&nbsp;<\/p>\n<table class=\"ausfuehrung\" style=\"height: 287px;\" width=\"205\">\n<thead>\n<tr>\n<td>Article<\/td>\n<td>Longueur (mm)<\/td>\n<td>Largeur (mm)<\/td>\n<td>\u00d8 (mm)<\/td>\n<\/tr>\n<\/thead>\n<tbody>\n<tr>\n<td>PC 80<\/td>\n<td>80<\/td>\n<td>31<\/td>\n<td>\u00a08<\/td>\n<\/tr>\n<tr>\n<td>PC80 SB<\/td>\n<td>80<\/td>\n<td>31<\/td>\n<td>8<\/td>\n<\/tr>\n<tr>\n<td>PC100<\/td>\n<td>100<\/td>\n<td>39<\/td>\n<td>10<\/td>\n<\/tr>\n<tr>\n<td>PC100 SB<\/td>\n<td>100<\/td>\n<td>39<\/td>\n<td>10<\/td>\n<\/tr>\n<tr>\n<td>PMG 80<\/td>\n<td>120<\/td>\n<td>31<\/td>\n<td>8<\/td>\n<\/tr>\n<tr>\n<td>PMG 80 SB<\/td>\n<td>120<\/td>\n<td>31<\/td>\n<td>8<\/td>\n<\/tr>\n<tr>\n<td>PMG 80 NI SB<\/td>\n<td>118<\/td>\n<td>32<\/td>\n<td>8<\/td>\n<\/tr>\n<tr>\n<td>PMG 100<\/td>\n<td>150<\/td>\n<td>39<\/td>\n<td>10<\/td>\n<\/tr>\n<tr>\n<td>PMG 100 SB<\/td>\n<td>150<\/td>\n<td>39<\/td>\n<td>10<\/td>\n<\/tr>\n<tr>\n<td>PK 2<\/td>\n<td>130<\/td>\n<td>40<\/td>\n<td>12<\/td>\n<\/tr>\n<tr>\n<td>PK 2 SB<\/td>\n<td>130<\/td>\n<td>40<\/td>\n<td>12<\/td>\n<\/tr>\n<tr>\n<td>PK 3<\/td>\n<td>165<\/td>\n<td>49<\/td>\n<td>14<\/td>\n<\/tr>\n<tr>\n<td>PK 3 SB<\/td>\n<td>165<\/td>\n<td>49<\/td>\n<td>14<\/td>\n<\/tr>\n<tr>\n<td>PK 4<\/td>\n<td>210<\/td>\n<td>60<\/td>\n<td>13<\/td>\n<\/tr>\n<tr>\n<td>PK 4 SB<\/td>\n<td>210<\/td>\n<td>60<\/td>\n<td>13<\/td>\n<\/tr>\n<tr>\n<td>PL 2<\/td>\n<td>180<\/td>\n<td>40<\/td>\n<td>12<\/td>\n<\/tr>\n<tr>\n<td>PL 2 SB<\/td>\n<td>180<\/td>\n<td>40<\/td>\n<td>12<\/td>\n<\/tr>\n<tr>\n<td>PL 3<\/td>\n<td>225<\/td>\n<td>49<\/td>\n<td>14<\/td>\n<\/tr>\n<tr>\n<td>PL 3 SB<\/td>\n<td>225<\/td>\n<td>49<\/td>\n<td>14<\/td>\n<\/tr>\n<\/tbody>\n<\/table>\n","protected":false},"excerpt":{"rendered":"<p>Porte-cadenas blind\u00e9s Galvanis\u00e9s aucune vis apparente PC: ex\u00e9cution standard PMG: avec charni\u00e8re PK: ex\u00e9cution solide avec 1 double charni\u00e8re PL: ex\u00e9cution solide avec 2 double charni\u00e8res &nbsp; Article Longueur (mm) Largeur (mm) \u00d8 (mm) PC 80 80 31 \u00a08 PC80 &hellip; <a class=\"kt-excerpt-readmore\" href=\"https:\/\/test.burgwaechterservice.de\/fr\/p\/cadenas-et-porte-cadenas\/porte-cadenas-blindes\/\" aria-label=\"Porte-cadenas blind\u00e9s\">Lire la suite<\/a><\/p>\n","protected":false},"featured_media":33441,"comment_status":"closed","ping_status":"closed","template":"","meta":[],"product_cat":[30,38],"product_tag":[],"yoast_head":"<!-- This site is optimized with the Yoast SEO Premium plugin v18.4 (Yoast SEO v19.13) - https:\/\/yoast.com\/wordpress\/plugins\/seo\/ -->\n<title>Porte-cadenas blind\u00e9s - BURG-W\u00c4CHTER<\/title>\n<meta name=\"description\" content=\"Porte-cadenas blind\u00e9s Galvanis\u00e9s aucune vis apparente PC: ex\u00e9cution standard PMG: avec charni\u00e8re PK: ex\u00e9cution solide avec 1 double charni\u00e8re PL:\" \/>\n<meta name=\"robots\" content=\"index, follow, max-snippet:-1, max-image-preview:large, max-video-preview:-1\" \/>\n<link rel=\"canonical\" href=\"https:\/\/test.burgwaechterservice.de\/fr\/p\/cadenas-et-porte-cadenas\/porte-cadenas-blindes\/\" \/>\n<meta property=\"og:locale\" content=\"fr_FR\" \/>\n<meta property=\"og:type\" content=\"article\" \/>\n<meta property=\"og:title\" content=\"Porte-cadenas blind\u00e9s\" \/>\n<meta property=\"og:description\" content=\"Porte-cadenas blind\u00e9s Galvanis\u00e9s aucune vis apparente PC: ex\u00e9cution standard PMG: avec charni\u00e8re PK: ex\u00e9cution solide avec 1 double charni\u00e8re PL:\" \/>\n<meta property=\"og:url\" content=\"https:\/\/test.burgwaechterservice.de\/fr\/p\/cadenas-et-porte-cadenas\/porte-cadenas-blindes\/\" \/>\n<meta property=\"og:site_name\" content=\"Burg-W\u00e4chter France\" \/>\n<meta property=\"article:modified_time\" content=\"2021-08-12T12:37:31+00:00\" \/>\n<meta property=\"og:image\" content=\"https:\/\/test.burgwaechterservice.de\/fr\/wp-content\/uploads\/sites\/4\/2016\/07\/PRPC.jpg\" \/>\n\t<meta property=\"og:image:width\" content=\"1000\" \/>\n\t<meta property=\"og:image:height\" content=\"1000\" \/>\n\t<meta property=\"og:image:type\" content=\"image\/jpeg\" \/>\n<meta name=\"twitter:card\" content=\"summary_large_image\" \/>\n<!-- \/ Yoast SEO Premium plugin. -->","yoast_head_json":{"title":"Porte-cadenas blind\u00e9s - BURG-W\u00c4CHTER","description":"Porte-cadenas blind\u00e9s Galvanis\u00e9s aucune vis apparente PC: ex\u00e9cution standard PMG: avec charni\u00e8re PK: ex\u00e9cution solide avec 1 double charni\u00e8re PL:","robots":{"index":"index","follow":"follow","max-snippet":"max-snippet:-1","max-image-preview":"max-image-preview:large","max-video-preview":"max-video-preview:-1"},"canonical":"https:\/\/test.burgwaechterservice.de\/fr\/p\/cadenas-et-porte-cadenas\/porte-cadenas-blindes\/","og_locale":"fr_FR","og_type":"article","og_title":"Porte-cadenas blind\u00e9s","og_description":"Porte-cadenas blind\u00e9s Galvanis\u00e9s aucune vis apparente PC: ex\u00e9cution standard PMG: avec charni\u00e8re PK: ex\u00e9cution solide avec 1 double charni\u00e8re PL:","og_url":"https:\/\/test.burgwaechterservice.de\/fr\/p\/cadenas-et-porte-cadenas\/porte-cadenas-blindes\/","og_site_name":"Burg-W\u00e4chter France","article_modified_time":"2021-08-12T12:37:31+00:00","og_image":[{"width":1000,"height":1000,"url":"https:\/\/test.burgwaechterservice.de\/fr\/wp-content\/uploads\/sites\/4\/2016\/07\/PRPC.jpg","type":"image\/jpeg"}],"twitter_card":"summary_large_image","schema":{"@context":"https:\/\/schema.org","@graph":[{"@type":"WebPage","@id":"https:\/\/test.burgwaechterservice.de\/fr\/p\/cadenas-et-porte-cadenas\/porte-cadenas-blindes\/","url":"https:\/\/test.burgwaechterservice.de\/fr\/p\/cadenas-et-porte-cadenas\/porte-cadenas-blindes\/","name":"Porte-cadenas blind\u00e9s - BURG-W\u00c4CHTER","isPartOf":{"@id":"https:\/\/test.burgwaechterservice.de\/fr\/#website"},"datePublished":"2016-07-12T10:22:51+00:00","dateModified":"2021-08-12T12:37:31+00:00","description":"Porte-cadenas blind\u00e9s Galvanis\u00e9s aucune vis apparente PC: ex\u00e9cution standard PMG: avec charni\u00e8re PK: ex\u00e9cution solide avec 1 double charni\u00e8re PL:","breadcrumb":{"@id":"https:\/\/test.burgwaechterservice.de\/fr\/p\/cadenas-et-porte-cadenas\/porte-cadenas-blindes\/#breadcrumb"},"inLanguage":"fr-FR","potentialAction":[{"@type":"ReadAction","target":["https:\/\/test.burgwaechterservice.de\/fr\/p\/cadenas-et-porte-cadenas\/porte-cadenas-blindes\/"]}]},{"@type":"BreadcrumbList","@id":"https:\/\/test.burgwaechterservice.de\/fr\/p\/cadenas-et-porte-cadenas\/porte-cadenas-blindes\/#breadcrumb","itemListElement":[{"@type":"ListItem","position":1,"name":"Accueil","item":"https:\/\/test.burgwaechterservice.de\/fr\/"},{"@type":"ListItem","position":2,"name":"Produits","item":"https:\/\/test.burgwaechterservice.de\/fr\/p\/"},{"@type":"ListItem","position":3,"name":"Porte-cadenas blind\u00e9s"}]},{"@type":"WebSite","@id":"https:\/\/test.burgwaechterservice.de\/fr\/#website","url":"https:\/\/test.burgwaechterservice.de\/fr\/","name":"Burg-W\u00e4chter France","description":"Le choix le plus s\u00fbr!","potentialAction":[{"@type":"SearchAction","target":{"@type":"EntryPoint","urlTemplate":"https:\/\/test.burgwaechterservice.de\/fr\/?s={search_term_string}"},"query-input":"required name=search_term_string"}],"inLanguage":"fr-FR"}]}},"_links":{"self":[{"href":"https:\/\/test.burgwaechterservice.de\/fr\/wp-json\/wp\/v2\/product\/31366"}],"collection":[{"href":"https:\/\/test.burgwaechterservice.de\/fr\/wp-json\/wp\/v2\/product"}],"about":[{"href":"https:\/\/test.burgwaechterservice.de\/fr\/wp-json\/wp\/v2\/types\/product"}],"replies":[{"embeddable":true,"href":"https:\/\/test.burgwaechterservice.de\/fr\/wp-json\/wp\/v2\/comments?post=31366"}],"wp:featuredmedia":[{"embeddable":true,"href":"https:\/\/test.burgwaechterservice.de\/fr\/wp-json\/wp\/v2\/media\/33441"}],"wp:attachment":[{"href":"https:\/\/test.burgwaechterservice.de\/fr\/wp-json\/wp\/v2\/media?parent=31366"}],"wp:term":[{"taxonomy":"product_cat","embeddable":true,"href":"https:\/\/test.burgwaechterservice.de\/fr\/wp-json\/wp\/v2\/product_cat?post=31366"},{"taxonomy":"product_tag","embeddable":true,"href":"https:\/\/test.burgwaechterservice.de\/fr\/wp-json\/wp\/v2\/product_tag?post=31366"}],"curies":[{"name":"wp","href":"https:\/\/api.w.org\/{rel}","templated":true}]}}