{"id":31338,"date":"2016-07-12T09:49:27","date_gmt":"2016-07-12T07:49:27","guid":{"rendered":"https:\/\/www.burg.biz\/?post_type=product&#038;p=31338"},"modified":"2020-02-07T11:38:19","modified_gmt":"2020-02-07T10:38:19","slug":"s-393","status":"publish","type":"product","link":"https:\/\/test.burgwaechterservice.de\/fr\/p\/cadenas-et-porte-cadenas\/s-393\/","title":{"rendered":"393"},"content":{"rendered":"<p><img decoding=\"async\" class=\"alignnone size-full wp-image-31339\" src=\"https:\/\/test.burgwaechterservice.de\/wp-content\/uploads\/2016\/07\/piktoreihe_393.jpg\" alt=\"Aufbohrschutz\" width=\"135\" height=\"62\" \/><\/p>\n<h2>Cadenas<\/h2>\n<ul>\n<li>Le mod\u00e8le BURG r\u00e9sistant \u00e0 toute \u00e9preuve<\/li>\n<li>avec rivets t\u00eate ronde<\/li>\n<li>avec m\u00e9canisme \u00e0 gorges, galvanis\u00e9<\/li>\n<li>sans cache-entr\u00e9e<\/li>\n<\/ul>\n<p>&nbsp;<\/p>\n<table class=\"ausfuehrung\">\n<thead>\n<tr>\n<td>Article<\/td>\n<td>\u00d8 de l\u2018anse (mm)<\/td>\n<td>Largeur libre de l\u2018anse (mm)<\/td>\n<td>Hauteur libre de l\u2018anse (mm)<\/td>\n<td>Hauteur totale (mm)<\/td>\n<\/tr>\n<\/thead>\n<tbody>\n<tr>\n<td>393 45<\/td>\n<td>6,5<\/td>\n<td>26,0<\/td>\n<td>21,5<\/td>\n<td>68<\/td>\n<\/tr>\n<\/tbody>\n<\/table>\n","protected":false},"excerpt":{"rendered":"<p>Cadenas Le mod\u00e8le BURG r\u00e9sistant \u00e0 toute \u00e9preuve avec rivets t\u00eate ronde avec m\u00e9canisme \u00e0 gorges, galvanis\u00e9 sans cache-entr\u00e9e &nbsp; Article \u00d8 de l\u2018anse (mm) Largeur libre de l\u2018anse (mm) Hauteur libre de l\u2018anse (mm) Hauteur totale (mm) 393 45 &hellip; <a class=\"kt-excerpt-readmore\" href=\"https:\/\/test.burgwaechterservice.de\/fr\/p\/cadenas-et-porte-cadenas\/s-393\/\" aria-label=\"393\">Lire la suite<\/a><\/p>\n","protected":false},"featured_media":33406,"comment_status":"closed","ping_status":"closed","template":"","meta":[],"product_cat":[30,39,3127],"product_tag":[],"yoast_head":"<!-- This site is optimized with the Yoast SEO Premium plugin v18.4 (Yoast SEO v19.13) - https:\/\/yoast.com\/wordpress\/plugins\/seo\/ -->\n<title>393 - BURG-W\u00c4CHTER<\/title>\n<meta name=\"description\" content=\"Cadenas Le mod\u00e8le BURG r\u00e9sistant \u00e0 toute \u00e9preuve avec rivets t\u00eate ronde avec m\u00e9canisme \u00e0 gorges, galvanis\u00e9 sans cache-entr\u00e9e &nbsp; Article \u00d8 de l\u2018anse\" \/>\n<meta name=\"robots\" content=\"index, follow, max-snippet:-1, max-image-preview:large, max-video-preview:-1\" \/>\n<link rel=\"canonical\" href=\"https:\/\/test.burgwaechterservice.de\/fr\/p\/cadenas-et-porte-cadenas\/s-393\/\" \/>\n<meta property=\"og:locale\" content=\"fr_FR\" \/>\n<meta property=\"og:type\" content=\"article\" \/>\n<meta property=\"og:title\" content=\"393\" \/>\n<meta property=\"og:description\" content=\"Cadenas Le mod\u00e8le BURG r\u00e9sistant \u00e0 toute \u00e9preuve avec rivets t\u00eate ronde avec m\u00e9canisme \u00e0 gorges, galvanis\u00e9 sans cache-entr\u00e9e &nbsp; Article \u00d8 de l\u2018anse\" \/>\n<meta property=\"og:url\" content=\"https:\/\/test.burgwaechterservice.de\/fr\/p\/cadenas-et-porte-cadenas\/s-393\/\" \/>\n<meta property=\"og:site_name\" content=\"Burg-W\u00e4chter France\" \/>\n<meta property=\"article:modified_time\" content=\"2020-02-07T10:38:19+00:00\" \/>\n<meta property=\"og:image\" content=\"https:\/\/test.burgwaechterservice.de\/fr\/wp-content\/uploads\/sites\/4\/2016\/07\/Vorhangschloss_393-01-1.jpg\" \/>\n\t<meta property=\"og:image:width\" content=\"1200\" \/>\n\t<meta property=\"og:image:height\" content=\"1200\" \/>\n\t<meta property=\"og:image:type\" content=\"image\/jpeg\" \/>\n<meta name=\"twitter:card\" content=\"summary_large_image\" \/>\n<!-- \/ Yoast SEO Premium plugin. -->","yoast_head_json":{"title":"393 - BURG-W\u00c4CHTER","description":"Cadenas Le mod\u00e8le BURG r\u00e9sistant \u00e0 toute \u00e9preuve avec rivets t\u00eate ronde avec m\u00e9canisme \u00e0 gorges, galvanis\u00e9 sans cache-entr\u00e9e &nbsp; Article \u00d8 de l\u2018anse","robots":{"index":"index","follow":"follow","max-snippet":"max-snippet:-1","max-image-preview":"max-image-preview:large","max-video-preview":"max-video-preview:-1"},"canonical":"https:\/\/test.burgwaechterservice.de\/fr\/p\/cadenas-et-porte-cadenas\/s-393\/","og_locale":"fr_FR","og_type":"article","og_title":"393","og_description":"Cadenas Le mod\u00e8le BURG r\u00e9sistant \u00e0 toute \u00e9preuve avec rivets t\u00eate ronde avec m\u00e9canisme \u00e0 gorges, galvanis\u00e9 sans cache-entr\u00e9e &nbsp; Article \u00d8 de l\u2018anse","og_url":"https:\/\/test.burgwaechterservice.de\/fr\/p\/cadenas-et-porte-cadenas\/s-393\/","og_site_name":"Burg-W\u00e4chter France","article_modified_time":"2020-02-07T10:38:19+00:00","og_image":[{"width":1200,"height":1200,"url":"https:\/\/test.burgwaechterservice.de\/fr\/wp-content\/uploads\/sites\/4\/2016\/07\/Vorhangschloss_393-01-1.jpg","type":"image\/jpeg"}],"twitter_card":"summary_large_image","schema":{"@context":"https:\/\/schema.org","@graph":[{"@type":"WebPage","@id":"https:\/\/test.burgwaechterservice.de\/fr\/p\/cadenas-et-porte-cadenas\/s-393\/","url":"https:\/\/test.burgwaechterservice.de\/fr\/p\/cadenas-et-porte-cadenas\/s-393\/","name":"393 - BURG-W\u00c4CHTER","isPartOf":{"@id":"https:\/\/test.burgwaechterservice.de\/fr\/#website"},"datePublished":"2016-07-12T07:49:27+00:00","dateModified":"2020-02-07T10:38:19+00:00","description":"Cadenas Le mod\u00e8le BURG r\u00e9sistant \u00e0 toute \u00e9preuve avec rivets t\u00eate ronde avec m\u00e9canisme \u00e0 gorges, galvanis\u00e9 sans cache-entr\u00e9e &nbsp; Article \u00d8 de l\u2018anse","breadcrumb":{"@id":"https:\/\/test.burgwaechterservice.de\/fr\/p\/cadenas-et-porte-cadenas\/s-393\/#breadcrumb"},"inLanguage":"fr-FR","potentialAction":[{"@type":"ReadAction","target":["https:\/\/test.burgwaechterservice.de\/fr\/p\/cadenas-et-porte-cadenas\/s-393\/"]}]},{"@type":"BreadcrumbList","@id":"https:\/\/test.burgwaechterservice.de\/fr\/p\/cadenas-et-porte-cadenas\/s-393\/#breadcrumb","itemListElement":[{"@type":"ListItem","position":1,"name":"Accueil","item":"https:\/\/test.burgwaechterservice.de\/fr\/"},{"@type":"ListItem","position":2,"name":"Produits","item":"https:\/\/test.burgwaechterservice.de\/fr\/p\/"},{"@type":"ListItem","position":3,"name":"393"}]},{"@type":"WebSite","@id":"https:\/\/test.burgwaechterservice.de\/fr\/#website","url":"https:\/\/test.burgwaechterservice.de\/fr\/","name":"Burg-W\u00e4chter France","description":"Le choix le plus s\u00fbr!","potentialAction":[{"@type":"SearchAction","target":{"@type":"EntryPoint","urlTemplate":"https:\/\/test.burgwaechterservice.de\/fr\/?s={search_term_string}"},"query-input":"required name=search_term_string"}],"inLanguage":"fr-FR"}]}},"_links":{"self":[{"href":"https:\/\/test.burgwaechterservice.de\/fr\/wp-json\/wp\/v2\/product\/31338"}],"collection":[{"href":"https:\/\/test.burgwaechterservice.de\/fr\/wp-json\/wp\/v2\/product"}],"about":[{"href":"https:\/\/test.burgwaechterservice.de\/fr\/wp-json\/wp\/v2\/types\/product"}],"replies":[{"embeddable":true,"href":"https:\/\/test.burgwaechterservice.de\/fr\/wp-json\/wp\/v2\/comments?post=31338"}],"wp:featuredmedia":[{"embeddable":true,"href":"https:\/\/test.burgwaechterservice.de\/fr\/wp-json\/wp\/v2\/media\/33406"}],"wp:attachment":[{"href":"https:\/\/test.burgwaechterservice.de\/fr\/wp-json\/wp\/v2\/media?parent=31338"}],"wp:term":[{"taxonomy":"product_cat","embeddable":true,"href":"https:\/\/test.burgwaechterservice.de\/fr\/wp-json\/wp\/v2\/product_cat?post=31338"},{"taxonomy":"product_tag","embeddable":true,"href":"https:\/\/test.burgwaechterservice.de\/fr\/wp-json\/wp\/v2\/product_tag?post=31338"}],"curies":[{"name":"wp","href":"https:\/\/api.w.org\/{rel}","templated":true}]}}