{"id":31331,"date":"2016-07-12T09:06:42","date_gmt":"2016-07-12T07:06:42","guid":{"rendered":"https:\/\/www.burg.biz\/?post_type=product&#038;p=31331"},"modified":"2019-12-03T10:22:49","modified_gmt":"2019-12-03T09:22:49","slug":"cadenas-rond-22","status":"publish","type":"product","link":"https:\/\/test.burgwaechterservice.de\/fr\/p\/cadenas-et-porte-cadenas\/cadenas-rond-22\/","title":{"rendered":"Cadenas rond Diskus 22"},"content":{"rendered":"<p><img decoding=\"async\" class=\"alignnone wp-image-352226\" src=\"https:\/\/test.burgwaechterservice.de\/fr\/wp-content\/uploads\/sites\/4\/2016\/07\/Cadenas-rond-Diskus-22.jpg\" alt=\"Cadenas rond Diskus 22\" width=\"511\" height=\"85\" srcset=\"https:\/\/test.burgwaechterservice.de\/fr\/wp-content\/uploads\/sites\/4\/2016\/07\/Cadenas-rond-Diskus-22.jpg 901w, https:\/\/test.burgwaechterservice.de\/fr\/wp-content\/uploads\/sites\/4\/2016\/07\/Cadenas-rond-Diskus-22-300x50.jpg 300w, https:\/\/test.burgwaechterservice.de\/fr\/wp-content\/uploads\/sites\/4\/2016\/07\/Cadenas-rond-Diskus-22-768x128.jpg 768w\" sizes=\"(max-width: 511px) 100vw, 511px\" \/><\/p>\n<h2>Cadenas rond Diskus 22 en acier inoxydable<\/h2>\n<p>Particuli\u00e8rement r\u00e9sistant aux intemp\u00e9ries et plus que robuste : le cadenas rond 22 de BURG-W\u00c4CHTER.<\/p>\n<p>Le corps ainsi que l&#8217;arceau sont fabriqu\u00e9s en <strong>acier inoxydable<\/strong>. Disponible en deux tailles diff\u00e9rentes, son diam\u00e8tre avec anse s&#8217;\u00e9l\u00e8ve soit \u00e0 60 mm (taille 60), soit \u00e0 70 mm (taille 70). En taille 70, l&#8217;arceau en acier inoxydable est <strong>en prime<\/strong> <strong>durci et chrom\u00e9<\/strong>.<\/p>\n<p>L&#8217;ensemble de la structure du cadenas rond 22 est on ne peut plus<strong> r\u00e9sistante \u00e0 l&#8217;arrachage<\/strong> et r\u00e9siste \u00e0 un poids d&#8217;attaque de jusqu&#8217;\u00e0 1,5 tonne.<\/p>\n<p>Le cylindre \u00e0 goupilles de pr\u00e9cision offre en plus une ouverture facile et confortable. Ce mod\u00e8le est disponible \u00e9galement sur demande avec cl\u00e9 unique pour plusieurs cadenas.<\/p>\n<p>Toujours au top de la s\u00e9curit\u00e9 \u2013 avec le cadenas rond 22 de BURG-W\u00c4CHTER !<\/p>\n<h3>Les caract\u00e9ristiques les plus importantes du cadenas rond 22 en aper\u00e7u<\/h3>\n<ul>\n<li>Taille 60 : 60 mm de diam\u00e8tre avec une anse en acier inoxydable<\/li>\n<li>Taille 70 : mod\u00e8le classique avec une anse durcie et chrom\u00e9e<\/li>\n<li>Livr\u00e9 avec deux cl\u00e9s<\/li>\n<\/ul>\n<p>&nbsp;<\/p>\n<table class=\"ausfuehrung\">\n<thead>\n<tr>\n<td>Article<\/td>\n<td>\u00d8 de l\u2018anse<\/td>\n<td>Largeur de l\u2018anse<\/td>\n<td>Hauteur de l\u2018anse<\/td>\n<td>Hauteur totale<\/td>\n<td>N\u00b0 d\u2019\u00e9bauche<\/td>\n<\/tr>\n<\/thead>\n<tbody>\n<tr>\n<td class=\"subdesc\"><\/td>\n<td class=\"subdesc\">mm<\/td>\n<td class=\"subdesc\">mm<\/td>\n<td class=\"subdesc\">mm<\/td>\n<td class=\"subdesc\">mm<\/td>\n<td class=\"subdesc\"><\/td>\n<\/tr>\n<\/tbody>\n<tbody>\n<tr>\n<td>22 NI 60<\/td>\n<td>8,0<\/td>\n<td>17,0<\/td>\n<td>13<\/td>\n<td>60<\/td>\n<td>48R<\/td>\n<\/tr>\n<tr>\n<td>22 70<\/td>\n<td>10,0<\/td>\n<td>20,0<\/td>\n<td>17<\/td>\n<td>70<\/td>\n<td>48R<\/td>\n<\/tr>\n<\/tbody>\n<\/table>\n","protected":false},"excerpt":{"rendered":"<p>Cadenas rond Diskus 22 en acier inoxydable Particuli\u00e8rement r\u00e9sistant aux intemp\u00e9ries et plus que robuste : le cadenas rond 22 de BURG-W\u00c4CHTER. Le corps ainsi que l&#8217;arceau sont fabriqu\u00e9s en acier inoxydable. Disponible en deux tailles diff\u00e9rentes, son diam\u00e8tre avec &hellip; <a class=\"kt-excerpt-readmore\" href=\"https:\/\/test.burgwaechterservice.de\/fr\/p\/cadenas-et-porte-cadenas\/cadenas-rond-22\/\" aria-label=\"Cadenas rond Diskus 22\">Lire la suite<\/a><\/p>\n","protected":false},"featured_media":31337,"comment_status":"closed","ping_status":"closed","template":"","meta":[],"product_cat":[30,39,3126],"product_tag":[],"yoast_head":"<!-- This site is optimized with the Yoast SEO Premium plugin v18.4 (Yoast SEO v19.13) - https:\/\/yoast.com\/wordpress\/plugins\/seo\/ -->\n<title>Cadenas rond Diskus 22 de BURG-W\u00c4CHTER<\/title>\n<meta name=\"description\" content=\"Cadenas rond Diskus 22 de BURG-W\u00c4CHTER, en acier inoxydable. A l&#039;\u00e9preuve des intemp\u00e9ries. R\u00e9siste extr\u00eamement bien \u00e0 l&#039;arrachage (tient t\u00eate \u00e0 1,5 tonne).\" \/>\n<meta name=\"robots\" content=\"index, follow, max-snippet:-1, max-image-preview:large, max-video-preview:-1\" \/>\n<link rel=\"canonical\" href=\"https:\/\/test.burgwaechterservice.de\/fr\/p\/cadenas-et-porte-cadenas\/cadenas-rond-22\/\" \/>\n<meta property=\"og:locale\" content=\"fr_FR\" \/>\n<meta property=\"og:type\" content=\"article\" \/>\n<meta property=\"og:title\" content=\"Cadenas rond Diskus 22\" \/>\n<meta property=\"og:description\" content=\"Cadenas rond Diskus 22 de BURG-W\u00c4CHTER, en acier inoxydable. A l&#039;\u00e9preuve des intemp\u00e9ries. R\u00e9siste extr\u00eamement bien \u00e0 l&#039;arrachage (tient t\u00eate \u00e0 1,5 tonne).\" \/>\n<meta property=\"og:url\" content=\"https:\/\/test.burgwaechterservice.de\/fr\/p\/cadenas-et-porte-cadenas\/cadenas-rond-22\/\" \/>\n<meta property=\"og:site_name\" content=\"Burg-W\u00e4chter France\" \/>\n<meta property=\"article:modified_time\" content=\"2019-12-03T09:22:49+00:00\" \/>\n<meta property=\"og:image\" content=\"https:\/\/test.burgwaechterservice.de\/fr\/wp-content\/uploads\/sites\/4\/2016\/07\/22-60-NI.jpg\" \/>\n\t<meta property=\"og:image:width\" content=\"2332\" \/>\n\t<meta property=\"og:image:height\" content=\"1880\" \/>\n\t<meta property=\"og:image:type\" content=\"image\/jpeg\" \/>\n<meta name=\"twitter:card\" content=\"summary_large_image\" \/>\n<meta name=\"twitter:label1\" content=\"Dur\u00e9e de lecture estim\u00e9e\" \/>\n\t<meta name=\"twitter:data1\" content=\"1 minute\" \/>\n<!-- \/ Yoast SEO Premium plugin. -->","yoast_head_json":{"title":"Cadenas rond Diskus 22 de BURG-W\u00c4CHTER","description":"Cadenas rond Diskus 22 de BURG-W\u00c4CHTER, en acier inoxydable. A l'\u00e9preuve des intemp\u00e9ries. R\u00e9siste extr\u00eamement bien \u00e0 l'arrachage (tient t\u00eate \u00e0 1,5 tonne).","robots":{"index":"index","follow":"follow","max-snippet":"max-snippet:-1","max-image-preview":"max-image-preview:large","max-video-preview":"max-video-preview:-1"},"canonical":"https:\/\/test.burgwaechterservice.de\/fr\/p\/cadenas-et-porte-cadenas\/cadenas-rond-22\/","og_locale":"fr_FR","og_type":"article","og_title":"Cadenas rond Diskus 22","og_description":"Cadenas rond Diskus 22 de BURG-W\u00c4CHTER, en acier inoxydable. A l'\u00e9preuve des intemp\u00e9ries. R\u00e9siste extr\u00eamement bien \u00e0 l'arrachage (tient t\u00eate \u00e0 1,5 tonne).","og_url":"https:\/\/test.burgwaechterservice.de\/fr\/p\/cadenas-et-porte-cadenas\/cadenas-rond-22\/","og_site_name":"Burg-W\u00e4chter France","article_modified_time":"2019-12-03T09:22:49+00:00","og_image":[{"width":2332,"height":1880,"url":"https:\/\/test.burgwaechterservice.de\/fr\/wp-content\/uploads\/sites\/4\/2016\/07\/22-60-NI.jpg","type":"image\/jpeg"}],"twitter_card":"summary_large_image","twitter_misc":{"Dur\u00e9e de lecture estim\u00e9e":"1 minute"},"schema":{"@context":"https:\/\/schema.org","@graph":[{"@type":"WebPage","@id":"https:\/\/test.burgwaechterservice.de\/fr\/p\/cadenas-et-porte-cadenas\/cadenas-rond-22\/","url":"https:\/\/test.burgwaechterservice.de\/fr\/p\/cadenas-et-porte-cadenas\/cadenas-rond-22\/","name":"Cadenas rond Diskus 22 de BURG-W\u00c4CHTER","isPartOf":{"@id":"https:\/\/test.burgwaechterservice.de\/fr\/#website"},"datePublished":"2016-07-12T07:06:42+00:00","dateModified":"2019-12-03T09:22:49+00:00","description":"Cadenas rond Diskus 22 de BURG-W\u00c4CHTER, en acier inoxydable. A l'\u00e9preuve des intemp\u00e9ries. R\u00e9siste extr\u00eamement bien \u00e0 l'arrachage (tient t\u00eate \u00e0 1,5 tonne).","breadcrumb":{"@id":"https:\/\/test.burgwaechterservice.de\/fr\/p\/cadenas-et-porte-cadenas\/cadenas-rond-22\/#breadcrumb"},"inLanguage":"fr-FR","potentialAction":[{"@type":"ReadAction","target":["https:\/\/test.burgwaechterservice.de\/fr\/p\/cadenas-et-porte-cadenas\/cadenas-rond-22\/"]}]},{"@type":"BreadcrumbList","@id":"https:\/\/test.burgwaechterservice.de\/fr\/p\/cadenas-et-porte-cadenas\/cadenas-rond-22\/#breadcrumb","itemListElement":[{"@type":"ListItem","position":1,"name":"Accueil","item":"https:\/\/test.burgwaechterservice.de\/fr\/"},{"@type":"ListItem","position":2,"name":"Produits","item":"https:\/\/test.burgwaechterservice.de\/fr\/p\/"},{"@type":"ListItem","position":3,"name":"Cadenas rond Diskus 22"}]},{"@type":"WebSite","@id":"https:\/\/test.burgwaechterservice.de\/fr\/#website","url":"https:\/\/test.burgwaechterservice.de\/fr\/","name":"Burg-W\u00e4chter France","description":"Le choix le plus s\u00fbr!","potentialAction":[{"@type":"SearchAction","target":{"@type":"EntryPoint","urlTemplate":"https:\/\/test.burgwaechterservice.de\/fr\/?s={search_term_string}"},"query-input":"required name=search_term_string"}],"inLanguage":"fr-FR"}]}},"_links":{"self":[{"href":"https:\/\/test.burgwaechterservice.de\/fr\/wp-json\/wp\/v2\/product\/31331"}],"collection":[{"href":"https:\/\/test.burgwaechterservice.de\/fr\/wp-json\/wp\/v2\/product"}],"about":[{"href":"https:\/\/test.burgwaechterservice.de\/fr\/wp-json\/wp\/v2\/types\/product"}],"replies":[{"embeddable":true,"href":"https:\/\/test.burgwaechterservice.de\/fr\/wp-json\/wp\/v2\/comments?post=31331"}],"wp:featuredmedia":[{"embeddable":true,"href":"https:\/\/test.burgwaechterservice.de\/fr\/wp-json\/wp\/v2\/media\/31337"}],"wp:attachment":[{"href":"https:\/\/test.burgwaechterservice.de\/fr\/wp-json\/wp\/v2\/media?parent=31331"}],"wp:term":[{"taxonomy":"product_cat","embeddable":true,"href":"https:\/\/test.burgwaechterservice.de\/fr\/wp-json\/wp\/v2\/product_cat?post=31331"},{"taxonomy":"product_tag","embeddable":true,"href":"https:\/\/test.burgwaechterservice.de\/fr\/wp-json\/wp\/v2\/product_tag?post=31331"}],"curies":[{"name":"wp","href":"https:\/\/api.w.org\/{rel}","templated":true}]}}