{"id":31322,"date":"2016-07-11T17:06:03","date_gmt":"2016-07-11T15:06:03","guid":{"rendered":"https:\/\/www.burg.biz\/?post_type=product&#038;p=31322"},"modified":"2021-05-28T14:15:42","modified_gmt":"2021-05-28T12:15:42","slug":"cadenas-rond-circle-21","status":"publish","type":"product","link":"https:\/\/test.burgwaechterservice.de\/fr\/p\/cadenas-et-porte-cadenas\/cadenas-rond-circle-21\/","title":{"rendered":"Cadenas rond Circle 21"},"content":{"rendered":"<h2><img decoding=\"async\" class=\"alignnone wp-image-352228 size-full\" src=\"https:\/\/test.burgwaechterservice.de\/fr\/wp-content\/uploads\/sites\/4\/2016\/07\/Circle-21-BURG-W\u00c4CHTER-Piktos.png\" alt=\"Circle 21 BURG-W\u00c4CHTER Piktos\" width=\"306\" height=\"100\" srcset=\"https:\/\/test.burgwaechterservice.de\/fr\/wp-content\/uploads\/sites\/4\/2016\/07\/Circle-21-BURG-W\u00c4CHTER-Piktos.png 306w, https:\/\/test.burgwaechterservice.de\/fr\/wp-content\/uploads\/sites\/4\/2016\/07\/Circle-21-BURG-W\u00c4CHTER-Piktos-300x98.png 300w\" sizes=\"(max-width: 306px) 100vw, 306px\" \/><\/h2>\n<h2>Cadenas rond 21 \u2013 Le cadenas rond pratique en acier inoxydable<\/h2>\n<p>Robustesse, long\u00e9vit\u00e9 et simplicit\u00e9 d&#8217;utilisation : Le cadenas rond 21 s\u00e9curise portes, portails et tous autres objets que l&#8217;on peut cadenasser. En effet, il ne faut pas que les v\u00e9los, outils de jardin et autres objets soient des proies faciles. Le corps du cadenas est fait d&#8217;un <strong>acier inoxydable<\/strong> robuste. Ainsi, celui-ci est tr\u00e8s r\u00e9sistant \u00e0 la corrosion. Et vous n&#8217;aurez aucun probl\u00e8me pour ouvrir et fermer le cadenas de mani\u00e8re fiable m\u00eame apr\u00e8s une longue p\u00e9riode.<\/p>\n<h3>Les points d&#8217;attaques sont minimis\u00e9s pour emp\u00eacher l&#8217;effraction<\/h3>\n<p>Quels avantages offre un cadenas rond comme le cadenas rond 21 de BURG-W\u00c4CHTER? Tout simplement : En raison de la forme sp\u00e9cifique de disque et de la structure de l&#8217;arceau, il y a<strong> tr\u00e8s peu de points d&#8217;attaques<\/strong> pour les outils d&#8217;effraction habituels. En effet, l&#8217;arceau est recouvert en grande partie par le corps du cadenas. Par ailleurs, l&#8217;arceau du cadenas rond 21 est <strong>durci et chrom\u00e9<\/strong>. En outre, vous pouvez reconna\u00eetre cette qualit\u00e9 sp\u00e9cifique \u00e0 l&#8217;inscription &#8220;Hardened&#8221; sur l&#8217;arceau.<\/p>\n<h3>Cadenas rond 21 disponible en deux tailles, versions avec cl\u00e9 unique possibles<\/h3>\n<p>Le cadenas rond est disponible en <strong>deux tailles<\/strong>. Le mod\u00e8le 21 60 a un diam\u00e8tre de 60 mm, tandis que la variante 21 70 plus grande a un diam\u00e8tre de 70 mm. En r\u00e9sultent diff\u00e9rentes largeurs et hauteurs d&#8217;arceau. Ainsi, vous trouverez certainement la bonne taille pour votre utilisation personnelle. Par ailleurs, les deux mod\u00e8les sont disponibles avec cl\u00e9 unique pour plusieurs unit\u00e9s : Vous pouvez ouvrir plusieurs cadenas ronds avec une seule cl\u00e9. gr\u00e2ce \u00e0 cela, vous n&#8217;aurez plus \u00e0 chercher la bonne cl\u00e9 !<\/p>\n<p>A ce propos : Gr\u00e2ce au cylindre \u00e0 goupilles de pr\u00e9cision, vous pouvez ouvrir et fermer le cadenas de mani\u00e8re extr\u00eamement confortable. De plus, le cadenas rond 21 a des finitions en laiton. Ainsi, il offre un beau contraste visuel au corps en acier inoxydable. Le cadenas est fabriqu\u00e9 en s\u00e9rie et accompagn\u00e9 de deux cl\u00e9s.<\/p>\n<h4>Le cadenas rond 21 en aper\u00e7u<\/h4>\n<ul>\n<li>Deux tailles : Diam\u00e8tre 60 ou 70 mm<\/li>\n<li>Corps du cadenas en acier inoxydable<\/li>\n<li>Arceau durci et chrom\u00e9<\/li>\n<li>Haute protection anti effraction<\/li>\n<li>Disponible \u00e9galement avec cl\u00e9 unique pour plusieurs cadenas<\/li>\n<li>Vendu avec deux cl\u00e9s<\/li>\n<\/ul>\n<p>&nbsp;<\/p>\n<p>&nbsp;<\/p>\n<table class=\"ausfuehrung\">\n<thead>\n<tr>\n<td>Article<\/td>\n<td>\u00d8 de l\u2018anse<\/td>\n<td>Largeur de l\u2018anse<\/td>\n<td>Hauteur de l\u2018anse<\/td>\n<td>Hauteur totale<\/td>\n<td>N\u00b0. d\u2019\u00e9bauche<\/td>\n<\/tr>\n<\/thead>\n<tbody>\n<tr>\n<td class=\"subdesc\"><\/td>\n<td class=\"subdesc\">mm<\/td>\n<td class=\"subdesc\">mm<\/td>\n<td class=\"subdesc\">mm<\/td>\n<td class=\"subdesc\">mm<\/td>\n<td class=\"subdesc\"><\/td>\n<\/tr>\n<\/tbody>\n<tbody>\n<tr>\n<td>\u00a021 60<\/td>\n<td>8,0<\/td>\n<td>18,0<\/td>\n<td>14,0<\/td>\n<td>60<\/td>\n<td>77R<\/td>\n<\/tr>\n<tr>\n<td>\u00a021 70<\/td>\n<td>9,0<\/td>\n<td>21,0<\/td>\n<td>16,0<\/td>\n<td>70<\/td>\n<td>78R<\/td>\n<\/tr>\n<tr>\n<td>21 80<\/td>\n<td>8,0<\/td>\n<td>28,0<\/td>\n<td>23,0<\/td>\n<td>80<\/td>\n<\/tr>\n<\/tbody>\n<\/table>\n","protected":false},"excerpt":{"rendered":"<p>Cadenas rond 21 \u2013 Le cadenas rond pratique en acier inoxydable Robustesse, long\u00e9vit\u00e9 et simplicit\u00e9 d&#8217;utilisation : Le cadenas rond 21 s\u00e9curise portes, portails et tous autres objets que l&#8217;on peut cadenasser. En effet, il ne faut pas que les &hellip; <a class=\"kt-excerpt-readmore\" href=\"https:\/\/test.burgwaechterservice.de\/fr\/p\/cadenas-et-porte-cadenas\/cadenas-rond-circle-21\/\" aria-label=\"Cadenas rond Circle 21\">Lire la suite<\/a><\/p>\n","protected":false},"featured_media":356606,"comment_status":"closed","ping_status":"closed","template":"","meta":[],"product_cat":[30,39,3126],"product_tag":[],"yoast_head":"<!-- This site is optimized with the Yoast SEO Premium plugin v18.4 (Yoast SEO v19.13) - https:\/\/yoast.com\/wordpress\/plugins\/seo\/ -->\n<title>Cadenas rond 21 du sp\u00e9cialiste de la s\u00e9curit\u00e9 BURG-W\u00c4CHTER<\/title>\n<meta name=\"description\" content=\"Cadenas rond 21 de BURG-W\u00c4CHTER. En acier inoxydable, haute r\u00e9sistance anti-effraction gr\u00e2ce \u00e0 l&#039;arceau durci et chrom\u00e9, et gr\u00e2ce \u00e0 la forme de disque.\" \/>\n<meta name=\"robots\" content=\"index, follow, max-snippet:-1, max-image-preview:large, max-video-preview:-1\" \/>\n<link rel=\"canonical\" href=\"https:\/\/test.burgwaechterservice.de\/fr\/p\/cadenas-et-porte-cadenas\/cadenas-rond-circle-21\/\" \/>\n<meta property=\"og:locale\" content=\"fr_FR\" \/>\n<meta property=\"og:type\" content=\"article\" \/>\n<meta property=\"og:title\" content=\"Cadenas rond Circle 21\" \/>\n<meta property=\"og:description\" content=\"Cadenas rond 21 de BURG-W\u00c4CHTER. En acier inoxydable, haute r\u00e9sistance anti-effraction gr\u00e2ce \u00e0 l&#039;arceau durci et chrom\u00e9, et gr\u00e2ce \u00e0 la forme de disque.\" \/>\n<meta property=\"og:url\" content=\"https:\/\/test.burgwaechterservice.de\/fr\/p\/cadenas-et-porte-cadenas\/cadenas-rond-circle-21\/\" \/>\n<meta property=\"og:site_name\" content=\"Burg-W\u00e4chter France\" \/>\n<meta property=\"article:modified_time\" content=\"2021-05-28T12:15:42+00:00\" \/>\n<meta property=\"og:image\" content=\"https:\/\/test.burgwaechterservice.de\/fr\/wp-content\/uploads\/sites\/4\/2016\/07\/Circle-21-BURG-W\u00c4CHTER.jpg\" \/>\n\t<meta property=\"og:image:width\" content=\"800\" \/>\n\t<meta property=\"og:image:height\" content=\"800\" \/>\n\t<meta property=\"og:image:type\" content=\"image\/jpeg\" \/>\n<meta name=\"twitter:card\" content=\"summary_large_image\" \/>\n<meta name=\"twitter:label1\" content=\"Dur\u00e9e de lecture estim\u00e9e\" \/>\n\t<meta name=\"twitter:data1\" content=\"2 minutes\" \/>\n<!-- \/ Yoast SEO Premium plugin. -->","yoast_head_json":{"title":"Cadenas rond 21 du sp\u00e9cialiste de la s\u00e9curit\u00e9 BURG-W\u00c4CHTER","description":"Cadenas rond 21 de BURG-W\u00c4CHTER. En acier inoxydable, haute r\u00e9sistance anti-effraction gr\u00e2ce \u00e0 l'arceau durci et chrom\u00e9, et gr\u00e2ce \u00e0 la forme de disque.","robots":{"index":"index","follow":"follow","max-snippet":"max-snippet:-1","max-image-preview":"max-image-preview:large","max-video-preview":"max-video-preview:-1"},"canonical":"https:\/\/test.burgwaechterservice.de\/fr\/p\/cadenas-et-porte-cadenas\/cadenas-rond-circle-21\/","og_locale":"fr_FR","og_type":"article","og_title":"Cadenas rond Circle 21","og_description":"Cadenas rond 21 de BURG-W\u00c4CHTER. En acier inoxydable, haute r\u00e9sistance anti-effraction gr\u00e2ce \u00e0 l'arceau durci et chrom\u00e9, et gr\u00e2ce \u00e0 la forme de disque.","og_url":"https:\/\/test.burgwaechterservice.de\/fr\/p\/cadenas-et-porte-cadenas\/cadenas-rond-circle-21\/","og_site_name":"Burg-W\u00e4chter France","article_modified_time":"2021-05-28T12:15:42+00:00","og_image":[{"width":800,"height":800,"url":"https:\/\/test.burgwaechterservice.de\/fr\/wp-content\/uploads\/sites\/4\/2016\/07\/Circle-21-BURG-W\u00c4CHTER.jpg","type":"image\/jpeg"}],"twitter_card":"summary_large_image","twitter_misc":{"Dur\u00e9e de lecture estim\u00e9e":"2 minutes"},"schema":{"@context":"https:\/\/schema.org","@graph":[{"@type":"WebPage","@id":"https:\/\/test.burgwaechterservice.de\/fr\/p\/cadenas-et-porte-cadenas\/cadenas-rond-circle-21\/","url":"https:\/\/test.burgwaechterservice.de\/fr\/p\/cadenas-et-porte-cadenas\/cadenas-rond-circle-21\/","name":"Cadenas rond 21 du sp\u00e9cialiste de la s\u00e9curit\u00e9 BURG-W\u00c4CHTER","isPartOf":{"@id":"https:\/\/test.burgwaechterservice.de\/fr\/#website"},"datePublished":"2016-07-11T15:06:03+00:00","dateModified":"2021-05-28T12:15:42+00:00","description":"Cadenas rond 21 de BURG-W\u00c4CHTER. En acier inoxydable, haute r\u00e9sistance anti-effraction gr\u00e2ce \u00e0 l'arceau durci et chrom\u00e9, et gr\u00e2ce \u00e0 la forme de disque.","breadcrumb":{"@id":"https:\/\/test.burgwaechterservice.de\/fr\/p\/cadenas-et-porte-cadenas\/cadenas-rond-circle-21\/#breadcrumb"},"inLanguage":"fr-FR","potentialAction":[{"@type":"ReadAction","target":["https:\/\/test.burgwaechterservice.de\/fr\/p\/cadenas-et-porte-cadenas\/cadenas-rond-circle-21\/"]}]},{"@type":"BreadcrumbList","@id":"https:\/\/test.burgwaechterservice.de\/fr\/p\/cadenas-et-porte-cadenas\/cadenas-rond-circle-21\/#breadcrumb","itemListElement":[{"@type":"ListItem","position":1,"name":"Accueil","item":"https:\/\/test.burgwaechterservice.de\/fr\/"},{"@type":"ListItem","position":2,"name":"Produits","item":"https:\/\/test.burgwaechterservice.de\/fr\/p\/"},{"@type":"ListItem","position":3,"name":"Cadenas rond Circle 21"}]},{"@type":"WebSite","@id":"https:\/\/test.burgwaechterservice.de\/fr\/#website","url":"https:\/\/test.burgwaechterservice.de\/fr\/","name":"Burg-W\u00e4chter France","description":"Le choix le plus s\u00fbr!","potentialAction":[{"@type":"SearchAction","target":{"@type":"EntryPoint","urlTemplate":"https:\/\/test.burgwaechterservice.de\/fr\/?s={search_term_string}"},"query-input":"required name=search_term_string"}],"inLanguage":"fr-FR"}]}},"_links":{"self":[{"href":"https:\/\/test.burgwaechterservice.de\/fr\/wp-json\/wp\/v2\/product\/31322"}],"collection":[{"href":"https:\/\/test.burgwaechterservice.de\/fr\/wp-json\/wp\/v2\/product"}],"about":[{"href":"https:\/\/test.burgwaechterservice.de\/fr\/wp-json\/wp\/v2\/types\/product"}],"replies":[{"embeddable":true,"href":"https:\/\/test.burgwaechterservice.de\/fr\/wp-json\/wp\/v2\/comments?post=31322"}],"wp:featuredmedia":[{"embeddable":true,"href":"https:\/\/test.burgwaechterservice.de\/fr\/wp-json\/wp\/v2\/media\/356606"}],"wp:attachment":[{"href":"https:\/\/test.burgwaechterservice.de\/fr\/wp-json\/wp\/v2\/media?parent=31322"}],"wp:term":[{"taxonomy":"product_cat","embeddable":true,"href":"https:\/\/test.burgwaechterservice.de\/fr\/wp-json\/wp\/v2\/product_cat?post=31322"},{"taxonomy":"product_tag","embeddable":true,"href":"https:\/\/test.burgwaechterservice.de\/fr\/wp-json\/wp\/v2\/product_tag?post=31322"}],"curies":[{"name":"wp","href":"https:\/\/api.w.org\/{rel}","templated":true}]}}