{"id":31314,"date":"2016-07-11T16:29:33","date_gmt":"2016-07-11T14:29:33","guid":{"rendered":"https:\/\/www.burg.biz\/?post_type=product&#038;p=31314"},"modified":"2021-11-05T15:13:56","modified_gmt":"2021-11-05T14:13:56","slug":"no-99","status":"publish","type":"product","link":"https:\/\/test.burgwaechterservice.de\/fr\/p\/cadenas-et-porte-cadenas\/no-99\/","title":{"rendered":"No. 99"},"content":{"rendered":"<p><img decoding=\"async\" class=\"alignnone wp-image-31315\" src=\"https:\/\/test.burgwaechterservice.de\/fr\/wp-content\/uploads\/sites\/4\/2016\/07\/vorhangschloss_Kombination-verstellbar-No.99-300x99.jpg\" alt=\"Kombination verstellbar\" width=\"239\" height=\"79\" srcset=\"https:\/\/test.burgwaechterservice.de\/fr\/wp-content\/uploads\/sites\/4\/2016\/07\/vorhangschloss_Kombination-verstellbar-No.99-300x99.jpg 300w, https:\/\/test.burgwaechterservice.de\/fr\/wp-content\/uploads\/sites\/4\/2016\/07\/vorhangschloss_Kombination-verstellbar-No.99.jpg 364w\" sizes=\"(max-width: 239px) 100vw, 239px\" \/><\/p>\n<h2>Cadenas \u00e0 combinaison robuste &#8220;No. 99&#8221;.<\/h2>\n<p>Ce mod\u00e8le de BURG-W\u00c4CHTER r\u00e9siste aux intemp\u00e9ries. Par cons\u00e9quent, il est id\u00e9al pour une utilisation en ext\u00e9rieur.<\/p>\n<h3>Construction robuste<\/h3>\n<p>Le corps du No. 99 est en laiton massif. L\u2019anse est en acier inoxydable et est \u00e9galement \u00e0 double verrouillage.<\/p>\n<p>Le cadenas \u00e0 combinaison interchangeable avec quatre rouleaux est doublement s\u00e9curis\u00e9 : il faut d&#8217;abord le d\u00e9verrouiller avec une cl\u00e9 avant de pouvoir saisir le code. Vous pouvez choisir ce code individuellement et le modifier \u00e0 tout moment.<\/p>\n<p>Il n&#8217;existe pas de moyen plus s\u00fbr de verrouiller un cadenas \u00e0 combinaison. Le choix le plus s\u00fbr\u00a0: Le No. 99 de BURG-W\u00c4CHTER !<\/p>\n<ul>\n<li>corps en laiton massif<\/li>\n<li>anse \u00e0 double verrouillage, acier inoxydable<\/li>\n<li>r\u00e9sistant \u00e0 l\u2018eau de mer<\/li>\n<li>combinaison variable<\/li>\n<\/ul>\n<p>&nbsp;<\/p>\n<table class=\"ausfuehrung\">\n<thead>\n<tr>\n<td>Article<\/td>\n<td>\u00d8 de l\u2018anse<\/td>\n<td>Largeur libre de l\u2018anse<\/td>\n<td>Hauteur libre de l\u2018anse<\/td>\n<td>Hauteur totale<\/td>\n<\/tr>\n<\/thead>\n<tbody>\n<tr>\n<td class=\"subdesc\"><\/td>\n<td class=\"subdesc\">mm<\/td>\n<td class=\"subdesc\">mm<\/td>\n<td class=\"subdesc\">mm<\/td>\n<td class=\"subdesc\">mm<\/td>\n<\/tr>\n<\/tbody>\n<tbody>\n<tr>\n<td>99 Ni 50<\/td>\n<td>8,0<\/td>\n<td>25,0<\/td>\n<td>30,0<\/td>\n<td>80,5<\/td>\n<\/tr>\n<\/tbody>\n<\/table>\n","protected":false},"excerpt":{"rendered":"<p>Cadenas \u00e0 combinaison robuste &#8220;No. 99&#8221;. Ce mod\u00e8le de BURG-W\u00c4CHTER r\u00e9siste aux intemp\u00e9ries. Par cons\u00e9quent, il est id\u00e9al pour une utilisation en ext\u00e9rieur. Construction robuste Le corps du No. 99 est en laiton massif. L\u2019anse est en acier inoxydable et &hellip; <a class=\"kt-excerpt-readmore\" href=\"https:\/\/test.burgwaechterservice.de\/fr\/p\/cadenas-et-porte-cadenas\/no-99\/\" aria-label=\"No. 99\">Lire la suite<\/a><\/p>\n","protected":false},"featured_media":33404,"comment_status":"closed","ping_status":"closed","template":"","meta":[],"product_cat":[30,39,3123],"product_tag":[],"yoast_head":"<!-- This site is optimized with the Yoast SEO Premium plugin v18.4 (Yoast SEO v19.13) - https:\/\/yoast.com\/wordpress\/plugins\/seo\/ -->\n<title>No. 99 - BURG-W\u00c4CHTER<\/title>\n<meta name=\"description\" content=\"Cadenas \u00e0 combinaison robuste &quot;No. 99&quot;. Ce mod\u00e8le de BURG-W\u00c4CHTER r\u00e9siste aux intemp\u00e9ries. Par cons\u00e9quent, il est id\u00e9al pour une utilisation en ext\u00e9rieur.\" \/>\n<meta name=\"robots\" content=\"index, follow, max-snippet:-1, max-image-preview:large, max-video-preview:-1\" \/>\n<link rel=\"canonical\" href=\"https:\/\/test.burgwaechterservice.de\/fr\/p\/cadenas-et-porte-cadenas\/no-99\/\" \/>\n<meta property=\"og:locale\" content=\"fr_FR\" \/>\n<meta property=\"og:type\" content=\"article\" \/>\n<meta property=\"og:title\" content=\"No. 99\" \/>\n<meta property=\"og:description\" content=\"Cadenas \u00e0 combinaison robuste &quot;No. 99&quot;. Ce mod\u00e8le de BURG-W\u00c4CHTER r\u00e9siste aux intemp\u00e9ries. Par cons\u00e9quent, il est id\u00e9al pour une utilisation en ext\u00e9rieur.\" \/>\n<meta property=\"og:url\" content=\"https:\/\/test.burgwaechterservice.de\/fr\/p\/cadenas-et-porte-cadenas\/no-99\/\" \/>\n<meta property=\"og:site_name\" content=\"Burg-W\u00e4chter France\" \/>\n<meta property=\"article:modified_time\" content=\"2021-11-05T14:13:56+00:00\" \/>\n<meta property=\"og:image\" content=\"https:\/\/test.burgwaechterservice.de\/fr\/wp-content\/uploads\/sites\/4\/2016\/07\/Schloss-Z\u00e4hlenschloss-1_transparenter_Hintergrund-1.jpg\" \/>\n\t<meta property=\"og:image:width\" content=\"1300\" \/>\n\t<meta property=\"og:image:height\" content=\"1300\" \/>\n\t<meta property=\"og:image:type\" content=\"image\/jpeg\" \/>\n<meta name=\"twitter:card\" content=\"summary_large_image\" \/>\n<meta name=\"twitter:label1\" content=\"Dur\u00e9e de lecture estim\u00e9e\" \/>\n\t<meta name=\"twitter:data1\" content=\"1 minute\" \/>\n<!-- \/ Yoast SEO Premium plugin. -->","yoast_head_json":{"title":"No. 99 - BURG-W\u00c4CHTER","description":"Cadenas \u00e0 combinaison robuste \"No. 99\". Ce mod\u00e8le de BURG-W\u00c4CHTER r\u00e9siste aux intemp\u00e9ries. Par cons\u00e9quent, il est id\u00e9al pour une utilisation en ext\u00e9rieur.","robots":{"index":"index","follow":"follow","max-snippet":"max-snippet:-1","max-image-preview":"max-image-preview:large","max-video-preview":"max-video-preview:-1"},"canonical":"https:\/\/test.burgwaechterservice.de\/fr\/p\/cadenas-et-porte-cadenas\/no-99\/","og_locale":"fr_FR","og_type":"article","og_title":"No. 99","og_description":"Cadenas \u00e0 combinaison robuste \"No. 99\". Ce mod\u00e8le de BURG-W\u00c4CHTER r\u00e9siste aux intemp\u00e9ries. Par cons\u00e9quent, il est id\u00e9al pour une utilisation en ext\u00e9rieur.","og_url":"https:\/\/test.burgwaechterservice.de\/fr\/p\/cadenas-et-porte-cadenas\/no-99\/","og_site_name":"Burg-W\u00e4chter France","article_modified_time":"2021-11-05T14:13:56+00:00","og_image":[{"width":1300,"height":1300,"url":"https:\/\/test.burgwaechterservice.de\/fr\/wp-content\/uploads\/sites\/4\/2016\/07\/Schloss-Z\u00e4hlenschloss-1_transparenter_Hintergrund-1.jpg","type":"image\/jpeg"}],"twitter_card":"summary_large_image","twitter_misc":{"Dur\u00e9e de lecture estim\u00e9e":"1 minute"},"schema":{"@context":"https:\/\/schema.org","@graph":[{"@type":"WebPage","@id":"https:\/\/test.burgwaechterservice.de\/fr\/p\/cadenas-et-porte-cadenas\/no-99\/","url":"https:\/\/test.burgwaechterservice.de\/fr\/p\/cadenas-et-porte-cadenas\/no-99\/","name":"No. 99 - BURG-W\u00c4CHTER","isPartOf":{"@id":"https:\/\/test.burgwaechterservice.de\/fr\/#website"},"datePublished":"2016-07-11T14:29:33+00:00","dateModified":"2021-11-05T14:13:56+00:00","description":"Cadenas \u00e0 combinaison robuste \"No. 99\". Ce mod\u00e8le de BURG-W\u00c4CHTER r\u00e9siste aux intemp\u00e9ries. Par cons\u00e9quent, il est id\u00e9al pour une utilisation en ext\u00e9rieur.","breadcrumb":{"@id":"https:\/\/test.burgwaechterservice.de\/fr\/p\/cadenas-et-porte-cadenas\/no-99\/#breadcrumb"},"inLanguage":"fr-FR","potentialAction":[{"@type":"ReadAction","target":["https:\/\/test.burgwaechterservice.de\/fr\/p\/cadenas-et-porte-cadenas\/no-99\/"]}]},{"@type":"BreadcrumbList","@id":"https:\/\/test.burgwaechterservice.de\/fr\/p\/cadenas-et-porte-cadenas\/no-99\/#breadcrumb","itemListElement":[{"@type":"ListItem","position":1,"name":"Accueil","item":"https:\/\/test.burgwaechterservice.de\/fr\/"},{"@type":"ListItem","position":2,"name":"Produits","item":"https:\/\/test.burgwaechterservice.de\/fr\/p\/"},{"@type":"ListItem","position":3,"name":"No. 99"}]},{"@type":"WebSite","@id":"https:\/\/test.burgwaechterservice.de\/fr\/#website","url":"https:\/\/test.burgwaechterservice.de\/fr\/","name":"Burg-W\u00e4chter France","description":"Le choix le plus s\u00fbr!","potentialAction":[{"@type":"SearchAction","target":{"@type":"EntryPoint","urlTemplate":"https:\/\/test.burgwaechterservice.de\/fr\/?s={search_term_string}"},"query-input":"required name=search_term_string"}],"inLanguage":"fr-FR"}]}},"_links":{"self":[{"href":"https:\/\/test.burgwaechterservice.de\/fr\/wp-json\/wp\/v2\/product\/31314"}],"collection":[{"href":"https:\/\/test.burgwaechterservice.de\/fr\/wp-json\/wp\/v2\/product"}],"about":[{"href":"https:\/\/test.burgwaechterservice.de\/fr\/wp-json\/wp\/v2\/types\/product"}],"replies":[{"embeddable":true,"href":"https:\/\/test.burgwaechterservice.de\/fr\/wp-json\/wp\/v2\/comments?post=31314"}],"wp:featuredmedia":[{"embeddable":true,"href":"https:\/\/test.burgwaechterservice.de\/fr\/wp-json\/wp\/v2\/media\/33404"}],"wp:attachment":[{"href":"https:\/\/test.burgwaechterservice.de\/fr\/wp-json\/wp\/v2\/media?parent=31314"}],"wp:term":[{"taxonomy":"product_cat","embeddable":true,"href":"https:\/\/test.burgwaechterservice.de\/fr\/wp-json\/wp\/v2\/product_cat?post=31314"},{"taxonomy":"product_tag","embeddable":true,"href":"https:\/\/test.burgwaechterservice.de\/fr\/wp-json\/wp\/v2\/product_tag?post=31314"}],"curies":[{"name":"wp","href":"https:\/\/api.w.org\/{rel}","templated":true}]}}