{"id":31306,"date":"2016-07-11T15:07:44","date_gmt":"2016-07-11T13:07:44","guid":{"rendered":"https:\/\/www.burg.biz\/?post_type=product&#038;p=31306"},"modified":"2018-04-23T12:04:21","modified_gmt":"2018-04-23T10:04:21","slug":"fun-95","status":"publish","type":"product","link":"https:\/\/test.burgwaechterservice.de\/fr\/p\/cadenas-et-porte-cadenas\/fun-95\/","title":{"rendered":"Fun 95"},"content":{"rendered":"<p><img decoding=\"async\" class=\"alignnone size-full wp-image-31268\" src=\"https:\/\/test.burgwaechterservice.de\/wp-content\/uploads\/2016\/07\/vorhangschloss_Kombination-verstellbar-1.jpg\" alt=\"vorhangschloss_Kombination verstellbar\" width=\"60\" height=\"61\" \/><\/p>\n<h2>Cadenas \u00e0 combinaison avec corps translucide et en couleur<\/h2>\n<ul>\n<li>3 rouleaux<\/li>\n<\/ul>\n<p>&nbsp;<\/p>\n<table class=\"ausfuehrung\">\n<thead>\n<tr>\n<td>Article<\/td>\n<td>\u00d8 de l\u2018anse<\/td>\n<td>Largeur libre de l\u2018anse<\/td>\n<td>Hauteur libre de l\u2018anse<\/td>\n<td>Hauteur totale<\/td>\n<\/tr>\n<\/thead>\n<tbody>\n<tr>\n<td class=\"subdesc\"><\/td>\n<td class=\"subdesc\">mm<\/td>\n<td class=\"subdesc\">mm<\/td>\n<td class=\"subdesc\">mm<\/td>\n<td class=\"subdesc\">mm<\/td>\n<\/tr>\n<\/tbody>\n<tbody>\n<tr>\n<td>95 30 Fun SB<\/td>\n<td>3,0<\/td>\n<td>9,0<\/td>\n<td>18,5<\/td>\n<td>68,0<\/td>\n<\/tr>\n<\/tbody>\n<\/table>\n","protected":false},"excerpt":{"rendered":"<p>Cadenas \u00e0 combinaison avec corps translucide et en couleur 3 rouleaux &nbsp; Article \u00d8 de l\u2018anse Largeur libre de l\u2018anse Hauteur libre de l\u2018anse Hauteur totale mm mm mm mm 95 30 Fun SB 3,0 9,0 18,5 68,0<\/p>\n","protected":false},"featured_media":33402,"comment_status":"closed","ping_status":"closed","template":"","meta":[],"product_cat":[30,39,3123],"product_tag":[],"yoast_head":"<!-- This site is optimized with the Yoast SEO Premium plugin v18.4 (Yoast SEO v19.13) - https:\/\/yoast.com\/wordpress\/plugins\/seo\/ -->\n<title>Fun 95 - BURG-W\u00c4CHTER<\/title>\n<meta name=\"description\" content=\"Cadenas \u00e0 combinaison avec corps translucide et en couleur 3 rouleaux &nbsp; Article \u00d8 de l\u2018anse Largeur libre de l\u2018anse Hauteur libre de l\u2018anse Hauteur\" \/>\n<meta name=\"robots\" content=\"index, follow, max-snippet:-1, max-image-preview:large, max-video-preview:-1\" \/>\n<link rel=\"canonical\" href=\"https:\/\/test.burgwaechterservice.de\/fr\/p\/cadenas-et-porte-cadenas\/fun-95\/\" \/>\n<meta property=\"og:locale\" content=\"fr_FR\" \/>\n<meta property=\"og:type\" content=\"article\" \/>\n<meta property=\"og:title\" content=\"Fun 95\" \/>\n<meta property=\"og:description\" content=\"Cadenas \u00e0 combinaison avec corps translucide et en couleur 3 rouleaux &nbsp; Article \u00d8 de l\u2018anse Largeur libre de l\u2018anse Hauteur libre de l\u2018anse Hauteur\" \/>\n<meta property=\"og:url\" content=\"https:\/\/test.burgwaechterservice.de\/fr\/p\/cadenas-et-porte-cadenas\/fun-95\/\" \/>\n<meta property=\"og:site_name\" content=\"Burg-W\u00e4chter France\" \/>\n<meta property=\"article:modified_time\" content=\"2018-04-23T10:04:21+00:00\" \/>\n<meta property=\"og:image\" content=\"https:\/\/test.burgwaechterservice.de\/fr\/wp-content\/uploads\/sites\/4\/2016\/07\/95fun_gr\u00fcn-Kopie-1-1.jpg\" \/>\n\t<meta property=\"og:image:width\" content=\"1200\" \/>\n\t<meta property=\"og:image:height\" content=\"1200\" \/>\n\t<meta property=\"og:image:type\" content=\"image\/jpeg\" \/>\n<meta name=\"twitter:card\" content=\"summary_large_image\" \/>\n<!-- \/ Yoast SEO Premium plugin. -->","yoast_head_json":{"title":"Fun 95 - BURG-W\u00c4CHTER","description":"Cadenas \u00e0 combinaison avec corps translucide et en couleur 3 rouleaux &nbsp; Article \u00d8 de l\u2018anse Largeur libre de l\u2018anse Hauteur libre de l\u2018anse Hauteur","robots":{"index":"index","follow":"follow","max-snippet":"max-snippet:-1","max-image-preview":"max-image-preview:large","max-video-preview":"max-video-preview:-1"},"canonical":"https:\/\/test.burgwaechterservice.de\/fr\/p\/cadenas-et-porte-cadenas\/fun-95\/","og_locale":"fr_FR","og_type":"article","og_title":"Fun 95","og_description":"Cadenas \u00e0 combinaison avec corps translucide et en couleur 3 rouleaux &nbsp; Article \u00d8 de l\u2018anse Largeur libre de l\u2018anse Hauteur libre de l\u2018anse Hauteur","og_url":"https:\/\/test.burgwaechterservice.de\/fr\/p\/cadenas-et-porte-cadenas\/fun-95\/","og_site_name":"Burg-W\u00e4chter France","article_modified_time":"2018-04-23T10:04:21+00:00","og_image":[{"width":1200,"height":1200,"url":"https:\/\/test.burgwaechterservice.de\/fr\/wp-content\/uploads\/sites\/4\/2016\/07\/95fun_gr\u00fcn-Kopie-1-1.jpg","type":"image\/jpeg"}],"twitter_card":"summary_large_image","schema":{"@context":"https:\/\/schema.org","@graph":[{"@type":"WebPage","@id":"https:\/\/test.burgwaechterservice.de\/fr\/p\/cadenas-et-porte-cadenas\/fun-95\/","url":"https:\/\/test.burgwaechterservice.de\/fr\/p\/cadenas-et-porte-cadenas\/fun-95\/","name":"Fun 95 - BURG-W\u00c4CHTER","isPartOf":{"@id":"https:\/\/test.burgwaechterservice.de\/fr\/#website"},"datePublished":"2016-07-11T13:07:44+00:00","dateModified":"2018-04-23T10:04:21+00:00","description":"Cadenas \u00e0 combinaison avec corps translucide et en couleur 3 rouleaux &nbsp; Article \u00d8 de l\u2018anse Largeur libre de l\u2018anse Hauteur libre de l\u2018anse Hauteur","breadcrumb":{"@id":"https:\/\/test.burgwaechterservice.de\/fr\/p\/cadenas-et-porte-cadenas\/fun-95\/#breadcrumb"},"inLanguage":"fr-FR","potentialAction":[{"@type":"ReadAction","target":["https:\/\/test.burgwaechterservice.de\/fr\/p\/cadenas-et-porte-cadenas\/fun-95\/"]}]},{"@type":"BreadcrumbList","@id":"https:\/\/test.burgwaechterservice.de\/fr\/p\/cadenas-et-porte-cadenas\/fun-95\/#breadcrumb","itemListElement":[{"@type":"ListItem","position":1,"name":"Accueil","item":"https:\/\/test.burgwaechterservice.de\/fr\/"},{"@type":"ListItem","position":2,"name":"Produits","item":"https:\/\/test.burgwaechterservice.de\/fr\/p\/"},{"@type":"ListItem","position":3,"name":"Fun 95"}]},{"@type":"WebSite","@id":"https:\/\/test.burgwaechterservice.de\/fr\/#website","url":"https:\/\/test.burgwaechterservice.de\/fr\/","name":"Burg-W\u00e4chter France","description":"Le choix le plus s\u00fbr!","potentialAction":[{"@type":"SearchAction","target":{"@type":"EntryPoint","urlTemplate":"https:\/\/test.burgwaechterservice.de\/fr\/?s={search_term_string}"},"query-input":"required name=search_term_string"}],"inLanguage":"fr-FR"}]}},"_links":{"self":[{"href":"https:\/\/test.burgwaechterservice.de\/fr\/wp-json\/wp\/v2\/product\/31306"}],"collection":[{"href":"https:\/\/test.burgwaechterservice.de\/fr\/wp-json\/wp\/v2\/product"}],"about":[{"href":"https:\/\/test.burgwaechterservice.de\/fr\/wp-json\/wp\/v2\/types\/product"}],"replies":[{"embeddable":true,"href":"https:\/\/test.burgwaechterservice.de\/fr\/wp-json\/wp\/v2\/comments?post=31306"}],"wp:featuredmedia":[{"embeddable":true,"href":"https:\/\/test.burgwaechterservice.de\/fr\/wp-json\/wp\/v2\/media\/33402"}],"wp:attachment":[{"href":"https:\/\/test.burgwaechterservice.de\/fr\/wp-json\/wp\/v2\/media?parent=31306"}],"wp:term":[{"taxonomy":"product_cat","embeddable":true,"href":"https:\/\/test.burgwaechterservice.de\/fr\/wp-json\/wp\/v2\/product_cat?post=31306"},{"taxonomy":"product_tag","embeddable":true,"href":"https:\/\/test.burgwaechterservice.de\/fr\/wp-json\/wp\/v2\/product_tag?post=31306"}],"curies":[{"name":"wp","href":"https:\/\/api.w.org\/{rel}","templated":true}]}}