{"id":31252,"date":"2016-07-11T10:52:41","date_gmt":"2016-07-11T08:52:41","guid":{"rendered":"https:\/\/www.burg.biz\/?post_type=product&#038;p=31252"},"modified":"2019-07-16T16:23:58","modified_gmt":"2019-07-16T14:23:58","slug":"tsa-74","status":"publish","type":"product","link":"https:\/\/test.burgwaechterservice.de\/fr\/p\/cadenas-et-porte-cadenas\/tsa-74\/","title":{"rendered":"TSA 74"},"content":{"rendered":"<p><img decoding=\"async\" class=\"alignnone size-full wp-image-31254\" src=\"https:\/\/test.burgwaechterservice.de\/fr\/wp-content\/uploads\/sites\/4\/2016\/07\/piktoreihe_TSA-74.jpg\" alt=\"Aufbohrschutz\" width=\"141\" height=\"61\" \/><br \/>\n<img decoding=\"async\" class=\"wp-image-272791 size-medium alignright\" src=\"https:\/\/test.burgwaechterservice.de\/fr\/wp-content\/uploads\/sites\/4\/2016\/07\/TSApproved_Horizontal_Red_RGB-300x110.png\" alt=\"\" width=\"300\" height=\"110\" srcset=\"https:\/\/test.burgwaechterservice.de\/fr\/wp-content\/uploads\/sites\/4\/2016\/07\/TSApproved_Horizontal_Red_RGB-300x110.png 300w, https:\/\/test.burgwaechterservice.de\/fr\/wp-content\/uploads\/sites\/4\/2016\/07\/TSApproved_Horizontal_Red_RGB-768x281.png 768w, https:\/\/test.burgwaechterservice.de\/fr\/wp-content\/uploads\/sites\/4\/2016\/07\/TSApproved_Horizontal_Red_RGB-1024x374.png 1024w, https:\/\/test.burgwaechterservice.de\/fr\/wp-content\/uploads\/sites\/4\/2016\/07\/TSApproved_Horizontal_Red_RGB.png 1105w\" sizes=\"(max-width: 300px) 100vw, 300px\" \/><\/p>\n<h2>Cadenas de s\u00e9curit\u00e9 \u00e0 combinaison<\/h2>\n<ul>\n<li>sp\u00e9cialement pour vos voyages en avion<\/li>\n<li>s\u00e9curit\u00e9 pour vos bagages<\/li>\n<li>fonction d\u2018ouverture additionnelle pour la douane (p.ex. \u00c9tats-Unis)<\/li>\n<li>3 rouleaux<\/li>\n<li>avec fil d\u2018anse flexible, 131 mm de long, \u00d8 4mm<\/li>\n<li>hauteur de l\u2018anse flexible<\/li>\n<\/ul>\n<p><strong>Cadenas-TSA:<\/strong><br \/>\nCadenas \u00e0 combinaison pour les voyages aux USA. L\u2018autorit\u00e9 am\u00e9ricaine de s\u00e9curit\u00e9 TSA peut ouvrir votre cadenas \u00e0 des fins de contr\u00f4les. Si votre bagage n\u2018a pas de TSA, il se peut que celui-ci soit cass\u00e9.<\/p>\n<p>&nbsp;<\/p>\n<table class=\"ausfuehrung\">\n<thead>\n<tr>\n<td>Article<\/td>\n<td>\u00d8 de l\u2018anse<\/td>\n<td>Largeur libre de l\u2018anse<\/td>\n<td>Hauteur libre de l\u2018anse<\/td>\n<td>Hauteur totale<\/td>\n<\/tr>\n<\/thead>\n<tbody>\n<tr>\n<td class=\"subdesc\"><\/td>\n<td class=\"subdesc\">mm<\/td>\n<td class=\"subdesc\">mm<\/td>\n<td class=\"subdesc\">mm<\/td>\n<td class=\"subdesc\">mm<\/td>\n<\/tr>\n<\/tbody>\n<tbody>\n<tr>\n<td>74 30 SB<\/td>\n<td>2,9<\/td>\n<td>28,0<\/td>\n<td>54,0<\/td>\n<td>104<\/td>\n<\/tr>\n<\/tbody>\n<\/table>\n","protected":false},"excerpt":{"rendered":"<p>Cadenas de s\u00e9curit\u00e9 \u00e0 combinaison sp\u00e9cialement pour vos voyages en avion s\u00e9curit\u00e9 pour vos bagages fonction d\u2018ouverture additionnelle pour la douane (p.ex. \u00c9tats-Unis) 3 rouleaux avec fil d\u2018anse flexible, 131 mm de long, \u00d8 4mm hauteur de l\u2018anse flexible Cadenas-TSA: &hellip; <a class=\"kt-excerpt-readmore\" href=\"https:\/\/test.burgwaechterservice.de\/fr\/p\/cadenas-et-porte-cadenas\/tsa-74\/\" aria-label=\"TSA 74\">Lire la suite<\/a><\/p>\n","protected":false},"featured_media":31257,"comment_status":"closed","ping_status":"closed","template":"","meta":[],"product_cat":[30,39,3123,3125],"product_tag":[],"yoast_head":"<!-- This site is optimized with the Yoast SEO Premium plugin v18.4 (Yoast SEO v19.13) - https:\/\/yoast.com\/wordpress\/plugins\/seo\/ -->\n<title>TSA 74 - BURG-W\u00c4CHTER<\/title>\n<meta name=\"description\" content=\"Cadenas de s\u00e9curit\u00e9 \u00e0 combinaison sp\u00e9cialement pour vos voyages en avion s\u00e9curit\u00e9 pour vos bagages fonction d\u2018ouverture additionnelle pour la douane\" \/>\n<meta name=\"robots\" content=\"index, follow, max-snippet:-1, max-image-preview:large, max-video-preview:-1\" \/>\n<link rel=\"canonical\" href=\"https:\/\/test.burgwaechterservice.de\/fr\/p\/cadenas-et-porte-cadenas\/tsa-74\/\" \/>\n<meta property=\"og:locale\" content=\"fr_FR\" \/>\n<meta property=\"og:type\" content=\"article\" \/>\n<meta property=\"og:title\" content=\"TSA 74\" \/>\n<meta property=\"og:description\" content=\"Cadenas de s\u00e9curit\u00e9 \u00e0 combinaison sp\u00e9cialement pour vos voyages en avion s\u00e9curit\u00e9 pour vos bagages fonction d\u2018ouverture additionnelle pour la douane\" \/>\n<meta property=\"og:url\" content=\"https:\/\/test.burgwaechterservice.de\/fr\/p\/cadenas-et-porte-cadenas\/tsa-74\/\" \/>\n<meta property=\"og:site_name\" content=\"Burg-W\u00e4chter France\" \/>\n<meta property=\"article:modified_time\" content=\"2019-07-16T14:23:58+00:00\" \/>\n<meta property=\"og:image\" content=\"https:\/\/test.burgwaechterservice.de\/fr\/wp-content\/uploads\/sites\/4\/2016\/07\/TSA-74-30-SB.jpg\" \/>\n\t<meta property=\"og:image:width\" content=\"1772\" \/>\n\t<meta property=\"og:image:height\" content=\"1772\" \/>\n\t<meta property=\"og:image:type\" content=\"image\/jpeg\" \/>\n<meta name=\"twitter:card\" content=\"summary_large_image\" \/>\n<meta name=\"twitter:label1\" content=\"Dur\u00e9e de lecture estim\u00e9e\" \/>\n\t<meta name=\"twitter:data1\" content=\"1 minute\" \/>\n<!-- \/ Yoast SEO Premium plugin. -->","yoast_head_json":{"title":"TSA 74 - BURG-W\u00c4CHTER","description":"Cadenas de s\u00e9curit\u00e9 \u00e0 combinaison sp\u00e9cialement pour vos voyages en avion s\u00e9curit\u00e9 pour vos bagages fonction d\u2018ouverture additionnelle pour la douane","robots":{"index":"index","follow":"follow","max-snippet":"max-snippet:-1","max-image-preview":"max-image-preview:large","max-video-preview":"max-video-preview:-1"},"canonical":"https:\/\/test.burgwaechterservice.de\/fr\/p\/cadenas-et-porte-cadenas\/tsa-74\/","og_locale":"fr_FR","og_type":"article","og_title":"TSA 74","og_description":"Cadenas de s\u00e9curit\u00e9 \u00e0 combinaison sp\u00e9cialement pour vos voyages en avion s\u00e9curit\u00e9 pour vos bagages fonction d\u2018ouverture additionnelle pour la douane","og_url":"https:\/\/test.burgwaechterservice.de\/fr\/p\/cadenas-et-porte-cadenas\/tsa-74\/","og_site_name":"Burg-W\u00e4chter France","article_modified_time":"2019-07-16T14:23:58+00:00","og_image":[{"width":1772,"height":1772,"url":"https:\/\/test.burgwaechterservice.de\/fr\/wp-content\/uploads\/sites\/4\/2016\/07\/TSA-74-30-SB.jpg","type":"image\/jpeg"}],"twitter_card":"summary_large_image","twitter_misc":{"Dur\u00e9e de lecture estim\u00e9e":"1 minute"},"schema":{"@context":"https:\/\/schema.org","@graph":[{"@type":"WebPage","@id":"https:\/\/test.burgwaechterservice.de\/fr\/p\/cadenas-et-porte-cadenas\/tsa-74\/","url":"https:\/\/test.burgwaechterservice.de\/fr\/p\/cadenas-et-porte-cadenas\/tsa-74\/","name":"TSA 74 - BURG-W\u00c4CHTER","isPartOf":{"@id":"https:\/\/test.burgwaechterservice.de\/fr\/#website"},"datePublished":"2016-07-11T08:52:41+00:00","dateModified":"2019-07-16T14:23:58+00:00","description":"Cadenas de s\u00e9curit\u00e9 \u00e0 combinaison sp\u00e9cialement pour vos voyages en avion s\u00e9curit\u00e9 pour vos bagages fonction d\u2018ouverture additionnelle pour la douane","breadcrumb":{"@id":"https:\/\/test.burgwaechterservice.de\/fr\/p\/cadenas-et-porte-cadenas\/tsa-74\/#breadcrumb"},"inLanguage":"fr-FR","potentialAction":[{"@type":"ReadAction","target":["https:\/\/test.burgwaechterservice.de\/fr\/p\/cadenas-et-porte-cadenas\/tsa-74\/"]}]},{"@type":"BreadcrumbList","@id":"https:\/\/test.burgwaechterservice.de\/fr\/p\/cadenas-et-porte-cadenas\/tsa-74\/#breadcrumb","itemListElement":[{"@type":"ListItem","position":1,"name":"Accueil","item":"https:\/\/test.burgwaechterservice.de\/fr\/"},{"@type":"ListItem","position":2,"name":"Produits","item":"https:\/\/test.burgwaechterservice.de\/fr\/p\/"},{"@type":"ListItem","position":3,"name":"TSA 74"}]},{"@type":"WebSite","@id":"https:\/\/test.burgwaechterservice.de\/fr\/#website","url":"https:\/\/test.burgwaechterservice.de\/fr\/","name":"Burg-W\u00e4chter France","description":"Le choix le plus s\u00fbr!","potentialAction":[{"@type":"SearchAction","target":{"@type":"EntryPoint","urlTemplate":"https:\/\/test.burgwaechterservice.de\/fr\/?s={search_term_string}"},"query-input":"required name=search_term_string"}],"inLanguage":"fr-FR"}]}},"_links":{"self":[{"href":"https:\/\/test.burgwaechterservice.de\/fr\/wp-json\/wp\/v2\/product\/31252"}],"collection":[{"href":"https:\/\/test.burgwaechterservice.de\/fr\/wp-json\/wp\/v2\/product"}],"about":[{"href":"https:\/\/test.burgwaechterservice.de\/fr\/wp-json\/wp\/v2\/types\/product"}],"replies":[{"embeddable":true,"href":"https:\/\/test.burgwaechterservice.de\/fr\/wp-json\/wp\/v2\/comments?post=31252"}],"wp:featuredmedia":[{"embeddable":true,"href":"https:\/\/test.burgwaechterservice.de\/fr\/wp-json\/wp\/v2\/media\/31257"}],"wp:attachment":[{"href":"https:\/\/test.burgwaechterservice.de\/fr\/wp-json\/wp\/v2\/media?parent=31252"}],"wp:term":[{"taxonomy":"product_cat","embeddable":true,"href":"https:\/\/test.burgwaechterservice.de\/fr\/wp-json\/wp\/v2\/product_cat?post=31252"},{"taxonomy":"product_tag","embeddable":true,"href":"https:\/\/test.burgwaechterservice.de\/fr\/wp-json\/wp\/v2\/product_tag?post=31252"}],"curies":[{"name":"wp","href":"https:\/\/api.w.org\/{rel}","templated":true}]}}