{"id":31249,"date":"2016-07-11T10:07:16","date_gmt":"2016-07-11T08:07:16","guid":{"rendered":"https:\/\/www.burg.biz\/?post_type=product&#038;p=31249"},"modified":"2018-04-23T12:06:11","modified_gmt":"2018-04-23T10:06:11","slug":"771-f-40-london","status":"publish","type":"product","link":"https:\/\/test.burgwaechterservice.de\/fr\/p\/cadenas-et-porte-cadenas\/771-f-40-london\/","title":{"rendered":"771 F 40 SB London"},"content":{"rendered":"<p><img decoding=\"async\" class=\"alignnone size-full wp-image-31239\" src=\"https:\/\/test.burgwaechterservice.de\/wp-content\/uploads\/2016\/07\/piktoreihe_771F40.jpg\" alt=\"Aufbohrschutz\" width=\"208\" height=\"64\" \/><\/p>\n<h2>Cadenas \u00e0 cylindre<\/h2>\n<ul>\n<li>la s\u00e9rie de cadenas cr\u00e9ative<\/li>\n<li>compl\u00e8te avec d\u00e9cor motif Berlin ou Londres<\/li>\n<li>corps en aluminium massif<\/li>\n<li>anse en acier c\u00e9ment\u00e9 double verrouillage<\/li>\n<li>int\u00e9rieur inoxydable<\/li>\n<\/ul>\n<p>&nbsp;<\/p>\n<table class=\"ausfuehrung\">\n<thead>\n<tr>\n<td>Article<\/td>\n<td>\u00d8 de l\u2018anse<\/td>\n<td>Largeur libre de l\u2018anse<\/td>\n<td>Hauteur libre de l\u2018anse<\/td>\n<td>Hauteur totale<\/td>\n<td>N\u00b0. d\u2019\u00e9bauche<\/td>\n<\/tr>\n<\/thead>\n<tbody>\n<tr>\n<td class=\"subdesc\"><\/td>\n<td class=\"subdesc\">mm<\/td>\n<td class=\"subdesc\">mm<\/td>\n<td class=\"subdesc\">mm<\/td>\n<td class=\"subdesc\">mm<\/td>\n<td class=\"subdesc\"><\/td>\n<\/tr>\n<\/tbody>\n<tbody>\n<tr>\n<td>771 F London SB<\/td>\n<td>6,5<\/td>\n<td>22,0<\/td>\n<td>23,5<\/td>\n<td>64,0<\/td>\n<td>68R<\/td>\n<\/tr>\n<\/tbody>\n<\/table>\n","protected":false},"excerpt":{"rendered":"<p>Cadenas \u00e0 cylindre la s\u00e9rie de cadenas cr\u00e9ative compl\u00e8te avec d\u00e9cor motif Berlin ou Londres corps en aluminium massif anse en acier c\u00e9ment\u00e9 double verrouillage int\u00e9rieur inoxydable &nbsp; Article \u00d8 de l\u2018anse Largeur libre de l\u2018anse Hauteur libre de l\u2018anse &hellip; <a class=\"kt-excerpt-readmore\" href=\"https:\/\/test.burgwaechterservice.de\/fr\/p\/cadenas-et-porte-cadenas\/771-f-40-london\/\" aria-label=\"771 F 40 SB London\">Lire la suite<\/a><\/p>\n","protected":false},"featured_media":33431,"comment_status":"closed","ping_status":"closed","template":"","meta":[],"product_cat":[30,39,3124,3122],"product_tag":[],"yoast_head":"<!-- This site is optimized with the Yoast SEO Premium plugin v18.4 (Yoast SEO v19.13) - https:\/\/yoast.com\/wordpress\/plugins\/seo\/ -->\n<title>771 F 40 SB London - BURG-W\u00c4CHTER<\/title>\n<meta name=\"description\" content=\"Cadenas \u00e0 cylindre la s\u00e9rie de cadenas cr\u00e9ative compl\u00e8te avec d\u00e9cor motif Berlin ou Londres corps en aluminium massif anse en acier c\u00e9ment\u00e9 double\" \/>\n<meta name=\"robots\" content=\"index, follow, max-snippet:-1, max-image-preview:large, max-video-preview:-1\" \/>\n<link rel=\"canonical\" href=\"https:\/\/test.burgwaechterservice.de\/fr\/p\/cadenas-et-porte-cadenas\/771-f-40-london\/\" \/>\n<meta property=\"og:locale\" content=\"fr_FR\" \/>\n<meta property=\"og:type\" content=\"article\" \/>\n<meta property=\"og:title\" content=\"771 F 40 SB London\" \/>\n<meta property=\"og:description\" content=\"Cadenas \u00e0 cylindre la s\u00e9rie de cadenas cr\u00e9ative compl\u00e8te avec d\u00e9cor motif Berlin ou Londres corps en aluminium massif anse en acier c\u00e9ment\u00e9 double\" \/>\n<meta property=\"og:url\" content=\"https:\/\/test.burgwaechterservice.de\/fr\/p\/cadenas-et-porte-cadenas\/771-f-40-london\/\" \/>\n<meta property=\"og:site_name\" content=\"Burg-W\u00e4chter France\" \/>\n<meta property=\"article:modified_time\" content=\"2018-04-23T10:06:11+00:00\" \/>\n<meta property=\"og:image\" content=\"https:\/\/test.burgwaechterservice.de\/fr\/wp-content\/uploads\/sites\/4\/2016\/07\/SC771F40LondonSB-1.jpg\" \/>\n\t<meta property=\"og:image:width\" content=\"1200\" \/>\n\t<meta property=\"og:image:height\" content=\"1200\" \/>\n\t<meta property=\"og:image:type\" content=\"image\/jpeg\" \/>\n<meta name=\"twitter:card\" content=\"summary_large_image\" \/>\n<!-- \/ Yoast SEO Premium plugin. -->","yoast_head_json":{"title":"771 F 40 SB London - BURG-W\u00c4CHTER","description":"Cadenas \u00e0 cylindre la s\u00e9rie de cadenas cr\u00e9ative compl\u00e8te avec d\u00e9cor motif Berlin ou Londres corps en aluminium massif anse en acier c\u00e9ment\u00e9 double","robots":{"index":"index","follow":"follow","max-snippet":"max-snippet:-1","max-image-preview":"max-image-preview:large","max-video-preview":"max-video-preview:-1"},"canonical":"https:\/\/test.burgwaechterservice.de\/fr\/p\/cadenas-et-porte-cadenas\/771-f-40-london\/","og_locale":"fr_FR","og_type":"article","og_title":"771 F 40 SB London","og_description":"Cadenas \u00e0 cylindre la s\u00e9rie de cadenas cr\u00e9ative compl\u00e8te avec d\u00e9cor motif Berlin ou Londres corps en aluminium massif anse en acier c\u00e9ment\u00e9 double","og_url":"https:\/\/test.burgwaechterservice.de\/fr\/p\/cadenas-et-porte-cadenas\/771-f-40-london\/","og_site_name":"Burg-W\u00e4chter France","article_modified_time":"2018-04-23T10:06:11+00:00","og_image":[{"width":1200,"height":1200,"url":"https:\/\/test.burgwaechterservice.de\/fr\/wp-content\/uploads\/sites\/4\/2016\/07\/SC771F40LondonSB-1.jpg","type":"image\/jpeg"}],"twitter_card":"summary_large_image","schema":{"@context":"https:\/\/schema.org","@graph":[{"@type":"WebPage","@id":"https:\/\/test.burgwaechterservice.de\/fr\/p\/cadenas-et-porte-cadenas\/771-f-40-london\/","url":"https:\/\/test.burgwaechterservice.de\/fr\/p\/cadenas-et-porte-cadenas\/771-f-40-london\/","name":"771 F 40 SB London - BURG-W\u00c4CHTER","isPartOf":{"@id":"https:\/\/test.burgwaechterservice.de\/fr\/#website"},"datePublished":"2016-07-11T08:07:16+00:00","dateModified":"2018-04-23T10:06:11+00:00","description":"Cadenas \u00e0 cylindre la s\u00e9rie de cadenas cr\u00e9ative compl\u00e8te avec d\u00e9cor motif Berlin ou Londres corps en aluminium massif anse en acier c\u00e9ment\u00e9 double","breadcrumb":{"@id":"https:\/\/test.burgwaechterservice.de\/fr\/p\/cadenas-et-porte-cadenas\/771-f-40-london\/#breadcrumb"},"inLanguage":"fr-FR","potentialAction":[{"@type":"ReadAction","target":["https:\/\/test.burgwaechterservice.de\/fr\/p\/cadenas-et-porte-cadenas\/771-f-40-london\/"]}]},{"@type":"BreadcrumbList","@id":"https:\/\/test.burgwaechterservice.de\/fr\/p\/cadenas-et-porte-cadenas\/771-f-40-london\/#breadcrumb","itemListElement":[{"@type":"ListItem","position":1,"name":"Accueil","item":"https:\/\/test.burgwaechterservice.de\/fr\/"},{"@type":"ListItem","position":2,"name":"Produits","item":"https:\/\/test.burgwaechterservice.de\/fr\/p\/"},{"@type":"ListItem","position":3,"name":"771 F 40 SB London"}]},{"@type":"WebSite","@id":"https:\/\/test.burgwaechterservice.de\/fr\/#website","url":"https:\/\/test.burgwaechterservice.de\/fr\/","name":"Burg-W\u00e4chter France","description":"Le choix le plus s\u00fbr!","potentialAction":[{"@type":"SearchAction","target":{"@type":"EntryPoint","urlTemplate":"https:\/\/test.burgwaechterservice.de\/fr\/?s={search_term_string}"},"query-input":"required name=search_term_string"}],"inLanguage":"fr-FR"}]}},"_links":{"self":[{"href":"https:\/\/test.burgwaechterservice.de\/fr\/wp-json\/wp\/v2\/product\/31249"}],"collection":[{"href":"https:\/\/test.burgwaechterservice.de\/fr\/wp-json\/wp\/v2\/product"}],"about":[{"href":"https:\/\/test.burgwaechterservice.de\/fr\/wp-json\/wp\/v2\/types\/product"}],"replies":[{"embeddable":true,"href":"https:\/\/test.burgwaechterservice.de\/fr\/wp-json\/wp\/v2\/comments?post=31249"}],"wp:featuredmedia":[{"embeddable":true,"href":"https:\/\/test.burgwaechterservice.de\/fr\/wp-json\/wp\/v2\/media\/33431"}],"wp:attachment":[{"href":"https:\/\/test.burgwaechterservice.de\/fr\/wp-json\/wp\/v2\/media?parent=31249"}],"wp:term":[{"taxonomy":"product_cat","embeddable":true,"href":"https:\/\/test.burgwaechterservice.de\/fr\/wp-json\/wp\/v2\/product_cat?post=31249"},{"taxonomy":"product_tag","embeddable":true,"href":"https:\/\/test.burgwaechterservice.de\/fr\/wp-json\/wp\/v2\/product_tag?post=31249"}],"curies":[{"name":"wp","href":"https:\/\/api.w.org\/{rel}","templated":true}]}}