{"id":31190,"date":"2016-07-07T14:32:15","date_gmt":"2016-07-07T12:32:15","guid":{"rendered":"https:\/\/www.burg.biz\/?post_type=product&#038;p=31190"},"modified":"2021-05-28T11:21:23","modified_gmt":"2021-05-28T09:21:23","slug":"770-alutitan","status":"publish","type":"product","link":"https:\/\/test.burgwaechterservice.de\/fr\/p\/cadenas-et-porte-cadenas\/770-alutitan\/","title":{"rendered":"770 Alutitan"},"content":{"rendered":"<p><img decoding=\"async\" class=\"alignnone size-full wp-image-37400\" src=\"https:\/\/test.burgwaechterservice.de\/fr\/wp-content\/uploads\/sites\/4\/2016\/07\/piktoreihe_770Alutitan-1.jpg\" alt=\"Aufbohrschutz\" width=\"291\" height=\"81\" \/><\/p>\n<h2>Cadenas \u00e0 cylindre<\/h2>\n<ul>\n<li>corps en aluminium massif<\/li>\n<li>anse en acier c\u00e9ment\u00e9e, double verrouillage (a.p.d. 30 mm)<\/li>\n<li>int\u00e9rieur inoxydable<\/li>\n<\/ul>\n<p><strong>Jeux de cadenas &#8211;\u00a0Cadenas s\u2018entrouvrants, emball\u00e9s pour le libreservice<\/strong><\/p>\n<ul>\n<li>chaque jeu livr\u00e9 avec 4 cl\u00e9s<\/li>\n<\/ul>\n<p><strong>HB = avec grande anse<\/strong><\/p>\n<p>1 cl\u00e9 ouvre tous les cadenas!<\/p>\n<p>&nbsp;<\/p>\n<table class=\"ausfuehrung\">\n<thead>\n<tr>\n<td>Article<\/td>\n<td>\u00d8 de l\u2018anse<\/td>\n<td>Largeur libre de l\u2018anse<\/td>\n<td>Hauteur libre de l\u2018anse<\/td>\n<td>Hauteur totale<\/td>\n<td>N\u00b0. d\u2019\u00e9bauche<\/td>\n<\/tr>\n<\/thead>\n<tbody>\n<tr>\n<td class=\"subdesc\"><\/td>\n<td class=\"subdesc\">mm<\/td>\n<td class=\"subdesc\">mm<\/td>\n<td class=\"subdesc\">mm<\/td>\n<td class=\"subdesc\">mm<\/td>\n<td class=\"subdesc\"><\/td>\n<\/tr>\n<\/tbody>\n<tbody>\n<tr>\n<td>770 30<\/td>\n<td>5,0<\/td>\n<td>16,0<\/td>\n<td>17,0<\/td>\n<td>51,0<\/td>\n<td>67\/R<\/td>\n<\/tr>\n<tr>\n<td>770 40<\/td>\n<td>6,5<\/td>\n<td>22,,0<\/td>\n<td>23,5<\/td>\n<td>64,0<\/td>\n<td>68\/R<\/td>\n<\/tr>\n<tr>\n<td>770 50<\/td>\n<td>8,0<\/td>\n<td>28,0<\/td>\n<td>29,5<\/td>\n<td>79,0<\/td>\n<td>68\/R<\/td>\n<\/tr>\n<tr>\n<td>770 60<\/td>\n<td>9,5<\/td>\n<td>35,0<\/td>\n<td>34,5<\/td>\n<td>88,0<\/td>\n<td>68\/R<\/td>\n<\/tr>\n<tr>\n<td>770 HB 20 26<\/td>\n<td>3,7<\/td>\n<td>10,0<\/td>\n<td>26,2<\/td>\n<td>50,0<\/td>\n<td>41\/L<\/td>\n<\/tr>\n<tr>\n<td>770 HB 30 45<\/td>\n<td>5,0<\/td>\n<td>16,0<\/td>\n<td>45,0<\/td>\n<td>79,0<\/td>\n<td>67\/R<\/td>\n<\/tr>\n<tr>\n<td>770 HB 40 65<\/td>\n<td>6,5<\/td>\n<td>22,0<\/td>\n<td>65,0<\/td>\n<td>107,0<\/td>\n<td>68\/R<\/td>\n<\/tr>\n<tr>\n<td>DUO 770 20 26<\/td>\n<td>3,5<\/td>\n<td>11,0<\/td>\n<td>23,0<\/td>\n<td>50,0<\/td>\n<td>41\/L<\/td>\n<\/tr>\n<tr>\n<td>DUO 770 30<\/td>\n<td>5,0<\/td>\n<td>16,0<\/td>\n<td>17,0<\/td>\n<td>51,0<\/td>\n<td>67\/R<\/td>\n<\/tr>\n<tr>\n<td>DUO 770 40<\/td>\n<td>6,5<\/td>\n<td>22,0<\/td>\n<td>23,5<\/td>\n<td>64,0<\/td>\n<td>68\/R<\/td>\n<\/tr>\n<\/tbody>\n<\/table>\n","protected":false},"excerpt":{"rendered":"<p>Cadenas \u00e0 cylindre corps en aluminium massif anse en acier c\u00e9ment\u00e9e, double verrouillage (a.p.d. 30 mm) int\u00e9rieur inoxydable Jeux de cadenas &#8211;\u00a0Cadenas s\u2018entrouvrants, emball\u00e9s pour le libreservice chaque jeu livr\u00e9 avec 4 cl\u00e9s HB = avec grande anse 1 cl\u00e9 &hellip; <a class=\"kt-excerpt-readmore\" href=\"https:\/\/test.burgwaechterservice.de\/fr\/p\/cadenas-et-porte-cadenas\/770-alutitan\/\" aria-label=\"770 Alutitan\">Lire la suite<\/a><\/p>\n","protected":false},"featured_media":33426,"comment_status":"closed","ping_status":"closed","template":"","meta":[],"product_cat":[30,39,3122],"product_tag":[],"yoast_head":"<!-- This site is optimized with the Yoast SEO Premium plugin v18.4 (Yoast SEO v19.13) - https:\/\/yoast.com\/wordpress\/plugins\/seo\/ -->\n<title>770 Alutitan - BURG-W\u00c4CHTER<\/title>\n<meta name=\"description\" content=\"Cadenas \u00e0 cylindre corps en aluminium massif anse en acier c\u00e9ment\u00e9e, double verrouillage (a.p.d. 30 mm) int\u00e9rieur inoxydable Jeux de cadenas -\u00a0Cadenas\" \/>\n<meta name=\"robots\" content=\"index, follow, max-snippet:-1, max-image-preview:large, max-video-preview:-1\" \/>\n<link rel=\"canonical\" href=\"https:\/\/test.burgwaechterservice.de\/fr\/p\/cadenas-et-porte-cadenas\/770-alutitan\/\" \/>\n<meta property=\"og:locale\" content=\"fr_FR\" \/>\n<meta property=\"og:type\" content=\"article\" \/>\n<meta property=\"og:title\" content=\"770 Alutitan\" \/>\n<meta property=\"og:description\" content=\"Cadenas \u00e0 cylindre corps en aluminium massif anse en acier c\u00e9ment\u00e9e, double verrouillage (a.p.d. 30 mm) int\u00e9rieur inoxydable Jeux de cadenas -\u00a0Cadenas\" \/>\n<meta property=\"og:url\" content=\"https:\/\/test.burgwaechterservice.de\/fr\/p\/cadenas-et-porte-cadenas\/770-alutitan\/\" \/>\n<meta property=\"og:site_name\" content=\"Burg-W\u00e4chter France\" \/>\n<meta property=\"article:modified_time\" content=\"2021-05-28T09:21:23+00:00\" \/>\n<meta property=\"og:image\" content=\"https:\/\/test.burgwaechterservice.de\/fr\/wp-content\/uploads\/sites\/4\/2016\/07\/Zylinder_Vorhangschloss_770_ALUTITAN-01-1-2.jpg\" \/>\n\t<meta property=\"og:image:width\" content=\"850\" \/>\n\t<meta property=\"og:image:height\" content=\"850\" \/>\n\t<meta property=\"og:image:type\" content=\"image\/jpeg\" \/>\n<meta name=\"twitter:card\" content=\"summary_large_image\" \/>\n<meta name=\"twitter:label1\" content=\"Dur\u00e9e de lecture estim\u00e9e\" \/>\n\t<meta name=\"twitter:data1\" content=\"1 minute\" \/>\n<!-- \/ Yoast SEO Premium plugin. -->","yoast_head_json":{"title":"770 Alutitan - BURG-W\u00c4CHTER","description":"Cadenas \u00e0 cylindre corps en aluminium massif anse en acier c\u00e9ment\u00e9e, double verrouillage (a.p.d. 30 mm) int\u00e9rieur inoxydable Jeux de cadenas -\u00a0Cadenas","robots":{"index":"index","follow":"follow","max-snippet":"max-snippet:-1","max-image-preview":"max-image-preview:large","max-video-preview":"max-video-preview:-1"},"canonical":"https:\/\/test.burgwaechterservice.de\/fr\/p\/cadenas-et-porte-cadenas\/770-alutitan\/","og_locale":"fr_FR","og_type":"article","og_title":"770 Alutitan","og_description":"Cadenas \u00e0 cylindre corps en aluminium massif anse en acier c\u00e9ment\u00e9e, double verrouillage (a.p.d. 30 mm) int\u00e9rieur inoxydable Jeux de cadenas -\u00a0Cadenas","og_url":"https:\/\/test.burgwaechterservice.de\/fr\/p\/cadenas-et-porte-cadenas\/770-alutitan\/","og_site_name":"Burg-W\u00e4chter France","article_modified_time":"2021-05-28T09:21:23+00:00","og_image":[{"width":850,"height":850,"url":"https:\/\/test.burgwaechterservice.de\/fr\/wp-content\/uploads\/sites\/4\/2016\/07\/Zylinder_Vorhangschloss_770_ALUTITAN-01-1-2.jpg","type":"image\/jpeg"}],"twitter_card":"summary_large_image","twitter_misc":{"Dur\u00e9e de lecture estim\u00e9e":"1 minute"},"schema":{"@context":"https:\/\/schema.org","@graph":[{"@type":"WebPage","@id":"https:\/\/test.burgwaechterservice.de\/fr\/p\/cadenas-et-porte-cadenas\/770-alutitan\/","url":"https:\/\/test.burgwaechterservice.de\/fr\/p\/cadenas-et-porte-cadenas\/770-alutitan\/","name":"770 Alutitan - BURG-W\u00c4CHTER","isPartOf":{"@id":"https:\/\/test.burgwaechterservice.de\/fr\/#website"},"datePublished":"2016-07-07T12:32:15+00:00","dateModified":"2021-05-28T09:21:23+00:00","description":"Cadenas \u00e0 cylindre corps en aluminium massif anse en acier c\u00e9ment\u00e9e, double verrouillage (a.p.d. 30 mm) int\u00e9rieur inoxydable Jeux de cadenas -\u00a0Cadenas","breadcrumb":{"@id":"https:\/\/test.burgwaechterservice.de\/fr\/p\/cadenas-et-porte-cadenas\/770-alutitan\/#breadcrumb"},"inLanguage":"fr-FR","potentialAction":[{"@type":"ReadAction","target":["https:\/\/test.burgwaechterservice.de\/fr\/p\/cadenas-et-porte-cadenas\/770-alutitan\/"]}]},{"@type":"BreadcrumbList","@id":"https:\/\/test.burgwaechterservice.de\/fr\/p\/cadenas-et-porte-cadenas\/770-alutitan\/#breadcrumb","itemListElement":[{"@type":"ListItem","position":1,"name":"Accueil","item":"https:\/\/test.burgwaechterservice.de\/fr\/"},{"@type":"ListItem","position":2,"name":"Produits","item":"https:\/\/test.burgwaechterservice.de\/fr\/p\/"},{"@type":"ListItem","position":3,"name":"770 Alutitan"}]},{"@type":"WebSite","@id":"https:\/\/test.burgwaechterservice.de\/fr\/#website","url":"https:\/\/test.burgwaechterservice.de\/fr\/","name":"Burg-W\u00e4chter France","description":"Le choix le plus s\u00fbr!","potentialAction":[{"@type":"SearchAction","target":{"@type":"EntryPoint","urlTemplate":"https:\/\/test.burgwaechterservice.de\/fr\/?s={search_term_string}"},"query-input":"required name=search_term_string"}],"inLanguage":"fr-FR"}]}},"_links":{"self":[{"href":"https:\/\/test.burgwaechterservice.de\/fr\/wp-json\/wp\/v2\/product\/31190"}],"collection":[{"href":"https:\/\/test.burgwaechterservice.de\/fr\/wp-json\/wp\/v2\/product"}],"about":[{"href":"https:\/\/test.burgwaechterservice.de\/fr\/wp-json\/wp\/v2\/types\/product"}],"replies":[{"embeddable":true,"href":"https:\/\/test.burgwaechterservice.de\/fr\/wp-json\/wp\/v2\/comments?post=31190"}],"wp:featuredmedia":[{"embeddable":true,"href":"https:\/\/test.burgwaechterservice.de\/fr\/wp-json\/wp\/v2\/media\/33426"}],"wp:attachment":[{"href":"https:\/\/test.burgwaechterservice.de\/fr\/wp-json\/wp\/v2\/media?parent=31190"}],"wp:term":[{"taxonomy":"product_cat","embeddable":true,"href":"https:\/\/test.burgwaechterservice.de\/fr\/wp-json\/wp\/v2\/product_cat?post=31190"},{"taxonomy":"product_tag","embeddable":true,"href":"https:\/\/test.burgwaechterservice.de\/fr\/wp-json\/wp\/v2\/product_tag?post=31190"}],"curies":[{"name":"wp","href":"https:\/\/api.w.org\/{rel}","templated":true}]}}