{"id":31152,"date":"2016-07-05T15:54:49","date_gmt":"2016-07-05T13:54:49","guid":{"rendered":"https:\/\/www.burg.biz\/?post_type=product&#038;p=31152"},"modified":"2017-11-20T11:01:49","modified_gmt":"2017-11-20T10:01:49","slug":"accessoires-pour-officeline-et-officedoku","status":"publish","type":"product","link":"https:\/\/test.burgwaechterservice.de\/fr\/p\/coffres-forts\/accessoires-pour-officeline-et-officedoku\/","title":{"rendered":"Accessoires pour OfficeLine et OfficeDoku"},"content":{"rendered":"<h2>Coffre-fort int\u00e9rieur avec serrure \u00e0 cylindre pour la gamme OfficeLine<\/h2>\n<p>Vous pouvez demander des coffres-forts int\u00e9rieurs suppl\u00e9mentaires pour prot\u00e9ger ou am\u00e9liorer ult\u00e9rieurement davantage la protection contre l&#8217;effraction de votre OfficeLine. Ils sont ancr\u00e9s solidement \u00e0 l&#8217;int\u00e9rieur et offrent ainsi un stockage s\u00fbr et organis\u00e9 pour d&#8217;autres objets de valeur.<br \/>\nVous avez la possibilit\u00e9 d&#8217;empiler plusieurs coffres-forts int\u00e9rieurs les uns sur les autres (profondeur int\u00e9rieure\u00a0: 290 mm, hauteur par unit\u00e9\u00a0: 154 mm). La s\u00e9curit\u00e9 avant tout.<\/p>\n<ul>\n<li><strong>Coffre-fort int\u00e9rieur \u2013 Office 1<\/strong>\u00a0\u00a0\u00a0\u00a0\u00a0\u00a0\u00a0\u00a0\u00a0\u00a0\u00a0\u00a0\u00a0\u00a0\u00a0\u00a0\u00a0\u00a0\u00a0\u00a0\u00a0\u00a0\u00a0\u00a0\u00a0\u00a0\u00a0\u00a0\u00a0\u00a0 151 x 498 x 290 (H x L x P en mm)<br \/>\nConvient pour<br \/>\nOffice 101 \u2013 104\/300<br \/>\nOffice 111 \u2013 114\/300<br \/>\nOffice 121 &#8211; 124<\/li>\n<li><strong>Coffre-fort int\u00e9rieur \u2013 Office 2<\/strong>\u00a0\u00a0\u00a0\u00a0\u00a0\u00a0\u00a0\u00a0\u00a0\u00a0\u00a0\u00a0\u00a0\u00a0\u00a0\u00a0\u00a0\u00a0\u00a0\u00a0\u00a0\u00a0\u00a0\u00a0\u00a0\u00a0\u00a0\u00a0\u00a0\u00a0 151 x 638 x 290 (H x L x P en mm)<br \/>\nConvient pour<br \/>\nOffice 106<br \/>\nOffice 116<br \/>\nOffice 126<\/li>\n<\/ul>\n<h3>Accessoires pratiques pour l&#8217;OfficeLine<\/h3>\n<ul>\n<li><strong>Tablette amovible Office\u00a0:<\/strong> Pour le d\u00e9p\u00f4t et le retrait rapides et pratiques de vos objets de valeur. Avec cette tablette suppl\u00e9mentaire, le contenu est encore mieux organis\u00e9.<\/li>\n<li><strong>Cadre suspendu amovible Office\u00a0:<\/strong> La solution id\u00e9ale de stockage pour vos documents et vos dossiers. Organisez vos documents de fa\u00e7on optimale avec ce cadre suspendu amovible.<\/li>\n<\/ul>\n<p>&nbsp;<\/p>\n<h3>Cl\u00e9 suppl\u00e9mentaire pour OL 101-126 S, Ranger I\/8 S, MTD 34-38 F60 S<\/h3>\n<p>Dans l&#8217;\u00e9ventualit\u00e9 o\u00f9 vous perdriez une cl\u00e9, BURG-W\u00c4CHTER propose un jeu de cl\u00e9s. Avec celui-ci, la serrure \u00ab\u00a0SecuSafe\u00a0\u00bb peut \u00eatre chang\u00e9e en toute s\u00e9curit\u00e9.<\/p>\n<ul>\n<li>Pack 55-124-2\u00a0\u00a0 Jeu de 2 cl\u00e9s, 124 mm de longueur<\/li>\n<li>Pack 55-124-4\u00a0\u00a0 Jeu de 4 cl\u00e9s, 124 mm de longueur<\/li>\n<li>Pack 55-124-6\u00a0\u00a0 Jeu de 6 cl\u00e9s, 124 mm de longueur<\/li>\n<\/ul>\n<p>&nbsp;<\/p>\n<table class=\"ausfuehrung\">\n<thead>\n<tr>\n<td>Artikel<\/td>\n<td>pour:<\/td>\n<td>H x L x P<\/td>\n<\/tr>\n<\/thead>\n<tbody>\n<tr>\n<td class=\"subdesc\"><\/td>\n<td class=\"subdesc\"><\/td>\n<td class=\"subdesc\">mm<\/td>\n<\/tr>\n<\/tbody>\n<tbody>\n<tr>\n<td>IT &#8211; Office 1<\/td>\n<td>Office 101 &#8211; 104\/300<\/p>\n<p>Office 111 &#8211; 114\/300<\/p>\n<p>Office 121 &#8211; 124<\/td>\n<td>151 x 498 x 290<\/td>\n<\/tr>\n<tr>\n<td>IT &#8211; Office 2<\/td>\n<td>Office 106<\/p>\n<p>Office 116<\/p>\n<p>Office 126<\/td>\n<td>151 x 638 x 290<\/td>\n<\/tr>\n<\/tbody>\n<tbody>\n<tr>\n<td>A-FB 100<\/td>\n<td>Office 101 &#8211; 104\/300<\/p>\n<p>Office 111 &#8211; 114\/300<\/p>\n<p>Office 121 &#8211; 124<\/td>\n<td>Etag\u00e8re t\u00e9lescopique<\/td>\n<\/tr>\n<tr>\n<td>A-HR 100<\/td>\n<td>Office 101 &#8211; 104\/300<\/p>\n<p>Office 111 &#8211; 114\/300<\/p>\n<p>Office 121 &#8211; 124<\/td>\n<td>Cadre pour dossiers suspendus<\/p>\n<p>t\u00e9lescopique<\/td>\n<\/tr>\n<\/tbody>\n<\/table>\n","protected":false},"excerpt":{"rendered":"<p>Coffre-fort int\u00e9rieur avec serrure \u00e0 cylindre pour la gamme OfficeLine Vous pouvez demander des coffres-forts int\u00e9rieurs suppl\u00e9mentaires pour prot\u00e9ger ou am\u00e9liorer ult\u00e9rieurement davantage la protection contre l&#8217;effraction de votre OfficeLine. Ils sont ancr\u00e9s solidement \u00e0 l&#8217;int\u00e9rieur et offrent ainsi un &hellip; <a class=\"kt-excerpt-readmore\" href=\"https:\/\/test.burgwaechterservice.de\/fr\/p\/coffres-forts\/accessoires-pour-officeline-et-officedoku\/\" aria-label=\"Accessoires pour OfficeLine et OfficeDoku\">Lire la suite<\/a><\/p>\n","protected":false},"featured_media":119138,"comment_status":"closed","ping_status":"closed","template":"","meta":[],"product_cat":[34,53],"product_tag":[514,526,530,538,560],"yoast_head":"<!-- This site is optimized with the Yoast SEO Premium plugin v18.4 (Yoast SEO v19.13) - https:\/\/yoast.com\/wordpress\/plugins\/seo\/ -->\n<title>Accessoires pour OfficeLine et OfficeDoku - BURG-W\u00c4CHTER<\/title>\n<meta name=\"description\" content=\"Coffre-fort int\u00e9rieur avec serrure \u00e0 cylindre pour la gamme OfficeLine Vous pouvez demander des coffres-forts int\u00e9rieurs suppl\u00e9mentaires pour prot\u00e9ger ou\" \/>\n<meta name=\"robots\" content=\"index, follow, max-snippet:-1, max-image-preview:large, max-video-preview:-1\" \/>\n<link rel=\"canonical\" href=\"https:\/\/test.burgwaechterservice.de\/fr\/p\/coffres-forts\/accessoires-pour-officeline-et-officedoku\/\" \/>\n<meta property=\"og:locale\" content=\"fr_FR\" \/>\n<meta property=\"og:type\" content=\"article\" \/>\n<meta property=\"og:title\" content=\"Accessoires pour OfficeLine et OfficeDoku\" \/>\n<meta property=\"og:description\" content=\"Coffre-fort int\u00e9rieur avec serrure \u00e0 cylindre pour la gamme OfficeLine Vous pouvez demander des coffres-forts int\u00e9rieurs suppl\u00e9mentaires pour prot\u00e9ger ou\" \/>\n<meta property=\"og:url\" content=\"https:\/\/test.burgwaechterservice.de\/fr\/p\/coffres-forts\/accessoires-pour-officeline-et-officedoku\/\" \/>\n<meta property=\"og:site_name\" content=\"Burg-W\u00e4chter France\" \/>\n<meta property=\"article:modified_time\" content=\"2017-11-20T10:01:49+00:00\" \/>\n<meta property=\"og:image\" content=\"https:\/\/test.burgwaechterservice.de\/fr\/wp-content\/uploads\/sites\/4\/2016\/07\/TRAHR_510.jpg\" \/>\n\t<meta property=\"og:image:width\" content=\"1024\" \/>\n\t<meta property=\"og:image:height\" content=\"750\" \/>\n\t<meta property=\"og:image:type\" content=\"image\/jpeg\" \/>\n<meta name=\"twitter:card\" content=\"summary_large_image\" \/>\n<meta name=\"twitter:label1\" content=\"Dur\u00e9e de lecture estim\u00e9e\" \/>\n\t<meta name=\"twitter:data1\" content=\"2 minutes\" \/>\n<!-- \/ Yoast SEO Premium plugin. -->","yoast_head_json":{"title":"Accessoires pour OfficeLine et OfficeDoku - BURG-W\u00c4CHTER","description":"Coffre-fort int\u00e9rieur avec serrure \u00e0 cylindre pour la gamme OfficeLine Vous pouvez demander des coffres-forts int\u00e9rieurs suppl\u00e9mentaires pour prot\u00e9ger ou","robots":{"index":"index","follow":"follow","max-snippet":"max-snippet:-1","max-image-preview":"max-image-preview:large","max-video-preview":"max-video-preview:-1"},"canonical":"https:\/\/test.burgwaechterservice.de\/fr\/p\/coffres-forts\/accessoires-pour-officeline-et-officedoku\/","og_locale":"fr_FR","og_type":"article","og_title":"Accessoires pour OfficeLine et OfficeDoku","og_description":"Coffre-fort int\u00e9rieur avec serrure \u00e0 cylindre pour la gamme OfficeLine Vous pouvez demander des coffres-forts int\u00e9rieurs suppl\u00e9mentaires pour prot\u00e9ger ou","og_url":"https:\/\/test.burgwaechterservice.de\/fr\/p\/coffres-forts\/accessoires-pour-officeline-et-officedoku\/","og_site_name":"Burg-W\u00e4chter France","article_modified_time":"2017-11-20T10:01:49+00:00","og_image":[{"width":1024,"height":750,"url":"https:\/\/test.burgwaechterservice.de\/fr\/wp-content\/uploads\/sites\/4\/2016\/07\/TRAHR_510.jpg","type":"image\/jpeg"}],"twitter_card":"summary_large_image","twitter_misc":{"Dur\u00e9e de lecture estim\u00e9e":"2 minutes"},"schema":{"@context":"https:\/\/schema.org","@graph":[{"@type":"WebPage","@id":"https:\/\/test.burgwaechterservice.de\/fr\/p\/coffres-forts\/accessoires-pour-officeline-et-officedoku\/","url":"https:\/\/test.burgwaechterservice.de\/fr\/p\/coffres-forts\/accessoires-pour-officeline-et-officedoku\/","name":"Accessoires pour OfficeLine et OfficeDoku - BURG-W\u00c4CHTER","isPartOf":{"@id":"https:\/\/test.burgwaechterservice.de\/fr\/#website"},"datePublished":"2016-07-05T13:54:49+00:00","dateModified":"2017-11-20T10:01:49+00:00","description":"Coffre-fort int\u00e9rieur avec serrure \u00e0 cylindre pour la gamme OfficeLine Vous pouvez demander des coffres-forts int\u00e9rieurs suppl\u00e9mentaires pour prot\u00e9ger ou","breadcrumb":{"@id":"https:\/\/test.burgwaechterservice.de\/fr\/p\/coffres-forts\/accessoires-pour-officeline-et-officedoku\/#breadcrumb"},"inLanguage":"fr-FR","potentialAction":[{"@type":"ReadAction","target":["https:\/\/test.burgwaechterservice.de\/fr\/p\/coffres-forts\/accessoires-pour-officeline-et-officedoku\/"]}]},{"@type":"BreadcrumbList","@id":"https:\/\/test.burgwaechterservice.de\/fr\/p\/coffres-forts\/accessoires-pour-officeline-et-officedoku\/#breadcrumb","itemListElement":[{"@type":"ListItem","position":1,"name":"Accueil","item":"https:\/\/test.burgwaechterservice.de\/fr\/"},{"@type":"ListItem","position":2,"name":"Produits","item":"https:\/\/test.burgwaechterservice.de\/fr\/p\/"},{"@type":"ListItem","position":3,"name":"Accessoires pour OfficeLine et OfficeDoku"}]},{"@type":"WebSite","@id":"https:\/\/test.burgwaechterservice.de\/fr\/#website","url":"https:\/\/test.burgwaechterservice.de\/fr\/","name":"Burg-W\u00e4chter France","description":"Le choix le plus s\u00fbr!","potentialAction":[{"@type":"SearchAction","target":{"@type":"EntryPoint","urlTemplate":"https:\/\/test.burgwaechterservice.de\/fr\/?s={search_term_string}"},"query-input":"required name=search_term_string"}],"inLanguage":"fr-FR"}]}},"_links":{"self":[{"href":"https:\/\/test.burgwaechterservice.de\/fr\/wp-json\/wp\/v2\/product\/31152"}],"collection":[{"href":"https:\/\/test.burgwaechterservice.de\/fr\/wp-json\/wp\/v2\/product"}],"about":[{"href":"https:\/\/test.burgwaechterservice.de\/fr\/wp-json\/wp\/v2\/types\/product"}],"replies":[{"embeddable":true,"href":"https:\/\/test.burgwaechterservice.de\/fr\/wp-json\/wp\/v2\/comments?post=31152"}],"wp:featuredmedia":[{"embeddable":true,"href":"https:\/\/test.burgwaechterservice.de\/fr\/wp-json\/wp\/v2\/media\/119138"}],"wp:attachment":[{"href":"https:\/\/test.burgwaechterservice.de\/fr\/wp-json\/wp\/v2\/media?parent=31152"}],"wp:term":[{"taxonomy":"product_cat","embeddable":true,"href":"https:\/\/test.burgwaechterservice.de\/fr\/wp-json\/wp\/v2\/product_cat?post=31152"},{"taxonomy":"product_tag","embeddable":true,"href":"https:\/\/test.burgwaechterservice.de\/fr\/wp-json\/wp\/v2\/product_tag?post=31152"}],"curies":[{"name":"wp","href":"https:\/\/api.w.org\/{rel}","templated":true}]}}