{"id":31036,"date":"2016-07-04T14:40:02","date_gmt":"2016-07-04T12:40:02","guid":{"rendered":"https:\/\/www.burg.biz\/?post_type=product&#038;p=31036"},"modified":"2022-01-17T08:28:08","modified_gmt":"2022-01-17T07:28:08","slug":"ranger-i8-version-e","status":"publish","type":"product","link":"https:\/\/test.burgwaechterservice.de\/fr\/p\/coffres-forts\/ranger-i8-version-e\/","title":{"rendered":"Ranger I\/8 Version E"},"content":{"rendered":"<h3>Vue d\u2019ensemble de la gamme RANGER I\/8 (ancienne version jusqu\u2019\u00e0 2019)<\/h3>\n<p><a href=\"https:\/\/test.burgwaechterservice.de\/fr\/p\/coffres-forts\/ranger-800-8\/\" target=\"_blank\" rel=\"noopener noreferrer\">Pour la nouvelle g\u00e9n\u00e9ration des coffres Ranger 800\/8, c\u2018est ici !<\/a><\/p>\n<h2>L&#8217;armoire \u00e0 fusils Ranger avec degr\u00e9 de r\u00e9sistance I<\/h2>\n<p>BURG-W\u00c4CHTER poss\u00e8de la solution id\u00e9ale pour tous les gardes-forestiers, chasseurs et tireurs amateurs\u00a0: Le mod\u00e8le Ranger assure un<strong> stockage responsable de vos armes\u00a0:<\/strong> L&#8217;armoire \u00e0 fusils Ranger I\/8 permet de mettre sous cl\u00e9 jusqu&#8217;\u00e0 huit de vos armes longues, et des munitions.<\/p>\n<h3>L&#8217;armoire \u00e0 fusils Ranger offre un espace de rangement s\u00fbr pour vos armes<\/h3>\n<p>Cette armoire \u00e0 fusils de BURG-W\u00c4CHTER convient au stockage de <strong>huit armes longues maximum, ainsi que des munitions<\/strong>. <strong>Le contr\u00f4le s\u00e9curit\u00e9 effectu\u00e9<\/strong> par l&#8217;<strong>ECB\u2022S et le VdS, <\/strong>ainsi que<strong> la protection certifi\u00e9e pour la r\u00e9sistance \u00e0 l&#8217;effraction conforme aux exigences de la norme europ\u00e9enne EN 1143-1, <\/strong>offrent une s\u00e9curit\u00e9 extr\u00eamement \u00e9lev\u00e9e.<br \/>\nUne hauteur int\u00e9rieure r\u00e9glable de 1220 mm jusqu&#8217;au plancher de compartiment facilite un stockage ordonn\u00e9 de vos armes. Le support pour tringles de nettoyage int\u00e9gr\u00e9 dans la porte offre une possibilit\u00e9 de rangement suppl\u00e9mentaire. Avec le plancher de compartiment, vous pouvez par exemple entreposer des munitions de fa\u00e7on optimale. Dans l&#8217;armoire \u00e0 fusils Ranger I\/8, vous pouvez entreposer armes et munitions sans syst\u00e8me de s\u00e9paration suppl\u00e9mentaire.<\/p>\n<h3>Serrure \u00e0 code \u00ab\u00a0SecuTronic\u00a0\u00bb contr\u00f4l\u00e9e par le VdS<\/h3>\n<p>La serrure \u00e0 code \u00e9lectronique \u00ab\u00a0SecuTronic\u00a0\u00bb offre v\u00e9ritablement 1 million de possibilit\u00e9s de programmation. La serrure de cette armoire \u00e0 fusils est <strong>contr\u00f4l\u00e9e par le VdS<\/strong> (cat\u00e9gorie 2) et <strong>certifi\u00e9e <\/strong>selon la norme europ\u00e9enne EN 1300 <strong>par l&#8217;ECB\u2022S<\/strong> (cat\u00e9gorie B). Vous pouvez ouvrir et fermer ais\u00e9ment le coffre-fort gr\u00e2ce \u00e0 votre code personnel \u00e0 6 chiffres. Trois piles (Micro LR 6 AA) sont comprises dans la livraison, afin que vous puissiez utiliser votre I\/8 le plus vite possible. Veuillez noter en plus que l&#8217;armature de la serrure d\u00e9passe de 50 mm.<\/p>\n<h3>Construction robuste pour une r\u00e9sistance \u00e9lev\u00e9e<\/h3>\n<p>Le corps \u00e0 double paroi de l&#8217;armoire \u00e0 fusils est constitu\u00e9 d&#8217;une couche de 3 mm en acier massif. La porte est \u00e0 double paroi et se verrouille en trois points par des p\u00eanes ronds et massifs d&#8217;une \u00e9paisseur de 28 mm. De plus, des p\u00eanes ronds solides viennent se loger dans le cadre de la porte pour la fixer, faisant office de rail de verrouillage continu du c\u00f4t\u00e9 charni\u00e8res.<br \/>\nLe mod\u00e8le Ranger est con\u00e7u de s\u00e9rie pour un ancrage solide au sol et peut \u00eatre mont\u00e9 au moyen du syst\u00e8me de fixation correspondant. De cette fa\u00e7on, vous parez toujours \u00e0 toute \u00e9ventualit\u00e9.<\/p>\n<p><strong>Votre atout s\u00e9curit\u00e9\u00a0:<\/strong> Le mod\u00e8le Ranger I\/8 dispose d&#8217;un<strong> syst\u00e8me de verrouillage d&#8217;urgence non r\u00e9initialisable <\/strong>int\u00e9gr\u00e9 au m\u00e9canisme de la porte, afin que vos armes soient prot\u00e9g\u00e9es contre toute effraction de fa\u00e7on optimale.<\/p>\n<p>L&#8217;armoire \u00e0 fusils Ranger I\/8 b\u00e9n\u00e9ficie d&#8217;une <strong>couverture d&#8217;assurance de 20000\u00a0\u20ac maximum pour les professionnels et dans la limite de 65000\u00a0\u20ac pour les personnes priv\u00e9es.<\/strong> Veuillez noter qu&#8217;en raison des diff\u00e9rentes clauses de police d&#8217;assurance, vous devez demander l&#8217;accord de l&#8217;assureur.<\/p>\n<h3>L&#8217;armoire \u00e0 fusils Ranger I\/8 de BURG-W\u00c4CHTER<\/h3>\n<ul>\n<li>Homologation et supervision de la s\u00e9curit\u00e9 par l&#8217;ECB\u2022S et le VdS<\/li>\n<li>Protection contre les incendies et protection certifi\u00e9e contre l&#8217;effraction selon la norme EN 1143-1<\/li>\n<li>Porte \u00e0 double paroi<\/li>\n<li>Verrouillage solide 3 points avec des p\u00eanes ronds solides de 28 mm d&#8217;\u00e9paisseur<\/li>\n<li>Hauteur int\u00e9rieure r\u00e9glable jusqu&#8217;au plancher de compartiment amovible\u00a0: 1220 mm<\/li>\n<li>P\u00eanes ronds rigides suppl\u00e9mentaires faisant office de rail de verrouillage continu du c\u00f4t\u00e9 charni\u00e8res<\/li>\n<li>\u00c9quip\u00e9 de s\u00e9rie pour ancrage au sol, avec mat\u00e9riel de fixation<\/li>\n<\/ul>\n<p><strong>Votre atout s\u00e9curit\u00e9\u00a0:<\/strong><\/p>\n<ul>\n<li>Syst\u00e8me de verrouillage d&#8217;urgence, non r\u00e9initialisable, plac\u00e9 dans le m\u00e9canisme de la porte<\/li>\n<\/ul>\n<p>&nbsp;<\/p>\n<table class=\"ausfuehrung\">\n<thead>\n<tr>\n<td>Article<\/td>\n<td>pour fusils<\/td>\n<td>Ext\u00e9rieur H x L x P<\/td>\n<td>Int\u00e9rieur H x L x P<\/td>\n<td>Poids<\/td>\n<\/tr>\n<\/thead>\n<tbody>\n<tr>\n<td class=\"subdesc\"><\/td>\n<td class=\"subdesc\"><\/td>\n<td class=\"subdesc\">mm<\/td>\n<td class=\"subdesc\">mm<\/td>\n<td class=\"subdesc\">kg<\/td>\n<\/tr>\n<\/tbody>\n<tbody>\n<tr>\n<td>Ranger I\/8 E<\/td>\n<td>8<\/td>\n<td>1486 x 641 x 554<\/td>\n<td>1336 x 498 x 370<\/td>\n<td>265<\/td>\n<\/tr>\n<\/tbody>\n<\/table>\n","protected":false},"excerpt":{"rendered":"<p>Vue d\u2019ensemble de la gamme RANGER I\/8 (ancienne version jusqu\u2019\u00e0 2019) Pour la nouvelle g\u00e9n\u00e9ration des coffres Ranger 800\/8, c\u2018est ici ! L&#8217;armoire \u00e0 fusils Ranger avec degr\u00e9 de r\u00e9sistance I BURG-W\u00c4CHTER poss\u00e8de la solution id\u00e9ale pour tous les gardes-forestiers, &hellip; <a class=\"kt-excerpt-readmore\" href=\"https:\/\/test.burgwaechterservice.de\/fr\/p\/coffres-forts\/ranger-i8-version-e\/\" aria-label=\"Ranger I\/8 Version E\">Lire la suite<\/a><\/p>\n","protected":false},"featured_media":427444,"comment_status":"closed","ping_status":"closed","template":"","meta":[],"product_cat":[7991],"product_tag":[547],"yoast_head":"<!-- This site is optimized with the Yoast SEO Premium plugin v18.4 (Yoast SEO v19.13) - https:\/\/yoast.com\/wordpress\/plugins\/seo\/ -->\n<title>Ranger I\/8 Version E - BURG-W\u00c4CHTER<\/title>\n<meta name=\"description\" content=\"Vue d\u2019ensemble de la gamme RANGER I\/8 (ancienne version jusqu\u2019\u00e0 2019) Pour la nouvelle g\u00e9n\u00e9ration des coffres Ranger 800\/8, c\u2018est ici ! L&#039;armoire \u00e0 fusils\" \/>\n<meta name=\"robots\" content=\"index, follow, max-snippet:-1, max-image-preview:large, max-video-preview:-1\" \/>\n<link rel=\"canonical\" href=\"https:\/\/test.burgwaechterservice.de\/fr\/p\/coffres-forts\/ranger-i8-version-e\/\" \/>\n<meta property=\"og:locale\" content=\"fr_FR\" \/>\n<meta property=\"og:type\" content=\"article\" \/>\n<meta property=\"og:title\" content=\"Ranger I\/8 Version E\" \/>\n<meta property=\"og:description\" content=\"Vue d\u2019ensemble de la gamme RANGER I\/8 (ancienne version jusqu\u2019\u00e0 2019) Pour la nouvelle g\u00e9n\u00e9ration des coffres Ranger 800\/8, c\u2018est ici ! L&#039;armoire \u00e0 fusils\" \/>\n<meta property=\"og:url\" content=\"https:\/\/test.burgwaechterservice.de\/fr\/p\/coffres-forts\/ranger-i8-version-e\/\" \/>\n<meta property=\"og:site_name\" content=\"Burg-W\u00e4chter France\" \/>\n<meta property=\"article:modified_time\" content=\"2022-01-17T07:28:08+00:00\" \/>\n<meta property=\"og:image\" content=\"https:\/\/test.burgwaechterservice.de\/fr\/wp-content\/uploads\/sites\/4\/2016\/07\/Ranger-I8.png\" \/>\n\t<meta property=\"og:image:width\" content=\"1213\" \/>\n\t<meta property=\"og:image:height\" content=\"1213\" \/>\n\t<meta property=\"og:image:type\" content=\"image\/png\" \/>\n<meta name=\"twitter:card\" content=\"summary_large_image\" \/>\n<meta name=\"twitter:label1\" content=\"Dur\u00e9e de lecture estim\u00e9e\" \/>\n\t<meta name=\"twitter:data1\" content=\"3 minutes\" \/>\n<!-- \/ Yoast SEO Premium plugin. -->","yoast_head_json":{"title":"Ranger I\/8 Version E - BURG-W\u00c4CHTER","description":"Vue d\u2019ensemble de la gamme RANGER I\/8 (ancienne version jusqu\u2019\u00e0 2019) Pour la nouvelle g\u00e9n\u00e9ration des coffres Ranger 800\/8, c\u2018est ici ! L'armoire \u00e0 fusils","robots":{"index":"index","follow":"follow","max-snippet":"max-snippet:-1","max-image-preview":"max-image-preview:large","max-video-preview":"max-video-preview:-1"},"canonical":"https:\/\/test.burgwaechterservice.de\/fr\/p\/coffres-forts\/ranger-i8-version-e\/","og_locale":"fr_FR","og_type":"article","og_title":"Ranger I\/8 Version E","og_description":"Vue d\u2019ensemble de la gamme RANGER I\/8 (ancienne version jusqu\u2019\u00e0 2019) Pour la nouvelle g\u00e9n\u00e9ration des coffres Ranger 800\/8, c\u2018est ici ! L'armoire \u00e0 fusils","og_url":"https:\/\/test.burgwaechterservice.de\/fr\/p\/coffres-forts\/ranger-i8-version-e\/","og_site_name":"Burg-W\u00e4chter France","article_modified_time":"2022-01-17T07:28:08+00:00","og_image":[{"width":1213,"height":1213,"url":"https:\/\/test.burgwaechterservice.de\/fr\/wp-content\/uploads\/sites\/4\/2016\/07\/Ranger-I8.png","type":"image\/png"}],"twitter_card":"summary_large_image","twitter_misc":{"Dur\u00e9e de lecture estim\u00e9e":"3 minutes"},"schema":{"@context":"https:\/\/schema.org","@graph":[{"@type":"WebPage","@id":"https:\/\/test.burgwaechterservice.de\/fr\/p\/coffres-forts\/ranger-i8-version-e\/","url":"https:\/\/test.burgwaechterservice.de\/fr\/p\/coffres-forts\/ranger-i8-version-e\/","name":"Ranger I\/8 Version E - BURG-W\u00c4CHTER","isPartOf":{"@id":"https:\/\/test.burgwaechterservice.de\/fr\/#website"},"datePublished":"2016-07-04T12:40:02+00:00","dateModified":"2022-01-17T07:28:08+00:00","description":"Vue d\u2019ensemble de la gamme RANGER I\/8 (ancienne version jusqu\u2019\u00e0 2019) Pour la nouvelle g\u00e9n\u00e9ration des coffres Ranger 800\/8, c\u2018est ici ! L'armoire \u00e0 fusils","breadcrumb":{"@id":"https:\/\/test.burgwaechterservice.de\/fr\/p\/coffres-forts\/ranger-i8-version-e\/#breadcrumb"},"inLanguage":"fr-FR","potentialAction":[{"@type":"ReadAction","target":["https:\/\/test.burgwaechterservice.de\/fr\/p\/coffres-forts\/ranger-i8-version-e\/"]}]},{"@type":"BreadcrumbList","@id":"https:\/\/test.burgwaechterservice.de\/fr\/p\/coffres-forts\/ranger-i8-version-e\/#breadcrumb","itemListElement":[{"@type":"ListItem","position":1,"name":"Accueil","item":"https:\/\/test.burgwaechterservice.de\/fr\/"},{"@type":"ListItem","position":2,"name":"Produits","item":"https:\/\/test.burgwaechterservice.de\/fr\/p\/"},{"@type":"ListItem","position":3,"name":"Ranger I\/8 Version E"}]},{"@type":"WebSite","@id":"https:\/\/test.burgwaechterservice.de\/fr\/#website","url":"https:\/\/test.burgwaechterservice.de\/fr\/","name":"Burg-W\u00e4chter France","description":"Le choix le plus s\u00fbr!","potentialAction":[{"@type":"SearchAction","target":{"@type":"EntryPoint","urlTemplate":"https:\/\/test.burgwaechterservice.de\/fr\/?s={search_term_string}"},"query-input":"required name=search_term_string"}],"inLanguage":"fr-FR"}]}},"_links":{"self":[{"href":"https:\/\/test.burgwaechterservice.de\/fr\/wp-json\/wp\/v2\/product\/31036"}],"collection":[{"href":"https:\/\/test.burgwaechterservice.de\/fr\/wp-json\/wp\/v2\/product"}],"about":[{"href":"https:\/\/test.burgwaechterservice.de\/fr\/wp-json\/wp\/v2\/types\/product"}],"replies":[{"embeddable":true,"href":"https:\/\/test.burgwaechterservice.de\/fr\/wp-json\/wp\/v2\/comments?post=31036"}],"wp:featuredmedia":[{"embeddable":true,"href":"https:\/\/test.burgwaechterservice.de\/fr\/wp-json\/wp\/v2\/media\/427444"}],"wp:attachment":[{"href":"https:\/\/test.burgwaechterservice.de\/fr\/wp-json\/wp\/v2\/media?parent=31036"}],"wp:term":[{"taxonomy":"product_cat","embeddable":true,"href":"https:\/\/test.burgwaechterservice.de\/fr\/wp-json\/wp\/v2\/product_cat?post=31036"},{"taxonomy":"product_tag","embeddable":true,"href":"https:\/\/test.burgwaechterservice.de\/fr\/wp-json\/wp\/v2\/product_tag?post=31036"}],"curies":[{"name":"wp","href":"https:\/\/api.w.org\/{rel}","templated":true}]}}