{"id":31007,"date":"2016-07-04T12:34:50","date_gmt":"2016-07-04T10:34:50","guid":{"rendered":"https:\/\/www.burg.biz\/?post_type=product&#038;p=31007"},"modified":"2019-06-17T16:24:28","modified_gmt":"2019-06-17T14:24:28","slug":"pointsafe-2","status":"publish","type":"product","link":"https:\/\/test.burgwaechterservice.de\/fr\/p\/coffres-forts\/pointsafe-2\/","title":{"rendered":"Coffres-forts muraux PointSafe Version E"},"content":{"rendered":"<h2>Mod\u00e8le E<\/h2>\n<h3>Protection solide et compacte avec le coffre-fort mural PointSafe<\/h3>\n<p>Coffre-fort mural PointSafe PW 1 \u2013\u00a0PW 3 <strong>prot\u00e8ge <\/strong>votre argent liquide, vos bijoux et autres petits objets de valeur. Utilisation id\u00e9ale <strong>\u00e0 la maison<\/strong>, pour tous ceux qui cherchent une protection simple et efficace pour leurs objets de valeur.<br \/>\nEncastrez votre coffre-fort dans le mur et cr\u00e9ez ainsi un espace s\u00fbr pour le contenu.<\/p>\n<p><strong>Test\u00e9 dans le laboratoire d&#8217;essai de BURG-W\u00c4CHTER, <\/strong>le coffre-fort mural PointSafe prot\u00e8ge vos objets de valeur.<br \/>\nLe <strong>corps solide \u00e0 paroi simple<\/strong> et le <strong>design compact <\/strong>s&#8217;int\u00e8grent parfaitement aux murs n&#8217;offrant qu&#8217;une place limit\u00e9e.<\/p>\n<h3>Code g\u00e9n\u00e9ral et utilisateur programmable<\/h3>\n<p>Vous pouvez programmer <strong>votre code utilisateur g\u00e9n\u00e9ral et personnel<\/strong> \u00e0 l&#8217;aide de la serrure \u00e9lectronique \u00e0 code et vous avez la possibilit\u00e9 \u00e0 tout moment de changer votre code secret. L&#8217;utilisation de la serrure \u00e9lectronique est particuli\u00e8rement <strong>simple et confortable<\/strong> gr\u00e2ce \u00e0 son verrouillage motoris\u00e9 avec ouverture de porte automatique. Le PointSafe dispose d&#8217;une <strong>serrure suppl\u00e9mentaire pour l&#8217;ouverture en cas d&#8217;urgence.<\/strong><br \/>\nL&#8217;\u00e9quipement \u00e9lectronique fonctionne avec des piles si bien qu&#8217;aucune source d&#8217;\u00e9nergie suppl\u00e9mentaire n&#8217;est n\u00e9cessaire. 4 piles sont comprises dans la livraison afin que votre PointSafe soit op\u00e9rationnel au plus vite.<br \/>\nVeuillez noter en plus que l&#8217;armature de la serrure d\u00e9passe de 15 mm.<\/p>\n<h3>Le coffre-fort mural PointSafe<\/h3>\n<ul>\n<li>Test\u00e9 dans le laboratoire d&#8217;essai de BURG-W\u00c4CHTER<\/li>\n<li>Corps solide \u00e0 paroi simple<\/li>\n<\/ul>\n<p>&nbsp;<\/p>\n<p>&nbsp;<\/p>\n<p>&nbsp;<\/p>\n<table class=\"ausfuehrung\">\n<thead>\n<tr>\n<td>Article<\/td>\n<td>Ext\u00e9rieur H x L x P<\/td>\n<td>Int\u00e9rieur H x L x P<\/td>\n<td>Poids<\/td>\n<td>Volume<\/td>\n<\/tr>\n<\/thead>\n<tbody>\n<tr>\n<td class=\"subdesc\"><\/td>\n<td class=\"subdesc\">mm<\/td>\n<td class=\"subdesc\">mm<\/td>\n<td class=\"subdesc\">kg<\/td>\n<td class=\"subdesc\">\u00a0l<\/td>\n<\/tr>\n<\/tbody>\n<tbody>\n<tr>\n<td>PW 2 E<\/td>\n<td>220 x 340 x 140<\/td>\n<td>177 x 298 x 85<\/td>\n<td>10,2<\/td>\n<td>4,5<\/td>\n<\/tr>\n<tr>\n<td>PW 3 E<\/td>\n<td>260 x 390 x 195<\/td>\n<td>213 x 345 x 140<\/td>\n<td>14,8<\/td>\n<td>10,3<\/td>\n<\/tr>\n<\/tbody>\n<\/table>\n","protected":false},"excerpt":{"rendered":"<p>Mod\u00e8le E Protection solide et compacte avec le coffre-fort mural PointSafe Coffre-fort mural PointSafe PW 1 \u2013\u00a0PW 3 prot\u00e8ge votre argent liquide, vos bijoux et autres petits objets de valeur. Utilisation id\u00e9ale \u00e0 la maison, pour tous ceux qui cherchent &hellip; <a class=\"kt-excerpt-readmore\" href=\"https:\/\/test.burgwaechterservice.de\/fr\/p\/coffres-forts\/pointsafe-2\/\" aria-label=\"Coffres-forts muraux PointSafe Version E\">Lire la suite<\/a><\/p>\n","protected":false},"featured_media":31010,"comment_status":"closed","ping_status":"closed","template":"","meta":[],"product_cat":[34,41],"product_tag":[545],"yoast_head":"<!-- This site is optimized with the Yoast SEO Premium plugin v18.4 (Yoast SEO v19.13) - https:\/\/yoast.com\/wordpress\/plugins\/seo\/ -->\n<title>Coffres-forts muraux PointSafe Version E - BURG-W\u00c4CHTER<\/title>\n<meta name=\"description\" content=\"Mod\u00e8le E Protection solide et compacte avec le coffre-fort mural PointSafe Coffre-fort mural PointSafe PW 1 \u2013\u00a0PW 3 prot\u00e8ge votre argent liquide, vos\" \/>\n<meta name=\"robots\" content=\"index, follow, max-snippet:-1, max-image-preview:large, max-video-preview:-1\" \/>\n<link rel=\"canonical\" href=\"https:\/\/test.burgwaechterservice.de\/fr\/p\/coffres-forts\/pointsafe-2\/\" \/>\n<meta property=\"og:locale\" content=\"fr_FR\" \/>\n<meta property=\"og:type\" content=\"article\" \/>\n<meta property=\"og:title\" content=\"Coffres-forts muraux PointSafe Version E\" \/>\n<meta property=\"og:description\" content=\"Mod\u00e8le E Protection solide et compacte avec le coffre-fort mural PointSafe Coffre-fort mural PointSafe PW 1 \u2013\u00a0PW 3 prot\u00e8ge votre argent liquide, vos\" \/>\n<meta property=\"og:url\" content=\"https:\/\/test.burgwaechterservice.de\/fr\/p\/coffres-forts\/pointsafe-2\/\" \/>\n<meta property=\"og:site_name\" content=\"Burg-W\u00e4chter France\" \/>\n<meta property=\"article:modified_time\" content=\"2019-06-17T14:24:28+00:00\" \/>\n<meta property=\"og:image\" content=\"https:\/\/test.burgwaechterservice.de\/fr\/wp-content\/uploads\/sites\/4\/2016\/07\/PW-2-E.jpg\" \/>\n\t<meta property=\"og:image:width\" content=\"2300\" \/>\n\t<meta property=\"og:image:height\" content=\"2300\" \/>\n\t<meta property=\"og:image:type\" content=\"image\/jpeg\" \/>\n<meta name=\"twitter:card\" content=\"summary_large_image\" \/>\n<meta name=\"twitter:label1\" content=\"Dur\u00e9e de lecture estim\u00e9e\" \/>\n\t<meta name=\"twitter:data1\" content=\"1 minute\" \/>\n<!-- \/ Yoast SEO Premium plugin. -->","yoast_head_json":{"title":"Coffres-forts muraux PointSafe Version E - BURG-W\u00c4CHTER","description":"Mod\u00e8le E Protection solide et compacte avec le coffre-fort mural PointSafe Coffre-fort mural PointSafe PW 1 \u2013\u00a0PW 3 prot\u00e8ge votre argent liquide, vos","robots":{"index":"index","follow":"follow","max-snippet":"max-snippet:-1","max-image-preview":"max-image-preview:large","max-video-preview":"max-video-preview:-1"},"canonical":"https:\/\/test.burgwaechterservice.de\/fr\/p\/coffres-forts\/pointsafe-2\/","og_locale":"fr_FR","og_type":"article","og_title":"Coffres-forts muraux PointSafe Version E","og_description":"Mod\u00e8le E Protection solide et compacte avec le coffre-fort mural PointSafe Coffre-fort mural PointSafe PW 1 \u2013\u00a0PW 3 prot\u00e8ge votre argent liquide, vos","og_url":"https:\/\/test.burgwaechterservice.de\/fr\/p\/coffres-forts\/pointsafe-2\/","og_site_name":"Burg-W\u00e4chter France","article_modified_time":"2019-06-17T14:24:28+00:00","og_image":[{"width":2300,"height":2300,"url":"https:\/\/test.burgwaechterservice.de\/fr\/wp-content\/uploads\/sites\/4\/2016\/07\/PW-2-E.jpg","type":"image\/jpeg"}],"twitter_card":"summary_large_image","twitter_misc":{"Dur\u00e9e de lecture estim\u00e9e":"1 minute"},"schema":{"@context":"https:\/\/schema.org","@graph":[{"@type":"WebPage","@id":"https:\/\/test.burgwaechterservice.de\/fr\/p\/coffres-forts\/pointsafe-2\/","url":"https:\/\/test.burgwaechterservice.de\/fr\/p\/coffres-forts\/pointsafe-2\/","name":"Coffres-forts muraux PointSafe Version E - BURG-W\u00c4CHTER","isPartOf":{"@id":"https:\/\/test.burgwaechterservice.de\/fr\/#website"},"datePublished":"2016-07-04T10:34:50+00:00","dateModified":"2019-06-17T14:24:28+00:00","description":"Mod\u00e8le E Protection solide et compacte avec le coffre-fort mural PointSafe Coffre-fort mural PointSafe PW 1 \u2013\u00a0PW 3 prot\u00e8ge votre argent liquide, vos","breadcrumb":{"@id":"https:\/\/test.burgwaechterservice.de\/fr\/p\/coffres-forts\/pointsafe-2\/#breadcrumb"},"inLanguage":"fr-FR","potentialAction":[{"@type":"ReadAction","target":["https:\/\/test.burgwaechterservice.de\/fr\/p\/coffres-forts\/pointsafe-2\/"]}]},{"@type":"BreadcrumbList","@id":"https:\/\/test.burgwaechterservice.de\/fr\/p\/coffres-forts\/pointsafe-2\/#breadcrumb","itemListElement":[{"@type":"ListItem","position":1,"name":"Accueil","item":"https:\/\/test.burgwaechterservice.de\/fr\/"},{"@type":"ListItem","position":2,"name":"Produits","item":"https:\/\/test.burgwaechterservice.de\/fr\/p\/"},{"@type":"ListItem","position":3,"name":"Coffres-forts muraux PointSafe Version E"}]},{"@type":"WebSite","@id":"https:\/\/test.burgwaechterservice.de\/fr\/#website","url":"https:\/\/test.burgwaechterservice.de\/fr\/","name":"Burg-W\u00e4chter France","description":"Le choix le plus s\u00fbr!","potentialAction":[{"@type":"SearchAction","target":{"@type":"EntryPoint","urlTemplate":"https:\/\/test.burgwaechterservice.de\/fr\/?s={search_term_string}"},"query-input":"required name=search_term_string"}],"inLanguage":"fr-FR"}]}},"_links":{"self":[{"href":"https:\/\/test.burgwaechterservice.de\/fr\/wp-json\/wp\/v2\/product\/31007"}],"collection":[{"href":"https:\/\/test.burgwaechterservice.de\/fr\/wp-json\/wp\/v2\/product"}],"about":[{"href":"https:\/\/test.burgwaechterservice.de\/fr\/wp-json\/wp\/v2\/types\/product"}],"replies":[{"embeddable":true,"href":"https:\/\/test.burgwaechterservice.de\/fr\/wp-json\/wp\/v2\/comments?post=31007"}],"wp:featuredmedia":[{"embeddable":true,"href":"https:\/\/test.burgwaechterservice.de\/fr\/wp-json\/wp\/v2\/media\/31010"}],"wp:attachment":[{"href":"https:\/\/test.burgwaechterservice.de\/fr\/wp-json\/wp\/v2\/media?parent=31007"}],"wp:term":[{"taxonomy":"product_cat","embeddable":true,"href":"https:\/\/test.burgwaechterservice.de\/fr\/wp-json\/wp\/v2\/product_cat?post=31007"},{"taxonomy":"product_tag","embeddable":true,"href":"https:\/\/test.burgwaechterservice.de\/fr\/wp-json\/wp\/v2\/product_tag?post=31007"}],"curies":[{"name":"wp","href":"https:\/\/api.w.org\/{rel}","templated":true}]}}