{"id":30998,"date":"2016-07-04T12:20:40","date_gmt":"2016-07-04T10:20:40","guid":{"rendered":"https:\/\/www.burg.biz\/?post_type=product&#038;p=30998"},"modified":"2019-06-17T16:25:06","modified_gmt":"2019-06-17T14:25:06","slug":"pointsafe","status":"publish","type":"product","link":"https:\/\/test.burgwaechterservice.de\/fr\/p\/coffres-forts\/pointsafe\/","title":{"rendered":"Coffres-forts muraux PointSafe Version S"},"content":{"rendered":"<h2>Mod\u00e8le S<\/h2>\n<h3>Protection solide et compacte avec le coffre-fort mural PointSafe<\/h3>\n<p>Coffre-fort mural PointSafe PW 1 \u2013\u00a0PW 3 <strong>prot\u00e8ge <\/strong>votre argent liquide, vos bijoux et autres petits objets de valeur. Utilisation id\u00e9ale <strong>\u00e0 la maison<\/strong>, pour tous ceux qui cherchent une protection simple et efficace pour leurs objets de valeur.<br \/>\nEncastrez votre coffre-fort dans le mur et cr\u00e9ez ainsi un espace s\u00fbr pour le contenu.<\/p>\n<p><strong>Test\u00e9 dans le laboratoire d&#8217;essai de BURG-W\u00c4CHTER, <\/strong>le coffre-fort mural PointSafe prot\u00e8ge vos objets de valeur. Le <strong>corps solide \u00e0 paroi simple<\/strong> et le <strong>design compact <\/strong>s&#8217;int\u00e8grent parfaitement aux murs, m\u00eame si la place disponible est limit\u00e9e.<\/p>\n<h3>Serrure classique \u00e0 double panneton<\/h3>\n<p>Le coffre-fort mural PointSafe se verrouille avec u<strong>ne serrure \u00e0 double panneton<\/strong>. Le mod\u00e8le classique et traditionnel de serrure de coffre-fort. Afin de limiter les risques de vol, conservez la cl\u00e9 de la serrure \u00e0 double panneton \u00e0 un endroit s\u00fbr ou ayez-la toujours sur vous.<br \/>\nLe coffre-fort mural est \u00e9quip\u00e9 en usine de deux cl\u00e9s.<\/p>\n<h3>Le coffre-fort mural PointSafe<\/h3>\n<ul>\n<li>Test\u00e9 dans le laboratoire d&#8217;essai de BURG-W\u00c4CHTER<\/li>\n<li>Corps solide \u00e0 paroi simple<\/li>\n<li>Serrure \u00e0 double panneton<\/li>\n<\/ul>\n<p>&nbsp;<\/p>\n<table class=\"ausfuehrung\">\n<thead>\n<tr>\n<td>Article<\/td>\n<td>Ext\u00e9rieur H x L x P<\/td>\n<td>Int\u00e9rieur H x L x P<\/td>\n<td>Poids<\/td>\n<td>Volume<\/td>\n<\/tr>\n<\/thead>\n<tbody>\n<tr>\n<td class=\"subdesc\"><\/td>\n<td class=\"subdesc\">mm<\/td>\n<td class=\"subdesc\">mm<\/td>\n<td class=\"subdesc\">kg<\/td>\n<td class=\"subdesc\">\u00a0l<\/td>\n<\/tr>\n<\/tbody>\n<tbody>\n<tr>\n<td>PW 1 S<\/td>\n<td>180 x 260 x 148<\/td>\n<td>150 x 230 x 100<\/td>\n<td>6,8<\/td>\n<td>3,5<\/td>\n<\/tr>\n<tr>\n<td>PW 2 S<\/td>\n<td>220 x 340 x 140<\/td>\n<td>177 x 298 x 85<\/td>\n<td>10,2<\/td>\n<td>4,5<\/td>\n<\/tr>\n<tr>\n<td>PW 2 S 200<\/td>\n<td>220 x 340 x 195<\/td>\n<td>177 x 298 x 140<\/td>\n<td>10,4<\/td>\n<td>7,4<\/td>\n<\/tr>\n<tr>\n<td>PW 3 S<\/td>\n<td>260 x 390 x 195<\/td>\n<td>213 x 345 x 140<\/td>\n<td>15,0<\/td>\n<td>10,3<\/td>\n<\/tr>\n<\/tbody>\n<\/table>\n","protected":false},"excerpt":{"rendered":"<p>Mod\u00e8le S Protection solide et compacte avec le coffre-fort mural PointSafe Coffre-fort mural PointSafe PW 1 \u2013\u00a0PW 3 prot\u00e8ge votre argent liquide, vos bijoux et autres petits objets de valeur. Utilisation id\u00e9ale \u00e0 la maison, pour tous ceux qui cherchent &hellip; <a class=\"kt-excerpt-readmore\" href=\"https:\/\/test.burgwaechterservice.de\/fr\/p\/coffres-forts\/pointsafe\/\" aria-label=\"Coffres-forts muraux PointSafe Version S\">Lire la suite<\/a><\/p>\n","protected":false},"featured_media":31004,"comment_status":"closed","ping_status":"closed","template":"","meta":[],"product_cat":[34,41],"product_tag":[545],"yoast_head":"<!-- This site is optimized with the Yoast SEO Premium plugin v18.4 (Yoast SEO v19.13) - https:\/\/yoast.com\/wordpress\/plugins\/seo\/ -->\n<title>Coffres-forts muraux PointSafe Version S - BURG-W\u00c4CHTER<\/title>\n<meta name=\"description\" content=\"Mod\u00e8le S Protection solide et compacte avec le coffre-fort mural PointSafe Coffre-fort mural PointSafe PW 1 \u2013\u00a0PW 3 prot\u00e8ge votre argent liquide, vos\" \/>\n<meta name=\"robots\" content=\"index, follow, max-snippet:-1, max-image-preview:large, max-video-preview:-1\" \/>\n<link rel=\"canonical\" href=\"https:\/\/test.burgwaechterservice.de\/fr\/p\/coffres-forts\/pointsafe\/\" \/>\n<meta property=\"og:locale\" content=\"fr_FR\" \/>\n<meta property=\"og:type\" content=\"article\" \/>\n<meta property=\"og:title\" content=\"Coffres-forts muraux PointSafe Version S\" \/>\n<meta property=\"og:description\" content=\"Mod\u00e8le S Protection solide et compacte avec le coffre-fort mural PointSafe Coffre-fort mural PointSafe PW 1 \u2013\u00a0PW 3 prot\u00e8ge votre argent liquide, vos\" \/>\n<meta property=\"og:url\" content=\"https:\/\/test.burgwaechterservice.de\/fr\/p\/coffres-forts\/pointsafe\/\" \/>\n<meta property=\"og:site_name\" content=\"Burg-W\u00e4chter France\" \/>\n<meta property=\"article:modified_time\" content=\"2019-06-17T14:25:06+00:00\" \/>\n<meta property=\"og:image\" content=\"https:\/\/test.burgwaechterservice.de\/fr\/wp-content\/uploads\/sites\/4\/2016\/07\/PW-1-S.jpg\" \/>\n\t<meta property=\"og:image:width\" content=\"2300\" \/>\n\t<meta property=\"og:image:height\" content=\"2300\" \/>\n\t<meta property=\"og:image:type\" content=\"image\/jpeg\" \/>\n<meta name=\"twitter:card\" content=\"summary_large_image\" \/>\n<meta name=\"twitter:label1\" content=\"Dur\u00e9e de lecture estim\u00e9e\" \/>\n\t<meta name=\"twitter:data1\" content=\"1 minute\" \/>\n<!-- \/ Yoast SEO Premium plugin. -->","yoast_head_json":{"title":"Coffres-forts muraux PointSafe Version S - BURG-W\u00c4CHTER","description":"Mod\u00e8le S Protection solide et compacte avec le coffre-fort mural PointSafe Coffre-fort mural PointSafe PW 1 \u2013\u00a0PW 3 prot\u00e8ge votre argent liquide, vos","robots":{"index":"index","follow":"follow","max-snippet":"max-snippet:-1","max-image-preview":"max-image-preview:large","max-video-preview":"max-video-preview:-1"},"canonical":"https:\/\/test.burgwaechterservice.de\/fr\/p\/coffres-forts\/pointsafe\/","og_locale":"fr_FR","og_type":"article","og_title":"Coffres-forts muraux PointSafe Version S","og_description":"Mod\u00e8le S Protection solide et compacte avec le coffre-fort mural PointSafe Coffre-fort mural PointSafe PW 1 \u2013\u00a0PW 3 prot\u00e8ge votre argent liquide, vos","og_url":"https:\/\/test.burgwaechterservice.de\/fr\/p\/coffres-forts\/pointsafe\/","og_site_name":"Burg-W\u00e4chter France","article_modified_time":"2019-06-17T14:25:06+00:00","og_image":[{"width":2300,"height":2300,"url":"https:\/\/test.burgwaechterservice.de\/fr\/wp-content\/uploads\/sites\/4\/2016\/07\/PW-1-S.jpg","type":"image\/jpeg"}],"twitter_card":"summary_large_image","twitter_misc":{"Dur\u00e9e de lecture estim\u00e9e":"1 minute"},"schema":{"@context":"https:\/\/schema.org","@graph":[{"@type":"WebPage","@id":"https:\/\/test.burgwaechterservice.de\/fr\/p\/coffres-forts\/pointsafe\/","url":"https:\/\/test.burgwaechterservice.de\/fr\/p\/coffres-forts\/pointsafe\/","name":"Coffres-forts muraux PointSafe Version S - BURG-W\u00c4CHTER","isPartOf":{"@id":"https:\/\/test.burgwaechterservice.de\/fr\/#website"},"datePublished":"2016-07-04T10:20:40+00:00","dateModified":"2019-06-17T14:25:06+00:00","description":"Mod\u00e8le S Protection solide et compacte avec le coffre-fort mural PointSafe Coffre-fort mural PointSafe PW 1 \u2013\u00a0PW 3 prot\u00e8ge votre argent liquide, vos","breadcrumb":{"@id":"https:\/\/test.burgwaechterservice.de\/fr\/p\/coffres-forts\/pointsafe\/#breadcrumb"},"inLanguage":"fr-FR","potentialAction":[{"@type":"ReadAction","target":["https:\/\/test.burgwaechterservice.de\/fr\/p\/coffres-forts\/pointsafe\/"]}]},{"@type":"BreadcrumbList","@id":"https:\/\/test.burgwaechterservice.de\/fr\/p\/coffres-forts\/pointsafe\/#breadcrumb","itemListElement":[{"@type":"ListItem","position":1,"name":"Accueil","item":"https:\/\/test.burgwaechterservice.de\/fr\/"},{"@type":"ListItem","position":2,"name":"Produits","item":"https:\/\/test.burgwaechterservice.de\/fr\/p\/"},{"@type":"ListItem","position":3,"name":"Coffres-forts muraux PointSafe Version S"}]},{"@type":"WebSite","@id":"https:\/\/test.burgwaechterservice.de\/fr\/#website","url":"https:\/\/test.burgwaechterservice.de\/fr\/","name":"Burg-W\u00e4chter France","description":"Le choix le plus s\u00fbr!","potentialAction":[{"@type":"SearchAction","target":{"@type":"EntryPoint","urlTemplate":"https:\/\/test.burgwaechterservice.de\/fr\/?s={search_term_string}"},"query-input":"required name=search_term_string"}],"inLanguage":"fr-FR"}]}},"_links":{"self":[{"href":"https:\/\/test.burgwaechterservice.de\/fr\/wp-json\/wp\/v2\/product\/30998"}],"collection":[{"href":"https:\/\/test.burgwaechterservice.de\/fr\/wp-json\/wp\/v2\/product"}],"about":[{"href":"https:\/\/test.burgwaechterservice.de\/fr\/wp-json\/wp\/v2\/types\/product"}],"replies":[{"embeddable":true,"href":"https:\/\/test.burgwaechterservice.de\/fr\/wp-json\/wp\/v2\/comments?post=30998"}],"wp:featuredmedia":[{"embeddable":true,"href":"https:\/\/test.burgwaechterservice.de\/fr\/wp-json\/wp\/v2\/media\/31004"}],"wp:attachment":[{"href":"https:\/\/test.burgwaechterservice.de\/fr\/wp-json\/wp\/v2\/media?parent=30998"}],"wp:term":[{"taxonomy":"product_cat","embeddable":true,"href":"https:\/\/test.burgwaechterservice.de\/fr\/wp-json\/wp\/v2\/product_cat?post=30998"},{"taxonomy":"product_tag","embeddable":true,"href":"https:\/\/test.burgwaechterservice.de\/fr\/wp-json\/wp\/v2\/product_tag?post=30998"}],"curies":[{"name":"wp","href":"https:\/\/api.w.org\/{rel}","templated":true}]}}