{"id":30996,"date":"2016-07-04T11:53:28","date_gmt":"2016-07-04T09:53:28","guid":{"rendered":"https:\/\/www.burg.biz\/?post_type=product&#038;p=30996"},"modified":"2016-11-21T10:43:39","modified_gmt":"2016-11-21T09:43:39","slug":"coffre-fort-mural-cityline","status":"publish","type":"product","link":"https:\/\/test.burgwaechterservice.de\/fr\/p\/coffres-forts\/coffre-fort-mural-cityline\/","title":{"rendered":"Coffre-fort mural CityLine"},"content":{"rendered":"<h2>Mod\u00e8le S<\/h2>\n<p>Entreposez de l&#8217;argent liquide, des bijoux et des documents de fa\u00e7on s\u00fbre dans un coffre-fort mural de la gamme CityLine de BURG-W\u00c4CHTER. Un coffre-fort encastr\u00e9 dans le mur,<strong> bien dissimul\u00e9<\/strong>, et d&#8217;autant plus <strong>difficile \u00e0 d\u00e9rober.<\/strong><\/p>\n<p>La porte du coffre-fort mural CityLine est \u00e0 double paroi, \u00e9quip\u00e9e d&#8217;une rainure anti-feu, et contient \u00e9galement des <strong>mat\u00e9riaux coupe-feu, selon la norme allemande<\/strong> <strong>DIN 4102-A1<\/strong>. Deux p\u00eanes ronds verrouillent efficacement le coffre-fort.<br \/>\nAvec la profondeur disponible pour des classeurs, la surface int\u00e9rieure offre m\u00eame assez d&#8217;espace afin d&#8217;entreposer des documents importants ou ranger des classeurs.<\/p>\n<h3>Serrure de s\u00e9curit\u00e9 blind\u00e9e, test\u00e9e par le VdS et homologu\u00e9e par l&#8217;ECB\u2022S<\/h3>\n<p>Le coffre-fort mural CityLine CW 5dispose d&#8217;une <strong>serrure de s\u00e9curit\u00e9 blind\u00e9e \u00e0 double panneton.<\/strong> 9 g\u00e2chettes et 1 million de combinaisons diff\u00e9rentes garantissent <strong>une s\u00e9curit\u00e9 optimale.<\/strong> Votre avantage\u00a0:\u00a0avec une cl\u00e9 classique en main, vous \u00eates le seul \u00e0 avoir le contr\u00f4le de l&#8217;acc\u00e8s \u00e0 vos biens de valeurs. Tenez compte du fait qu&#8217;il arrive qu&#8217;une cl\u00e9 soit d\u00e9rob\u00e9e ou perdue dans d&#8217;autres circonstances, et rangez-la par cons\u00e9quent en lieu s\u00fbr.<\/p>\n<h3>S\u00e9curit\u00e9 certifi\u00e9e du coffre-fort mural CityLine<\/h3>\n<ul>\n<li>Niveau de s\u00e9curit\u00e9 B selon la norme VDMA 24992 de la f\u00e9d\u00e9ration du g\u00e9nie m\u00e9canique allemande, version de mai 1995<\/li>\n<li>Serrure de s\u00e9curit\u00e9 \u00e0 double panneton, test\u00e9e par le VdS (cat\u00e9gorie 1),<br \/>\nCertification par l&#8217;ECB\u2022S selon la norme europ\u00e9enne EN 1300 (cat\u00e9gorie A)<\/li>\n<li>Mat\u00e9riau coupe-feu conforme \u00e0 la norme allemande DIN 4102-A1<\/li>\n<\/ul>\n<p>Avec le coffre-fort mural CityLine CW 5, le<strong> montant de<\/strong> <strong>couverture d&#8217;assurance<\/strong> recommand\u00e9 s&#8217;\u00e9tend <strong>jusqu&#8217;\u00e0 40000 pour les particuliers et jusqu&#8217;\u00e0 10000 euros pour les professionnels.<\/strong> (Veuillez noter qu&#8217;en raison des diff\u00e9rentes clauses de police d&#8217;assurance, vous devez demander l&#8217;accord de l&#8217;assureur.)<\/p>\n<h3>Coffre-fort mural CityLine CW 5 de BURG-W\u00c4CHTER<\/h3>\n<ul>\n<li>Porte \u00e0 double paroi<\/li>\n<li>9 g\u00e2chettes<\/li>\n<li>Plus d&#8217;un million de combinaisons diff\u00e9rentes<\/li>\n<li>Verrouillage par des p\u00eanes ronds<\/li>\n<li>Rainure anti-feu sur tout le pourtour<\/li>\n<li>Profondeur int\u00e9rieure suffisante pour un classeur<\/li>\n<\/ul>\n<p>&nbsp;<\/p>\n<p>&nbsp;<\/p>\n<p>&nbsp;<\/p>\n<table class=\"ausfuehrung\">\n<thead>\n<tr>\n<td>Article<\/td>\n<td>Ext\u00e9rieur H x L x P<\/td>\n<td>Int\u00e9rieur H x L x P<\/td>\n<td>Porte H x L<\/td>\n<td>Poids<\/td>\n<td>Volume<\/td>\n<\/tr>\n<\/thead>\n<tbody>\n<tr>\n<td class=\"subdesc\"><\/td>\n<td class=\"subdesc\">mm<\/td>\n<td class=\"subdesc\">mm<\/td>\n<td class=\"subdesc\">Ouverture mm<\/td>\n<td class=\"subdesc\">kg<\/td>\n<td class=\"subdesc\">\u00a0l<\/td>\n<\/tr>\n<\/tbody>\n<tbody>\n<tr>\n<td>CW 5 350 S<\/td>\n<td>326 x 440 x 350<\/td>\n<td>243 x 343 x 294<\/td>\n<td>243 x 335<\/td>\n<td>19,5<\/td>\n<td>24,5<\/td>\n<\/tr>\n<\/tbody>\n<\/table>\n","protected":false},"excerpt":{"rendered":"<p>Mod\u00e8le S Entreposez de l&#8217;argent liquide, des bijoux et des documents de fa\u00e7on s\u00fbre dans un coffre-fort mural de la gamme CityLine de BURG-W\u00c4CHTER. Un coffre-fort encastr\u00e9 dans le mur, bien dissimul\u00e9, et d&#8217;autant plus difficile \u00e0 d\u00e9rober. La porte &hellip; <a class=\"kt-excerpt-readmore\" href=\"https:\/\/test.burgwaechterservice.de\/fr\/p\/coffres-forts\/coffre-fort-mural-cityline\/\" aria-label=\"Coffre-fort mural CityLine\">Lire la suite<\/a><\/p>\n","protected":false},"featured_media":30997,"comment_status":"closed","ping_status":"closed","template":"","meta":[],"product_cat":[34,41],"product_tag":[8],"yoast_head":"<!-- This site is optimized with the Yoast SEO Premium plugin v18.4 (Yoast SEO v19.13) - https:\/\/yoast.com\/wordpress\/plugins\/seo\/ -->\n<title>Coffre-fort mural CityLine - BURG-W\u00c4CHTER<\/title>\n<meta name=\"description\" content=\"Mod\u00e8le S Entreposez de l&#039;argent liquide, des bijoux et des documents de fa\u00e7on s\u00fbre dans un coffre-fort mural de la gamme CityLine de BURG-W\u00c4CHTER. Un\" \/>\n<meta name=\"robots\" content=\"index, follow, max-snippet:-1, max-image-preview:large, max-video-preview:-1\" \/>\n<link rel=\"canonical\" href=\"https:\/\/test.burgwaechterservice.de\/fr\/p\/coffres-forts\/coffre-fort-mural-cityline\/\" \/>\n<meta property=\"og:locale\" content=\"fr_FR\" \/>\n<meta property=\"og:type\" content=\"article\" \/>\n<meta property=\"og:title\" content=\"Coffre-fort mural CityLine\" \/>\n<meta property=\"og:description\" content=\"Mod\u00e8le S Entreposez de l&#039;argent liquide, des bijoux et des documents de fa\u00e7on s\u00fbre dans un coffre-fort mural de la gamme CityLine de BURG-W\u00c4CHTER. Un\" \/>\n<meta property=\"og:url\" content=\"https:\/\/test.burgwaechterservice.de\/fr\/p\/coffres-forts\/coffre-fort-mural-cityline\/\" \/>\n<meta property=\"og:site_name\" content=\"Burg-W\u00e4chter France\" \/>\n<meta property=\"article:modified_time\" content=\"2016-11-21T09:43:39+00:00\" \/>\n<meta property=\"og:image\" content=\"https:\/\/test.burgwaechterservice.de\/fr\/wp-content\/uploads\/sites\/4\/2016\/07\/CW5350_S.jpg\" \/>\n\t<meta property=\"og:image:width\" content=\"1000\" \/>\n\t<meta property=\"og:image:height\" content=\"1000\" \/>\n\t<meta property=\"og:image:type\" content=\"image\/jpeg\" \/>\n<meta name=\"twitter:card\" content=\"summary_large_image\" \/>\n<meta name=\"twitter:label1\" content=\"Dur\u00e9e de lecture estim\u00e9e\" \/>\n\t<meta name=\"twitter:data1\" content=\"2 minutes\" \/>\n<!-- \/ Yoast SEO Premium plugin. -->","yoast_head_json":{"title":"Coffre-fort mural CityLine - BURG-W\u00c4CHTER","description":"Mod\u00e8le S Entreposez de l'argent liquide, des bijoux et des documents de fa\u00e7on s\u00fbre dans un coffre-fort mural de la gamme CityLine de BURG-W\u00c4CHTER. Un","robots":{"index":"index","follow":"follow","max-snippet":"max-snippet:-1","max-image-preview":"max-image-preview:large","max-video-preview":"max-video-preview:-1"},"canonical":"https:\/\/test.burgwaechterservice.de\/fr\/p\/coffres-forts\/coffre-fort-mural-cityline\/","og_locale":"fr_FR","og_type":"article","og_title":"Coffre-fort mural CityLine","og_description":"Mod\u00e8le S Entreposez de l'argent liquide, des bijoux et des documents de fa\u00e7on s\u00fbre dans un coffre-fort mural de la gamme CityLine de BURG-W\u00c4CHTER. Un","og_url":"https:\/\/test.burgwaechterservice.de\/fr\/p\/coffres-forts\/coffre-fort-mural-cityline\/","og_site_name":"Burg-W\u00e4chter France","article_modified_time":"2016-11-21T09:43:39+00:00","og_image":[{"width":1000,"height":1000,"url":"https:\/\/test.burgwaechterservice.de\/fr\/wp-content\/uploads\/sites\/4\/2016\/07\/CW5350_S.jpg","type":"image\/jpeg"}],"twitter_card":"summary_large_image","twitter_misc":{"Dur\u00e9e de lecture estim\u00e9e":"2 minutes"},"schema":{"@context":"https:\/\/schema.org","@graph":[{"@type":"WebPage","@id":"https:\/\/test.burgwaechterservice.de\/fr\/p\/coffres-forts\/coffre-fort-mural-cityline\/","url":"https:\/\/test.burgwaechterservice.de\/fr\/p\/coffres-forts\/coffre-fort-mural-cityline\/","name":"Coffre-fort mural CityLine - BURG-W\u00c4CHTER","isPartOf":{"@id":"https:\/\/test.burgwaechterservice.de\/fr\/#website"},"datePublished":"2016-07-04T09:53:28+00:00","dateModified":"2016-11-21T09:43:39+00:00","description":"Mod\u00e8le S Entreposez de l'argent liquide, des bijoux et des documents de fa\u00e7on s\u00fbre dans un coffre-fort mural de la gamme CityLine de BURG-W\u00c4CHTER. Un","breadcrumb":{"@id":"https:\/\/test.burgwaechterservice.de\/fr\/p\/coffres-forts\/coffre-fort-mural-cityline\/#breadcrumb"},"inLanguage":"fr-FR","potentialAction":[{"@type":"ReadAction","target":["https:\/\/test.burgwaechterservice.de\/fr\/p\/coffres-forts\/coffre-fort-mural-cityline\/"]}]},{"@type":"BreadcrumbList","@id":"https:\/\/test.burgwaechterservice.de\/fr\/p\/coffres-forts\/coffre-fort-mural-cityline\/#breadcrumb","itemListElement":[{"@type":"ListItem","position":1,"name":"Accueil","item":"https:\/\/test.burgwaechterservice.de\/fr\/"},{"@type":"ListItem","position":2,"name":"Produits","item":"https:\/\/test.burgwaechterservice.de\/fr\/p\/"},{"@type":"ListItem","position":3,"name":"Coffre-fort mural CityLine"}]},{"@type":"WebSite","@id":"https:\/\/test.burgwaechterservice.de\/fr\/#website","url":"https:\/\/test.burgwaechterservice.de\/fr\/","name":"Burg-W\u00e4chter France","description":"Le choix le plus s\u00fbr!","potentialAction":[{"@type":"SearchAction","target":{"@type":"EntryPoint","urlTemplate":"https:\/\/test.burgwaechterservice.de\/fr\/?s={search_term_string}"},"query-input":"required name=search_term_string"}],"inLanguage":"fr-FR"}]}},"_links":{"self":[{"href":"https:\/\/test.burgwaechterservice.de\/fr\/wp-json\/wp\/v2\/product\/30996"}],"collection":[{"href":"https:\/\/test.burgwaechterservice.de\/fr\/wp-json\/wp\/v2\/product"}],"about":[{"href":"https:\/\/test.burgwaechterservice.de\/fr\/wp-json\/wp\/v2\/types\/product"}],"replies":[{"embeddable":true,"href":"https:\/\/test.burgwaechterservice.de\/fr\/wp-json\/wp\/v2\/comments?post=30996"}],"wp:featuredmedia":[{"embeddable":true,"href":"https:\/\/test.burgwaechterservice.de\/fr\/wp-json\/wp\/v2\/media\/30997"}],"wp:attachment":[{"href":"https:\/\/test.burgwaechterservice.de\/fr\/wp-json\/wp\/v2\/media?parent=30996"}],"wp:term":[{"taxonomy":"product_cat","embeddable":true,"href":"https:\/\/test.burgwaechterservice.de\/fr\/wp-json\/wp\/v2\/product_cat?post=30996"},{"taxonomy":"product_tag","embeddable":true,"href":"https:\/\/test.burgwaechterservice.de\/fr\/wp-json\/wp\/v2\/product_tag?post=30996"}],"curies":[{"name":"wp","href":"https:\/\/api.w.org\/{rel}","templated":true}]}}