{"id":30986,"date":"2016-07-04T10:52:00","date_gmt":"2016-07-04T08:52:00","guid":{"rendered":"https:\/\/www.burg.biz\/?post_type=product&#038;p=30986"},"modified":"2022-01-17T08:43:29","modified_gmt":"2022-01-17T07:43:29","slug":"coffres-forts-muraux-karat-wt-11-13-version-s","status":"publish","type":"product","link":"https:\/\/test.burgwaechterservice.de\/fr\/p\/coffres-forts\/coffres-forts-muraux-karat-wt-11-13-version-s\/","title":{"rendered":"Coffres-forts muraux Karat WT 11-13 Version S"},"content":{"rendered":"<h2>Le coffre-fort mural \u00ab\u00a0Karat\u00a0\u00bb avec profondeur r\u00e9glable<\/h2>\n<p>Le coffre-fort mural compacte et robuste \u00ab\u00a0Karat\u00a0\u00bb de BURG-W\u00c4CHTER dispose d&#8217;un <strong>corps ajustable<\/strong> vous permettant de <strong>r\u00e9gler la profondeur.<\/strong> Avec un coffre-fort encastr\u00e9 dans le mur, que ce soit pour le bureau ou pour une protection compl\u00e9mentaire des objets de valeur \u00e0 la maison, ceux-ci, ainsi que vos documents, sont bien dissimul\u00e9s et prot\u00e9g\u00e9s contre le vol (<strong>degr\u00e9 de s\u00e9curit\u00e9 B<\/strong>).<\/p>\n<h3>La solution pratique pour une utilisation optimale de l&#8217;espace<\/h3>\n<p>Le coffre-fort mural \u00ab\u00a0Karat\u00a0\u00bb dispose d&#8217;une <strong>profondeur r\u00e9glable.<\/strong> Avec le <strong>corps ajustable du coffre-fort<\/strong>, vous d\u00e9cidez vous-m\u00eame de la place dont vous avez besoin pour vos objets de valeur ou vous l&#8217;adaptez, de fa\u00e7on optimale, \u00e0 l&#8217;\u00e9paisseur du mur. Un coffre-fort encastr\u00e9 dans un mur est \u00e0 l&#8217;abri des regards et facile \u00e0 dissimuler.<\/p>\n<h3>La structure robuste de la porte renforce la s\u00e9curit\u00e9<\/h3>\n<p>La porte est munie d&#8217;une double paroi et d&#8217;une plaque massive en acier mangan\u00e8se de 7 mm d&#8217;\u00e9paisseur. Avec les p\u00eanes rectangulaires efficaces, la porte est<strong> bien s\u00e9curis\u00e9e.<\/strong> <strong>Des mat\u00e9riaux coupe-feu<\/strong> suppl\u00e9mentaires (selon la norme allemande DIN 4102-A1), int\u00e9gr\u00e9s dans la porte du coffre-fort, garantissent une protection contre les incendies et la chaleur. <strong>La rainure anti-feu <\/strong>situ\u00e9e sur le pourtour du corps prot\u00e8ge ainsi le contenu de mani\u00e8re fiable.<\/p>\n<p>Le vernis de couleur gris m\u00e9tallique du \u00ab\u00a0Karat\u00a0\u00bb est <strong>sobre et \u00e9l\u00e9gant,<\/strong> et se marie \u00e9galement visuellement avec presque tous les murs.<\/p>\n<h3>Serrure de s\u00e9curit\u00e9 blind\u00e9e, test\u00e9e par le VdS et homologu\u00e9e par l&#8217;ECB\u2022S<\/h3>\n<p>Ce mod\u00e8le de coffre-fort \u00ab\u00a0Karat\u00a0\u00bb (WT 11 \u2013 WT 13) dispose d&#8217;une <strong>serrure \u00e0 double panneton blind\u00e9e<\/strong> et est livr\u00e9 de s\u00e9rie avec deux cl\u00e9s. Il est <strong>contr\u00f4l\u00e9 par le VdS <\/strong>(cat\u00e9gorie 1) et <strong>h<\/strong>omologu\u00e9e selon la norme europ\u00e9enne <strong>EN 1300 par l&#8217;ECB\u2022S<\/strong>(cat\u00e9gorie A).<\/p>\n<p>Neuf g\u00e2chettes et un million de combinaisons diff\u00e9rentes garantissent <strong>une s\u00e9curit\u00e9 optimale.<\/strong> Un syst\u00e8me de cl\u00e9 prisonni\u00e8re fait en sorte que la cl\u00e9 puisse \u00eatre retir\u00e9e uniquement si la fermeture a \u00e9t\u00e9 effectu\u00e9e correctement.<br \/>\nVotre avantage\u00a0:\u00a0avec une cl\u00e9 classique en main, vous \u00eates le seul \u00e0 avoir le contr\u00f4le de l&#8217;acc\u00e8s \u00e0 vos biens de valeurs. Tenez compte du fait qu&#8217;il arrive qu&#8217;une cl\u00e9 soit d\u00e9rob\u00e9e ou perdue dans d&#8217;autres circonstances, et rangez-la par cons\u00e9quent en lieu s\u00fbr.<\/p>\n<p>Le<strong> montant de<\/strong> <strong>couverture d&#8217;assurance<\/strong> recommand\u00e9 pout le coffre-fort \u00ab\u00a0Karat\u00a0\u00bb WT 11 \u2013 WT 13 s&#8217;\u00e9tend <strong>jusqu&#8217;\u00e0 40000 pour les particuliers et jusqu&#8217;\u00e0 10000 euros pour les professionnels.<\/strong> Veuillez noter qu&#8217;en raison des diff\u00e9rentes clauses de police d&#8217;assurance, vous devez demander l&#8217;accord de l&#8217;assureur.<\/p>\n<h3>Les avantages du coffre-fort \u00ab\u00a0Karat\u00a0\u00bb en bref\u00a0:<\/h3>\n<ul>\n<li>Niveau de s\u00e9curit\u00e9 B selon la norme VDMA 24992 de la f\u00e9d\u00e9ration du g\u00e9nie m\u00e9canique allemande, version de mai 1995<\/li>\n<li>La gamme de coffres-forts muraux \u00e0 profondeur variable \u2013 Utilisation optimale de l&#8217;espace gr\u00e2ce au corps ajustable du coffre-fort<\/li>\n<li>Porte \u00e0 double paroi<\/li>\n<li>Plaque de la porte en acier mangan\u00e8se d&#8217;une \u00e9paisseur de 7 mm<\/li>\n<li>Verrouillage performant par p\u00eanes rectangulaires<\/li>\n<li>Mat\u00e9riau coupe-feu conforme \u00e0 la norme allemande DIN 4102-A1<\/li>\n<li>Rail de verrouillage continu du c\u00f4t\u00e9 charni\u00e8res<\/li>\n<li>Corps avec rainure anti-feu<\/li>\n<li>Vernis\u00a0: Gris m\u00e9tallique<\/li>\n<\/ul>\n<p>&nbsp;<\/p>\n<table class=\"ausfuehrung\">\n<thead>\n<tr>\n<td>Article<\/td>\n<td>Ext\u00e9rieur H x L x P<\/td>\n<td>Int\u00e9rieur H x L x P<\/td>\n<td>Porte H x L<\/td>\n<td>Poids<\/td>\n<td>Volume<\/td>\n<\/tr>\n<\/thead>\n<tbody>\n<tr>\n<td class=\"subdesc\"><\/td>\n<td class=\"subdesc\">mm<\/td>\n<td class=\"subdesc\">mm<\/td>\n<td class=\"subdesc\">Ouverture mm<\/td>\n<td class=\"subdesc\">kg<\/td>\n<td class=\"subdesc\">\u00a0l<\/td>\n<\/tr>\n<\/tbody>\n<tbody>\n<tr>\n<td>WT 11 S<\/td>\n<td>170 x 240 x 119-163<\/td>\n<td>110 x 190 x 74,5-118,5<\/td>\n<td>110 x 130<\/td>\n<td>7,5<\/td>\n<td>1,55-2,4<\/td>\n<\/tr>\n<tr>\n<td>WT 12 S<\/td>\n<td>205 x 290 x 119-163<\/td>\n<td>145 x 240 x 74,5-118,5<\/td>\n<td>145 x 190<\/td>\n<td>10,2<\/td>\n<td>2,6-4,1<\/td>\n<\/tr>\n<tr>\n<td>WT 13 S<\/td>\n<td>250 x 350 x 233-351<\/td>\n<td>190 x 300 x 188,5-306,5<\/td>\n<td>190 x 251<\/td>\n<td>18,0<\/td>\n<td>10,7-17,4<\/td>\n<\/tr>\n<\/tbody>\n<\/table>\n","protected":false},"excerpt":{"rendered":"<p>Le coffre-fort mural \u00ab\u00a0Karat\u00a0\u00bb avec profondeur r\u00e9glable Le coffre-fort mural compacte et robuste \u00ab\u00a0Karat\u00a0\u00bb de BURG-W\u00c4CHTER dispose d&#8217;un corps ajustable vous permettant de r\u00e9gler la profondeur. Avec un coffre-fort encastr\u00e9 dans le mur, que ce soit pour le bureau ou &hellip; <a class=\"kt-excerpt-readmore\" href=\"https:\/\/test.burgwaechterservice.de\/fr\/p\/coffres-forts\/coffres-forts-muraux-karat-wt-11-13-version-s\/\" aria-label=\"Coffres-forts muraux Karat WT 11-13 Version S\">Lire la suite<\/a><\/p>\n","protected":false},"featured_media":400737,"comment_status":"closed","ping_status":"closed","template":"","meta":[],"product_cat":[7991],"product_tag":[17,571,572],"yoast_head":"<!-- This site is optimized with the Yoast SEO Premium plugin v18.4 (Yoast SEO v19.13) - https:\/\/yoast.com\/wordpress\/plugins\/seo\/ -->\n<title>Coffres-forts muraux Karat WT 11-13 Version S - BURG-W\u00c4CHTER<\/title>\n<meta name=\"description\" content=\"Le coffre-fort mural \u00ab\u00a0Karat\u00a0\u00bb avec profondeur r\u00e9glable Le coffre-fort mural compacte et robuste \u00ab\u00a0Karat\u00a0\u00bb de BURG-W\u00c4CHTER dispose d&#039;un corps ajustable\" \/>\n<meta name=\"robots\" content=\"index, follow, max-snippet:-1, max-image-preview:large, max-video-preview:-1\" \/>\n<link rel=\"canonical\" href=\"https:\/\/test.burgwaechterservice.de\/fr\/p\/coffres-forts\/coffres-forts-muraux-karat-wt-11-13-version-s\/\" \/>\n<meta property=\"og:locale\" content=\"fr_FR\" \/>\n<meta property=\"og:type\" content=\"article\" \/>\n<meta property=\"og:title\" content=\"Coffres-forts muraux Karat WT 11-13 Version S\" \/>\n<meta property=\"og:description\" content=\"Le coffre-fort mural \u00ab\u00a0Karat\u00a0\u00bb avec profondeur r\u00e9glable Le coffre-fort mural compacte et robuste \u00ab\u00a0Karat\u00a0\u00bb de BURG-W\u00c4CHTER dispose d&#039;un corps ajustable\" \/>\n<meta property=\"og:url\" content=\"https:\/\/test.burgwaechterservice.de\/fr\/p\/coffres-forts\/coffres-forts-muraux-karat-wt-11-13-version-s\/\" \/>\n<meta property=\"og:site_name\" content=\"Burg-W\u00e4chter France\" \/>\n<meta property=\"article:modified_time\" content=\"2022-01-17T07:43:29+00:00\" \/>\n<meta property=\"og:image\" content=\"https:\/\/test.burgwaechterservice.de\/fr\/wp-content\/uploads\/sites\/4\/2016\/06\/Tresor_Button_Auslaufmodell_WT11_FR.jpg\" \/>\n\t<meta property=\"og:image:width\" content=\"800\" \/>\n\t<meta property=\"og:image:height\" content=\"800\" \/>\n\t<meta property=\"og:image:type\" content=\"image\/jpeg\" \/>\n<meta name=\"twitter:card\" content=\"summary_large_image\" \/>\n<meta name=\"twitter:label1\" content=\"Dur\u00e9e de lecture estim\u00e9e\" \/>\n\t<meta name=\"twitter:data1\" content=\"3 minutes\" \/>\n<!-- \/ Yoast SEO Premium plugin. -->","yoast_head_json":{"title":"Coffres-forts muraux Karat WT 11-13 Version S - BURG-W\u00c4CHTER","description":"Le coffre-fort mural \u00ab\u00a0Karat\u00a0\u00bb avec profondeur r\u00e9glable Le coffre-fort mural compacte et robuste \u00ab\u00a0Karat\u00a0\u00bb de BURG-W\u00c4CHTER dispose d'un corps ajustable","robots":{"index":"index","follow":"follow","max-snippet":"max-snippet:-1","max-image-preview":"max-image-preview:large","max-video-preview":"max-video-preview:-1"},"canonical":"https:\/\/test.burgwaechterservice.de\/fr\/p\/coffres-forts\/coffres-forts-muraux-karat-wt-11-13-version-s\/","og_locale":"fr_FR","og_type":"article","og_title":"Coffres-forts muraux Karat WT 11-13 Version S","og_description":"Le coffre-fort mural \u00ab\u00a0Karat\u00a0\u00bb avec profondeur r\u00e9glable Le coffre-fort mural compacte et robuste \u00ab\u00a0Karat\u00a0\u00bb de BURG-W\u00c4CHTER dispose d'un corps ajustable","og_url":"https:\/\/test.burgwaechterservice.de\/fr\/p\/coffres-forts\/coffres-forts-muraux-karat-wt-11-13-version-s\/","og_site_name":"Burg-W\u00e4chter France","article_modified_time":"2022-01-17T07:43:29+00:00","og_image":[{"width":800,"height":800,"url":"https:\/\/test.burgwaechterservice.de\/fr\/wp-content\/uploads\/sites\/4\/2016\/06\/Tresor_Button_Auslaufmodell_WT11_FR.jpg","type":"image\/jpeg"}],"twitter_card":"summary_large_image","twitter_misc":{"Dur\u00e9e de lecture estim\u00e9e":"3 minutes"},"schema":{"@context":"https:\/\/schema.org","@graph":[{"@type":"WebPage","@id":"https:\/\/test.burgwaechterservice.de\/fr\/p\/coffres-forts\/coffres-forts-muraux-karat-wt-11-13-version-s\/","url":"https:\/\/test.burgwaechterservice.de\/fr\/p\/coffres-forts\/coffres-forts-muraux-karat-wt-11-13-version-s\/","name":"Coffres-forts muraux Karat WT 11-13 Version S - BURG-W\u00c4CHTER","isPartOf":{"@id":"https:\/\/test.burgwaechterservice.de\/fr\/#website"},"datePublished":"2016-07-04T08:52:00+00:00","dateModified":"2022-01-17T07:43:29+00:00","description":"Le coffre-fort mural \u00ab\u00a0Karat\u00a0\u00bb avec profondeur r\u00e9glable Le coffre-fort mural compacte et robuste \u00ab\u00a0Karat\u00a0\u00bb de BURG-W\u00c4CHTER dispose d'un corps ajustable","breadcrumb":{"@id":"https:\/\/test.burgwaechterservice.de\/fr\/p\/coffres-forts\/coffres-forts-muraux-karat-wt-11-13-version-s\/#breadcrumb"},"inLanguage":"fr-FR","potentialAction":[{"@type":"ReadAction","target":["https:\/\/test.burgwaechterservice.de\/fr\/p\/coffres-forts\/coffres-forts-muraux-karat-wt-11-13-version-s\/"]}]},{"@type":"BreadcrumbList","@id":"https:\/\/test.burgwaechterservice.de\/fr\/p\/coffres-forts\/coffres-forts-muraux-karat-wt-11-13-version-s\/#breadcrumb","itemListElement":[{"@type":"ListItem","position":1,"name":"Accueil","item":"https:\/\/test.burgwaechterservice.de\/fr\/"},{"@type":"ListItem","position":2,"name":"Produits","item":"https:\/\/test.burgwaechterservice.de\/fr\/p\/"},{"@type":"ListItem","position":3,"name":"Coffres-forts muraux Karat WT 11-13 Version S"}]},{"@type":"WebSite","@id":"https:\/\/test.burgwaechterservice.de\/fr\/#website","url":"https:\/\/test.burgwaechterservice.de\/fr\/","name":"Burg-W\u00e4chter France","description":"Le choix le plus s\u00fbr!","potentialAction":[{"@type":"SearchAction","target":{"@type":"EntryPoint","urlTemplate":"https:\/\/test.burgwaechterservice.de\/fr\/?s={search_term_string}"},"query-input":"required name=search_term_string"}],"inLanguage":"fr-FR"}]}},"_links":{"self":[{"href":"https:\/\/test.burgwaechterservice.de\/fr\/wp-json\/wp\/v2\/product\/30986"}],"collection":[{"href":"https:\/\/test.burgwaechterservice.de\/fr\/wp-json\/wp\/v2\/product"}],"about":[{"href":"https:\/\/test.burgwaechterservice.de\/fr\/wp-json\/wp\/v2\/types\/product"}],"replies":[{"embeddable":true,"href":"https:\/\/test.burgwaechterservice.de\/fr\/wp-json\/wp\/v2\/comments?post=30986"}],"wp:featuredmedia":[{"embeddable":true,"href":"https:\/\/test.burgwaechterservice.de\/fr\/wp-json\/wp\/v2\/media\/400737"}],"wp:attachment":[{"href":"https:\/\/test.burgwaechterservice.de\/fr\/wp-json\/wp\/v2\/media?parent=30986"}],"wp:term":[{"taxonomy":"product_cat","embeddable":true,"href":"https:\/\/test.burgwaechterservice.de\/fr\/wp-json\/wp\/v2\/product_cat?post=30986"},{"taxonomy":"product_tag","embeddable":true,"href":"https:\/\/test.burgwaechterservice.de\/fr\/wp-json\/wp\/v2\/product_tag?post=30986"}],"curies":[{"name":"wp","href":"https:\/\/api.w.org\/{rel}","templated":true}]}}