{"id":30973,"date":"2016-06-30T15:29:33","date_gmt":"2016-06-30T13:29:33","guid":{"rendered":"https:\/\/www.burg.biz\/?post_type=product&#038;p=30973"},"modified":"2017-11-20T10:40:11","modified_gmt":"2017-11-20T09:40:11","slug":"coffres-forts-muraux-karat-version-e-fs","status":"publish","type":"product","link":"https:\/\/test.burgwaechterservice.de\/fr\/p\/coffres-forts\/coffres-forts-muraux-karat-version-e-fs\/","title":{"rendered":"Coffres-forts muraux Karat Version E FS"},"content":{"rendered":"<h2>Coffres-forts muraux WT 14 N &#8211; WT 16 N \u00ab Karat \u00bb<\/h2>\n<h3>Mod\u00e8le E FS<\/h3>\n<p>Avec le coffre-fort mural \u00ab\u00a0Karat\u00a0\u00bb, vous ne disposez pas seulement d&#8217;une protection optimale contre le vol, mais aussi de la possibilit\u00e9 <strong>d&#8217;ajuster la configuration du coffre-fort en fonction de l&#8217;\u00e9paisseur du mur et de vos exigences particuli\u00e8res.<\/strong> Avec le \u00ab\u00a0Karat\u00a0\u00bb, homologu\u00e9 et certifi\u00e9 par <strong>l&#8217;ECB\u2022S<\/strong> et le <strong>VdS<\/strong>, et dot\u00e9 de la<strong> protection certifi\u00e9e contre l&#8217;effraction conforme \u00e0 la norme europ\u00e9enne EN 1143-1<\/strong>, vous parez \u00e0 toute les \u00e9ventualit\u00e9s.<\/p>\n<p>Il convient particuli\u00e8rement au stockage dissimul\u00e9 et s\u00fbr d&#8217;objets de valeurs <strong>au quotidien <\/strong>et surtout l\u00e0, o\u00f9 un ajustement sp\u00e9cifique du mur est n\u00e9cessaire. Le coffre-fort mural peut \u00e9galement \u00eatre utilis\u00e9 au <strong>bureau<\/strong> ou pour l&#8217;<strong>entreprise<\/strong>.<\/p>\n<h3>La solution pratique pour une utilisation optimale de l&#8217;espace<\/h3>\n<p>Le coffre-fort mural \u00ab\u00a0Karat\u00a0\u00bb dispose d&#8217;une <strong>profondeur r\u00e9glable.<\/strong> Avec le <strong>corps ajustable du coffre-fort<\/strong>, vous d\u00e9cidez vous-m\u00eame de la place dont vous avez besoin pour vos objets de valeur ou vous l&#8217;adaptez, de fa\u00e7on optimale, \u00e0 l&#8217;\u00e9paisseur du mur. Compl\u00e8tement \u00e9tir\u00e9, le compartiment du coffre-fort offre assez de profondeur pour des classeurs et peut ais\u00e9ment accueillir des documents importants. La tablette s&#8217;adapte individuellement \u00e0 toutes les profondeurs. Celle-ci est ajustable et vous simplifie l&#8217;organisation et le stockage de vos bien de valeurs.<\/p>\n<h3>Mat\u00e9riau prot\u00e9g\u00e9 contre l&#8217;oxycoupage<\/h3>\n<p>Le cadre du caisson du coffre-fort mural \u00ab\u00a0Karat\u00a0\u00bb est en <strong>acier inoxydable avec une protection contre l&#8217;oxycoupage.<\/strong> Non seulement le coffre-fort vous permet de vous pr\u00e9munir contre le vol de vos objets de valeur, mais il les prot\u00e8ge \u00e9galement du feu et de la chaleur gr\u00e2ce aux<strong> mat\u00e9riaux coupe-feu int\u00e9gr\u00e9s \u00e0 la porte, selon la norme allemande DIN 4102-A1<\/strong>, et \u00e0 la <strong>rainure anti-feu<\/strong> situ\u00e9e sur le pourtour int\u00e9rieur du corps.<\/p>\n<h3>Une armature suppl\u00e9mentaire prot\u00e8ge efficacement votre porte<\/h3>\n<p>La porte du coffre-fort mural est \u00e9quip\u00e9e d&#8217;une double paroi avec une <strong>armature protectrice suppl\u00e9mentaire<\/strong>. La plaque frontale de la porte est en acier mangan\u00e8se massif d&#8217;une \u00e9paisseur de 7mm. Le verrouillage de la porte s&#8217;effectue sur 3 points et au moyen de <strong>p\u00eanes rectangulaires robustes.<\/strong> Les boulons de verrouillage situ\u00e9s en haut et en bas sont \u00e9quip\u00e9s de rouleaux en acier int\u00e9gr\u00e9s. Ce qui repr\u00e9sente une <strong>protection additionnelle extr\u00eamement efficace <\/strong>contre l\u2019oxycoupage, le forage et le d\u00e9foncement. Un rail de verrouillage continu sur le c\u00f4t\u00e9 charni\u00e8re augmente la r\u00e9sistance en cas de tentative d&#8217;effraction.<\/p>\n<p><strong>Votre atout s\u00e9curit\u00e9\u00a0:<\/strong> Un <strong>syst\u00e8me de verrouillage de secours thermique<\/strong> et une <strong>protection sp\u00e9ciale contre le d\u00e9foncement<\/strong> devant chaque boulon de verrouillage renforcent encore davantage la s\u00e9curit\u00e9.<\/p>\n<h3>Serrure \u00e0 code \u00ab\u00a0SecuTronic\u00a0\u00bb contr\u00f4l\u00e9e par le VdS avec module de lecteur d&#8217;empreintes digitales int\u00e9gr\u00e9<\/h3>\n<p>Notre syst\u00e8me unique de serrure \u00e9lectronique \u00e0 code programmable \u00ab\u00a0SecuTronic\u00a0\u00bb est install\u00e9 de s\u00e9rie avec un lecteur d&#8217;empreintes digitales int\u00e9gr\u00e9. Il s&#8217;agit ainsi d&#8217;une solution extr\u00eamement rapide, confortable et s\u00fbre destin\u00e9e \u00e0 tous ceux qui ne souhaitent pas avoir une cl\u00e9 sur eux.<br \/>\nVous devez commencer par programmer\/scanner deux doigts avant de pouvoir ouvrir le coffre-fort avec le lecteur d&#8217;empreintes digitales. Cette technique d&#8217;authentification est extr\u00eamement pr\u00e9cise, rapide et fiable. Le lecteur d&#8217;empreintes digitales dispose \u00e9galement du syst\u00e8me <strong>\u00ab\u00a0Fake Finger Detection\u00a0\u00bb<\/strong> permettant de distinguer les v\u00e9ritables doigts des doigts factices lors de l&#8217;identification, ce qui <strong>apporte une protection optimale contre toute manipulation<\/strong>.<\/p>\n<p>La serrure \u00e9lectronique est <strong>certifi\u00e9e par le VdS<\/strong> (cat\u00e9gorie 2) et offre v\u00e9ritablement un million de possibilit\u00e9s de programmation. Le syst\u00e8me intelligent de gestion des utilisateurs peut administrer jusqu&#8217;\u00e0 10 codes utilisateurs \u00e0 six chiffres que l&#8217;on peut programmer soi-m\u00eame, jusqu&#8217;\u00e0 20 empreintes digitales et, en option, jusqu&#8217;\u00e0 300 cl\u00e9s \u00e9lectroniques TSE E-Keys. En option, un logiciel de TSE sur PC permet de g\u00e9rer les noms d&#8217;utilisateur, les horaires et les droits d&#8217;acc\u00e8s, les fonctions de calendrier et bien d&#8217;autres param\u00e8tres.<br \/>\nLe mod\u00e8le \u00ab\u00a0Karat\u00a0\u00bb est livr\u00e9 avec deux piles afin de pouvoir utiliser sans attendre votre coffre-fort de s\u00e9curit\u00e9.<br \/>\nVeuillez \u00e9galement noter que l&#8217;armature de la serrure d\u00e9passe de 30 mm.<\/p>\n<p>Le <strong>montant de<\/strong> <strong>couverture d&#8217;assurance<\/strong> recommand\u00e9 s&#8217;\u00e9tend <strong>jusqu&#8217;\u00e0 40000 euros pour les particuliers et jusqu&#8217;\u00e0 10000 euros pour les professionnels.<\/strong> Veuillez noter qu&#8217;en raison des diff\u00e9rentes clauses de police d&#8217;assurance, vous devez demander l&#8217;accord de l&#8217;assureur.<\/p>\n<h3>Aper\u00e7u du coffre-fort mural \u00ab\u00a0Karat\u00a0\u00bb<\/h3>\n<ul>\n<li>Degr\u00e9 de r\u00e9sistance N<\/li>\n<li>Homologation et supervision de la s\u00e9curit\u00e9 par le VdS<\/li>\n<li>Protection certifi\u00e9e contre l&#8217;effraction selon la norme europ\u00e9enne EN 1143-1<\/li>\n<li>La gamme de coffres-forts muraux \u00e0 profondeur variable \u2013 Utilisation optimale de l&#8217;espace gr\u00e2ce au corps ajustable du coffre-fort<\/li>\n<li>Le cadre du caisson est en acier inoxydable avec une protection contre l&#8217;oxycoupage<\/li>\n<li>Porte avec double paroi avec armature suppl\u00e9mentaire, plaque frontale de la porte en acier mangan\u00e8se d&#8217;une \u00e9paisseur de 7 mm<\/li>\n<li>Verrouillage sur 3 points par des p\u00eanes rectangulaires solides, boulons de verrouillage en haut et en bas avec rouleaux en acier int\u00e9gr\u00e9s, haute protection suppl\u00e9mentaire contre l&#8217;oxycoupage, le forage et le d\u00e9foncement<\/li>\n<li>Rail de verrouillage continu du c\u00f4t\u00e9 charni\u00e8res<\/li>\n<li>Porte du coffre-fort constitu\u00e9e de mat\u00e9riaux coupe-feu, selon la norme allemande DIN 4102-A1<\/li>\n<li>Corps avec rainure anti-feu<\/li>\n<li>Profondeur pour classeurs si \u00e9tir\u00e9 compl\u00e8tement<\/li>\n<li>Une tablette r\u00e9glable<\/li>\n<li>Vernis\u00a0: Gris m\u00e9tallique<\/li>\n<\/ul>\n<p>Votre avantage s\u00e9curit\u00e9\u00a0:<\/p>\n<ul>\n<li>Un syst\u00e8me de verrouillage de secours thermique, une protection sp\u00e9ciale contre le d\u00e9foncement devant chaque boulon de verrouillage<\/li>\n<\/ul>\n<p>&nbsp;<\/p>\n<table class=\"ausfuehrung\">\n<thead>\n<tr>\n<td>Article<\/td>\n<td>Ext\u00e9rieur H x L x P<\/td>\n<td>Int\u00e9rieur H x L x P<\/td>\n<td>Porte H x L<\/td>\n<td>Poids<\/td>\n<td>Volume<\/td>\n<\/tr>\n<\/thead>\n<tbody>\n<tr>\n<td class=\"subdesc\"><\/td>\n<td class=\"subdesc\">mm<\/td>\n<td class=\"subdesc\">mm<\/td>\n<td class=\"subdesc\">Ouverture mm<\/td>\n<td class=\"subdesc\">kg<\/td>\n<td class=\"subdesc\">\u00a0l<\/td>\n<\/tr>\n<\/tbody>\n<tbody>\n<tr>\n<td>WT 14 N E FS<\/td>\n<td>342 x 434 x 233-351<\/td>\n<td>250 x 352 x 178-296<\/td>\n<td>250 x 336<\/td>\n<td>27,5<\/td>\n<td>15,6-26,0<\/td>\n<\/tr>\n<tr>\n<td>WT 16 N E FS<\/td>\n<td>532 x 434 x 233-351<\/td>\n<td>440 x 352 x 178-296<\/td>\n<td>440 x 336<\/td>\n<td>39,0<\/td>\n<td>27,5-45,7<\/td>\n<\/tr>\n<\/tbody>\n<\/table>\n","protected":false},"excerpt":{"rendered":"<p>Coffres-forts muraux WT 14 N &#8211; WT 16 N \u00ab Karat \u00bb Mod\u00e8le E FS Avec le coffre-fort mural \u00ab\u00a0Karat\u00a0\u00bb, vous ne disposez pas seulement d&#8217;une protection optimale contre le vol, mais aussi de la possibilit\u00e9 d&#8217;ajuster la configuration du &hellip; <a class=\"kt-excerpt-readmore\" href=\"https:\/\/test.burgwaechterservice.de\/fr\/p\/coffres-forts\/coffres-forts-muraux-karat-version-e-fs\/\" aria-label=\"Coffres-forts muraux Karat Version E FS\">Lire la suite<\/a><\/p>\n","protected":false},"featured_media":30977,"comment_status":"closed","ping_status":"closed","template":"","meta":[],"product_cat":[34,41],"product_tag":[],"yoast_head":"<!-- This site is optimized with the Yoast SEO Premium plugin v18.4 (Yoast SEO v19.13) - https:\/\/yoast.com\/wordpress\/plugins\/seo\/ -->\n<title>Coffres-forts muraux Karat Version E FS - BURG-W\u00c4CHTER<\/title>\n<meta name=\"description\" content=\"Coffres-forts muraux WT 14 N - WT 16 N \u00ab Karat \u00bb Mod\u00e8le E FS Avec le coffre-fort mural \u00ab\u00a0Karat\u00a0\u00bb, vous ne disposez pas seulement d&#039;une protection optimale\" \/>\n<meta name=\"robots\" content=\"index, follow, max-snippet:-1, max-image-preview:large, max-video-preview:-1\" \/>\n<link rel=\"canonical\" href=\"https:\/\/test.burgwaechterservice.de\/fr\/p\/coffres-forts\/coffres-forts-muraux-karat-version-e-fs\/\" \/>\n<meta property=\"og:locale\" content=\"fr_FR\" \/>\n<meta property=\"og:type\" content=\"article\" \/>\n<meta property=\"og:title\" content=\"Coffres-forts muraux Karat Version E FS\" \/>\n<meta property=\"og:description\" content=\"Coffres-forts muraux WT 14 N - WT 16 N \u00ab Karat \u00bb Mod\u00e8le E FS Avec le coffre-fort mural \u00ab\u00a0Karat\u00a0\u00bb, vous ne disposez pas seulement d&#039;une protection optimale\" \/>\n<meta property=\"og:url\" content=\"https:\/\/test.burgwaechterservice.de\/fr\/p\/coffres-forts\/coffres-forts-muraux-karat-version-e-fs\/\" \/>\n<meta property=\"og:site_name\" content=\"Burg-W\u00e4chter France\" \/>\n<meta property=\"article:modified_time\" content=\"2017-11-20T09:40:11+00:00\" \/>\n<meta property=\"og:image\" content=\"https:\/\/test.burgwaechterservice.de\/fr\/wp-content\/uploads\/sites\/4\/2016\/06\/Wandtresor_Karat_WT_14_N_E_FS_327302-01.jpg\" \/>\n\t<meta property=\"og:image:width\" content=\"1000\" \/>\n\t<meta property=\"og:image:height\" content=\"1000\" \/>\n\t<meta property=\"og:image:type\" content=\"image\/jpeg\" \/>\n<meta name=\"twitter:card\" content=\"summary_large_image\" \/>\n<meta name=\"twitter:label1\" content=\"Dur\u00e9e de lecture estim\u00e9e\" \/>\n\t<meta name=\"twitter:data1\" content=\"5 minutes\" \/>\n<!-- \/ Yoast SEO Premium plugin. -->","yoast_head_json":{"title":"Coffres-forts muraux Karat Version E FS - BURG-W\u00c4CHTER","description":"Coffres-forts muraux WT 14 N - WT 16 N \u00ab Karat \u00bb Mod\u00e8le E FS Avec le coffre-fort mural \u00ab\u00a0Karat\u00a0\u00bb, vous ne disposez pas seulement d'une protection optimale","robots":{"index":"index","follow":"follow","max-snippet":"max-snippet:-1","max-image-preview":"max-image-preview:large","max-video-preview":"max-video-preview:-1"},"canonical":"https:\/\/test.burgwaechterservice.de\/fr\/p\/coffres-forts\/coffres-forts-muraux-karat-version-e-fs\/","og_locale":"fr_FR","og_type":"article","og_title":"Coffres-forts muraux Karat Version E FS","og_description":"Coffres-forts muraux WT 14 N - WT 16 N \u00ab Karat \u00bb Mod\u00e8le E FS Avec le coffre-fort mural \u00ab\u00a0Karat\u00a0\u00bb, vous ne disposez pas seulement d'une protection optimale","og_url":"https:\/\/test.burgwaechterservice.de\/fr\/p\/coffres-forts\/coffres-forts-muraux-karat-version-e-fs\/","og_site_name":"Burg-W\u00e4chter France","article_modified_time":"2017-11-20T09:40:11+00:00","og_image":[{"width":1000,"height":1000,"url":"https:\/\/test.burgwaechterservice.de\/fr\/wp-content\/uploads\/sites\/4\/2016\/06\/Wandtresor_Karat_WT_14_N_E_FS_327302-01.jpg","type":"image\/jpeg"}],"twitter_card":"summary_large_image","twitter_misc":{"Dur\u00e9e de lecture estim\u00e9e":"5 minutes"},"schema":{"@context":"https:\/\/schema.org","@graph":[{"@type":"WebPage","@id":"https:\/\/test.burgwaechterservice.de\/fr\/p\/coffres-forts\/coffres-forts-muraux-karat-version-e-fs\/","url":"https:\/\/test.burgwaechterservice.de\/fr\/p\/coffres-forts\/coffres-forts-muraux-karat-version-e-fs\/","name":"Coffres-forts muraux Karat Version E FS - BURG-W\u00c4CHTER","isPartOf":{"@id":"https:\/\/test.burgwaechterservice.de\/fr\/#website"},"datePublished":"2016-06-30T13:29:33+00:00","dateModified":"2017-11-20T09:40:11+00:00","description":"Coffres-forts muraux WT 14 N - WT 16 N \u00ab Karat \u00bb Mod\u00e8le E FS Avec le coffre-fort mural \u00ab\u00a0Karat\u00a0\u00bb, vous ne disposez pas seulement d'une protection optimale","breadcrumb":{"@id":"https:\/\/test.burgwaechterservice.de\/fr\/p\/coffres-forts\/coffres-forts-muraux-karat-version-e-fs\/#breadcrumb"},"inLanguage":"fr-FR","potentialAction":[{"@type":"ReadAction","target":["https:\/\/test.burgwaechterservice.de\/fr\/p\/coffres-forts\/coffres-forts-muraux-karat-version-e-fs\/"]}]},{"@type":"BreadcrumbList","@id":"https:\/\/test.burgwaechterservice.de\/fr\/p\/coffres-forts\/coffres-forts-muraux-karat-version-e-fs\/#breadcrumb","itemListElement":[{"@type":"ListItem","position":1,"name":"Accueil","item":"https:\/\/test.burgwaechterservice.de\/fr\/"},{"@type":"ListItem","position":2,"name":"Produits","item":"https:\/\/test.burgwaechterservice.de\/fr\/p\/"},{"@type":"ListItem","position":3,"name":"Coffres-forts muraux Karat Version E FS"}]},{"@type":"WebSite","@id":"https:\/\/test.burgwaechterservice.de\/fr\/#website","url":"https:\/\/test.burgwaechterservice.de\/fr\/","name":"Burg-W\u00e4chter France","description":"Le choix le plus s\u00fbr!","potentialAction":[{"@type":"SearchAction","target":{"@type":"EntryPoint","urlTemplate":"https:\/\/test.burgwaechterservice.de\/fr\/?s={search_term_string}"},"query-input":"required name=search_term_string"}],"inLanguage":"fr-FR"}]}},"_links":{"self":[{"href":"https:\/\/test.burgwaechterservice.de\/fr\/wp-json\/wp\/v2\/product\/30973"}],"collection":[{"href":"https:\/\/test.burgwaechterservice.de\/fr\/wp-json\/wp\/v2\/product"}],"about":[{"href":"https:\/\/test.burgwaechterservice.de\/fr\/wp-json\/wp\/v2\/types\/product"}],"replies":[{"embeddable":true,"href":"https:\/\/test.burgwaechterservice.de\/fr\/wp-json\/wp\/v2\/comments?post=30973"}],"wp:featuredmedia":[{"embeddable":true,"href":"https:\/\/test.burgwaechterservice.de\/fr\/wp-json\/wp\/v2\/media\/30977"}],"wp:attachment":[{"href":"https:\/\/test.burgwaechterservice.de\/fr\/wp-json\/wp\/v2\/media?parent=30973"}],"wp:term":[{"taxonomy":"product_cat","embeddable":true,"href":"https:\/\/test.burgwaechterservice.de\/fr\/wp-json\/wp\/v2\/product_cat?post=30973"},{"taxonomy":"product_tag","embeddable":true,"href":"https:\/\/test.burgwaechterservice.de\/fr\/wp-json\/wp\/v2\/product_tag?post=30973"}],"curies":[{"name":"wp","href":"https:\/\/api.w.org\/{rel}","templated":true}]}}