{"id":30948,"date":"2016-06-30T14:34:46","date_gmt":"2016-06-30T12:34:46","guid":{"rendered":"https:\/\/www.burg.biz\/?post_type=product&#038;p=30948"},"modified":"2022-07-20T10:31:11","modified_gmt":"2022-07-20T08:31:11","slug":"coffres-forts-muraux-diplomat-version-e","status":"publish","type":"product","link":"https:\/\/test.burgwaechterservice.de\/fr\/p\/coffres-forts\/coffres-forts-muraux-diplomat-version-e\/","title":{"rendered":"Coffres-forts muraux Diplomat Version E"},"content":{"rendered":"<h2>Mod\u00e8le E<\/h2>\n<p>La s\u00e9curit\u00e9 avant tout\u00a0: Le coffre-fort \u00ab\u00a0Diplomat\u00a0\u00bb est performant gr\u00e2ce \u00e0 son corps robuste et de par la <strong>r\u00e9sistance maximale <\/strong>de <strong>l&#8217;ancrage mural particuli\u00e8rement stable<\/strong> en cas d&#8217;effraction. Il est <strong>test\u00e9 par l&#8217;ECB\u2022S et le Vds <\/strong>et offre une <strong>protection certifi\u00e9e contre l&#8217;effraction selon la norme europ\u00e9enne EN 1143-1.<\/strong><\/p>\n<h3>Structure robuste en acier<\/h3>\n<p>Ce coffre-fort est \u00e9quip\u00e9 de fa\u00e7on optimal contre le vol. La paroi du fond est constitu\u00e9e d&#8217;une <strong>structure en acier <\/strong>de 10 mm d&#8217;\u00e9paisseur, dont une partie est en acier inoxydable, pour une protection optimale contre l&#8217;oxycoupage. La structure assure une s\u00e9curit\u00e9 maximale et <strong>une utilisation optimale de l&#8217;\u00e9paisseur du mur.<\/strong> Avec la <strong>rainure anti-feu<\/strong> sur le pourtour du corps, le \u00ab\u00a0Diplomat\u00a0\u00bb prot\u00e8ge \u00e9galement du feu et de la chaleur.<\/p>\n<h3>Porte du coffre-fort r\u00e9sistante<\/h3>\n<p>La porte du coffre-fort est \u00e0 double paroi et le panneau de la porte est constitu\u00e9 d&#8217;une \u00e9paisseur de 10 mm d&#8217;acier mangan\u00e8se. Le \u00ab\u00a0Diplomat\u00a0\u00bb dispose d&#8217;une <strong>serrure avec blindage de protection<\/strong> en acier mangan\u00e8se robuste. Le verrouillage en trois points par des p\u00eanes rectangulaires solides, comprenant chacun deux rouleaux int\u00e9gr\u00e9s pour une <strong>double protection contre l\u2019oxycoupage.<\/strong> En r\u00e9sum\u00e9\u00a0: Le coffre-fort \u00ab\u00a0Diplomat\u00a0\u00bb offre la meilleure protection possible pour vos objets de valeur\u00a0!<br \/>\nDe plus, des <strong>mat\u00e9riaux coupe-feu conformes \u00e0 la norme allemande<\/strong> <strong>DIN 4102-A1 <\/strong>ont \u00e9t\u00e9 utilis\u00e9s afin d&#8217;assurer une protection suppl\u00e9mentaire contre les incendies.<br \/>\nSur demande, et sans suppl\u00e9ment de prix, \u00e9galement livrable avec charni\u00e8res \u00e0 gauche.<\/p>\n<p><strong>Votre atout s\u00e9curit\u00e9\u00a0:<\/strong> Gr\u00e2ce au<strong> double syst\u00e8me de verrouillage de secours brevet\u00e9, non r\u00e9initialisable<\/strong>, le contenu est prot\u00e9g\u00e9 contre le vol dans n&#8217;importe quelle situation. De m\u00eame, la<strong> plaque sp\u00e9ciale anti-perforation <\/strong>plac\u00e9e devant chaque boulon de verrouillage et devant la serrure contribuent \u00e0 assurer une s\u00e9curit\u00e9 maximale.<\/p>\n<h3>Coffre-fort \u00ab\u00a0Diplomat\u00a0\u00bb\u00a0: La s\u00e9curit\u00e9 contr\u00f4l\u00e9e\u00a0en un coup d&#8217;\u0153il<\/h3>\n<ul>\n<li>Homologation et supervision de la s\u00e9curit\u00e9 par l&#8217;ECB\u2022S et le VdS<\/li>\n<li>Protection certifi\u00e9e contre l&#8217;effraction selon la norme europ\u00e9enne EN 1143-1<\/li>\n<li>Niveau de s\u00e9curit\u00e9 I<\/li>\n<li>Porte du coffre-fort constitu\u00e9e de mat\u00e9riaux coupe-feu, selon la norme allemande DIN 4102-A1<\/li>\n<\/ul>\n<h3>Serrure \u00e0 code \u00ab SecuTronic \u00bb contr\u00f4l\u00e9e par le VdS<\/h3>\n<p>Notre syst\u00e8me unique de serrure \u00e9lectronique \u00e0 code programmable \u00ab\u00a0SecuTronic\u00a0\u00bb est <strong>certifi\u00e9e par le VdS<\/strong> (norme europ\u00e9enne EN 1300, cat\u00e9gorie 2) et offre un million de possibilit\u00e9s de programmation. Avec le syst\u00e8me intelligent de gestion des utilisateurs, il est possible de g\u00e9rer jusqu&#8217;\u00e0 dix codes utilisateurs \u00e0 six chiffres, en option, jusqu&#8217;\u00e0 300 TSE E-Keys. En option, un logiciel de TSE sur PC permet de g\u00e9rer les noms d&#8217;utilisateur, les horaires et les droits d&#8217;acc\u00e8s, les fonctions de calendrier et bien d&#8217;autres param\u00e8tres.<\/p>\n<p>Le mod\u00e8le \u00ab Diplomat \u00bb est livr\u00e9 avec deux piles afin de pouvoir utiliser sans attendre votre coffre-fort. Veuillez \u00e9galement noter que l&#8217;armature de la serrure d\u00e9passe de 32 mm.<\/p>\n<h3>Vos objets de valeur sont prot\u00e9g\u00e9s 24\/24 h<\/h3>\n<p>Entreposez facilement esp\u00e8ces, bijoux, documents et autres objets de valeur. L&#8217;int\u00e9rieur dispose d&#8217;un <strong>casier pour classeurs, <\/strong>afin que plusieurs classeurs puissent y prendre place. De plus, un coffre-fort interne est disponible s\u00e9par\u00e9ment, avec serrure \u00e0 code, et est \u00e9galement \u00e9quip\u00e9 d&#8217;un casier pour classeurs.<\/p>\n<p>La taille 5 du \u00ab\u00a0Diplomat\u00a0\u00bb est \u00e9quip\u00e9e d&#8217;un <strong>plancher de compartiment<\/strong> <strong>r\u00e9glable<\/strong>, les tailles 6 et 8, de deux. Le vernis bicolore est \u00e9l\u00e9gant et attire tous les regards.<\/p>\n<p>Le <strong>montant de<\/strong> <strong>couverture d&#8217;assurance<\/strong> recommand\u00e9 s&#8217;\u00e9tend <strong>jusqu&#8217;\u00e0 65000 pour les particuliers et jusqu&#8217;\u00e0 20000 euros pour les professionnels.<\/strong> (Veuillez noter qu&#8217;en raison des diff\u00e9rentes clauses de police d&#8217;assurance, vous devez demander l&#8217;accord de l&#8217;assureur.)<\/p>\n<h3>R\u00e9sum\u00e9 des caract\u00e9ristiques du coffre-fort \u00ab\u00a0Diplomat\u00a0\u00bb<\/h3>\n<ul>\n<li>Paroi du fond constitu\u00e9e d&#8217;une structure en acier de 10 mm d&#8217;\u00e9paisseur, dont une couche d&#8217;acier inoxydable en guise de protection contre l&#8217;oxycoupage\u00a0: Lus de s\u00e9curit\u00e9 et utilisation optimale de l&#8217;\u00e9paisseur du mur<\/li>\n<li>Porte \u00e0 double paroi, \u00e9paisseur de porte de 10 mm en acier mangan\u00e8se<\/li>\n<li>Blindage de protection pour serrure en acier mangan\u00e8se<\/li>\n<li>Verrouillage en 3 points par des p\u00eanes rectangulaires solides, et boulons de verrouillage comprenant chacun 2 rouleaux int\u00e9gr\u00e9s pour une double protection contre l\u2019oxycoupage<\/li>\n<li>Rail de verrouillage continu du c\u00f4t\u00e9 charni\u00e8res<\/li>\n<li>Mat\u00e9riau coupe-feu conforme \u00e0 la norme allemande DIN 4102-A1<\/li>\n<li>Structure avec rainure anti-feu<\/li>\n<li>Profondeur optimis\u00e9e pour format classeur, possibilit\u00e9 de livraison avec un coffre-fort int\u00e9rieur<\/li>\n<li>Plancher de compartiment r\u00e9glable (taille 5 avec un, tailles 6 + 8 avec 2 planchers de compartiments)<\/li>\n<li>Vernis bicolore<\/li>\n<li><strong>Atout s\u00e9curit\u00e9\u00a0:<\/strong><br \/>\nDouble syst\u00e8me de verrouillage d&#8217;urgence, non r\u00e9initialisable, brevet\u00e9<\/li>\n<li>Charni\u00e8res \u00e0 gauche\u00a0: Sur demande et sans suppl\u00e9ment<\/li>\n<\/ul>\n<p>&nbsp;<\/p>\n<table class=\"ausfuehrung\">\n<thead>\n<tr>\n<td>Article<\/td>\n<td>Ext\u00e9rieur H x L x P<\/td>\n<td>Int\u00e9rieur H x L x P<\/td>\n<td>Porte H x L<\/td>\n<td>Poids<\/td>\n<td>Volume<\/td>\n<\/tr>\n<\/thead>\n<tbody>\n<tr>\n<td class=\"subdesc\"><\/td>\n<td class=\"subdesc\">mm<\/td>\n<td class=\"subdesc\">mm<\/td>\n<td class=\"subdesc\">\u00d6ffnung mm<\/td>\n<td class=\"subdesc\">kg<\/td>\n<td class=\"subdesc\">\u00a0l<\/td>\n<\/tr>\n<\/tbody>\n<tbody>\n<tr>\n<td>WT 10\/5 350 E<\/td>\n<td>465 x 500 x 385<\/td>\n<td>345 x 370 x 300<\/td>\n<td>345 x 340<\/td>\n<td>65,0<\/td>\n<td>37,8<\/td>\n<\/tr>\n<tr>\n<td>WT 10\/6 350 E<\/td>\n<td>620 x 500 x 385<\/td>\n<td>500 x 370 x 3000<\/td>\n<td>500 x 340<\/td>\n<td>80,0<\/td>\n<td>54,8<\/td>\n<\/tr>\n<tr>\n<td>WT 10\/6 580 E<\/td>\n<td>620 x 500 x 580<\/td>\n<td>500 x 370 x 495<\/td>\n<td>500 x 340<\/td>\n<td>90,0<\/td>\n<td>90,3<\/td>\n<\/tr>\n<tr>\n<td>WT 10\/8 350 E<\/td>\n<td>980 x 500 x 385<\/td>\n<td>860 x 370 x 300<\/td>\n<td>860 x 340<\/td>\n<td>115,0<\/td>\n<td>94,2<\/td>\n<\/tr>\n<tr>\n<td>WT 10\/8 580 E<\/td>\n<td>980 x 500 x 580<\/td>\n<td>860 x 370 x 495<\/td>\n<td>860 x 340<\/td>\n<td>130,0<\/td>\n<td>155,4<\/td>\n<\/tr>\n<\/tbody>\n<\/table>\n<p>&nbsp;<\/p>\n<table class=\"ausfuehrung\" style=\"height: 65px;\" width=\"589\">\n<thead>\n<tr>\n<td><\/td>\n<td><\/td>\n<\/tr>\n<tr>\n<td>IT WT 10<\/td>\n<td>Coffre-fort int\u00e9rieur pour WT 10 pour classeurs (H 180, L 370, P 260 mm)<\/td>\n<\/tr>\n<\/thead>\n<\/table>\n","protected":false},"excerpt":{"rendered":"<p>Mod\u00e8le E La s\u00e9curit\u00e9 avant tout\u00a0: Le coffre-fort \u00ab\u00a0Diplomat\u00a0\u00bb est performant gr\u00e2ce \u00e0 son corps robuste et de par la r\u00e9sistance maximale de l&#8217;ancrage mural particuli\u00e8rement stable en cas d&#8217;effraction. Il est test\u00e9 par l&#8217;ECB\u2022S et le Vds et offre &hellip; <a class=\"kt-excerpt-readmore\" href=\"https:\/\/test.burgwaechterservice.de\/fr\/p\/coffres-forts\/coffres-forts-muraux-diplomat-version-e\/\" aria-label=\"Coffres-forts muraux Diplomat Version E\">Lire la suite<\/a><\/p>\n","protected":false},"featured_media":30957,"comment_status":"closed","ping_status":"closed","template":"","meta":[],"product_cat":[34,41],"product_tag":[10],"yoast_head":"<!-- This site is optimized with the Yoast SEO Premium plugin v18.4 (Yoast SEO v19.13) - https:\/\/yoast.com\/wordpress\/plugins\/seo\/ -->\n<title>Coffres-forts muraux Diplomat Version E - BURG-W\u00c4CHTER<\/title>\n<meta name=\"description\" content=\"Mod\u00e8le E La s\u00e9curit\u00e9 avant tout\u00a0: Le coffre-fort \u00ab\u00a0Diplomat\u00a0\u00bb est performant gr\u00e2ce \u00e0 son corps robuste et de par la r\u00e9sistance maximale de l&#039;ancrage mural\" \/>\n<meta name=\"robots\" content=\"index, follow, max-snippet:-1, max-image-preview:large, max-video-preview:-1\" \/>\n<link rel=\"canonical\" href=\"https:\/\/test.burgwaechterservice.de\/fr\/p\/coffres-forts\/coffres-forts-muraux-diplomat-version-e\/\" \/>\n<meta property=\"og:locale\" content=\"fr_FR\" \/>\n<meta property=\"og:type\" content=\"article\" \/>\n<meta property=\"og:title\" content=\"Coffres-forts muraux Diplomat Version E\" \/>\n<meta property=\"og:description\" content=\"Mod\u00e8le E La s\u00e9curit\u00e9 avant tout\u00a0: Le coffre-fort \u00ab\u00a0Diplomat\u00a0\u00bb est performant gr\u00e2ce \u00e0 son corps robuste et de par la r\u00e9sistance maximale de l&#039;ancrage mural\" \/>\n<meta property=\"og:url\" content=\"https:\/\/test.burgwaechterservice.de\/fr\/p\/coffres-forts\/coffres-forts-muraux-diplomat-version-e\/\" \/>\n<meta property=\"og:site_name\" content=\"Burg-W\u00e4chter France\" \/>\n<meta property=\"article:modified_time\" content=\"2022-07-20T08:31:11+00:00\" \/>\n<meta property=\"og:image\" content=\"https:\/\/test.burgwaechterservice.de\/fr\/wp-content\/uploads\/sites\/4\/2016\/06\/WT-10-6-580E.jpg\" \/>\n\t<meta property=\"og:image:width\" content=\"1181\" \/>\n\t<meta property=\"og:image:height\" content=\"1357\" \/>\n\t<meta property=\"og:image:type\" content=\"image\/jpeg\" \/>\n<meta name=\"twitter:card\" content=\"summary_large_image\" \/>\n<meta name=\"twitter:label1\" content=\"Dur\u00e9e de lecture estim\u00e9e\" \/>\n\t<meta name=\"twitter:data1\" content=\"4 minutes\" \/>\n<!-- \/ Yoast SEO Premium plugin. -->","yoast_head_json":{"title":"Coffres-forts muraux Diplomat Version E - BURG-W\u00c4CHTER","description":"Mod\u00e8le E La s\u00e9curit\u00e9 avant tout\u00a0: Le coffre-fort \u00ab\u00a0Diplomat\u00a0\u00bb est performant gr\u00e2ce \u00e0 son corps robuste et de par la r\u00e9sistance maximale de l'ancrage mural","robots":{"index":"index","follow":"follow","max-snippet":"max-snippet:-1","max-image-preview":"max-image-preview:large","max-video-preview":"max-video-preview:-1"},"canonical":"https:\/\/test.burgwaechterservice.de\/fr\/p\/coffres-forts\/coffres-forts-muraux-diplomat-version-e\/","og_locale":"fr_FR","og_type":"article","og_title":"Coffres-forts muraux Diplomat Version E","og_description":"Mod\u00e8le E La s\u00e9curit\u00e9 avant tout\u00a0: Le coffre-fort \u00ab\u00a0Diplomat\u00a0\u00bb est performant gr\u00e2ce \u00e0 son corps robuste et de par la r\u00e9sistance maximale de l'ancrage mural","og_url":"https:\/\/test.burgwaechterservice.de\/fr\/p\/coffres-forts\/coffres-forts-muraux-diplomat-version-e\/","og_site_name":"Burg-W\u00e4chter France","article_modified_time":"2022-07-20T08:31:11+00:00","og_image":[{"width":1181,"height":1357,"url":"https:\/\/test.burgwaechterservice.de\/fr\/wp-content\/uploads\/sites\/4\/2016\/06\/WT-10-6-580E.jpg","type":"image\/jpeg"}],"twitter_card":"summary_large_image","twitter_misc":{"Dur\u00e9e de lecture estim\u00e9e":"4 minutes"},"schema":{"@context":"https:\/\/schema.org","@graph":[{"@type":"WebPage","@id":"https:\/\/test.burgwaechterservice.de\/fr\/p\/coffres-forts\/coffres-forts-muraux-diplomat-version-e\/","url":"https:\/\/test.burgwaechterservice.de\/fr\/p\/coffres-forts\/coffres-forts-muraux-diplomat-version-e\/","name":"Coffres-forts muraux Diplomat Version E - BURG-W\u00c4CHTER","isPartOf":{"@id":"https:\/\/test.burgwaechterservice.de\/fr\/#website"},"datePublished":"2016-06-30T12:34:46+00:00","dateModified":"2022-07-20T08:31:11+00:00","description":"Mod\u00e8le E La s\u00e9curit\u00e9 avant tout\u00a0: Le coffre-fort \u00ab\u00a0Diplomat\u00a0\u00bb est performant gr\u00e2ce \u00e0 son corps robuste et de par la r\u00e9sistance maximale de l'ancrage mural","breadcrumb":{"@id":"https:\/\/test.burgwaechterservice.de\/fr\/p\/coffres-forts\/coffres-forts-muraux-diplomat-version-e\/#breadcrumb"},"inLanguage":"fr-FR","potentialAction":[{"@type":"ReadAction","target":["https:\/\/test.burgwaechterservice.de\/fr\/p\/coffres-forts\/coffres-forts-muraux-diplomat-version-e\/"]}]},{"@type":"BreadcrumbList","@id":"https:\/\/test.burgwaechterservice.de\/fr\/p\/coffres-forts\/coffres-forts-muraux-diplomat-version-e\/#breadcrumb","itemListElement":[{"@type":"ListItem","position":1,"name":"Accueil","item":"https:\/\/test.burgwaechterservice.de\/fr\/"},{"@type":"ListItem","position":2,"name":"Produits","item":"https:\/\/test.burgwaechterservice.de\/fr\/p\/"},{"@type":"ListItem","position":3,"name":"Coffres-forts muraux Diplomat Version E"}]},{"@type":"WebSite","@id":"https:\/\/test.burgwaechterservice.de\/fr\/#website","url":"https:\/\/test.burgwaechterservice.de\/fr\/","name":"Burg-W\u00e4chter France","description":"Le choix le plus s\u00fbr!","potentialAction":[{"@type":"SearchAction","target":{"@type":"EntryPoint","urlTemplate":"https:\/\/test.burgwaechterservice.de\/fr\/?s={search_term_string}"},"query-input":"required name=search_term_string"}],"inLanguage":"fr-FR"}]}},"_links":{"self":[{"href":"https:\/\/test.burgwaechterservice.de\/fr\/wp-json\/wp\/v2\/product\/30948"}],"collection":[{"href":"https:\/\/test.burgwaechterservice.de\/fr\/wp-json\/wp\/v2\/product"}],"about":[{"href":"https:\/\/test.burgwaechterservice.de\/fr\/wp-json\/wp\/v2\/types\/product"}],"replies":[{"embeddable":true,"href":"https:\/\/test.burgwaechterservice.de\/fr\/wp-json\/wp\/v2\/comments?post=30948"}],"wp:featuredmedia":[{"embeddable":true,"href":"https:\/\/test.burgwaechterservice.de\/fr\/wp-json\/wp\/v2\/media\/30957"}],"wp:attachment":[{"href":"https:\/\/test.burgwaechterservice.de\/fr\/wp-json\/wp\/v2\/media?parent=30948"}],"wp:term":[{"taxonomy":"product_cat","embeddable":true,"href":"https:\/\/test.burgwaechterservice.de\/fr\/wp-json\/wp\/v2\/product_cat?post=30948"},{"taxonomy":"product_tag","embeddable":true,"href":"https:\/\/test.burgwaechterservice.de\/fr\/wp-json\/wp\/v2\/product_tag?post=30948"}],"curies":[{"name":"wp","href":"https:\/\/api.w.org\/{rel}","templated":true}]}}