{"id":30938,"date":"2016-06-29T16:54:30","date_gmt":"2016-06-29T14:54:30","guid":{"rendered":"https:\/\/www.burg.biz\/?post_type=product&#038;p=30938"},"modified":"2021-11-05T14:11:36","modified_gmt":"2021-11-05T13:11:36","slug":"key-safe","status":"publish","type":"product","link":"https:\/\/test.burgwaechterservice.de\/fr\/p\/coffres-forts\/key-safe\/","title":{"rendered":"KEY SAFE"},"content":{"rendered":"<h2>Notre Key Safe \u2013 La solution pratique pour votre gestion des cl\u00e9s s\u00fbre, simple et centralis\u00e9e<\/h2>\n<h3>Key Safe propose un acc\u00e8s simple et centralis\u00e9<\/h3>\n<p>Le KeySafe de BURG-W\u00c4CHTER permet de conserver cl\u00e9s et\/ou autres petits objets de valeur en toute s\u00e9curit\u00e9. Il propose un acc\u00e8s simple et centralis\u00e9 <strong>pour diff\u00e9rents groupes de personnes<\/strong>, comme des artisans, services d\u2019entretien, soci\u00e9t\u00e9s de service, h\u00f4tes de vacances ou loueur de v\u00e9hicules. Gr\u00e2ce au judicieux crochet int\u00e9gr\u00e9 ou au porte-cl\u00e9 magn\u00e9tique, <strong>les cl\u00e9s peuvent \u00eatre rang\u00e9es tr\u00e8s simplement.<\/strong><\/p>\n<ul>\n<li><strong>KeySafe 10 :<\/strong> Avec crochet int\u00e9gr\u00e9. Peut accueillir des cl\u00e9s jusqu\u2019\u00e0 7 cm de long.<\/li>\n<li><strong>KeySafe 20 :<\/strong> Avec porte-cl\u00e9 magn\u00e9tique. Peut accueillir des cl\u00e9s jusqu\u2019\u00e0 12 cm de long.<\/li>\n<li><strong>KeySafe 30 :<\/strong> Avec capuchon de protection coulissant. Peut accueillir des cl\u00e9s jusqu\u2019\u00e0 9 cm de long.<\/li>\n<li><strong>KeySafe 40 :<\/strong> Avec capuchon de protection coulissant. Peut accueillir des cl\u00e9s jusqu\u2019\u00e0 11 cm de long. Le coffre \u00e0 cl\u00e9s Key Safe 40 offre par ailleurs un volume tr\u00e8s imposant d\u2019une confortable profondeur de 45 millim\u00e8tres.<\/li>\n<li><strong>KeySafe 50 :<\/strong> Avec capuchon de protection coulissant et anse amovible. Peut accueillir des cl\u00e9s jusqu\u2019\u00e0 8 cm de long.<\/li>\n<li><strong>KeySafe 60 L :<\/strong> Avec capuchon de protection coulissant et anse amovible. Lumi\u00e8re, peut accueillir des cl\u00e9s jusqu\u2019\u00e0 10,5 cm de long.<\/li>\n<\/ul>\n<h3>Bo\u00eetier robuste<\/h3>\n<p>Le coffre \u00e0 cl\u00e9s KeySafe se compose d\u2019un <strong>bo\u00eetier tr\u00e8s robuste en zinc moul\u00e9<\/strong>, pour prot\u00e9ger efficacement vos cl\u00e9s contre le vol. Il convient au montage mural \u00e0 l\u2019int\u00e9rieur ou \u00e0 l\u2019ext\u00e9rieur sous abri. Bien \u00e9videmment, le mat\u00e9riel de fixation n\u00e9cessaire est fourni. En outre, les mod\u00e8les Key Safe 30 et Key Safe 40 sont \u00e9quip\u00e9s d\u2019un capuchon de protection coulissant, gr\u00e2ce auquel les rouleaux chiffr\u00e9s sont constamment prot\u00e9g\u00e9s contre les intemp\u00e9ries.<\/p>\n<h4>Libre choix de 10 000 combinaisons chiffr\u00e9es<\/h4>\n<p>Vous pouvez s\u00e9lectionner et param\u00e9trer <strong>votre code d\u2019acc\u00e8s personnel \u00e0 4 chiffres parmi 10 000 combinaisons<\/strong> disponibles qu\u2019il vous est possible de r\u00e9initialiser. L\u2019Auto Stop (enclenchement net) lors de la saisie de la combinaison chiffr\u00e9e facilite l\u2019ouverture en cas de mauvais \u00e9clairage. Veillez \u00e0 ce qu\u2019il soit indispensable, apr\u00e8s fermeture de la partie sup\u00e9rieure, de r\u00e9gler les roulettes chiffr\u00e9es.<\/p>\n<p>Jamais encore il n\u2019avait \u00e9t\u00e9 aussi simple de g\u00e9rer des cl\u00e9s de fa\u00e7on s\u00fbre et centralis\u00e9e qu\u2019avec le coffre \u00e0 cl\u00e9s Key Safe de BURG-W\u00c4CHTER.<\/p>\n<p>&nbsp;<\/p>\n<table class=\"ausfuehrung\">\n<thead>\n<tr>\n<td>Article<\/td>\n<td>H x L x P (mm)<\/td>\n<td>Dimensions max. de cl\u00e9 (cm)<\/td>\n<\/tr>\n<\/thead>\n<tbody>\n<tr>\n<td>KEY SAFE 10 SB<\/td>\n<td>85 x 61 x 39<\/td>\n<td>7<\/td>\n<\/tr>\n<tr>\n<td>KEY SAFE 20 SB<\/td>\n<td>135 x 83 x 46<\/td>\n<td>12<\/td>\n<\/tr>\n<\/tbody>\n<tbody>\n<tr>\n<td>KEY SAFE 30 SB<\/td>\n<td>120 x 90 x 40<\/td>\n<td>9<\/td>\n<\/tr>\n<tr>\n<td>KEY SAFE 40 SB<\/td>\n<td>145 x 105 x 55<\/td>\n<td>11<\/td>\n<\/tr>\n<tr>\n<td>KEY SAFE 50 SB<\/td>\n<td>178 x 95 x 45<\/td>\n<td>8<\/td>\n<\/tr>\n<tr>\n<td>KEY SAFE 60 L SB<\/td>\n<td>136x 82 x 54<\/td>\n<td>10,5<\/td>\n<\/tr>\n<\/tbody>\n<\/table>\n<p>&nbsp;<\/p>\n","protected":false},"excerpt":{"rendered":"<p>Notre Key Safe \u2013 La solution pratique pour votre gestion des cl\u00e9s s\u00fbre, simple et centralis\u00e9e Key Safe propose un acc\u00e8s simple et centralis\u00e9 Le KeySafe de BURG-W\u00c4CHTER permet de conserver cl\u00e9s et\/ou autres petits objets de valeur en toute &hellip; <a class=\"kt-excerpt-readmore\" href=\"https:\/\/test.burgwaechterservice.de\/fr\/p\/coffres-forts\/key-safe\/\" aria-label=\"KEY SAFE\">Lire la suite<\/a><\/p>\n","protected":false},"featured_media":514709,"comment_status":"closed","ping_status":"closed","template":"","meta":[],"product_cat":[27,6126,34,6125],"product_tag":[531],"yoast_head":"<!-- This site is optimized with the Yoast SEO Premium plugin v18.4 (Yoast SEO v19.13) - https:\/\/yoast.com\/wordpress\/plugins\/seo\/ -->\n<title>BURG-W\u00c4CHTER KEY SAFE: Acc\u00e8s simple et centralis\u00e9<\/title>\n<meta name=\"description\" content=\"Le KEY SAFE\u00a0: une solution extr\u00eamement pratique pour conserver en toute simplicit\u00e9 et s\u00e9curit\u00e9 toutes vos cl\u00e9s \u00e0 un seul endroit\" \/>\n<meta name=\"robots\" content=\"index, follow, max-snippet:-1, max-image-preview:large, max-video-preview:-1\" \/>\n<link rel=\"canonical\" href=\"https:\/\/test.burgwaechterservice.de\/fr\/p\/coffres-forts\/key-safe\/\" \/>\n<meta property=\"og:locale\" content=\"fr_FR\" \/>\n<meta property=\"og:type\" content=\"article\" \/>\n<meta property=\"og:title\" content=\"KEY SAFE\" \/>\n<meta property=\"og:description\" content=\"Le KEY SAFE\u00a0: une solution extr\u00eamement pratique pour conserver en toute simplicit\u00e9 et s\u00e9curit\u00e9 toutes vos cl\u00e9s \u00e0 un seul endroit\" \/>\n<meta property=\"og:url\" content=\"https:\/\/test.burgwaechterservice.de\/fr\/p\/coffres-forts\/key-safe\/\" \/>\n<meta property=\"og:site_name\" content=\"Burg-W\u00e4chter France\" \/>\n<meta property=\"article:modified_time\" content=\"2021-11-05T13:11:36+00:00\" \/>\n<meta property=\"og:image\" content=\"https:\/\/test.burgwaechterservice.de\/fr\/wp-content\/uploads\/sites\/4\/2021\/05\/Key_Safe_60L_seitlich_re_beleuchtet_.jpg\" \/>\n\t<meta property=\"og:image:width\" content=\"1000\" \/>\n\t<meta property=\"og:image:height\" content=\"1000\" \/>\n\t<meta property=\"og:image:type\" content=\"image\/jpeg\" \/>\n<meta name=\"twitter:card\" content=\"summary_large_image\" \/>\n<meta name=\"twitter:label1\" content=\"Dur\u00e9e de lecture estim\u00e9e\" \/>\n\t<meta name=\"twitter:data1\" content=\"2 minutes\" \/>\n<!-- \/ Yoast SEO Premium plugin. -->","yoast_head_json":{"title":"BURG-W\u00c4CHTER KEY SAFE: Acc\u00e8s simple et centralis\u00e9","description":"Le KEY SAFE\u00a0: une solution extr\u00eamement pratique pour conserver en toute simplicit\u00e9 et s\u00e9curit\u00e9 toutes vos cl\u00e9s \u00e0 un seul endroit","robots":{"index":"index","follow":"follow","max-snippet":"max-snippet:-1","max-image-preview":"max-image-preview:large","max-video-preview":"max-video-preview:-1"},"canonical":"https:\/\/test.burgwaechterservice.de\/fr\/p\/coffres-forts\/key-safe\/","og_locale":"fr_FR","og_type":"article","og_title":"KEY SAFE","og_description":"Le KEY SAFE\u00a0: une solution extr\u00eamement pratique pour conserver en toute simplicit\u00e9 et s\u00e9curit\u00e9 toutes vos cl\u00e9s \u00e0 un seul endroit","og_url":"https:\/\/test.burgwaechterservice.de\/fr\/p\/coffres-forts\/key-safe\/","og_site_name":"Burg-W\u00e4chter France","article_modified_time":"2021-11-05T13:11:36+00:00","og_image":[{"width":1000,"height":1000,"url":"https:\/\/test.burgwaechterservice.de\/fr\/wp-content\/uploads\/sites\/4\/2021\/05\/Key_Safe_60L_seitlich_re_beleuchtet_.jpg","type":"image\/jpeg"}],"twitter_card":"summary_large_image","twitter_misc":{"Dur\u00e9e de lecture estim\u00e9e":"2 minutes"},"schema":{"@context":"https:\/\/schema.org","@graph":[{"@type":"WebPage","@id":"https:\/\/test.burgwaechterservice.de\/fr\/p\/coffres-forts\/key-safe\/","url":"https:\/\/test.burgwaechterservice.de\/fr\/p\/coffres-forts\/key-safe\/","name":"BURG-W\u00c4CHTER KEY SAFE: Acc\u00e8s simple et centralis\u00e9","isPartOf":{"@id":"https:\/\/test.burgwaechterservice.de\/fr\/#website"},"datePublished":"2016-06-29T14:54:30+00:00","dateModified":"2021-11-05T13:11:36+00:00","description":"Le KEY SAFE\u00a0: une solution extr\u00eamement pratique pour conserver en toute simplicit\u00e9 et s\u00e9curit\u00e9 toutes vos cl\u00e9s \u00e0 un seul endroit","breadcrumb":{"@id":"https:\/\/test.burgwaechterservice.de\/fr\/p\/coffres-forts\/key-safe\/#breadcrumb"},"inLanguage":"fr-FR","potentialAction":[{"@type":"ReadAction","target":["https:\/\/test.burgwaechterservice.de\/fr\/p\/coffres-forts\/key-safe\/"]}]},{"@type":"BreadcrumbList","@id":"https:\/\/test.burgwaechterservice.de\/fr\/p\/coffres-forts\/key-safe\/#breadcrumb","itemListElement":[{"@type":"ListItem","position":1,"name":"Accueil","item":"https:\/\/test.burgwaechterservice.de\/fr\/"},{"@type":"ListItem","position":2,"name":"Produits","item":"https:\/\/test.burgwaechterservice.de\/fr\/p\/"},{"@type":"ListItem","position":3,"name":"KEY SAFE"}]},{"@type":"WebSite","@id":"https:\/\/test.burgwaechterservice.de\/fr\/#website","url":"https:\/\/test.burgwaechterservice.de\/fr\/","name":"Burg-W\u00e4chter France","description":"Le choix le plus s\u00fbr!","potentialAction":[{"@type":"SearchAction","target":{"@type":"EntryPoint","urlTemplate":"https:\/\/test.burgwaechterservice.de\/fr\/?s={search_term_string}"},"query-input":"required name=search_term_string"}],"inLanguage":"fr-FR"}]}},"_links":{"self":[{"href":"https:\/\/test.burgwaechterservice.de\/fr\/wp-json\/wp\/v2\/product\/30938"}],"collection":[{"href":"https:\/\/test.burgwaechterservice.de\/fr\/wp-json\/wp\/v2\/product"}],"about":[{"href":"https:\/\/test.burgwaechterservice.de\/fr\/wp-json\/wp\/v2\/types\/product"}],"replies":[{"embeddable":true,"href":"https:\/\/test.burgwaechterservice.de\/fr\/wp-json\/wp\/v2\/comments?post=30938"}],"wp:featuredmedia":[{"embeddable":true,"href":"https:\/\/test.burgwaechterservice.de\/fr\/wp-json\/wp\/v2\/media\/514709"}],"wp:attachment":[{"href":"https:\/\/test.burgwaechterservice.de\/fr\/wp-json\/wp\/v2\/media?parent=30938"}],"wp:term":[{"taxonomy":"product_cat","embeddable":true,"href":"https:\/\/test.burgwaechterservice.de\/fr\/wp-json\/wp\/v2\/product_cat?post=30938"},{"taxonomy":"product_tag","embeddable":true,"href":"https:\/\/test.burgwaechterservice.de\/fr\/wp-json\/wp\/v2\/product_tag?post=30938"}],"curies":[{"name":"wp","href":"https:\/\/api.w.org\/{rel}","templated":true}]}}