{"id":30921,"date":"2016-06-29T16:15:12","date_gmt":"2016-06-29T14:15:12","guid":{"rendered":"https:\/\/www.burg.biz\/?post_type=product&#038;p=30921"},"modified":"2021-09-24T15:54:59","modified_gmt":"2021-09-24T13:54:59","slug":"point-e-coffres-forts-hoteliers","status":"publish","type":"product","link":"https:\/\/test.burgwaechterservice.de\/fr\/p\/coffres-forts\/point-e-coffres-forts-hoteliers\/","title":{"rendered":"Point E: Coffres-forts h\u00f4teliers"},"content":{"rendered":"<h2>Nos coffres-forts d&#8217;h\u00f4tel de la gamme \u00ab\u00a0Point\u00a0\u00bb sont sp\u00e9cialement con\u00e7us pour les \u00e9tablissements h\u00f4teliers.<\/h2>\n<p>Ils sont mis au point par BURG-W\u00c4CHTER et <strong>test\u00e9s <\/strong>dans le laboratoire d&#8217;essais de l&#8217;entreprise afin d&#8217;offrir une <strong>protection contre toute \u00e9preuve<\/strong>. Ils augmentent consid\u00e9rablement la s\u00e9curit\u00e9 dans vos chambres et dans vos suites.<\/p>\n<h3>Le design pratique est suffisamment spacieux pour les objets de valeur<\/h3>\n<p>Le corps <strong>robuste <\/strong>\u00e0 paroi unique et la porte \u00e0 paroi double prot\u00e8gent les objets de valeur de vos clients. Les coffres-forts d&#8217;h\u00f4tel \u00ab\u00a0Point\u00a0\u00bb sont pr\u00e9vus pour \u00eatre fix\u00e9s au mur et au sol. Ils sont \u00e9quip\u00e9s de quatre perforations, deux \u00e0 l&#8217;arri\u00e8re et deux pour le sol, et peuvent ainsi \u00eatre <strong>viss\u00e9s solidement au mur et au sol<\/strong>. Gr\u00e2ce \u00e0 son design compact, le coffre-fort d&#8217;h\u00f4tel peut \u00eatre mont\u00e9 dans des armoires, des bureaux et d&#8217;autres meubles. Il est ainsi <strong>par\u00e9 \u00e0 toute \u00e9ventualit\u00e9 pour ne pas \u00eatre enlev\u00e9 facilement.<\/strong><\/p>\n<p>Le coffre-fort d&#8217;h\u00f4tel \u00ab\u00a0Point\u00a0\u00bb existe aussi en tant que coffre-fort pour ordinateur portable\u00a0: il est suffisamment profond pour accueillir un ordinateur portable, des documents et des classeurs.<\/p>\n<h3>Le coffre-fort d&#8217;h\u00f4tel id\u00e9al<\/h3>\n<ul>\n<li>Les versions KA 3\/KA 4 sont \u00e9quip\u00e9es \u00e9galement d&#8217;une <strong>serrure d&#8217;ouverture d&#8217;urgence fonctionnant avec la m\u00eame cl\u00e9<\/strong> afin de pouvoir y avoir acc\u00e8s rapidement en cas d&#8217;urgence.<\/li>\n<li>L&#8217;h\u00f4telier dispose d&#8217;un <strong>code-ma\u00eetre g\u00e9n\u00e9ral<\/strong> <strong>programmable individuellement <\/strong>pour l&#8217;ensemble des coffres-forts.<\/li>\n<li>Le client a \u00e0 sa disposition une <strong>notice succincte, simple et facile \u00e0 comprendre<\/strong>.<\/li>\n<\/ul>\n<p>Les coffres-forts d&#8217;h\u00f4tel \u00ab\u00a0Point\u00a0\u00bb sont \u00e9quip\u00e9s d&#8217;une <strong>serrure \u00e9lectronique \u00e0 code ergonomique<\/strong>.<br \/>\nLe code d&#8217;acc\u00e8s est programm\u00e9 par l&#8217;utilisateur.<br \/>\nAucun raccordement \u00e9lectrique n&#8217;est n\u00e9cessaire. La livraison comprend 4 piles, ce qui permet d&#8217;utiliser directement le coffre-fort d&#8217;h\u00f4tel.<br \/>\nVeuillez noter que l&#8217;armature de la serrure d\u00e9passe de 16 mm.<\/p>\n<p>&nbsp;<\/p>\n<table class=\"ausfuehrung\">\n<thead>\n<tr>\n<td>Article<\/td>\n<td>Ext\u00e9rieur H x L x P<\/td>\n<td>Int\u00e9rieur H x L x P<\/td>\n<td>Porte H x L<\/td>\n<td>Poids<\/td>\n<td>Volume<\/td>\n<\/tr>\n<tr>\n<td class=\"subdesc\"><\/td>\n<td class=\"subdesc\">mm<\/td>\n<td class=\"subdesc\">mm<\/td>\n<td class=\"subdesc\">Ouverture mm<\/td>\n<td class=\"subdesc\">kg<\/td>\n<td class=\"subdesc\">\u00a0l<\/td>\n<\/tr>\n<\/thead>\n<tbody>\n<tr>\n<td>P 1 E KA 3<\/td>\n<td>180 x 280 x 200<\/td>\n<td>173 x 273 x 141<\/td>\n<td>135 x 188<\/td>\n<td>7,5<\/td>\n<td>6,7<\/td>\n<\/tr>\n<tr>\n<td>P 3 E KA 4<\/td>\n<td>320 x 442 x 350<\/td>\n<td>310 x 435 x 288<\/td>\n<td>240 x 317<\/td>\n<td>20,0<\/td>\n<td>38,8<\/td>\n<\/tr>\n<tr>\n<td>P 3 E Lap KA 4<\/td>\n<td>200 x 445 x 380<\/td>\n<td>196 x 441 x 323<\/td>\n<td>140 x 380<\/td>\n<td>15,2<\/td>\n<td>27,9<\/td>\n<\/tr>\n<\/tbody>\n<\/table>\n","protected":false},"excerpt":{"rendered":"<p>Nos coffres-forts d&#8217;h\u00f4tel de la gamme \u00ab\u00a0Point\u00a0\u00bb sont sp\u00e9cialement con\u00e7us pour les \u00e9tablissements h\u00f4teliers. Ils sont mis au point par BURG-W\u00c4CHTER et test\u00e9s dans le laboratoire d&#8217;essais de l&#8217;entreprise afin d&#8217;offrir une protection contre toute \u00e9preuve. Ils augmentent consid\u00e9rablement la &hellip; <a class=\"kt-excerpt-readmore\" href=\"https:\/\/test.burgwaechterservice.de\/fr\/p\/coffres-forts\/point-e-coffres-forts-hoteliers\/\" aria-label=\"Point E: Coffres-forts h\u00f4teliers\">Lire la suite<\/a><\/p>\n","protected":false},"featured_media":30934,"comment_status":"closed","ping_status":"closed","template":"","meta":[],"product_cat":[34,55],"product_tag":[529,544],"yoast_head":"<!-- This site is optimized with the Yoast SEO Premium plugin v18.4 (Yoast SEO v19.13) - https:\/\/yoast.com\/wordpress\/plugins\/seo\/ -->\n<title>Point E: Coffres-forts h\u00f4teliers - BURG-W\u00c4CHTER<\/title>\n<meta name=\"description\" content=\"Nos coffres-forts d&#039;h\u00f4tel de la gamme \u00ab\u00a0Point\u00a0\u00bb sont sp\u00e9cialement con\u00e7us pour les \u00e9tablissements h\u00f4teliers. Ils sont mis au point par BURG-W\u00c4CHTER et\" \/>\n<meta name=\"robots\" content=\"index, follow, max-snippet:-1, max-image-preview:large, max-video-preview:-1\" \/>\n<link rel=\"canonical\" href=\"https:\/\/test.burgwaechterservice.de\/fr\/p\/coffres-forts\/point-e-coffres-forts-hoteliers\/\" \/>\n<meta property=\"og:locale\" content=\"fr_FR\" \/>\n<meta property=\"og:type\" content=\"article\" \/>\n<meta property=\"og:title\" content=\"Point E: Coffres-forts h\u00f4teliers\" \/>\n<meta property=\"og:description\" content=\"Nos coffres-forts d&#039;h\u00f4tel de la gamme \u00ab\u00a0Point\u00a0\u00bb sont sp\u00e9cialement con\u00e7us pour les \u00e9tablissements h\u00f4teliers. Ils sont mis au point par BURG-W\u00c4CHTER et\" \/>\n<meta property=\"og:url\" content=\"https:\/\/test.burgwaechterservice.de\/fr\/p\/coffres-forts\/point-e-coffres-forts-hoteliers\/\" \/>\n<meta property=\"og:site_name\" content=\"Burg-W\u00e4chter France\" \/>\n<meta property=\"article:modified_time\" content=\"2021-09-24T13:54:59+00:00\" \/>\n<meta property=\"og:image\" content=\"https:\/\/test.burgwaechterservice.de\/fr\/wp-content\/uploads\/sites\/4\/2016\/06\/Hoteltresor_P_1_E_KA_3_377703-01.jpg\" \/>\n\t<meta property=\"og:image:width\" content=\"1000\" \/>\n\t<meta property=\"og:image:height\" content=\"1000\" \/>\n\t<meta property=\"og:image:type\" content=\"image\/jpeg\" \/>\n<meta name=\"twitter:card\" content=\"summary_large_image\" \/>\n<meta name=\"twitter:label1\" content=\"Dur\u00e9e de lecture estim\u00e9e\" \/>\n\t<meta name=\"twitter:data1\" content=\"2 minutes\" \/>\n<!-- \/ Yoast SEO Premium plugin. -->","yoast_head_json":{"title":"Point E: Coffres-forts h\u00f4teliers - BURG-W\u00c4CHTER","description":"Nos coffres-forts d'h\u00f4tel de la gamme \u00ab\u00a0Point\u00a0\u00bb sont sp\u00e9cialement con\u00e7us pour les \u00e9tablissements h\u00f4teliers. Ils sont mis au point par BURG-W\u00c4CHTER et","robots":{"index":"index","follow":"follow","max-snippet":"max-snippet:-1","max-image-preview":"max-image-preview:large","max-video-preview":"max-video-preview:-1"},"canonical":"https:\/\/test.burgwaechterservice.de\/fr\/p\/coffres-forts\/point-e-coffres-forts-hoteliers\/","og_locale":"fr_FR","og_type":"article","og_title":"Point E: Coffres-forts h\u00f4teliers","og_description":"Nos coffres-forts d'h\u00f4tel de la gamme \u00ab\u00a0Point\u00a0\u00bb sont sp\u00e9cialement con\u00e7us pour les \u00e9tablissements h\u00f4teliers. Ils sont mis au point par BURG-W\u00c4CHTER et","og_url":"https:\/\/test.burgwaechterservice.de\/fr\/p\/coffres-forts\/point-e-coffres-forts-hoteliers\/","og_site_name":"Burg-W\u00e4chter France","article_modified_time":"2021-09-24T13:54:59+00:00","og_image":[{"width":1000,"height":1000,"url":"https:\/\/test.burgwaechterservice.de\/fr\/wp-content\/uploads\/sites\/4\/2016\/06\/Hoteltresor_P_1_E_KA_3_377703-01.jpg","type":"image\/jpeg"}],"twitter_card":"summary_large_image","twitter_misc":{"Dur\u00e9e de lecture estim\u00e9e":"2 minutes"},"schema":{"@context":"https:\/\/schema.org","@graph":[{"@type":"WebPage","@id":"https:\/\/test.burgwaechterservice.de\/fr\/p\/coffres-forts\/point-e-coffres-forts-hoteliers\/","url":"https:\/\/test.burgwaechterservice.de\/fr\/p\/coffres-forts\/point-e-coffres-forts-hoteliers\/","name":"Point E: Coffres-forts h\u00f4teliers - BURG-W\u00c4CHTER","isPartOf":{"@id":"https:\/\/test.burgwaechterservice.de\/fr\/#website"},"datePublished":"2016-06-29T14:15:12+00:00","dateModified":"2021-09-24T13:54:59+00:00","description":"Nos coffres-forts d'h\u00f4tel de la gamme \u00ab\u00a0Point\u00a0\u00bb sont sp\u00e9cialement con\u00e7us pour les \u00e9tablissements h\u00f4teliers. Ils sont mis au point par BURG-W\u00c4CHTER et","breadcrumb":{"@id":"https:\/\/test.burgwaechterservice.de\/fr\/p\/coffres-forts\/point-e-coffres-forts-hoteliers\/#breadcrumb"},"inLanguage":"fr-FR","potentialAction":[{"@type":"ReadAction","target":["https:\/\/test.burgwaechterservice.de\/fr\/p\/coffres-forts\/point-e-coffres-forts-hoteliers\/"]}]},{"@type":"BreadcrumbList","@id":"https:\/\/test.burgwaechterservice.de\/fr\/p\/coffres-forts\/point-e-coffres-forts-hoteliers\/#breadcrumb","itemListElement":[{"@type":"ListItem","position":1,"name":"Accueil","item":"https:\/\/test.burgwaechterservice.de\/fr\/"},{"@type":"ListItem","position":2,"name":"Produits","item":"https:\/\/test.burgwaechterservice.de\/fr\/p\/"},{"@type":"ListItem","position":3,"name":"Point E: Coffres-forts h\u00f4teliers"}]},{"@type":"WebSite","@id":"https:\/\/test.burgwaechterservice.de\/fr\/#website","url":"https:\/\/test.burgwaechterservice.de\/fr\/","name":"Burg-W\u00e4chter France","description":"Le choix le plus s\u00fbr!","potentialAction":[{"@type":"SearchAction","target":{"@type":"EntryPoint","urlTemplate":"https:\/\/test.burgwaechterservice.de\/fr\/?s={search_term_string}"},"query-input":"required name=search_term_string"}],"inLanguage":"fr-FR"}]}},"_links":{"self":[{"href":"https:\/\/test.burgwaechterservice.de\/fr\/wp-json\/wp\/v2\/product\/30921"}],"collection":[{"href":"https:\/\/test.burgwaechterservice.de\/fr\/wp-json\/wp\/v2\/product"}],"about":[{"href":"https:\/\/test.burgwaechterservice.de\/fr\/wp-json\/wp\/v2\/types\/product"}],"replies":[{"embeddable":true,"href":"https:\/\/test.burgwaechterservice.de\/fr\/wp-json\/wp\/v2\/comments?post=30921"}],"wp:featuredmedia":[{"embeddable":true,"href":"https:\/\/test.burgwaechterservice.de\/fr\/wp-json\/wp\/v2\/media\/30934"}],"wp:attachment":[{"href":"https:\/\/test.burgwaechterservice.de\/fr\/wp-json\/wp\/v2\/media?parent=30921"}],"wp:term":[{"taxonomy":"product_cat","embeddable":true,"href":"https:\/\/test.burgwaechterservice.de\/fr\/wp-json\/wp\/v2\/product_cat?post=30921"},{"taxonomy":"product_tag","embeddable":true,"href":"https:\/\/test.burgwaechterservice.de\/fr\/wp-json\/wp\/v2\/product_tag?post=30921"}],"curies":[{"name":"wp","href":"https:\/\/api.w.org\/{rel}","templated":true}]}}