{"id":30918,"date":"2016-06-29T16:03:37","date_gmt":"2016-06-29T14:03:37","guid":{"rendered":"https:\/\/www.burg.biz\/?post_type=product&#038;p=30918"},"modified":"2018-04-23T12:05:15","modified_gmt":"2018-04-23T10:05:15","slug":"222-hb-c-line","status":"publish","type":"product","link":"https:\/\/test.burgwaechterservice.de\/fr\/p\/cadenas-et-porte-cadenas\/222-hb-c-line\/","title":{"rendered":"222 HB C-Line"},"content":{"rendered":"<p><img decoding=\"async\" class=\"alignnone size-full wp-image-37399\" src=\"https:\/\/test.burgwaechterservice.de\/fr\/wp-content\/uploads\/sites\/4\/2016\/06\/piktoreihe_222HBCLine-1.jpg\" alt=\"Aufbohrschutz\" width=\"150\" height=\"86\" \/><\/p>\n<h2>Cadenas \u00e0 cylindre robuste<\/h2>\n<ul>\n<li>avec grande anse<\/li>\n<li>corps en laiton massif<\/li>\n<li>anse en acier c\u00e9ment\u00e9 \u00e0 partir de 30 mm<\/li>\n<li>\u00e0 double verrouillage \u00e0 partir de 40 mm<\/li>\n<li>qualit\u00e9 solide<\/li>\n<li>pas disponible en ex\u00e9cutions sp\u00e9ciales (p.ex. s\u2018entrouvrant)<\/li>\n<\/ul>\n<p>&nbsp;<\/p>\n<table class=\"ausfuehrung\">\n<thead>\n<tr>\n<td>Article<\/td>\n<td>\u00d8 de l\u2018anse<\/td>\n<td>Largeur libre de l\u2018anse<\/td>\n<td>Hauteur libre de l\u2018anse<\/td>\n<td>Hauteur totale<\/td>\n<td>N\u00b0. d\u2019\u00e9bauche<\/td>\n<\/tr>\n<\/thead>\n<tbody>\n<tr>\n<td class=\"subdesc\"><\/td>\n<td class=\"subdesc\">mm<\/td>\n<td class=\"subdesc\">mm<\/td>\n<td class=\"subdesc\">mm<\/td>\n<td class=\"subdesc\">mm<\/td>\n<td class=\"subdesc\"><\/td>\n<\/tr>\n<\/tbody>\n<tbody>\n<tr>\n<td>222HB 20 26<\/td>\n<td>3,5<\/td>\n<td>10,0<\/td>\n<td>26,0<\/td>\n<td>50,0<\/td>\n<td>45L<\/td>\n<\/tr>\n<tr>\n<td>222HB 30 45<\/td>\n<td>5,0<\/td>\n<td>14,3<\/td>\n<td>45,0<\/td>\n<td>74,0<\/td>\n<td>67R<\/td>\n<\/tr>\n<tr>\n<td>222HB 40 45<\/td>\n<td>6,0<\/td>\n<td>20,0<\/td>\n<td>45,0<\/td>\n<td>86,0<\/td>\n<td>39R<\/td>\n<\/tr>\n<tr>\n<td>222HB 40 65<\/td>\n<td>6,0<\/td>\n<td>20,0<\/td>\n<td>65,0<\/td>\n<td>103,0<\/td>\n<td>39R<\/td>\n<\/tr>\n<\/tbody>\n<\/table>\n","protected":false},"excerpt":{"rendered":"<p>Cadenas \u00e0 cylindre robuste avec grande anse corps en laiton massif anse en acier c\u00e9ment\u00e9 \u00e0 partir de 30 mm \u00e0 double verrouillage \u00e0 partir de 40 mm qualit\u00e9 solide pas disponible en ex\u00e9cutions sp\u00e9ciales (p.ex. s\u2018entrouvrant) &nbsp; Article \u00d8 &hellip; <a class=\"kt-excerpt-readmore\" href=\"https:\/\/test.burgwaechterservice.de\/fr\/p\/cadenas-et-porte-cadenas\/222-hb-c-line\/\" aria-label=\"222 HB C-Line\">Lire la suite<\/a><\/p>\n","protected":false},"featured_media":30935,"comment_status":"closed","ping_status":"closed","template":"","meta":[],"product_cat":[30,39,3122],"product_tag":[],"yoast_head":"<!-- This site is optimized with the Yoast SEO Premium plugin v18.4 (Yoast SEO v19.13) - https:\/\/yoast.com\/wordpress\/plugins\/seo\/ -->\n<title>222 HB C-Line - BURG-W\u00c4CHTER<\/title>\n<meta name=\"description\" content=\"Cadenas \u00e0 cylindre robuste avec grande anse corps en laiton massif anse en acier c\u00e9ment\u00e9 \u00e0 partir de 30 mm \u00e0 double verrouillage \u00e0 partir de 40 mm qualit\u00e9\" \/>\n<meta name=\"robots\" content=\"index, follow, max-snippet:-1, max-image-preview:large, max-video-preview:-1\" \/>\n<link rel=\"canonical\" href=\"https:\/\/test.burgwaechterservice.de\/fr\/p\/cadenas-et-porte-cadenas\/222-hb-c-line\/\" \/>\n<meta property=\"og:locale\" content=\"fr_FR\" \/>\n<meta property=\"og:type\" content=\"article\" \/>\n<meta property=\"og:title\" content=\"222 HB C-Line\" \/>\n<meta property=\"og:description\" content=\"Cadenas \u00e0 cylindre robuste avec grande anse corps en laiton massif anse en acier c\u00e9ment\u00e9 \u00e0 partir de 30 mm \u00e0 double verrouillage \u00e0 partir de 40 mm qualit\u00e9\" \/>\n<meta property=\"og:url\" content=\"https:\/\/test.burgwaechterservice.de\/fr\/p\/cadenas-et-porte-cadenas\/222-hb-c-line\/\" \/>\n<meta property=\"og:site_name\" content=\"Burg-W\u00e4chter France\" \/>\n<meta property=\"article:modified_time\" content=\"2018-04-23T10:05:15+00:00\" \/>\n<meta property=\"og:image\" content=\"https:\/\/test.burgwaechterservice.de\/fr\/wp-content\/uploads\/sites\/4\/2016\/06\/222-HB-40-1.jpg\" \/>\n\t<meta property=\"og:image:width\" content=\"3000\" \/>\n\t<meta property=\"og:image:height\" content=\"3000\" \/>\n\t<meta property=\"og:image:type\" content=\"image\/jpeg\" \/>\n<meta name=\"twitter:card\" content=\"summary_large_image\" \/>\n<!-- \/ Yoast SEO Premium plugin. -->","yoast_head_json":{"title":"222 HB C-Line - BURG-W\u00c4CHTER","description":"Cadenas \u00e0 cylindre robuste avec grande anse corps en laiton massif anse en acier c\u00e9ment\u00e9 \u00e0 partir de 30 mm \u00e0 double verrouillage \u00e0 partir de 40 mm qualit\u00e9","robots":{"index":"index","follow":"follow","max-snippet":"max-snippet:-1","max-image-preview":"max-image-preview:large","max-video-preview":"max-video-preview:-1"},"canonical":"https:\/\/test.burgwaechterservice.de\/fr\/p\/cadenas-et-porte-cadenas\/222-hb-c-line\/","og_locale":"fr_FR","og_type":"article","og_title":"222 HB C-Line","og_description":"Cadenas \u00e0 cylindre robuste avec grande anse corps en laiton massif anse en acier c\u00e9ment\u00e9 \u00e0 partir de 30 mm \u00e0 double verrouillage \u00e0 partir de 40 mm qualit\u00e9","og_url":"https:\/\/test.burgwaechterservice.de\/fr\/p\/cadenas-et-porte-cadenas\/222-hb-c-line\/","og_site_name":"Burg-W\u00e4chter France","article_modified_time":"2018-04-23T10:05:15+00:00","og_image":[{"width":3000,"height":3000,"url":"https:\/\/test.burgwaechterservice.de\/fr\/wp-content\/uploads\/sites\/4\/2016\/06\/222-HB-40-1.jpg","type":"image\/jpeg"}],"twitter_card":"summary_large_image","schema":{"@context":"https:\/\/schema.org","@graph":[{"@type":"WebPage","@id":"https:\/\/test.burgwaechterservice.de\/fr\/p\/cadenas-et-porte-cadenas\/222-hb-c-line\/","url":"https:\/\/test.burgwaechterservice.de\/fr\/p\/cadenas-et-porte-cadenas\/222-hb-c-line\/","name":"222 HB C-Line - BURG-W\u00c4CHTER","isPartOf":{"@id":"https:\/\/test.burgwaechterservice.de\/fr\/#website"},"datePublished":"2016-06-29T14:03:37+00:00","dateModified":"2018-04-23T10:05:15+00:00","description":"Cadenas \u00e0 cylindre robuste avec grande anse corps en laiton massif anse en acier c\u00e9ment\u00e9 \u00e0 partir de 30 mm \u00e0 double verrouillage \u00e0 partir de 40 mm qualit\u00e9","breadcrumb":{"@id":"https:\/\/test.burgwaechterservice.de\/fr\/p\/cadenas-et-porte-cadenas\/222-hb-c-line\/#breadcrumb"},"inLanguage":"fr-FR","potentialAction":[{"@type":"ReadAction","target":["https:\/\/test.burgwaechterservice.de\/fr\/p\/cadenas-et-porte-cadenas\/222-hb-c-line\/"]}]},{"@type":"BreadcrumbList","@id":"https:\/\/test.burgwaechterservice.de\/fr\/p\/cadenas-et-porte-cadenas\/222-hb-c-line\/#breadcrumb","itemListElement":[{"@type":"ListItem","position":1,"name":"Accueil","item":"https:\/\/test.burgwaechterservice.de\/fr\/"},{"@type":"ListItem","position":2,"name":"Produits","item":"https:\/\/test.burgwaechterservice.de\/fr\/p\/"},{"@type":"ListItem","position":3,"name":"222 HB C-Line"}]},{"@type":"WebSite","@id":"https:\/\/test.burgwaechterservice.de\/fr\/#website","url":"https:\/\/test.burgwaechterservice.de\/fr\/","name":"Burg-W\u00e4chter France","description":"Le choix le plus s\u00fbr!","potentialAction":[{"@type":"SearchAction","target":{"@type":"EntryPoint","urlTemplate":"https:\/\/test.burgwaechterservice.de\/fr\/?s={search_term_string}"},"query-input":"required name=search_term_string"}],"inLanguage":"fr-FR"}]}},"_links":{"self":[{"href":"https:\/\/test.burgwaechterservice.de\/fr\/wp-json\/wp\/v2\/product\/30918"}],"collection":[{"href":"https:\/\/test.burgwaechterservice.de\/fr\/wp-json\/wp\/v2\/product"}],"about":[{"href":"https:\/\/test.burgwaechterservice.de\/fr\/wp-json\/wp\/v2\/types\/product"}],"replies":[{"embeddable":true,"href":"https:\/\/test.burgwaechterservice.de\/fr\/wp-json\/wp\/v2\/comments?post=30918"}],"wp:featuredmedia":[{"embeddable":true,"href":"https:\/\/test.burgwaechterservice.de\/fr\/wp-json\/wp\/v2\/media\/30935"}],"wp:attachment":[{"href":"https:\/\/test.burgwaechterservice.de\/fr\/wp-json\/wp\/v2\/media?parent=30918"}],"wp:term":[{"taxonomy":"product_cat","embeddable":true,"href":"https:\/\/test.burgwaechterservice.de\/fr\/wp-json\/wp\/v2\/product_cat?post=30918"},{"taxonomy":"product_tag","embeddable":true,"href":"https:\/\/test.burgwaechterservice.de\/fr\/wp-json\/wp\/v2\/product_tag?post=30918"}],"curies":[{"name":"wp","href":"https:\/\/api.w.org\/{rel}","templated":true}]}}