{"id":30907,"date":"2016-06-29T15:43:02","date_gmt":"2016-06-29T13:43:02","guid":{"rendered":"https:\/\/www.burg.biz\/?post_type=product&#038;p=30907"},"modified":"2022-02-02T11:44:02","modified_gmt":"2022-02-02T10:44:02","slug":"point-safe-3-e-lap","status":"publish","type":"product","link":"https:\/\/test.burgwaechterservice.de\/fr\/p\/coffres-forts\/point-safe-3-e-lap\/","title":{"rendered":"Point Safe 3 E Lap"},"content":{"rendered":"<h2>Mod\u00e8le E<\/h2>\n<p>Le coffre-fort \u00e0 ordinateur portable \u00ab\u00a0Point\u00a0\u00bb de BURG-W\u00c4CHTER conserve votre \u00e9quipement mobile en toute s\u00e9curit\u00e9.<\/p>\n<p>L&#8217;int\u00e9rieur est <strong>suffisamment spacieux <\/strong>pour accueillir votre ordinateur portable mais aussi vos documents importants et vos classeurs.<\/p>\n<p>Son corps <strong>r\u00e9sistant <\/strong>\u00e0 paroi unique et son <strong>design compact<\/strong> conviennent parfaitement pour un <strong>montage mural \u00e0 toute \u00e9preuve<\/strong>. Ce coffre-fort peut \u00eatre int\u00e9gr\u00e9 sans probl\u00e8me dans votre armoire ou votre bureau \u00e0 l&#8217;aide du mat\u00e9riel de fixation.<\/p>\n<h3>Serrure \u00e9lectronique pratique<\/h3>\n<p>Le coffre-fort \u00e0 ordinateur portable dispose d&#8217;une serrure \u00e9lectronique \u00e0 code vous permettant de <strong>programmer le code g\u00e9n\u00e9ral et utilisateur.<\/strong> Vous pouvez les modifier \u00e0 tout moment. Son utilisation est particuli\u00e8rement <strong>simple<\/strong> et <strong>confortable<\/strong> gr\u00e2ce \u00e0 son verrouillage motoris\u00e9 avec ouverture de porte automatique. La serrure \u00e9lectronique fonctionne avec des piles ce qui permet d&#8217;\u00e9viter un raccordement au secteur. Utilisez sans attendre le coffre-fort \u00e0 ordinateur portable \u00ab\u00a0Point\u00a0\u00bb gr\u00e2ce aux 4 piles comprises dans la livraison. Il dispose \u00e9galement d&#8217;une <strong>serrure suppl\u00e9mentaire pour l&#8217;ouverture d&#8217;urgence<\/strong> si jamais vous avez besoin d&#8217;acc\u00e9der rapidement \u00e0 votre ordinateur portable.<br \/>\nVeuillez noter que l&#8217;armature de la serrure d\u00e9passe de 10 mm.<\/p>\n<p>&nbsp;<\/p>\n<table class=\"ausfuehrung\">\n<thead>\n<tr>\n<td>Article<\/td>\n<td>Ext\u00e9rieur H x L x P<\/td>\n<td>Int\u00e9rieur H x L x P<\/td>\n<td>Porte H x L<\/td>\n<td>Poids<\/td>\n<td>Volume<\/td>\n<\/tr>\n<tr>\n<td class=\"subdesc\"><\/td>\n<td class=\"subdesc\">mm<\/td>\n<td class=\"subdesc\">mm<\/td>\n<td class=\"subdesc\">Ouverture mm<\/td>\n<td class=\"subdesc\">kg<\/td>\n<td class=\"subdesc\">l<\/td>\n<\/tr>\n<\/thead>\n<tbody>\n<tr>\n<td>Point 3 E Lap<\/td>\n<td>200 x 445 x 380<\/td>\n<td>196 x 441 x 323<\/td>\n<td>140 x 380<\/td>\n<td>15,2<\/td>\n<td>27,9<\/td>\n<\/tr>\n<\/tbody>\n<\/table>\n","protected":false},"excerpt":{"rendered":"<p>Mod\u00e8le E Le coffre-fort \u00e0 ordinateur portable \u00ab\u00a0Point\u00a0\u00bb de BURG-W\u00c4CHTER conserve votre \u00e9quipement mobile en toute s\u00e9curit\u00e9. L&#8217;int\u00e9rieur est suffisamment spacieux pour accueillir votre ordinateur portable mais aussi vos documents importants et vos classeurs. Son corps r\u00e9sistant \u00e0 paroi unique &hellip; <a class=\"kt-excerpt-readmore\" href=\"https:\/\/test.burgwaechterservice.de\/fr\/p\/coffres-forts\/point-safe-3-e-lap\/\" aria-label=\"Point Safe 3 E Lap\">Lire la suite<\/a><\/p>\n","protected":false},"featured_media":30913,"comment_status":"closed","ping_status":"closed","template":"","meta":[],"product_cat":[34,55],"product_tag":[],"yoast_head":"<!-- This site is optimized with the Yoast SEO Premium plugin v18.4 (Yoast SEO v19.13) - https:\/\/yoast.com\/wordpress\/plugins\/seo\/ -->\n<title>Point Safe 3 E Lap - BURG-W\u00c4CHTER<\/title>\n<meta name=\"description\" content=\"Mod\u00e8le E Le coffre-fort \u00e0 ordinateur portable \u00ab\u00a0Point\u00a0\u00bb de BURG-W\u00c4CHTER conserve votre \u00e9quipement mobile en toute s\u00e9curit\u00e9. L&#039;int\u00e9rieur est suffisamment\" \/>\n<meta name=\"robots\" content=\"index, follow, max-snippet:-1, max-image-preview:large, max-video-preview:-1\" \/>\n<link rel=\"canonical\" href=\"https:\/\/test.burgwaechterservice.de\/fr\/p\/coffres-forts\/point-safe-3-e-lap\/\" \/>\n<meta property=\"og:locale\" content=\"fr_FR\" \/>\n<meta property=\"og:type\" content=\"article\" \/>\n<meta property=\"og:title\" content=\"Point Safe 3 E Lap\" \/>\n<meta property=\"og:description\" content=\"Mod\u00e8le E Le coffre-fort \u00e0 ordinateur portable \u00ab\u00a0Point\u00a0\u00bb de BURG-W\u00c4CHTER conserve votre \u00e9quipement mobile en toute s\u00e9curit\u00e9. L&#039;int\u00e9rieur est suffisamment\" \/>\n<meta property=\"og:url\" content=\"https:\/\/test.burgwaechterservice.de\/fr\/p\/coffres-forts\/point-safe-3-e-lap\/\" \/>\n<meta property=\"og:site_name\" content=\"Burg-W\u00e4chter France\" \/>\n<meta property=\"article:modified_time\" content=\"2022-02-02T10:44:02+00:00\" \/>\n<meta property=\"og:image\" content=\"https:\/\/test.burgwaechterservice.de\/fr\/wp-content\/uploads\/sites\/4\/2016\/06\/Laptopsafe_Point_3_E_Lap_181805-01-1024x974.jpg\" \/>\n\t<meta property=\"og:image:width\" content=\"1024\" \/>\n\t<meta property=\"og:image:height\" content=\"974\" \/>\n\t<meta property=\"og:image:type\" content=\"image\/jpeg\" \/>\n<meta name=\"twitter:card\" content=\"summary_large_image\" \/>\n<meta name=\"twitter:label1\" content=\"Dur\u00e9e de lecture estim\u00e9e\" \/>\n\t<meta name=\"twitter:data1\" content=\"1 minute\" \/>\n<!-- \/ Yoast SEO Premium plugin. -->","yoast_head_json":{"title":"Point Safe 3 E Lap - BURG-W\u00c4CHTER","description":"Mod\u00e8le E Le coffre-fort \u00e0 ordinateur portable \u00ab\u00a0Point\u00a0\u00bb de BURG-W\u00c4CHTER conserve votre \u00e9quipement mobile en toute s\u00e9curit\u00e9. L'int\u00e9rieur est suffisamment","robots":{"index":"index","follow":"follow","max-snippet":"max-snippet:-1","max-image-preview":"max-image-preview:large","max-video-preview":"max-video-preview:-1"},"canonical":"https:\/\/test.burgwaechterservice.de\/fr\/p\/coffres-forts\/point-safe-3-e-lap\/","og_locale":"fr_FR","og_type":"article","og_title":"Point Safe 3 E Lap","og_description":"Mod\u00e8le E Le coffre-fort \u00e0 ordinateur portable \u00ab\u00a0Point\u00a0\u00bb de BURG-W\u00c4CHTER conserve votre \u00e9quipement mobile en toute s\u00e9curit\u00e9. L'int\u00e9rieur est suffisamment","og_url":"https:\/\/test.burgwaechterservice.de\/fr\/p\/coffres-forts\/point-safe-3-e-lap\/","og_site_name":"Burg-W\u00e4chter France","article_modified_time":"2022-02-02T10:44:02+00:00","og_image":[{"width":1024,"height":974,"url":"https:\/\/test.burgwaechterservice.de\/fr\/wp-content\/uploads\/sites\/4\/2016\/06\/Laptopsafe_Point_3_E_Lap_181805-01-1024x974.jpg","type":"image\/jpeg"}],"twitter_card":"summary_large_image","twitter_misc":{"Dur\u00e9e de lecture estim\u00e9e":"1 minute"},"schema":{"@context":"https:\/\/schema.org","@graph":[{"@type":"WebPage","@id":"https:\/\/test.burgwaechterservice.de\/fr\/p\/coffres-forts\/point-safe-3-e-lap\/","url":"https:\/\/test.burgwaechterservice.de\/fr\/p\/coffres-forts\/point-safe-3-e-lap\/","name":"Point Safe 3 E Lap - BURG-W\u00c4CHTER","isPartOf":{"@id":"https:\/\/test.burgwaechterservice.de\/fr\/#website"},"datePublished":"2016-06-29T13:43:02+00:00","dateModified":"2022-02-02T10:44:02+00:00","description":"Mod\u00e8le E Le coffre-fort \u00e0 ordinateur portable \u00ab\u00a0Point\u00a0\u00bb de BURG-W\u00c4CHTER conserve votre \u00e9quipement mobile en toute s\u00e9curit\u00e9. L'int\u00e9rieur est suffisamment","breadcrumb":{"@id":"https:\/\/test.burgwaechterservice.de\/fr\/p\/coffres-forts\/point-safe-3-e-lap\/#breadcrumb"},"inLanguage":"fr-FR","potentialAction":[{"@type":"ReadAction","target":["https:\/\/test.burgwaechterservice.de\/fr\/p\/coffres-forts\/point-safe-3-e-lap\/"]}]},{"@type":"BreadcrumbList","@id":"https:\/\/test.burgwaechterservice.de\/fr\/p\/coffres-forts\/point-safe-3-e-lap\/#breadcrumb","itemListElement":[{"@type":"ListItem","position":1,"name":"Accueil","item":"https:\/\/test.burgwaechterservice.de\/fr\/"},{"@type":"ListItem","position":2,"name":"Produits","item":"https:\/\/test.burgwaechterservice.de\/fr\/p\/"},{"@type":"ListItem","position":3,"name":"Point Safe 3 E Lap"}]},{"@type":"WebSite","@id":"https:\/\/test.burgwaechterservice.de\/fr\/#website","url":"https:\/\/test.burgwaechterservice.de\/fr\/","name":"Burg-W\u00e4chter France","description":"Le choix le plus s\u00fbr!","potentialAction":[{"@type":"SearchAction","target":{"@type":"EntryPoint","urlTemplate":"https:\/\/test.burgwaechterservice.de\/fr\/?s={search_term_string}"},"query-input":"required name=search_term_string"}],"inLanguage":"fr-FR"}]}},"_links":{"self":[{"href":"https:\/\/test.burgwaechterservice.de\/fr\/wp-json\/wp\/v2\/product\/30907"}],"collection":[{"href":"https:\/\/test.burgwaechterservice.de\/fr\/wp-json\/wp\/v2\/product"}],"about":[{"href":"https:\/\/test.burgwaechterservice.de\/fr\/wp-json\/wp\/v2\/types\/product"}],"replies":[{"embeddable":true,"href":"https:\/\/test.burgwaechterservice.de\/fr\/wp-json\/wp\/v2\/comments?post=30907"}],"wp:featuredmedia":[{"embeddable":true,"href":"https:\/\/test.burgwaechterservice.de\/fr\/wp-json\/wp\/v2\/media\/30913"}],"wp:attachment":[{"href":"https:\/\/test.burgwaechterservice.de\/fr\/wp-json\/wp\/v2\/media?parent=30907"}],"wp:term":[{"taxonomy":"product_cat","embeddable":true,"href":"https:\/\/test.burgwaechterservice.de\/fr\/wp-json\/wp\/v2\/product_cat?post=30907"},{"taxonomy":"product_tag","embeddable":true,"href":"https:\/\/test.burgwaechterservice.de\/fr\/wp-json\/wp\/v2\/product_tag?post=30907"}],"curies":[{"name":"wp","href":"https:\/\/api.w.org\/{rel}","templated":true}]}}