{"id":30873,"date":"2016-06-29T15:17:36","date_gmt":"2016-06-29T13:17:36","guid":{"rendered":"https:\/\/www.burg.biz\/?post_type=product&#038;p=30873"},"modified":"2019-03-07T10:23:36","modified_gmt":"2019-03-07T09:23:36","slug":"pointsafe-e-fs","status":"publish","type":"product","link":"https:\/\/test.burgwaechterservice.de\/fr\/p\/coffres-forts\/pointsafe-e-fs\/","title":{"rendered":"PointSafe Version E FS"},"content":{"rendered":"<h2>Mod\u00e8le E FS<\/h2>\n<p>Les coffres-forts de la gamme PointSafe test\u00e9s dans le laboratoire d&#8217;essais de BURG-W\u00c4CHTER conviennent particuli\u00e8rement bien pour une int\u00e9gration dans des armoires, des bureaux ou sur des \u00e9tag\u00e8res. Il s&#8217;agit de coffres-forts compacts destin\u00e9s \u00e0 une utilisation priv\u00e9e.<\/p>\n<h3>Une construction solide pour une s\u00e9curit\u00e9 fondamentale<\/h3>\n<p>Le corps solide \u00e0 une paroi et son poids mod\u00e9r\u00e9 font du PointSafe le coffre-fort id\u00e9al pour une utilisation \u00e0 domicile. Rangez-y en toute s\u00e9curit\u00e9 votre argent, vos bijoux ou dans les mod\u00e8les plus spacieux vos documents et vos classeurs. Les mod\u00e8les P 2, P 3 et P 4 disposent d&#8217;une \u00e9tag\u00e8re amovible. Les tailles P 3 et P 4 peuvent \u00e9galement accueillir des documents et des classeurs gr\u00e2ce \u00e0 leur profondeur suffisante.<br \/>\nLa porte \u00e0 double paroi ralentit une effraction rapide du coffre-fort. Gr\u00e2ce \u00e0 ses quatre trous de fixation, deux \u00e0 l&#8217;arri\u00e8re et deux dans le fond, ce coffre-fort peut \u00eatre ancr\u00e9 solidement au mur \u00e0 l&#8217;aide du mat\u00e9riel de fixation. Ainsi, impossible d&#8217;emporter facilement votre coffre-fort.<br \/>\nLe design simple et compact du PointSafe s&#8217;int\u00e8gre \u00e0 presque tous les meubles auxquels vous pouvez penser.<\/p>\n<h3>Technologie de lecture d&#8217;empreintes digitales\u00a0: pratique et simple<\/h3>\n<p>La serrure \u00e0 code \u00e9lectronique avec sa technologie de lecture d&#8217;empreintes digitales et son code g\u00e9n\u00e9ral et d&#8217;utilisateur programmables apportent une solution ergonomique et s\u00e9curis\u00e9e. Vous pouvez les modifier \u00e0 tout moment. Vous pouvez en plus programmer jusqu&#8217;\u00e0 5 doigts. Son utilisation est confortable gr\u00e2ce \u00e0 son \u00e9quipement \u00e9lectronique motoris\u00e9 avec ouverture de porte automatique. Cette serrure fonctionne avec des piles si bien qu&#8217;aucun raccord au secteur n&#8217;est n\u00e9cessaire. 4 piles LR 06 (AA) sont comprises dans la livraison afin que votre PointSafe soit op\u00e9rationnel au plus vite. Une serrure suppl\u00e9mentaire pour une ouverture en cas d&#8217;urgence est int\u00e9gr\u00e9e.<br \/>\nVeuillez noter que l&#8217;armature de la serrure d\u00e9passe de 15 mm.<\/p>\n<h3>Le PointSafe P 1 \u2013 P 4 de BURG-W\u00c4CHTER<\/h3>\n<ul>\n<li>Test\u00e9 dans le laboratoire d&#8217;essais de BURG-W\u00c4CHTER<\/li>\n<li>Corps solide \u00e0 une paroi<\/li>\n<li>Porte \u00e0 double paroi<\/li>\n<li>Con\u00e7u pour \u00eatre fix\u00e9 au mur et au sol,<br \/>\ndeux trous dans la paroi arri\u00e8re et deux dans le fond,<br \/>\nlivr\u00e9 avec mat\u00e9riel de fixation<\/li>\n<li>Pour un montage dans une armoire, un bureau, etc.<\/li>\n<li>Taille P 1\u00a0: sans \u00e9tag\u00e8re<\/li>\n<li>Tailles P 2, P 3 et P 4\u00a0: une \u00e9tag\u00e8re amovible<\/li>\n<li>Tailles P 3 et 4 avec profondeur pour un classeur<\/li>\n<\/ul>\n<p>&nbsp;<\/p>\n<table class=\"ausfuehrung\">\n<thead>\n<tr>\n<td>Article<\/td>\n<td>Ext\u00e9rieur H x L x P<\/td>\n<td>Int\u00e9rieur H x L x P<\/td>\n<td>Porte H x L<\/td>\n<td>Poids<\/td>\n<td>Volume<\/td>\n<\/tr>\n<\/thead>\n<tbody>\n<tr>\n<td class=\"subdesc\"><\/td>\n<td class=\"subdesc\">mm<\/td>\n<td class=\"subdesc\">mm<\/td>\n<td class=\"subdesc\">Ouverture mm<\/td>\n<td class=\"subdesc\">kg<\/td>\n<td class=\"subdesc\">\u00a0l<\/td>\n<\/tr>\n<\/tbody>\n<tbody>\n<tr>\n<td>P 2 E FS<\/td>\n<td>255 x 350 x 300<\/td>\n<td>248 x 343 x 241<\/td>\n<td>188 x 230<\/td>\n<td>14,0<\/td>\n<td>20,5<\/td>\n<\/tr>\n<tr>\n<td>P 3 E FS<\/td>\n<td>320 x 442 x 350<\/td>\n<td>310 x 435 x 288<\/td>\n<td>240 x 317<\/td>\n<td>20,0<\/td>\n<td>38,8<\/td>\n<\/tr>\n<tr>\n<td>P 4 E FS<\/td>\n<td>500 x 416 x 350<\/td>\n<td>490 x 410 x 288<\/td>\n<td>423 x 290<\/td>\n<td>25,5<\/td>\n<td>57,9<\/td>\n<\/tr>\n<\/tbody>\n<\/table>\n","protected":false},"excerpt":{"rendered":"<p>Mod\u00e8le E FS Les coffres-forts de la gamme PointSafe test\u00e9s dans le laboratoire d&#8217;essais de BURG-W\u00c4CHTER conviennent particuli\u00e8rement bien pour une int\u00e9gration dans des armoires, des bureaux ou sur des \u00e9tag\u00e8res. Il s&#8217;agit de coffres-forts compacts destin\u00e9s \u00e0 une utilisation &hellip; <a class=\"kt-excerpt-readmore\" href=\"https:\/\/test.burgwaechterservice.de\/fr\/p\/coffres-forts\/pointsafe-e-fs\/\" aria-label=\"PointSafe Version E FS\">Lire la suite<\/a><\/p>\n","protected":false},"featured_media":30905,"comment_status":"closed","ping_status":"closed","template":"","meta":[],"product_cat":[34,58],"product_tag":[527,536,545],"yoast_head":"<!-- This site is optimized with the Yoast SEO Premium plugin v18.4 (Yoast SEO v19.13) - https:\/\/yoast.com\/wordpress\/plugins\/seo\/ -->\n<title>PointSafe Version E FS - BURG-W\u00c4CHTER<\/title>\n<meta name=\"description\" content=\"Mod\u00e8le E FS Les coffres-forts de la gamme PointSafe test\u00e9s dans le laboratoire d&#039;essais de BURG-W\u00c4CHTER conviennent particuli\u00e8rement bien pour une\" \/>\n<meta name=\"robots\" content=\"index, follow, max-snippet:-1, max-image-preview:large, max-video-preview:-1\" \/>\n<link rel=\"canonical\" href=\"https:\/\/test.burgwaechterservice.de\/fr\/p\/coffres-forts\/pointsafe-e-fs\/\" \/>\n<meta property=\"og:locale\" content=\"fr_FR\" \/>\n<meta property=\"og:type\" content=\"article\" \/>\n<meta property=\"og:title\" content=\"PointSafe Version E FS\" \/>\n<meta property=\"og:description\" content=\"Mod\u00e8le E FS Les coffres-forts de la gamme PointSafe test\u00e9s dans le laboratoire d&#039;essais de BURG-W\u00c4CHTER conviennent particuli\u00e8rement bien pour une\" \/>\n<meta property=\"og:url\" content=\"https:\/\/test.burgwaechterservice.de\/fr\/p\/coffres-forts\/pointsafe-e-fs\/\" \/>\n<meta property=\"og:site_name\" content=\"Burg-W\u00e4chter France\" \/>\n<meta property=\"article:modified_time\" content=\"2019-03-07T09:23:36+00:00\" \/>\n<meta property=\"og:image\" content=\"https:\/\/test.burgwaechterservice.de\/fr\/wp-content\/uploads\/sites\/4\/2016\/06\/PointSafe_P_4_e_FS_353806-01-917x1024.jpg\" \/>\n\t<meta property=\"og:image:width\" content=\"917\" \/>\n\t<meta property=\"og:image:height\" content=\"1024\" \/>\n\t<meta property=\"og:image:type\" content=\"image\/jpeg\" \/>\n<meta name=\"twitter:card\" content=\"summary_large_image\" \/>\n<meta name=\"twitter:label1\" content=\"Dur\u00e9e de lecture estim\u00e9e\" \/>\n\t<meta name=\"twitter:data1\" content=\"2 minutes\" \/>\n<!-- \/ Yoast SEO Premium plugin. -->","yoast_head_json":{"title":"PointSafe Version E FS - BURG-W\u00c4CHTER","description":"Mod\u00e8le E FS Les coffres-forts de la gamme PointSafe test\u00e9s dans le laboratoire d'essais de BURG-W\u00c4CHTER conviennent particuli\u00e8rement bien pour une","robots":{"index":"index","follow":"follow","max-snippet":"max-snippet:-1","max-image-preview":"max-image-preview:large","max-video-preview":"max-video-preview:-1"},"canonical":"https:\/\/test.burgwaechterservice.de\/fr\/p\/coffres-forts\/pointsafe-e-fs\/","og_locale":"fr_FR","og_type":"article","og_title":"PointSafe Version E FS","og_description":"Mod\u00e8le E FS Les coffres-forts de la gamme PointSafe test\u00e9s dans le laboratoire d'essais de BURG-W\u00c4CHTER conviennent particuli\u00e8rement bien pour une","og_url":"https:\/\/test.burgwaechterservice.de\/fr\/p\/coffres-forts\/pointsafe-e-fs\/","og_site_name":"Burg-W\u00e4chter France","article_modified_time":"2019-03-07T09:23:36+00:00","og_image":[{"width":917,"height":1024,"url":"https:\/\/test.burgwaechterservice.de\/fr\/wp-content\/uploads\/sites\/4\/2016\/06\/PointSafe_P_4_e_FS_353806-01-917x1024.jpg","type":"image\/jpeg"}],"twitter_card":"summary_large_image","twitter_misc":{"Dur\u00e9e de lecture estim\u00e9e":"2 minutes"},"schema":{"@context":"https:\/\/schema.org","@graph":[{"@type":"WebPage","@id":"https:\/\/test.burgwaechterservice.de\/fr\/p\/coffres-forts\/pointsafe-e-fs\/","url":"https:\/\/test.burgwaechterservice.de\/fr\/p\/coffres-forts\/pointsafe-e-fs\/","name":"PointSafe Version E FS - BURG-W\u00c4CHTER","isPartOf":{"@id":"https:\/\/test.burgwaechterservice.de\/fr\/#website"},"datePublished":"2016-06-29T13:17:36+00:00","dateModified":"2019-03-07T09:23:36+00:00","description":"Mod\u00e8le E FS Les coffres-forts de la gamme PointSafe test\u00e9s dans le laboratoire d'essais de BURG-W\u00c4CHTER conviennent particuli\u00e8rement bien pour une","breadcrumb":{"@id":"https:\/\/test.burgwaechterservice.de\/fr\/p\/coffres-forts\/pointsafe-e-fs\/#breadcrumb"},"inLanguage":"fr-FR","potentialAction":[{"@type":"ReadAction","target":["https:\/\/test.burgwaechterservice.de\/fr\/p\/coffres-forts\/pointsafe-e-fs\/"]}]},{"@type":"BreadcrumbList","@id":"https:\/\/test.burgwaechterservice.de\/fr\/p\/coffres-forts\/pointsafe-e-fs\/#breadcrumb","itemListElement":[{"@type":"ListItem","position":1,"name":"Accueil","item":"https:\/\/test.burgwaechterservice.de\/fr\/"},{"@type":"ListItem","position":2,"name":"Produits","item":"https:\/\/test.burgwaechterservice.de\/fr\/p\/"},{"@type":"ListItem","position":3,"name":"PointSafe Version E FS"}]},{"@type":"WebSite","@id":"https:\/\/test.burgwaechterservice.de\/fr\/#website","url":"https:\/\/test.burgwaechterservice.de\/fr\/","name":"Burg-W\u00e4chter France","description":"Le choix le plus s\u00fbr!","potentialAction":[{"@type":"SearchAction","target":{"@type":"EntryPoint","urlTemplate":"https:\/\/test.burgwaechterservice.de\/fr\/?s={search_term_string}"},"query-input":"required name=search_term_string"}],"inLanguage":"fr-FR"}]}},"_links":{"self":[{"href":"https:\/\/test.burgwaechterservice.de\/fr\/wp-json\/wp\/v2\/product\/30873"}],"collection":[{"href":"https:\/\/test.burgwaechterservice.de\/fr\/wp-json\/wp\/v2\/product"}],"about":[{"href":"https:\/\/test.burgwaechterservice.de\/fr\/wp-json\/wp\/v2\/types\/product"}],"replies":[{"embeddable":true,"href":"https:\/\/test.burgwaechterservice.de\/fr\/wp-json\/wp\/v2\/comments?post=30873"}],"wp:featuredmedia":[{"embeddable":true,"href":"https:\/\/test.burgwaechterservice.de\/fr\/wp-json\/wp\/v2\/media\/30905"}],"wp:attachment":[{"href":"https:\/\/test.burgwaechterservice.de\/fr\/wp-json\/wp\/v2\/media?parent=30873"}],"wp:term":[{"taxonomy":"product_cat","embeddable":true,"href":"https:\/\/test.burgwaechterservice.de\/fr\/wp-json\/wp\/v2\/product_cat?post=30873"},{"taxonomy":"product_tag","embeddable":true,"href":"https:\/\/test.burgwaechterservice.de\/fr\/wp-json\/wp\/v2\/product_tag?post=30873"}],"curies":[{"name":"wp","href":"https:\/\/api.w.org\/{rel}","templated":true}]}}