{"id":30872,"date":"2016-06-29T14:55:54","date_gmt":"2016-06-29T12:55:54","guid":{"rendered":"https:\/\/www.burg.biz\/?post_type=product&#038;p=30872"},"modified":"2021-08-12T15:08:10","modified_gmt":"2021-08-12T13:08:10","slug":"222-c-line","status":"publish","type":"product","link":"https:\/\/test.burgwaechterservice.de\/fr\/p\/cadenas-et-porte-cadenas\/222-c-line\/","title":{"rendered":"222 C-Line"},"content":{"rendered":"<p><img decoding=\"async\" class=\"alignnone wp-image-37392 size-full\" src=\"https:\/\/test.burgwaechterservice.de\/fr\/wp-content\/uploads\/sites\/4\/2016\/06\/piktoreihe_222CLine-1.jpg\" alt=\"Aufbohrschutz\" width=\"289\" height=\"76\" \/><\/p>\n<h2>Cadenas \u00e0 cylindre robuste<\/h2>\n<ul>\n<li>corps en laiton massif<\/li>\n<li>anse en acier c\u00e9ment\u00e9 \u00e0 partir de 30 mm<\/li>\n<li>\u00e0 double verrouillage \u00e0 partir de 40 mm<\/li>\n<li>qualit\u00e9 solide<\/li>\n<li>pas disponible en ex\u00e9cutions sp\u00e9ciales (p.ex. s\u2018entrouvrant)<\/li>\n<li>\/6 = avec 6 cl\u00e9s par cadenas<\/li>\n<li>Sets:\n<ul>\n<li>Quadro 222 15 SB: 4 fois 222 15 C-Line<\/li>\n<li>Duo 222 20 SB: 2 fois 222 20 C-Line<\/li>\n<li>Duo 222 20 26 SB: 2 fois 222 20 26 C-Line<\/li>\n<li>Trio 222 20 SB: 3 fois 222 20 C-Line<\/li>\n<li>Duo 222 30 SB: 2 fois 222 30 C-Line<\/li>\n<li>Trio 222 30 SB: 3 fois 222 30 C-Line<\/li>\n<li>Quadro 222 30 SB: 4 fois 222 30 C-Line<\/li>\n<li>Duo 222 40 SB: 2 fois 222 40 C-Line<\/li>\n<li>Trio 222 40 SB: 3 fois 222 40 C-Line<\/li>\n<li>Quadro 222 40 SB: 4 fois 222 40 C-Line<\/li>\n<\/ul>\n<\/li>\n<\/ul>\n<p>&nbsp;<\/p>\n<table class=\"ausfuehrung\">\n<thead>\n<tr>\n<td>Article<\/td>\n<td>\u00d8 de l\u2018anse<\/td>\n<td>Largeur libre de l\u2018anse<\/td>\n<td>Hauteur libre de l\u2018anse<\/td>\n<td>Hauteur totale<\/td>\n<td>N\u00b0. d\u2019\u00e9bauche<\/td>\n<\/tr>\n<\/thead>\n<tbody>\n<tr>\n<td class=\"subdesc\"><\/td>\n<td class=\"subdesc\">mm<\/td>\n<td class=\"subdesc\">mm<\/td>\n<td class=\"subdesc\">mm<\/td>\n<td class=\"subdesc\">mm<\/td>\n<td class=\"subdesc\"><\/td>\n<\/tr>\n<\/tbody>\n<tbody>\n<tr>\n<td>222 15<\/td>\n<td>\u00a03,0<\/td>\n<td>\u00a08,0<\/td>\n<td>\u00a011,0<\/td>\n<td>35,0<\/td>\n<td>45L<\/td>\n<\/tr>\n<tr>\n<td>222 20<\/td>\n<td>\u00a03,5<\/td>\n<td>\u00a010,0<\/td>\n<td>\u00a011,0<\/td>\n<td>35,0<\/td>\n<td>45L<\/td>\n<\/tr>\n<tr>\n<td>222 25<\/td>\n<td>\u00a04,0<\/td>\n<td>\u00a012,0<\/td>\n<td>\u00a012,0<\/td>\n<td>42,0<\/td>\n<td>45L<\/td>\n<\/tr>\n<tr>\n<td>222 30<\/td>\n<td>\u00a05,0<\/td>\n<td>\u00a014,3<\/td>\n<td>\u00a016,0<\/td>\n<td>48,0<\/td>\n<td>67R<\/td>\n<\/tr>\n<tr>\n<td>222 35<\/td>\n<td>\u00a05,0<\/td>\n<td>\u00a018,0<\/td>\n<td>\u00a018,5<\/td>\n<td>55,0<\/td>\n<td>67R<\/td>\n<\/tr>\n<tr>\n<td>222 40<\/td>\n<td>\u00a06,0<\/td>\n<td>\u00a020,0<\/td>\n<td>\u00a022,0<\/td>\n<td>60,0<\/td>\n<td>39R<\/td>\n<\/tr>\n<tr>\n<td>222 45<\/td>\n<td>\u00a06,0<\/td>\n<td>\u00a023,5<\/td>\n<td>\u00a027,0<\/td>\n<td>67,0<\/td>\n<td>39R<\/td>\n<\/tr>\n<tr>\n<td>222 50<\/td>\n<td>\u00a07,0<\/td>\n<td>\u00a025,0<\/td>\n<td>\u00a026,0<\/td>\n<td>71,0<\/td>\n<td>39R<\/td>\n<\/tr>\n<tr>\n<td>222 60<\/td>\n<td>\u00a08,0<\/td>\n<td>\u00a032,0<\/td>\n<td>\u00a032,5<\/td>\n<td>87,0<\/td>\n<td>39R<\/td>\n<\/tr>\n<tr>\n<td>222 50\/6<\/td>\n<td>\u00a07,0<\/td>\n<td>\u00a025,0<\/td>\n<td>\u00a026,0<\/td>\n<td>71,0<\/td>\n<td>39R<\/td>\n<\/tr>\n<tr>\n<td>222 40\/6 SB<\/td>\n<td>\u00a06,0<\/td>\n<td>\u00a020,0<\/td>\n<td>\u00a022,0<\/td>\n<td>60,0<\/td>\n<td>39R<\/td>\n<\/tr>\n<tr>\n<td>222 50\/6 SB<\/td>\n<td>\u00a07,0<\/td>\n<td>\u00a025,0<\/td>\n<td>\u00a026,0<\/td>\n<td>71,0<\/td>\n<td>39R<\/td>\n<\/tr>\n<\/tbody>\n<\/table>\n","protected":false},"excerpt":{"rendered":"<p>Cadenas \u00e0 cylindre robuste corps en laiton massif anse en acier c\u00e9ment\u00e9 \u00e0 partir de 30 mm \u00e0 double verrouillage \u00e0 partir de 40 mm qualit\u00e9 solide pas disponible en ex\u00e9cutions sp\u00e9ciales (p.ex. s\u2018entrouvrant) \/6 = avec 6 cl\u00e9s par &hellip; <a class=\"kt-excerpt-readmore\" href=\"https:\/\/test.burgwaechterservice.de\/fr\/p\/cadenas-et-porte-cadenas\/222-c-line\/\" aria-label=\"222 C-Line\">Lire la suite<\/a><\/p>\n","protected":false},"featured_media":33423,"comment_status":"closed","ping_status":"closed","template":"","meta":[],"product_cat":[30,39,3122],"product_tag":[],"yoast_head":"<!-- This site is optimized with the Yoast SEO Premium plugin v18.4 (Yoast SEO v19.13) - https:\/\/yoast.com\/wordpress\/plugins\/seo\/ -->\n<title>222 C-Line - BURG-W\u00c4CHTER<\/title>\n<meta name=\"description\" content=\"Cadenas \u00e0 cylindre robuste corps en laiton massif anse en acier c\u00e9ment\u00e9 \u00e0 partir de 30 mm \u00e0 double verrouillage \u00e0 partir de 40 mm qualit\u00e9 solide pas\" \/>\n<meta name=\"robots\" content=\"index, follow, max-snippet:-1, max-image-preview:large, max-video-preview:-1\" \/>\n<link rel=\"canonical\" href=\"https:\/\/test.burgwaechterservice.de\/fr\/p\/cadenas-et-porte-cadenas\/222-c-line\/\" \/>\n<meta property=\"og:locale\" content=\"fr_FR\" \/>\n<meta property=\"og:type\" content=\"article\" \/>\n<meta property=\"og:title\" content=\"222 C-Line\" \/>\n<meta property=\"og:description\" content=\"Cadenas \u00e0 cylindre robuste corps en laiton massif anse en acier c\u00e9ment\u00e9 \u00e0 partir de 30 mm \u00e0 double verrouillage \u00e0 partir de 40 mm qualit\u00e9 solide pas\" \/>\n<meta property=\"og:url\" content=\"https:\/\/test.burgwaechterservice.de\/fr\/p\/cadenas-et-porte-cadenas\/222-c-line\/\" \/>\n<meta property=\"og:site_name\" content=\"Burg-W\u00e4chter France\" \/>\n<meta property=\"article:modified_time\" content=\"2021-08-12T13:08:10+00:00\" \/>\n<meta property=\"og:image\" content=\"https:\/\/test.burgwaechterservice.de\/fr\/wp-content\/uploads\/sites\/4\/2016\/06\/Zylinder_Vorhangschloss_222_C-Line-01-1.jpg\" \/>\n\t<meta property=\"og:image:width\" content=\"1200\" \/>\n\t<meta property=\"og:image:height\" content=\"1200\" \/>\n\t<meta property=\"og:image:type\" content=\"image\/jpeg\" \/>\n<meta name=\"twitter:card\" content=\"summary_large_image\" \/>\n<meta name=\"twitter:label1\" content=\"Dur\u00e9e de lecture estim\u00e9e\" \/>\n\t<meta name=\"twitter:data1\" content=\"1 minute\" \/>\n<!-- \/ Yoast SEO Premium plugin. -->","yoast_head_json":{"title":"222 C-Line - BURG-W\u00c4CHTER","description":"Cadenas \u00e0 cylindre robuste corps en laiton massif anse en acier c\u00e9ment\u00e9 \u00e0 partir de 30 mm \u00e0 double verrouillage \u00e0 partir de 40 mm qualit\u00e9 solide pas","robots":{"index":"index","follow":"follow","max-snippet":"max-snippet:-1","max-image-preview":"max-image-preview:large","max-video-preview":"max-video-preview:-1"},"canonical":"https:\/\/test.burgwaechterservice.de\/fr\/p\/cadenas-et-porte-cadenas\/222-c-line\/","og_locale":"fr_FR","og_type":"article","og_title":"222 C-Line","og_description":"Cadenas \u00e0 cylindre robuste corps en laiton massif anse en acier c\u00e9ment\u00e9 \u00e0 partir de 30 mm \u00e0 double verrouillage \u00e0 partir de 40 mm qualit\u00e9 solide pas","og_url":"https:\/\/test.burgwaechterservice.de\/fr\/p\/cadenas-et-porte-cadenas\/222-c-line\/","og_site_name":"Burg-W\u00e4chter France","article_modified_time":"2021-08-12T13:08:10+00:00","og_image":[{"width":1200,"height":1200,"url":"https:\/\/test.burgwaechterservice.de\/fr\/wp-content\/uploads\/sites\/4\/2016\/06\/Zylinder_Vorhangschloss_222_C-Line-01-1.jpg","type":"image\/jpeg"}],"twitter_card":"summary_large_image","twitter_misc":{"Dur\u00e9e de lecture estim\u00e9e":"1 minute"},"schema":{"@context":"https:\/\/schema.org","@graph":[{"@type":"WebPage","@id":"https:\/\/test.burgwaechterservice.de\/fr\/p\/cadenas-et-porte-cadenas\/222-c-line\/","url":"https:\/\/test.burgwaechterservice.de\/fr\/p\/cadenas-et-porte-cadenas\/222-c-line\/","name":"222 C-Line - BURG-W\u00c4CHTER","isPartOf":{"@id":"https:\/\/test.burgwaechterservice.de\/fr\/#website"},"datePublished":"2016-06-29T12:55:54+00:00","dateModified":"2021-08-12T13:08:10+00:00","description":"Cadenas \u00e0 cylindre robuste corps en laiton massif anse en acier c\u00e9ment\u00e9 \u00e0 partir de 30 mm \u00e0 double verrouillage \u00e0 partir de 40 mm qualit\u00e9 solide pas","breadcrumb":{"@id":"https:\/\/test.burgwaechterservice.de\/fr\/p\/cadenas-et-porte-cadenas\/222-c-line\/#breadcrumb"},"inLanguage":"fr-FR","potentialAction":[{"@type":"ReadAction","target":["https:\/\/test.burgwaechterservice.de\/fr\/p\/cadenas-et-porte-cadenas\/222-c-line\/"]}]},{"@type":"BreadcrumbList","@id":"https:\/\/test.burgwaechterservice.de\/fr\/p\/cadenas-et-porte-cadenas\/222-c-line\/#breadcrumb","itemListElement":[{"@type":"ListItem","position":1,"name":"Accueil","item":"https:\/\/test.burgwaechterservice.de\/fr\/"},{"@type":"ListItem","position":2,"name":"Produits","item":"https:\/\/test.burgwaechterservice.de\/fr\/p\/"},{"@type":"ListItem","position":3,"name":"222 C-Line"}]},{"@type":"WebSite","@id":"https:\/\/test.burgwaechterservice.de\/fr\/#website","url":"https:\/\/test.burgwaechterservice.de\/fr\/","name":"Burg-W\u00e4chter France","description":"Le choix le plus s\u00fbr!","potentialAction":[{"@type":"SearchAction","target":{"@type":"EntryPoint","urlTemplate":"https:\/\/test.burgwaechterservice.de\/fr\/?s={search_term_string}"},"query-input":"required name=search_term_string"}],"inLanguage":"fr-FR"}]}},"_links":{"self":[{"href":"https:\/\/test.burgwaechterservice.de\/fr\/wp-json\/wp\/v2\/product\/30872"}],"collection":[{"href":"https:\/\/test.burgwaechterservice.de\/fr\/wp-json\/wp\/v2\/product"}],"about":[{"href":"https:\/\/test.burgwaechterservice.de\/fr\/wp-json\/wp\/v2\/types\/product"}],"replies":[{"embeddable":true,"href":"https:\/\/test.burgwaechterservice.de\/fr\/wp-json\/wp\/v2\/comments?post=30872"}],"wp:featuredmedia":[{"embeddable":true,"href":"https:\/\/test.burgwaechterservice.de\/fr\/wp-json\/wp\/v2\/media\/33423"}],"wp:attachment":[{"href":"https:\/\/test.burgwaechterservice.de\/fr\/wp-json\/wp\/v2\/media?parent=30872"}],"wp:term":[{"taxonomy":"product_cat","embeddable":true,"href":"https:\/\/test.burgwaechterservice.de\/fr\/wp-json\/wp\/v2\/product_cat?post=30872"},{"taxonomy":"product_tag","embeddable":true,"href":"https:\/\/test.burgwaechterservice.de\/fr\/wp-json\/wp\/v2\/product_tag?post=30872"}],"curies":[{"name":"wp","href":"https:\/\/api.w.org\/{rel}","templated":true}]}}