{"id":30845,"date":"2016-06-29T14:51:42","date_gmt":"2016-06-29T12:51:42","guid":{"rendered":"https:\/\/www.burg.biz\/?post_type=product&#038;p=30845"},"modified":"2018-04-23T12:05:18","modified_gmt":"2018-04-23T10:05:18","slug":"460-yacht","status":"publish","type":"product","link":"https:\/\/test.burgwaechterservice.de\/fr\/p\/cadenas-et-porte-cadenas\/460-yacht\/","title":{"rendered":"460 Yacht"},"content":{"rendered":"<p><img decoding=\"async\" class=\"alignnone size-full wp-image-37389\" src=\"https:\/\/test.burgwaechterservice.de\/fr\/wp-content\/uploads\/sites\/4\/2016\/06\/piktoreihe_460Yacht-1.jpg\" alt=\"Aufbohrschutz\" width=\"290\" height=\"85\" \/><\/p>\n<h2>R\u00e9sistant \u00e0 l\u2018eau de mer, absolument inoxydable!<\/h2>\n<ul>\n<li>id\u00e9al pour la s\u00e9curisation d\u2018armoires, cabinets etc sur les b\u00e2teaux<\/li>\n<li>gain\u00e9 de PVC pour prot\u00e9ger les surfaces sensibles<\/li>\n<li>corps en laiton massif<\/li>\n<li>anse en acier inoxydable<\/li>\n<li>double verrouillage a.p.d. taille 30 mm<\/li>\n<li>int\u00e9rieur inoxydable<\/li>\n<li>des milliers de variures diff\u00e9rentes<\/li>\n<\/ul>\n<p>&nbsp;<\/p>\n<table class=\"ausfuehrung\">\n<thead>\n<tr>\n<td>Article<\/td>\n<td>\u00d8 de l\u2018anse<\/td>\n<td>Largeur libre de l\u2018anse<\/td>\n<td>Hauteur libre de l\u2018anse<\/td>\n<td>Hauteur totale<\/td>\n<td>N\u00b0. d\u2019\u00e9bauche<\/td>\n<\/tr>\n<\/thead>\n<tbody>\n<tr>\n<td class=\"subdesc\"><\/td>\n<td class=\"subdesc\">mm<\/td>\n<td class=\"subdesc\">mm<\/td>\n<td class=\"subdesc\">mm<\/td>\n<td class=\"subdesc\">mm<\/td>\n<td class=\"subdesc\"><\/td>\n<\/tr>\n<\/tbody>\n<tbody>\n<tr>\n<td>460 Ni 20<\/td>\n<td>\u00a03,5<\/td>\n<td>\u00a010,0<\/td>\n<td>\u00a011,0<\/td>\n<td>\u00a035,0<\/td>\n<td>41L<\/td>\n<\/tr>\n<tr>\n<td>460 Ni 30<\/td>\n<td>\u00a05,0<\/td>\n<td>\u00a016,0<\/td>\n<td>\u00a017,0<\/td>\n<td>\u00a050,0<\/td>\n<td>67R<\/td>\n<\/tr>\n<tr>\n<td>460 Ni 40<\/td>\n<td>\u00a06,5<\/td>\n<td>\u00a022,0<\/td>\n<td>\u00a023,5<\/td>\n<td>\u00a065,0<\/td>\n<td>68R<\/td>\n<\/tr>\n<tr>\n<td>460 Ni 50<\/td>\n<td>\u00a08,0<\/td>\n<td>\u00a028,0<\/td>\n<td>\u00a029,5<\/td>\n<td>\u00a080,0<\/td>\n<td>68R<\/td>\n<\/tr>\n<tr>\n<td>Duo 460 Ni 40 SB<\/td>\n<td>\u00a06,5<\/td>\n<td>\u00a022,0<\/td>\n<td>\u00a023,5<\/td>\n<td>\u00a065,0<\/td>\n<td>68R<\/td>\n<\/tr>\n<tr>\n<td>Trio 460 Ni 30 SB<\/td>\n<td>\u00a05,0<\/td>\n<td>\u00a016,0<\/td>\n<td>\u00a017,0<\/td>\n<td>\u00a050,0<\/td>\n<td>67R<\/td>\n<\/tr>\n<\/tbody>\n<\/table>\n","protected":false},"excerpt":{"rendered":"<p>R\u00e9sistant \u00e0 l\u2018eau de mer, absolument inoxydable! id\u00e9al pour la s\u00e9curisation d\u2018armoires, cabinets etc sur les b\u00e2teaux gain\u00e9 de PVC pour prot\u00e9ger les surfaces sensibles corps en laiton massif anse en acier inoxydable double verrouillage a.p.d. taille 30 mm int\u00e9rieur &hellip; <a class=\"kt-excerpt-readmore\" href=\"https:\/\/test.burgwaechterservice.de\/fr\/p\/cadenas-et-porte-cadenas\/460-yacht\/\" aria-label=\"460 Yacht\">Lire la suite<\/a><\/p>\n","protected":false},"featured_media":33422,"comment_status":"closed","ping_status":"closed","template":"","meta":[],"product_cat":[30,39,3122],"product_tag":[],"yoast_head":"<!-- This site is optimized with the Yoast SEO Premium plugin v18.4 (Yoast SEO v19.13) - https:\/\/yoast.com\/wordpress\/plugins\/seo\/ -->\n<title>460 Yacht - BURG-W\u00c4CHTER<\/title>\n<meta name=\"description\" content=\"R\u00e9sistant \u00e0 l\u2018eau de mer, absolument inoxydable! id\u00e9al pour la s\u00e9curisation d\u2018armoires, cabinets etc sur les b\u00e2teaux gain\u00e9 de PVC pour prot\u00e9ger les\" \/>\n<meta name=\"robots\" content=\"index, follow, max-snippet:-1, max-image-preview:large, max-video-preview:-1\" \/>\n<link rel=\"canonical\" href=\"https:\/\/test.burgwaechterservice.de\/fr\/p\/cadenas-et-porte-cadenas\/460-yacht\/\" \/>\n<meta property=\"og:locale\" content=\"fr_FR\" \/>\n<meta property=\"og:type\" content=\"article\" \/>\n<meta property=\"og:title\" content=\"460 Yacht\" \/>\n<meta property=\"og:description\" content=\"R\u00e9sistant \u00e0 l\u2018eau de mer, absolument inoxydable! id\u00e9al pour la s\u00e9curisation d\u2018armoires, cabinets etc sur les b\u00e2teaux gain\u00e9 de PVC pour prot\u00e9ger les\" \/>\n<meta property=\"og:url\" content=\"https:\/\/test.burgwaechterservice.de\/fr\/p\/cadenas-et-porte-cadenas\/460-yacht\/\" \/>\n<meta property=\"og:site_name\" content=\"Burg-W\u00e4chter France\" \/>\n<meta property=\"article:modified_time\" content=\"2018-04-23T10:05:18+00:00\" \/>\n<meta property=\"og:image\" content=\"https:\/\/test.burgwaechterservice.de\/fr\/wp-content\/uploads\/sites\/4\/2016\/06\/460-Yacht-1-1.jpg\" \/>\n\t<meta property=\"og:image:width\" content=\"1200\" \/>\n\t<meta property=\"og:image:height\" content=\"1200\" \/>\n\t<meta property=\"og:image:type\" content=\"image\/jpeg\" \/>\n<meta name=\"twitter:card\" content=\"summary_large_image\" \/>\n<!-- \/ Yoast SEO Premium plugin. -->","yoast_head_json":{"title":"460 Yacht - BURG-W\u00c4CHTER","description":"R\u00e9sistant \u00e0 l\u2018eau de mer, absolument inoxydable! id\u00e9al pour la s\u00e9curisation d\u2018armoires, cabinets etc sur les b\u00e2teaux gain\u00e9 de PVC pour prot\u00e9ger les","robots":{"index":"index","follow":"follow","max-snippet":"max-snippet:-1","max-image-preview":"max-image-preview:large","max-video-preview":"max-video-preview:-1"},"canonical":"https:\/\/test.burgwaechterservice.de\/fr\/p\/cadenas-et-porte-cadenas\/460-yacht\/","og_locale":"fr_FR","og_type":"article","og_title":"460 Yacht","og_description":"R\u00e9sistant \u00e0 l\u2018eau de mer, absolument inoxydable! id\u00e9al pour la s\u00e9curisation d\u2018armoires, cabinets etc sur les b\u00e2teaux gain\u00e9 de PVC pour prot\u00e9ger les","og_url":"https:\/\/test.burgwaechterservice.de\/fr\/p\/cadenas-et-porte-cadenas\/460-yacht\/","og_site_name":"Burg-W\u00e4chter France","article_modified_time":"2018-04-23T10:05:18+00:00","og_image":[{"width":1200,"height":1200,"url":"https:\/\/test.burgwaechterservice.de\/fr\/wp-content\/uploads\/sites\/4\/2016\/06\/460-Yacht-1-1.jpg","type":"image\/jpeg"}],"twitter_card":"summary_large_image","schema":{"@context":"https:\/\/schema.org","@graph":[{"@type":"WebPage","@id":"https:\/\/test.burgwaechterservice.de\/fr\/p\/cadenas-et-porte-cadenas\/460-yacht\/","url":"https:\/\/test.burgwaechterservice.de\/fr\/p\/cadenas-et-porte-cadenas\/460-yacht\/","name":"460 Yacht - BURG-W\u00c4CHTER","isPartOf":{"@id":"https:\/\/test.burgwaechterservice.de\/fr\/#website"},"datePublished":"2016-06-29T12:51:42+00:00","dateModified":"2018-04-23T10:05:18+00:00","description":"R\u00e9sistant \u00e0 l\u2018eau de mer, absolument inoxydable! id\u00e9al pour la s\u00e9curisation d\u2018armoires, cabinets etc sur les b\u00e2teaux gain\u00e9 de PVC pour prot\u00e9ger les","breadcrumb":{"@id":"https:\/\/test.burgwaechterservice.de\/fr\/p\/cadenas-et-porte-cadenas\/460-yacht\/#breadcrumb"},"inLanguage":"fr-FR","potentialAction":[{"@type":"ReadAction","target":["https:\/\/test.burgwaechterservice.de\/fr\/p\/cadenas-et-porte-cadenas\/460-yacht\/"]}]},{"@type":"BreadcrumbList","@id":"https:\/\/test.burgwaechterservice.de\/fr\/p\/cadenas-et-porte-cadenas\/460-yacht\/#breadcrumb","itemListElement":[{"@type":"ListItem","position":1,"name":"Accueil","item":"https:\/\/test.burgwaechterservice.de\/fr\/"},{"@type":"ListItem","position":2,"name":"Produits","item":"https:\/\/test.burgwaechterservice.de\/fr\/p\/"},{"@type":"ListItem","position":3,"name":"460 Yacht"}]},{"@type":"WebSite","@id":"https:\/\/test.burgwaechterservice.de\/fr\/#website","url":"https:\/\/test.burgwaechterservice.de\/fr\/","name":"Burg-W\u00e4chter France","description":"Le choix le plus s\u00fbr!","potentialAction":[{"@type":"SearchAction","target":{"@type":"EntryPoint","urlTemplate":"https:\/\/test.burgwaechterservice.de\/fr\/?s={search_term_string}"},"query-input":"required name=search_term_string"}],"inLanguage":"fr-FR"}]}},"_links":{"self":[{"href":"https:\/\/test.burgwaechterservice.de\/fr\/wp-json\/wp\/v2\/product\/30845"}],"collection":[{"href":"https:\/\/test.burgwaechterservice.de\/fr\/wp-json\/wp\/v2\/product"}],"about":[{"href":"https:\/\/test.burgwaechterservice.de\/fr\/wp-json\/wp\/v2\/types\/product"}],"replies":[{"embeddable":true,"href":"https:\/\/test.burgwaechterservice.de\/fr\/wp-json\/wp\/v2\/comments?post=30845"}],"wp:featuredmedia":[{"embeddable":true,"href":"https:\/\/test.burgwaechterservice.de\/fr\/wp-json\/wp\/v2\/media\/33422"}],"wp:attachment":[{"href":"https:\/\/test.burgwaechterservice.de\/fr\/wp-json\/wp\/v2\/media?parent=30845"}],"wp:term":[{"taxonomy":"product_cat","embeddable":true,"href":"https:\/\/test.burgwaechterservice.de\/fr\/wp-json\/wp\/v2\/product_cat?post=30845"},{"taxonomy":"product_tag","embeddable":true,"href":"https:\/\/test.burgwaechterservice.de\/fr\/wp-json\/wp\/v2\/product_tag?post=30845"}],"curies":[{"name":"wp","href":"https:\/\/api.w.org\/{rel}","templated":true}]}}