{"id":30831,"date":"2016-06-29T14:13:15","date_gmt":"2016-06-29T12:13:15","guid":{"rendered":"https:\/\/www.burg.biz\/?post_type=product&#038;p=30831"},"modified":"2018-04-23T12:05:19","modified_gmt":"2018-04-23T10:05:19","slug":"217-f-ni-atlantic","status":"publish","type":"product","link":"https:\/\/test.burgwaechterservice.de\/fr\/p\/cadenas-et-porte-cadenas\/217-f-ni-atlantic\/","title":{"rendered":"217 F Ni Atlantic"},"content":{"rendered":"<p><img decoding=\"async\" class=\"alignnone wp-image-30832 size-full\" src=\"https:\/\/test.burgwaechterservice.de\/wp-content\/uploads\/2016\/06\/piktoreihe_217FiNiAtlantic.jpg\" alt=\"Doppelverriegelung, Rostfrei und gleichenschlie\u00dfend\" width=\"380\" height=\"78\" srcset=\"https:\/\/test.burgwaechterservice.de\/fr\/wp-content\/uploads\/sites\/4\/2016\/06\/piktoreihe_217FiNiAtlantic.jpg 380w, https:\/\/test.burgwaechterservice.de\/fr\/wp-content\/uploads\/sites\/4\/2016\/06\/piktoreihe_217FiNiAtlantic-300x62.jpg 300w\" sizes=\"(max-width: 380px) 100vw, 380px\" \/><\/p>\n<h2>R\u00e9sistant \u00e0 l\u2019eau de mer, absolument inoxydable !<\/h2>\n<ul>\n<li>corps en laiton massif<\/li>\n<li>corps gain\u00e9 afin de prot\u00e9ger les surfaces sensibles<\/li>\n<li>anse en acier inoxydable, \u00e0 double verrouillage<\/li>\n<li>int\u00e9rieur inoxydable<\/li>\n<li>\u00e9galement livrable en s\u00b4entrouvrant<\/li>\n<li>217 F 40 45 Ni: avec grande anse<\/li>\n<\/ul>\n<p>&nbsp;<\/p>\n<table class=\"ausfuehrung\">\n<thead>\n<tr>\n<td>Article<\/td>\n<td>\u00d8 de l\u2018anse<\/td>\n<td>Largeur libre de l\u2018anse<\/td>\n<td>Hauteur libre de l\u2018anse<\/td>\n<td>Hauteur totale<\/td>\n<td>Hauteur totale<\/td>\n<\/tr>\n<\/thead>\n<tbody>\n<tr>\n<td class=\"subdesc\"><\/td>\n<td class=\"subdesc\">mm<\/td>\n<td class=\"subdesc\">mm<\/td>\n<td class=\"subdesc\">mm<\/td>\n<td class=\"subdesc\">mm<\/td>\n<td class=\"subdesc\"><\/td>\n<\/tr>\n<\/tbody>\n<tbody>\n<tr>\n<td>217 F 30 Ni<\/td>\n<td>5,0<\/td>\n<td>16,0<\/td>\n<td>13,0<\/td>\n<td>49,0<\/td>\n<td>64R<\/td>\n<\/tr>\n<tr>\n<td>217 F 40 Ni<\/td>\n<td>6,0<\/td>\n<td>23,0<\/td>\n<td>17,0<\/td>\n<td>62,0<\/td>\n<td>65R\/L<\/td>\n<\/tr>\n<tr>\n<td>217 F 50 Ni<\/td>\n<td>8,0<\/td>\n<td>28,0<\/td>\n<td>19,5<\/td>\n<td>72,0<\/td>\n<td>66R\/L<\/td>\n<\/tr>\n<tr>\n<td>217 F 40 45 Ni<\/td>\n<td>6,0<\/td>\n<td>23,0<\/td>\n<td>39,0<\/td>\n<td>85,0<\/td>\n<td>65R\/L<\/td>\n<\/tr>\n<\/tbody>\n<\/table>\n","protected":false},"excerpt":{"rendered":"<p>R\u00e9sistant \u00e0 l\u2019eau de mer, absolument inoxydable ! corps en laiton massif corps gain\u00e9 afin de prot\u00e9ger les surfaces sensibles anse en acier inoxydable, \u00e0 double verrouillage int\u00e9rieur inoxydable \u00e9galement livrable en s\u00b4entrouvrant 217 F 40 45 Ni: avec grande &hellip; <a class=\"kt-excerpt-readmore\" href=\"https:\/\/test.burgwaechterservice.de\/fr\/p\/cadenas-et-porte-cadenas\/217-f-ni-atlantic\/\" aria-label=\"217 F Ni Atlantic\">Lire la suite<\/a><\/p>\n","protected":false},"featured_media":33421,"comment_status":"closed","ping_status":"closed","template":"","meta":[],"product_cat":[30,39,3122],"product_tag":[],"yoast_head":"<!-- This site is optimized with the Yoast SEO Premium plugin v18.4 (Yoast SEO v19.13) - https:\/\/yoast.com\/wordpress\/plugins\/seo\/ -->\n<title>217 F Ni Atlantic - BURG-W\u00c4CHTER<\/title>\n<meta name=\"description\" content=\"R\u00e9sistant \u00e0 l\u2019eau de mer, absolument inoxydable ! corps en laiton massif corps gain\u00e9 afin de prot\u00e9ger les surfaces sensibles anse en acier inoxydable, \u00e0\" \/>\n<meta name=\"robots\" content=\"index, follow, max-snippet:-1, max-image-preview:large, max-video-preview:-1\" \/>\n<link rel=\"canonical\" href=\"https:\/\/test.burgwaechterservice.de\/fr\/p\/cadenas-et-porte-cadenas\/217-f-ni-atlantic\/\" \/>\n<meta property=\"og:locale\" content=\"fr_FR\" \/>\n<meta property=\"og:type\" content=\"article\" \/>\n<meta property=\"og:title\" content=\"217 F Ni Atlantic\" \/>\n<meta property=\"og:description\" content=\"R\u00e9sistant \u00e0 l\u2019eau de mer, absolument inoxydable ! corps en laiton massif corps gain\u00e9 afin de prot\u00e9ger les surfaces sensibles anse en acier inoxydable, \u00e0\" \/>\n<meta property=\"og:url\" content=\"https:\/\/test.burgwaechterservice.de\/fr\/p\/cadenas-et-porte-cadenas\/217-f-ni-atlantic\/\" \/>\n<meta property=\"og:site_name\" content=\"Burg-W\u00e4chter France\" \/>\n<meta property=\"article:modified_time\" content=\"2018-04-23T10:05:19+00:00\" \/>\n<meta property=\"og:image\" content=\"https:\/\/test.burgwaechterservice.de\/fr\/wp-content\/uploads\/sites\/4\/2016\/06\/Atlantic-SC217FNI-1.jpg\" \/>\n\t<meta property=\"og:image:width\" content=\"1200\" \/>\n\t<meta property=\"og:image:height\" content=\"1200\" \/>\n\t<meta property=\"og:image:type\" content=\"image\/jpeg\" \/>\n<meta name=\"twitter:card\" content=\"summary_large_image\" \/>\n<!-- \/ Yoast SEO Premium plugin. -->","yoast_head_json":{"title":"217 F Ni Atlantic - BURG-W\u00c4CHTER","description":"R\u00e9sistant \u00e0 l\u2019eau de mer, absolument inoxydable ! corps en laiton massif corps gain\u00e9 afin de prot\u00e9ger les surfaces sensibles anse en acier inoxydable, \u00e0","robots":{"index":"index","follow":"follow","max-snippet":"max-snippet:-1","max-image-preview":"max-image-preview:large","max-video-preview":"max-video-preview:-1"},"canonical":"https:\/\/test.burgwaechterservice.de\/fr\/p\/cadenas-et-porte-cadenas\/217-f-ni-atlantic\/","og_locale":"fr_FR","og_type":"article","og_title":"217 F Ni Atlantic","og_description":"R\u00e9sistant \u00e0 l\u2019eau de mer, absolument inoxydable ! corps en laiton massif corps gain\u00e9 afin de prot\u00e9ger les surfaces sensibles anse en acier inoxydable, \u00e0","og_url":"https:\/\/test.burgwaechterservice.de\/fr\/p\/cadenas-et-porte-cadenas\/217-f-ni-atlantic\/","og_site_name":"Burg-W\u00e4chter France","article_modified_time":"2018-04-23T10:05:19+00:00","og_image":[{"width":1200,"height":1200,"url":"https:\/\/test.burgwaechterservice.de\/fr\/wp-content\/uploads\/sites\/4\/2016\/06\/Atlantic-SC217FNI-1.jpg","type":"image\/jpeg"}],"twitter_card":"summary_large_image","schema":{"@context":"https:\/\/schema.org","@graph":[{"@type":"WebPage","@id":"https:\/\/test.burgwaechterservice.de\/fr\/p\/cadenas-et-porte-cadenas\/217-f-ni-atlantic\/","url":"https:\/\/test.burgwaechterservice.de\/fr\/p\/cadenas-et-porte-cadenas\/217-f-ni-atlantic\/","name":"217 F Ni Atlantic - BURG-W\u00c4CHTER","isPartOf":{"@id":"https:\/\/test.burgwaechterservice.de\/fr\/#website"},"datePublished":"2016-06-29T12:13:15+00:00","dateModified":"2018-04-23T10:05:19+00:00","description":"R\u00e9sistant \u00e0 l\u2019eau de mer, absolument inoxydable ! corps en laiton massif corps gain\u00e9 afin de prot\u00e9ger les surfaces sensibles anse en acier inoxydable, \u00e0","breadcrumb":{"@id":"https:\/\/test.burgwaechterservice.de\/fr\/p\/cadenas-et-porte-cadenas\/217-f-ni-atlantic\/#breadcrumb"},"inLanguage":"fr-FR","potentialAction":[{"@type":"ReadAction","target":["https:\/\/test.burgwaechterservice.de\/fr\/p\/cadenas-et-porte-cadenas\/217-f-ni-atlantic\/"]}]},{"@type":"BreadcrumbList","@id":"https:\/\/test.burgwaechterservice.de\/fr\/p\/cadenas-et-porte-cadenas\/217-f-ni-atlantic\/#breadcrumb","itemListElement":[{"@type":"ListItem","position":1,"name":"Accueil","item":"https:\/\/test.burgwaechterservice.de\/fr\/"},{"@type":"ListItem","position":2,"name":"Produits","item":"https:\/\/test.burgwaechterservice.de\/fr\/p\/"},{"@type":"ListItem","position":3,"name":"217 F Ni Atlantic"}]},{"@type":"WebSite","@id":"https:\/\/test.burgwaechterservice.de\/fr\/#website","url":"https:\/\/test.burgwaechterservice.de\/fr\/","name":"Burg-W\u00e4chter France","description":"Le choix le plus s\u00fbr!","potentialAction":[{"@type":"SearchAction","target":{"@type":"EntryPoint","urlTemplate":"https:\/\/test.burgwaechterservice.de\/fr\/?s={search_term_string}"},"query-input":"required name=search_term_string"}],"inLanguage":"fr-FR"}]}},"_links":{"self":[{"href":"https:\/\/test.burgwaechterservice.de\/fr\/wp-json\/wp\/v2\/product\/30831"}],"collection":[{"href":"https:\/\/test.burgwaechterservice.de\/fr\/wp-json\/wp\/v2\/product"}],"about":[{"href":"https:\/\/test.burgwaechterservice.de\/fr\/wp-json\/wp\/v2\/types\/product"}],"replies":[{"embeddable":true,"href":"https:\/\/test.burgwaechterservice.de\/fr\/wp-json\/wp\/v2\/comments?post=30831"}],"wp:featuredmedia":[{"embeddable":true,"href":"https:\/\/test.burgwaechterservice.de\/fr\/wp-json\/wp\/v2\/media\/33421"}],"wp:attachment":[{"href":"https:\/\/test.burgwaechterservice.de\/fr\/wp-json\/wp\/v2\/media?parent=30831"}],"wp:term":[{"taxonomy":"product_cat","embeddable":true,"href":"https:\/\/test.burgwaechterservice.de\/fr\/wp-json\/wp\/v2\/product_cat?post=30831"},{"taxonomy":"product_tag","embeddable":true,"href":"https:\/\/test.burgwaechterservice.de\/fr\/wp-json\/wp\/v2\/product_tag?post=30831"}],"curies":[{"name":"wp","href":"https:\/\/api.w.org\/{rel}","templated":true}]}}