{"id":30815,"date":"2016-06-29T12:52:17","date_gmt":"2016-06-29T10:52:17","guid":{"rendered":"https:\/\/www.burg.biz\/?post_type=product&#038;p=30815"},"modified":"2018-04-23T12:05:19","modified_gmt":"2018-04-23T10:05:19","slug":"217-karat","status":"publish","type":"product","link":"https:\/\/test.burgwaechterservice.de\/fr\/p\/cadenas-et-porte-cadenas\/217-karat\/","title":{"rendered":"217 Karat"},"content":{"rendered":"<p><img fetchpriority=\"high\" decoding=\"async\" class=\"alignnone wp-image-37405 size-full\" src=\"https:\/\/test.burgwaechterservice.de\/fr\/wp-content\/uploads\/sites\/4\/2016\/06\/piktoreihe_217karat-1.jpg\" alt=\"Aufbohrschutz\" width=\"475\" height=\"109\" srcset=\"https:\/\/test.burgwaechterservice.de\/fr\/wp-content\/uploads\/sites\/4\/2016\/06\/piktoreihe_217karat-1.jpg 475w, https:\/\/test.burgwaechterservice.de\/fr\/wp-content\/uploads\/sites\/4\/2016\/06\/piktoreihe_217karat-1-300x69.jpg 300w\" sizes=\"(max-width: 475px) 100vw, 475px\" \/><\/p>\n<h2>Qualit\u00e9 prouv\u00e9e<\/h2>\n<ul>\n<li>corps en laiton massif<\/li>\n<li>anse en acier c\u00e9ment\u00e9, double verrouillage<\/li>\n<li>int\u00e9rieur inoxydable<\/li>\n<li>avec 6 cl\u00e9s par cadenas, emball\u00e9 pour le libre-service<\/li>\n<\/ul>\n<p>&nbsp;<\/p>\n<table class=\"ausfuehrung\">\n<thead>\n<tr>\n<td>Article<\/td>\n<td>Cl\u00e9s<\/td>\n<td>\u00d8 de l\u2018anse<\/td>\n<td>Largeur libre de l\u2018anse<\/td>\n<td>Hauteur libre de l\u2018anse<\/td>\n<td>Hauteur totale<\/td>\n<td>N\u00b0. d\u2019\u00e9bauche<\/td>\n<\/tr>\n<\/thead>\n<tbody>\n<tr>\n<td class=\"subdesc\"><\/td>\n<td class=\"subdesc\">Nombre<\/td>\n<td class=\"subdesc\">mm<\/td>\n<td class=\"subdesc\">mm<\/td>\n<td class=\"subdesc\">mm<\/td>\n<td class=\"subdesc\">mm<\/td>\n<td class=\"subdesc\"><\/td>\n<\/tr>\n<\/tbody>\n<tbody>\n<tr>\n<td>217 30<\/td>\n<td>1<\/td>\n<td>5,0<\/td>\n<td>16,0<\/td>\n<td>17,5<\/td>\n<td>48,0<\/td>\n<td>64R<\/td>\n<\/tr>\n<tr>\n<td>217 40<\/td>\n<td>1<\/td>\n<td>6,0<\/td>\n<td>23,0<\/td>\n<td>23,5<\/td>\n<td>60,0<\/td>\n<td>65R\/L<\/td>\n<\/tr>\n<tr>\n<td>217 50<\/td>\n<td>1<\/td>\n<td>8,0<\/td>\n<td>28,0<\/td>\n<td>27,5<\/td>\n<td>72,0<\/td>\n<td>66R\/L<\/td>\n<\/tr>\n<tr>\n<td>217 30\/6 SB<\/td>\n<td>6<\/td>\n<td>5,0<\/td>\n<td>16,0<\/td>\n<td>17,5<\/td>\n<td>48,0<\/td>\n<td>64R<\/td>\n<\/tr>\n<tr>\n<td>217 40\/6 SB<\/td>\n<td>6<\/td>\n<td>6,0<\/td>\n<td>23,0<\/td>\n<td>23,5<\/td>\n<td>60,0<\/td>\n<td>65R\/L<\/td>\n<\/tr>\n<tr>\n<td>217 50\/6 SB<\/td>\n<td>6<\/td>\n<td>8,0<\/td>\n<td>28,0<\/td>\n<td>27,5<\/td>\n<td>72,0<\/td>\n<td>66R\/L<\/td>\n<\/tr>\n<\/tbody>\n<\/table>\n","protected":false},"excerpt":{"rendered":"<p>Qualit\u00e9 prouv\u00e9e corps en laiton massif anse en acier c\u00e9ment\u00e9, double verrouillage int\u00e9rieur inoxydable avec 6 cl\u00e9s par cadenas, emball\u00e9 pour le libre-service &nbsp; Article Cl\u00e9s \u00d8 de l\u2018anse Largeur libre de l\u2018anse Hauteur libre de l\u2018anse Hauteur totale N\u00b0. &hellip; <a class=\"kt-excerpt-readmore\" href=\"https:\/\/test.burgwaechterservice.de\/fr\/p\/cadenas-et-porte-cadenas\/217-karat\/\" aria-label=\"217 Karat\">Lire la suite<\/a><\/p>\n","protected":false},"featured_media":33420,"comment_status":"closed","ping_status":"closed","template":"","meta":[],"product_cat":[30,39,3122],"product_tag":[],"yoast_head":"<!-- This site is optimized with the Yoast SEO Premium plugin v18.4 (Yoast SEO v19.13) - https:\/\/yoast.com\/wordpress\/plugins\/seo\/ -->\n<title>217 Karat - BURG-W\u00c4CHTER<\/title>\n<meta name=\"description\" content=\"Qualit\u00e9 prouv\u00e9e corps en laiton massif anse en acier c\u00e9ment\u00e9, double verrouillage int\u00e9rieur inoxydable avec 6 cl\u00e9s par cadenas, emball\u00e9 pour le\" \/>\n<meta name=\"robots\" content=\"index, follow, max-snippet:-1, max-image-preview:large, max-video-preview:-1\" \/>\n<link rel=\"canonical\" href=\"https:\/\/test.burgwaechterservice.de\/fr\/p\/cadenas-et-porte-cadenas\/217-karat\/\" \/>\n<meta property=\"og:locale\" content=\"fr_FR\" \/>\n<meta property=\"og:type\" content=\"article\" \/>\n<meta property=\"og:title\" content=\"217 Karat\" \/>\n<meta property=\"og:description\" content=\"Qualit\u00e9 prouv\u00e9e corps en laiton massif anse en acier c\u00e9ment\u00e9, double verrouillage int\u00e9rieur inoxydable avec 6 cl\u00e9s par cadenas, emball\u00e9 pour le\" \/>\n<meta property=\"og:url\" content=\"https:\/\/test.burgwaechterservice.de\/fr\/p\/cadenas-et-porte-cadenas\/217-karat\/\" \/>\n<meta property=\"og:site_name\" content=\"Burg-W\u00e4chter France\" \/>\n<meta property=\"article:modified_time\" content=\"2018-04-23T10:05:19+00:00\" \/>\n<meta property=\"og:image\" content=\"https:\/\/test.burgwaechterservice.de\/fr\/wp-content\/uploads\/sites\/4\/2016\/06\/Karat-SC217-1.jpg\" \/>\n\t<meta property=\"og:image:width\" content=\"1200\" \/>\n\t<meta property=\"og:image:height\" content=\"1200\" \/>\n\t<meta property=\"og:image:type\" content=\"image\/jpeg\" \/>\n<meta name=\"twitter:card\" content=\"summary_large_image\" \/>\n<!-- \/ Yoast SEO Premium plugin. -->","yoast_head_json":{"title":"217 Karat - BURG-W\u00c4CHTER","description":"Qualit\u00e9 prouv\u00e9e corps en laiton massif anse en acier c\u00e9ment\u00e9, double verrouillage int\u00e9rieur inoxydable avec 6 cl\u00e9s par cadenas, emball\u00e9 pour le","robots":{"index":"index","follow":"follow","max-snippet":"max-snippet:-1","max-image-preview":"max-image-preview:large","max-video-preview":"max-video-preview:-1"},"canonical":"https:\/\/test.burgwaechterservice.de\/fr\/p\/cadenas-et-porte-cadenas\/217-karat\/","og_locale":"fr_FR","og_type":"article","og_title":"217 Karat","og_description":"Qualit\u00e9 prouv\u00e9e corps en laiton massif anse en acier c\u00e9ment\u00e9, double verrouillage int\u00e9rieur inoxydable avec 6 cl\u00e9s par cadenas, emball\u00e9 pour le","og_url":"https:\/\/test.burgwaechterservice.de\/fr\/p\/cadenas-et-porte-cadenas\/217-karat\/","og_site_name":"Burg-W\u00e4chter France","article_modified_time":"2018-04-23T10:05:19+00:00","og_image":[{"width":1200,"height":1200,"url":"https:\/\/test.burgwaechterservice.de\/fr\/wp-content\/uploads\/sites\/4\/2016\/06\/Karat-SC217-1.jpg","type":"image\/jpeg"}],"twitter_card":"summary_large_image","schema":{"@context":"https:\/\/schema.org","@graph":[{"@type":"WebPage","@id":"https:\/\/test.burgwaechterservice.de\/fr\/p\/cadenas-et-porte-cadenas\/217-karat\/","url":"https:\/\/test.burgwaechterservice.de\/fr\/p\/cadenas-et-porte-cadenas\/217-karat\/","name":"217 Karat - BURG-W\u00c4CHTER","isPartOf":{"@id":"https:\/\/test.burgwaechterservice.de\/fr\/#website"},"datePublished":"2016-06-29T10:52:17+00:00","dateModified":"2018-04-23T10:05:19+00:00","description":"Qualit\u00e9 prouv\u00e9e corps en laiton massif anse en acier c\u00e9ment\u00e9, double verrouillage int\u00e9rieur inoxydable avec 6 cl\u00e9s par cadenas, emball\u00e9 pour le","breadcrumb":{"@id":"https:\/\/test.burgwaechterservice.de\/fr\/p\/cadenas-et-porte-cadenas\/217-karat\/#breadcrumb"},"inLanguage":"fr-FR","potentialAction":[{"@type":"ReadAction","target":["https:\/\/test.burgwaechterservice.de\/fr\/p\/cadenas-et-porte-cadenas\/217-karat\/"]}]},{"@type":"BreadcrumbList","@id":"https:\/\/test.burgwaechterservice.de\/fr\/p\/cadenas-et-porte-cadenas\/217-karat\/#breadcrumb","itemListElement":[{"@type":"ListItem","position":1,"name":"Accueil","item":"https:\/\/test.burgwaechterservice.de\/fr\/"},{"@type":"ListItem","position":2,"name":"Produits","item":"https:\/\/test.burgwaechterservice.de\/fr\/p\/"},{"@type":"ListItem","position":3,"name":"217 Karat"}]},{"@type":"WebSite","@id":"https:\/\/test.burgwaechterservice.de\/fr\/#website","url":"https:\/\/test.burgwaechterservice.de\/fr\/","name":"Burg-W\u00e4chter France","description":"Le choix le plus s\u00fbr!","potentialAction":[{"@type":"SearchAction","target":{"@type":"EntryPoint","urlTemplate":"https:\/\/test.burgwaechterservice.de\/fr\/?s={search_term_string}"},"query-input":"required name=search_term_string"}],"inLanguage":"fr-FR"}]}},"_links":{"self":[{"href":"https:\/\/test.burgwaechterservice.de\/fr\/wp-json\/wp\/v2\/product\/30815"}],"collection":[{"href":"https:\/\/test.burgwaechterservice.de\/fr\/wp-json\/wp\/v2\/product"}],"about":[{"href":"https:\/\/test.burgwaechterservice.de\/fr\/wp-json\/wp\/v2\/types\/product"}],"replies":[{"embeddable":true,"href":"https:\/\/test.burgwaechterservice.de\/fr\/wp-json\/wp\/v2\/comments?post=30815"}],"wp:featuredmedia":[{"embeddable":true,"href":"https:\/\/test.burgwaechterservice.de\/fr\/wp-json\/wp\/v2\/media\/33420"}],"wp:attachment":[{"href":"https:\/\/test.burgwaechterservice.de\/fr\/wp-json\/wp\/v2\/media?parent=30815"}],"wp:term":[{"taxonomy":"product_cat","embeddable":true,"href":"https:\/\/test.burgwaechterservice.de\/fr\/wp-json\/wp\/v2\/product_cat?post=30815"},{"taxonomy":"product_tag","embeddable":true,"href":"https:\/\/test.burgwaechterservice.de\/fr\/wp-json\/wp\/v2\/product_tag?post=30815"}],"curies":[{"name":"wp","href":"https:\/\/api.w.org\/{rel}","templated":true}]}}