{"id":30797,"date":"2016-06-29T12:06:39","date_gmt":"2016-06-29T10:06:39","guid":{"rendered":"https:\/\/www.burg.biz\/?post_type=product&#038;p=30797"},"modified":"2019-11-12T12:42:41","modified_gmt":"2019-11-12T11:42:41","slug":"450-boccia","status":"publish","type":"product","link":"https:\/\/test.burgwaechterservice.de\/fr\/p\/cadenas-et-porte-cadenas\/450-boccia\/","title":{"rendered":"450 Boccia"},"content":{"rendered":"<p><img decoding=\"async\" src=\"https:\/\/test.burgwaechterservice.de\/fr\/wp-content\/uploads\/sites\/4\/2016\/06\/Porta-einteilig-795-794-Rondo-Europa-St\u00e4nder-eBoxx-.jpg\" alt=\"BUW-Icons-BK 4c OK.indd\" width=\"66\" height=\"67\" \/><img decoding=\"async\" src=\"https:\/\/test.burgwaechterservice.de\/fr\/wp-content\/uploads\/sites\/4\/2016\/06\/piktoreihe_450Boccia.jpg\" alt=\"piktoreihe_450Boccia\" width=\"513\" height=\"61\" \/><\/p>\n<h2>Cadenas \u00e0 cylindre en laiton avec cl\u00e9 r\u00e9versible<\/h2>\n<ul>\n<li>corps en laiton massif<\/li>\n<li>anse en acier c\u00e9ment\u00e9, double verrouillage<\/li>\n<li>m\u00e9canisme anti corrosion haut de gamme<\/li>\n<li>avec 2 cl\u00e9s r\u00e9versibles<\/li>\n<li>des milliers de variures diff\u00e9rentes<\/li>\n<li>technologie allemande<\/li>\n<li>avec 4 ou 6 cl\u00e9s par cadenas, emball\u00e9 pour le libre-service<\/li>\n<\/ul>\n<p>&nbsp;<\/p>\n<table class=\"ausfuehrung\">\n<thead>\n<tr>\n<td>Article<\/td>\n<td>Cl\u00e9s<\/td>\n<td>\u00d8 de l\u2018anse<\/td>\n<td>Largeur libre de l\u2018anse<\/td>\n<td>Hauteur libre de l\u2018anse<\/td>\n<td>Hauteur totale<\/td>\n<td>N\u00b0. d\u2019\u00e9bauche<\/td>\n<\/tr>\n<\/thead>\n<tbody>\n<tr>\n<td class=\"subdesc\"><\/td>\n<td class=\"subdesc\">Nombre<\/td>\n<td class=\"subdesc\">mm<\/td>\n<td class=\"subdesc\">mm<\/td>\n<td class=\"subdesc\">mm<\/td>\n<td class=\"subdesc\">mm<\/td>\n<td class=\"subdesc\"><\/td>\n<\/tr>\n<\/tbody>\n<tbody>\n<tr>\n<td>450 30<\/td>\n<td>2<\/td>\n<td>5,0<\/td>\n<td>16,5<\/td>\n<td>16,0<\/td>\n<td>55,0<\/td>\n<td>75W<\/td>\n<\/tr>\n<tr>\n<td>450 40<\/td>\n<td>2<\/td>\n<td>6,5<\/td>\n<td>22,0<\/td>\n<td>22,5<\/td>\n<td>61,0<\/td>\n<td>75W<\/td>\n<\/tr>\n<tr>\n<td>450 50<\/td>\n<td>2<\/td>\n<td>8,0<\/td>\n<td>28,0<\/td>\n<td>29,5<\/td>\n<td>68,0<\/td>\n<td>76W<\/td>\n<\/tr>\n<tr>\n<td>450 60<\/td>\n<td>2<\/td>\n<td>9,5<\/td>\n<td>35,0<\/td>\n<td>34,5<\/td>\n<td>91,0<\/td>\n<td>76W<\/td>\n<\/tr>\n<tr>\n<td>450 30\/4 SB<\/td>\n<td>4<\/td>\n<td>5,0<\/td>\n<td>16,5<\/td>\n<td>16,0<\/td>\n<td>55,0<\/td>\n<td>75W<\/td>\n<\/tr>\n<tr>\n<td>450 40\/6 SB<\/td>\n<td>6<\/td>\n<td>6,5<\/td>\n<td>22,0<\/td>\n<td>22,5<\/td>\n<td>61,0<\/td>\n<td>75W<\/td>\n<\/tr>\n<tr>\n<td>450 50\/6 SB<\/td>\n<td>6<\/td>\n<td>8,0<\/td>\n<td>28,0<\/td>\n<td>29,5<\/td>\n<td>68,0<\/td>\n<td>76W<\/td>\n<\/tr>\n<\/tbody>\n<\/table>\n","protected":false},"excerpt":{"rendered":"<p>Cadenas \u00e0 cylindre en laiton avec cl\u00e9 r\u00e9versible corps en laiton massif anse en acier c\u00e9ment\u00e9, double verrouillage m\u00e9canisme anti corrosion haut de gamme avec 2 cl\u00e9s r\u00e9versibles des milliers de variures diff\u00e9rentes technologie allemande avec 4 ou 6 cl\u00e9s &hellip; <a class=\"kt-excerpt-readmore\" href=\"https:\/\/test.burgwaechterservice.de\/fr\/p\/cadenas-et-porte-cadenas\/450-boccia\/\" aria-label=\"450 Boccia\">Lire la suite<\/a><\/p>\n","protected":false},"featured_media":33419,"comment_status":"closed","ping_status":"closed","template":"","meta":[],"product_cat":[30,39,3122],"product_tag":[],"yoast_head":"<!-- This site is optimized with the Yoast SEO Premium plugin v18.4 (Yoast SEO v19.13) - https:\/\/yoast.com\/wordpress\/plugins\/seo\/ -->\n<title>450 Boccia - BURG-W\u00c4CHTER<\/title>\n<meta name=\"description\" content=\"Cadenas \u00e0 cylindre en laiton avec cl\u00e9 r\u00e9versible corps en laiton massif anse en acier c\u00e9ment\u00e9, double verrouillage m\u00e9canisme anti corrosion haut de gamme\" \/>\n<meta name=\"robots\" content=\"index, follow, max-snippet:-1, max-image-preview:large, max-video-preview:-1\" \/>\n<link rel=\"canonical\" href=\"https:\/\/test.burgwaechterservice.de\/fr\/p\/cadenas-et-porte-cadenas\/450-boccia\/\" \/>\n<meta property=\"og:locale\" content=\"fr_FR\" \/>\n<meta property=\"og:type\" content=\"article\" \/>\n<meta property=\"og:title\" content=\"450 Boccia\" \/>\n<meta property=\"og:description\" content=\"Cadenas \u00e0 cylindre en laiton avec cl\u00e9 r\u00e9versible corps en laiton massif anse en acier c\u00e9ment\u00e9, double verrouillage m\u00e9canisme anti corrosion haut de gamme\" \/>\n<meta property=\"og:url\" content=\"https:\/\/test.burgwaechterservice.de\/fr\/p\/cadenas-et-porte-cadenas\/450-boccia\/\" \/>\n<meta property=\"og:site_name\" content=\"Burg-W\u00e4chter France\" \/>\n<meta property=\"article:modified_time\" content=\"2019-11-12T11:42:41+00:00\" \/>\n<meta property=\"og:image\" content=\"https:\/\/test.burgwaechterservice.de\/fr\/wp-content\/uploads\/sites\/4\/2016\/06\/450_Boccia.jpg\" \/>\n\t<meta property=\"og:image:width\" content=\"1200\" \/>\n\t<meta property=\"og:image:height\" content=\"1200\" \/>\n\t<meta property=\"og:image:type\" content=\"image\/jpeg\" \/>\n<meta name=\"twitter:card\" content=\"summary_large_image\" \/>\n<!-- \/ Yoast SEO Premium plugin. -->","yoast_head_json":{"title":"450 Boccia - BURG-W\u00c4CHTER","description":"Cadenas \u00e0 cylindre en laiton avec cl\u00e9 r\u00e9versible corps en laiton massif anse en acier c\u00e9ment\u00e9, double verrouillage m\u00e9canisme anti corrosion haut de gamme","robots":{"index":"index","follow":"follow","max-snippet":"max-snippet:-1","max-image-preview":"max-image-preview:large","max-video-preview":"max-video-preview:-1"},"canonical":"https:\/\/test.burgwaechterservice.de\/fr\/p\/cadenas-et-porte-cadenas\/450-boccia\/","og_locale":"fr_FR","og_type":"article","og_title":"450 Boccia","og_description":"Cadenas \u00e0 cylindre en laiton avec cl\u00e9 r\u00e9versible corps en laiton massif anse en acier c\u00e9ment\u00e9, double verrouillage m\u00e9canisme anti corrosion haut de gamme","og_url":"https:\/\/test.burgwaechterservice.de\/fr\/p\/cadenas-et-porte-cadenas\/450-boccia\/","og_site_name":"Burg-W\u00e4chter France","article_modified_time":"2019-11-12T11:42:41+00:00","og_image":[{"width":1200,"height":1200,"url":"https:\/\/test.burgwaechterservice.de\/fr\/wp-content\/uploads\/sites\/4\/2016\/06\/450_Boccia.jpg","type":"image\/jpeg"}],"twitter_card":"summary_large_image","schema":{"@context":"https:\/\/schema.org","@graph":[{"@type":"WebPage","@id":"https:\/\/test.burgwaechterservice.de\/fr\/p\/cadenas-et-porte-cadenas\/450-boccia\/","url":"https:\/\/test.burgwaechterservice.de\/fr\/p\/cadenas-et-porte-cadenas\/450-boccia\/","name":"450 Boccia - BURG-W\u00c4CHTER","isPartOf":{"@id":"https:\/\/test.burgwaechterservice.de\/fr\/#website"},"datePublished":"2016-06-29T10:06:39+00:00","dateModified":"2019-11-12T11:42:41+00:00","description":"Cadenas \u00e0 cylindre en laiton avec cl\u00e9 r\u00e9versible corps en laiton massif anse en acier c\u00e9ment\u00e9, double verrouillage m\u00e9canisme anti corrosion haut de gamme","breadcrumb":{"@id":"https:\/\/test.burgwaechterservice.de\/fr\/p\/cadenas-et-porte-cadenas\/450-boccia\/#breadcrumb"},"inLanguage":"fr-FR","potentialAction":[{"@type":"ReadAction","target":["https:\/\/test.burgwaechterservice.de\/fr\/p\/cadenas-et-porte-cadenas\/450-boccia\/"]}]},{"@type":"BreadcrumbList","@id":"https:\/\/test.burgwaechterservice.de\/fr\/p\/cadenas-et-porte-cadenas\/450-boccia\/#breadcrumb","itemListElement":[{"@type":"ListItem","position":1,"name":"Accueil","item":"https:\/\/test.burgwaechterservice.de\/fr\/"},{"@type":"ListItem","position":2,"name":"Produits","item":"https:\/\/test.burgwaechterservice.de\/fr\/p\/"},{"@type":"ListItem","position":3,"name":"450 Boccia"}]},{"@type":"WebSite","@id":"https:\/\/test.burgwaechterservice.de\/fr\/#website","url":"https:\/\/test.burgwaechterservice.de\/fr\/","name":"Burg-W\u00e4chter France","description":"Le choix le plus s\u00fbr!","potentialAction":[{"@type":"SearchAction","target":{"@type":"EntryPoint","urlTemplate":"https:\/\/test.burgwaechterservice.de\/fr\/?s={search_term_string}"},"query-input":"required name=search_term_string"}],"inLanguage":"fr-FR"}]}},"_links":{"self":[{"href":"https:\/\/test.burgwaechterservice.de\/fr\/wp-json\/wp\/v2\/product\/30797"}],"collection":[{"href":"https:\/\/test.burgwaechterservice.de\/fr\/wp-json\/wp\/v2\/product"}],"about":[{"href":"https:\/\/test.burgwaechterservice.de\/fr\/wp-json\/wp\/v2\/types\/product"}],"replies":[{"embeddable":true,"href":"https:\/\/test.burgwaechterservice.de\/fr\/wp-json\/wp\/v2\/comments?post=30797"}],"wp:featuredmedia":[{"embeddable":true,"href":"https:\/\/test.burgwaechterservice.de\/fr\/wp-json\/wp\/v2\/media\/33419"}],"wp:attachment":[{"href":"https:\/\/test.burgwaechterservice.de\/fr\/wp-json\/wp\/v2\/media?parent=30797"}],"wp:term":[{"taxonomy":"product_cat","embeddable":true,"href":"https:\/\/test.burgwaechterservice.de\/fr\/wp-json\/wp\/v2\/product_cat?post=30797"},{"taxonomy":"product_tag","embeddable":true,"href":"https:\/\/test.burgwaechterservice.de\/fr\/wp-json\/wp\/v2\/product_tag?post=30797"}],"curies":[{"name":"wp","href":"https:\/\/api.w.org\/{rel}","templated":true}]}}