{"id":30749,"date":"2016-06-29T08:07:41","date_gmt":"2016-06-29T06:07:41","guid":{"rendered":"https:\/\/www.burg.biz\/?post_type=product&#038;p=30749"},"modified":"2022-01-17T08:44:02","modified_gmt":"2022-01-17T07:44:02","slug":"homesafe-h3","status":"publish","type":"product","link":"https:\/\/test.burgwaechterservice.de\/fr\/p\/coffres-forts\/homesafe-h3\/","title":{"rendered":"HomeSafe H 3 Version S"},"content":{"rendered":"<h2>Coffres-forts HomeSafe niveau de s\u00e9curit\u00e9 A<\/h2>\n<h3>Mod\u00e8le S<\/h3>\n<p>Les coffres-forts BURG-W\u00c4CHTER de la gamme HomeSafe (niveau de s\u00e9curit\u00e9 A) sont <strong>parfaits<\/strong> pour \u00eatre <strong>int\u00e9gr\u00e9s<\/strong> dans des meubles. Ils prot\u00e8gent ainsi non seulement vos objets de valeurs des regards mais aussi bien naturellement du vol.<\/p>\n<h3>Serrure de s\u00e9curit\u00e9 contr\u00f4l\u00e9e par le VdS<\/h3>\n<p>Votre HomeSafe assure une garde sans faille de vos objets de valeur gr\u00e2ce \u00e0 sa serrure blind\u00e9e \u00e0 double panneton. Elle est bien entendu ici aussi contr\u00f4l\u00e9e par le VdS (cat\u00e9gorie 1) et certifi\u00e9e selon la norme EN 1300 par l&#8217;ECB\u2022S (cat\u00e9gorie A). La serrure de s\u00e9curit\u00e9 offre 9 g\u00e2chettes et 1 million de combinaisons diff\u00e9rentes. Le mod\u00e8le S est \u00e9quip\u00e9 en s\u00e9rie de 2 cl\u00e9s.<\/p>\n<h3>Sa construction compacte s&#8217;int\u00e8gre \u00e0 toutes les parois d&#8217;armoire.<\/h3>\n<p>Le corps du HomeSafe est \u00e0 paroi unique et sa porte \u00e0 double paroi. Sa profondeur int\u00e9rieure avec son \u00e9tag\u00e8re r\u00e9glable est suffisamment spacieuse et permet un rangement organis\u00e9 de vos bijoux, de votre argent et de vos documents jusqu&#8217;au format DIN A4. La <strong>serrure 4 points efficace<\/strong> de la porte du coffre-fort offre une protection suppl\u00e9mentaire contre le vol. Ses lignes classiques et simples sont intemporelles et s&#8217;int\u00e8grent \u00e0 tous les meubles ou presque.<\/p>\n<h3>Le mod\u00e8le HomeSafe de BURG-W\u00c4CHTER<\/h3>\n<ul>\n<li>Niveau de s\u00e9curit\u00e9 A selon le VDMA 24992, version de mai 1995<\/li>\n<\/ul>\n<h3>Possibilit\u00e9 d&#8217;ancrage pour emp\u00eacher son arrachage<\/h3>\n<p>Ancrez ais\u00e9ment votre HomeSafe dans votre mur. Nous l&#8217;avons en effet con\u00e7u pour cela. Gr\u00e2ce \u00e0 ses deux trous situ\u00e9s \u00e0 mi-hauteur \u00e0 l&#8217;arri\u00e8re et son mat\u00e9riel de fixation, le coffre-fort peut \u00eatre mont\u00e9 sans peine sur une \u00e9tag\u00e8re au mur et il est ainsi <strong>fix\u00e9 de mani\u00e8re optimale et infaillible.<\/strong> Ainsi, impossible d&#8217;emporter votre coffre-fort et les objets de valeur contenus sans votre accord.<\/p>\n<p>Le <strong>HomeSafe (niveau de s\u00e9curit\u00e9 A) de BURG-W\u00c4CHTER<\/strong> garde vos objets de valeur de mani\u00e8re extr\u00eamement s\u00fbre et sa construction compacte lui permet de trouver facilement sa place dans un de vos meubles.<\/p>\n<h3>Les caract\u00e9ristiques du HomeSafe (niveau de s\u00e9curit\u00e9 A) en bref<\/h3>\n<ul>\n<li>Armoire compacte \u00e0 paroi unique, s&#8217;int\u00e8gre \u00e0 toutes les parois d&#8217;armoire<\/li>\n<li>Corps \u00e0 paroi unique<\/li>\n<li>Porte \u00e0 double paroi<\/li>\n<li>Serrure 4 points efficace<\/li>\n<li>Con\u00e7u pour un ancrage par la paroi arri\u00e8re, livr\u00e9 avec mat\u00e9riel de fixation,<br \/>\ndeux trous dans la paroi arri\u00e8re \u00e0 mi-hauteur<\/li>\n<li>Pour les documents jusqu&#8217;au format DIN A4<\/li>\n<li>Livr\u00e9 g\u00e9n\u00e9ralement avec deux cl\u00e9s<\/li>\n<li>En s\u00e9rie avec une \u00e9tag\u00e8re<\/li>\n<\/ul>\n<p>&nbsp;<\/p>\n<table class=\"ausfuehrung\">\n<thead>\n<tr>\n<td>Article<\/td>\n<td>Ext\u00e9rieur H x L x P<\/td>\n<td>Int\u00e9rieur H x L x P<\/td>\n<td>Porte H x L<\/td>\n<td>Poids<\/td>\n<td>Volume<\/td>\n<\/tr>\n<\/thead>\n<tbody>\n<tr>\n<td class=\"subdesc\"><\/td>\n<td class=\"subdesc\">mm<\/td>\n<td class=\"subdesc\">mm<\/td>\n<td class=\"subdesc\">Ouverture mm<\/td>\n<td class=\"subdesc\">kg<\/td>\n<td class=\"subdesc\">l<\/td>\n<\/tr>\n<\/tbody>\n<tbody>\n<tr>\n<td>H 3 S<\/td>\n<td>257 x 347 x 298<\/td>\n<td>216 x 340 x 243<\/td>\n<td>184 x 276<\/td>\n<td>16,0<\/td>\n<td>17,8<\/td>\n<\/tr>\n<\/tbody>\n<\/table>\n","protected":false},"excerpt":{"rendered":"<p>Coffres-forts HomeSafe niveau de s\u00e9curit\u00e9 A Mod\u00e8le S Les coffres-forts BURG-W\u00c4CHTER de la gamme HomeSafe (niveau de s\u00e9curit\u00e9 A) sont parfaits pour \u00eatre int\u00e9gr\u00e9s dans des meubles. Ils prot\u00e8gent ainsi non seulement vos objets de valeurs des regards mais aussi &hellip; <a class=\"kt-excerpt-readmore\" href=\"https:\/\/test.burgwaechterservice.de\/fr\/p\/coffres-forts\/homesafe-h3\/\" aria-label=\"HomeSafe H 3 Version S\">Lire la suite<\/a><\/p>\n","protected":false},"featured_media":427436,"comment_status":"closed","ping_status":"closed","template":"","meta":[],"product_cat":[7991],"product_tag":[528,536],"yoast_head":"<!-- This site is optimized with the Yoast SEO Premium plugin v18.4 (Yoast SEO v19.13) - https:\/\/yoast.com\/wordpress\/plugins\/seo\/ -->\n<title>HomeSafe H 3 Version S - BURG-W\u00c4CHTER<\/title>\n<meta name=\"description\" content=\"Coffres-forts HomeSafe niveau de s\u00e9curit\u00e9 A Mod\u00e8le S Les coffres-forts BURG-W\u00c4CHTER de la gamme HomeSafe (niveau de s\u00e9curit\u00e9 A) sont parfaits pour \u00eatre\" \/>\n<meta name=\"robots\" content=\"index, follow, max-snippet:-1, max-image-preview:large, max-video-preview:-1\" \/>\n<link rel=\"canonical\" href=\"https:\/\/test.burgwaechterservice.de\/fr\/p\/coffres-forts\/homesafe-h3\/\" \/>\n<meta property=\"og:locale\" content=\"fr_FR\" \/>\n<meta property=\"og:type\" content=\"article\" \/>\n<meta property=\"og:title\" content=\"HomeSafe H 3 Version S\" \/>\n<meta property=\"og:description\" content=\"Coffres-forts HomeSafe niveau de s\u00e9curit\u00e9 A Mod\u00e8le S Les coffres-forts BURG-W\u00c4CHTER de la gamme HomeSafe (niveau de s\u00e9curit\u00e9 A) sont parfaits pour \u00eatre\" \/>\n<meta property=\"og:url\" content=\"https:\/\/test.burgwaechterservice.de\/fr\/p\/coffres-forts\/homesafe-h3\/\" \/>\n<meta property=\"og:site_name\" content=\"Burg-W\u00e4chter France\" \/>\n<meta property=\"article:modified_time\" content=\"2022-01-17T07:44:02+00:00\" \/>\n<meta property=\"og:image\" content=\"https:\/\/test.burgwaechterservice.de\/fr\/wp-content\/uploads\/sites\/4\/2016\/06\/Home-Safe-S.png\" \/>\n\t<meta property=\"og:image:width\" content=\"1000\" \/>\n\t<meta property=\"og:image:height\" content=\"1000\" \/>\n\t<meta property=\"og:image:type\" content=\"image\/png\" \/>\n<meta name=\"twitter:card\" content=\"summary_large_image\" \/>\n<meta name=\"twitter:label1\" content=\"Dur\u00e9e de lecture estim\u00e9e\" \/>\n\t<meta name=\"twitter:data1\" content=\"2 minutes\" \/>\n<!-- \/ Yoast SEO Premium plugin. -->","yoast_head_json":{"title":"HomeSafe H 3 Version S - BURG-W\u00c4CHTER","description":"Coffres-forts HomeSafe niveau de s\u00e9curit\u00e9 A Mod\u00e8le S Les coffres-forts BURG-W\u00c4CHTER de la gamme HomeSafe (niveau de s\u00e9curit\u00e9 A) sont parfaits pour \u00eatre","robots":{"index":"index","follow":"follow","max-snippet":"max-snippet:-1","max-image-preview":"max-image-preview:large","max-video-preview":"max-video-preview:-1"},"canonical":"https:\/\/test.burgwaechterservice.de\/fr\/p\/coffres-forts\/homesafe-h3\/","og_locale":"fr_FR","og_type":"article","og_title":"HomeSafe H 3 Version S","og_description":"Coffres-forts HomeSafe niveau de s\u00e9curit\u00e9 A Mod\u00e8le S Les coffres-forts BURG-W\u00c4CHTER de la gamme HomeSafe (niveau de s\u00e9curit\u00e9 A) sont parfaits pour \u00eatre","og_url":"https:\/\/test.burgwaechterservice.de\/fr\/p\/coffres-forts\/homesafe-h3\/","og_site_name":"Burg-W\u00e4chter France","article_modified_time":"2022-01-17T07:44:02+00:00","og_image":[{"width":1000,"height":1000,"url":"https:\/\/test.burgwaechterservice.de\/fr\/wp-content\/uploads\/sites\/4\/2016\/06\/Home-Safe-S.png","type":"image\/png"}],"twitter_card":"summary_large_image","twitter_misc":{"Dur\u00e9e de lecture estim\u00e9e":"2 minutes"},"schema":{"@context":"https:\/\/schema.org","@graph":[{"@type":"WebPage","@id":"https:\/\/test.burgwaechterservice.de\/fr\/p\/coffres-forts\/homesafe-h3\/","url":"https:\/\/test.burgwaechterservice.de\/fr\/p\/coffres-forts\/homesafe-h3\/","name":"HomeSafe H 3 Version S - BURG-W\u00c4CHTER","isPartOf":{"@id":"https:\/\/test.burgwaechterservice.de\/fr\/#website"},"datePublished":"2016-06-29T06:07:41+00:00","dateModified":"2022-01-17T07:44:02+00:00","description":"Coffres-forts HomeSafe niveau de s\u00e9curit\u00e9 A Mod\u00e8le S Les coffres-forts BURG-W\u00c4CHTER de la gamme HomeSafe (niveau de s\u00e9curit\u00e9 A) sont parfaits pour \u00eatre","breadcrumb":{"@id":"https:\/\/test.burgwaechterservice.de\/fr\/p\/coffres-forts\/homesafe-h3\/#breadcrumb"},"inLanguage":"fr-FR","potentialAction":[{"@type":"ReadAction","target":["https:\/\/test.burgwaechterservice.de\/fr\/p\/coffres-forts\/homesafe-h3\/"]}]},{"@type":"BreadcrumbList","@id":"https:\/\/test.burgwaechterservice.de\/fr\/p\/coffres-forts\/homesafe-h3\/#breadcrumb","itemListElement":[{"@type":"ListItem","position":1,"name":"Accueil","item":"https:\/\/test.burgwaechterservice.de\/fr\/"},{"@type":"ListItem","position":2,"name":"Produits","item":"https:\/\/test.burgwaechterservice.de\/fr\/p\/"},{"@type":"ListItem","position":3,"name":"HomeSafe H 3 Version S"}]},{"@type":"WebSite","@id":"https:\/\/test.burgwaechterservice.de\/fr\/#website","url":"https:\/\/test.burgwaechterservice.de\/fr\/","name":"Burg-W\u00e4chter France","description":"Le choix le plus s\u00fbr!","potentialAction":[{"@type":"SearchAction","target":{"@type":"EntryPoint","urlTemplate":"https:\/\/test.burgwaechterservice.de\/fr\/?s={search_term_string}"},"query-input":"required name=search_term_string"}],"inLanguage":"fr-FR"}]}},"_links":{"self":[{"href":"https:\/\/test.burgwaechterservice.de\/fr\/wp-json\/wp\/v2\/product\/30749"}],"collection":[{"href":"https:\/\/test.burgwaechterservice.de\/fr\/wp-json\/wp\/v2\/product"}],"about":[{"href":"https:\/\/test.burgwaechterservice.de\/fr\/wp-json\/wp\/v2\/types\/product"}],"replies":[{"embeddable":true,"href":"https:\/\/test.burgwaechterservice.de\/fr\/wp-json\/wp\/v2\/comments?post=30749"}],"wp:featuredmedia":[{"embeddable":true,"href":"https:\/\/test.burgwaechterservice.de\/fr\/wp-json\/wp\/v2\/media\/427436"}],"wp:attachment":[{"href":"https:\/\/test.burgwaechterservice.de\/fr\/wp-json\/wp\/v2\/media?parent=30749"}],"wp:term":[{"taxonomy":"product_cat","embeddable":true,"href":"https:\/\/test.burgwaechterservice.de\/fr\/wp-json\/wp\/v2\/product_cat?post=30749"},{"taxonomy":"product_tag","embeddable":true,"href":"https:\/\/test.burgwaechterservice.de\/fr\/wp-json\/wp\/v2\/product_tag?post=30749"}],"curies":[{"name":"wp","href":"https:\/\/api.w.org\/{rel}","templated":true}]}}