{"id":30727,"date":"2016-06-27T16:03:20","date_gmt":"2016-06-27T14:03:20","guid":{"rendered":"https:\/\/www.burg.biz\/?post_type=product&#038;p=30727"},"modified":"2018-04-23T12:05:21","modified_gmt":"2018-04-23T10:05:21","slug":"116-profi-pc","status":"publish","type":"product","link":"https:\/\/test.burgwaechterservice.de\/fr\/p\/cadenas-et-porte-cadenas\/116-profi-pc\/","title":{"rendered":"116 Profi PC"},"content":{"rendered":"<p><img decoding=\"async\" src=\"https:\/\/test.burgwaechterservice.de\/fr\/wp-content\/uploads\/sites\/4\/2016\/06\/Porta-einteilig-795-794-Rondo-Europa-St\u00e4nder-eBoxx-.jpg\" alt=\"BUW-Icons-BK 4c OK.indd\" width=\"82\" height=\"83\" \/><img decoding=\"async\" src=\"https:\/\/test.burgwaechterservice.de\/fr\/wp-content\/uploads\/sites\/4\/2016\/06\/piktoreihe_116ProfiPC.jpg\" alt=\"piktoreihe_116ProfiPC\" width=\"288\" height=\"62\" \/><\/p>\n<h2>Cadenas haut de gamme pour demi-cylindres europ\u00e9ens<\/h2>\n<ul>\n<li>corps en laiton massif<\/li>\n<li>anse en acier c\u00e9ment\u00e9, \u00e0 double verrouillage<\/li>\n<li>corps du cadenas usin\u00e9 pour recevoir le \u00bd cylindre<\/li>\n<li>utilisable pour organigramme<\/li>\n<li>technologie allemande<\/li>\n<li>montage rapide \u2013 d\u00e9montage et transformation facile (Longueur 10\/30 mm)<\/li>\n<li>pas d\u2019ajustement n\u00e9cessaire pendant le montage<\/li>\n<li>livr\u00e9 SANS cylindre<\/li>\n<\/ul>\n<p>&nbsp;<\/p>\n<table class=\"ausfuehrung\">\n<thead>\n<tr>\n<td>Article<\/td>\n<td>\u00d8 de l\u2018anse<\/td>\n<td>Largeur libre de l\u2018anse<\/td>\n<td>Hauteur libre de l\u2018anse<\/td>\n<td>Hauteur totale<\/td>\n<\/tr>\n<\/thead>\n<tbody>\n<tr>\n<td class=\"subdesc\"><\/td>\n<td class=\"subdesc\">mm<\/td>\n<td class=\"subdesc\">mm<\/td>\n<td class=\"subdesc\">mm<\/td>\n<td class=\"subdesc\">mm<\/td>\n<\/tr>\n<\/tbody>\n<tbody>\n<tr>\n<td>116 PC 50<\/td>\n<td>8,0<\/td>\n<td>27,0<\/td>\n<td>40,0<\/td>\n<td>95,0<\/td>\n<\/tr>\n<\/tbody>\n<\/table>\n","protected":false},"excerpt":{"rendered":"<p>Cadenas haut de gamme pour demi-cylindres europ\u00e9ens corps en laiton massif anse en acier c\u00e9ment\u00e9, \u00e0 double verrouillage corps du cadenas usin\u00e9 pour recevoir le \u00bd cylindre utilisable pour organigramme technologie allemande montage rapide \u2013 d\u00e9montage et transformation facile (Longueur &hellip; <a class=\"kt-excerpt-readmore\" href=\"https:\/\/test.burgwaechterservice.de\/fr\/p\/cadenas-et-porte-cadenas\/116-profi-pc\/\" aria-label=\"116 Profi PC\">Lire la suite<\/a><\/p>\n","protected":false},"featured_media":32994,"comment_status":"closed","ping_status":"closed","template":"","meta":[],"product_cat":[30,39,3122],"product_tag":[],"yoast_head":"<!-- This site is optimized with the Yoast SEO Premium plugin v18.4 (Yoast SEO v19.13) - https:\/\/yoast.com\/wordpress\/plugins\/seo\/ -->\n<title>116 Profi PC - BURG-W\u00c4CHTER<\/title>\n<meta name=\"description\" content=\"Cadenas haut de gamme pour demi-cylindres europ\u00e9ens corps en laiton massif anse en acier c\u00e9ment\u00e9, \u00e0 double verrouillage corps du cadenas usin\u00e9 pour\" \/>\n<meta name=\"robots\" content=\"index, follow, max-snippet:-1, max-image-preview:large, max-video-preview:-1\" \/>\n<link rel=\"canonical\" href=\"https:\/\/test.burgwaechterservice.de\/fr\/p\/cadenas-et-porte-cadenas\/116-profi-pc\/\" \/>\n<meta property=\"og:locale\" content=\"fr_FR\" \/>\n<meta property=\"og:type\" content=\"article\" \/>\n<meta property=\"og:title\" content=\"116 Profi PC\" \/>\n<meta property=\"og:description\" content=\"Cadenas haut de gamme pour demi-cylindres europ\u00e9ens corps en laiton massif anse en acier c\u00e9ment\u00e9, \u00e0 double verrouillage corps du cadenas usin\u00e9 pour\" \/>\n<meta property=\"og:url\" content=\"https:\/\/test.burgwaechterservice.de\/fr\/p\/cadenas-et-porte-cadenas\/116-profi-pc\/\" \/>\n<meta property=\"og:site_name\" content=\"Burg-W\u00e4chter France\" \/>\n<meta property=\"article:modified_time\" content=\"2018-04-23T10:05:21+00:00\" \/>\n<meta property=\"og:image\" content=\"https:\/\/test.burgwaechterservice.de\/fr\/wp-content\/uploads\/sites\/4\/2016\/06\/Zylinder_Vorhangschloss_116_Profi_PC_50_012406-02.jpg\" \/>\n\t<meta property=\"og:image:width\" content=\"1000\" \/>\n\t<meta property=\"og:image:height\" content=\"1000\" \/>\n\t<meta property=\"og:image:type\" content=\"image\/jpeg\" \/>\n<meta name=\"twitter:card\" content=\"summary_large_image\" \/>\n<!-- \/ Yoast SEO Premium plugin. -->","yoast_head_json":{"title":"116 Profi PC - BURG-W\u00c4CHTER","description":"Cadenas haut de gamme pour demi-cylindres europ\u00e9ens corps en laiton massif anse en acier c\u00e9ment\u00e9, \u00e0 double verrouillage corps du cadenas usin\u00e9 pour","robots":{"index":"index","follow":"follow","max-snippet":"max-snippet:-1","max-image-preview":"max-image-preview:large","max-video-preview":"max-video-preview:-1"},"canonical":"https:\/\/test.burgwaechterservice.de\/fr\/p\/cadenas-et-porte-cadenas\/116-profi-pc\/","og_locale":"fr_FR","og_type":"article","og_title":"116 Profi PC","og_description":"Cadenas haut de gamme pour demi-cylindres europ\u00e9ens corps en laiton massif anse en acier c\u00e9ment\u00e9, \u00e0 double verrouillage corps du cadenas usin\u00e9 pour","og_url":"https:\/\/test.burgwaechterservice.de\/fr\/p\/cadenas-et-porte-cadenas\/116-profi-pc\/","og_site_name":"Burg-W\u00e4chter France","article_modified_time":"2018-04-23T10:05:21+00:00","og_image":[{"width":1000,"height":1000,"url":"https:\/\/test.burgwaechterservice.de\/fr\/wp-content\/uploads\/sites\/4\/2016\/06\/Zylinder_Vorhangschloss_116_Profi_PC_50_012406-02.jpg","type":"image\/jpeg"}],"twitter_card":"summary_large_image","schema":{"@context":"https:\/\/schema.org","@graph":[{"@type":"WebPage","@id":"https:\/\/test.burgwaechterservice.de\/fr\/p\/cadenas-et-porte-cadenas\/116-profi-pc\/","url":"https:\/\/test.burgwaechterservice.de\/fr\/p\/cadenas-et-porte-cadenas\/116-profi-pc\/","name":"116 Profi PC - BURG-W\u00c4CHTER","isPartOf":{"@id":"https:\/\/test.burgwaechterservice.de\/fr\/#website"},"datePublished":"2016-06-27T14:03:20+00:00","dateModified":"2018-04-23T10:05:21+00:00","description":"Cadenas haut de gamme pour demi-cylindres europ\u00e9ens corps en laiton massif anse en acier c\u00e9ment\u00e9, \u00e0 double verrouillage corps du cadenas usin\u00e9 pour","breadcrumb":{"@id":"https:\/\/test.burgwaechterservice.de\/fr\/p\/cadenas-et-porte-cadenas\/116-profi-pc\/#breadcrumb"},"inLanguage":"fr-FR","potentialAction":[{"@type":"ReadAction","target":["https:\/\/test.burgwaechterservice.de\/fr\/p\/cadenas-et-porte-cadenas\/116-profi-pc\/"]}]},{"@type":"BreadcrumbList","@id":"https:\/\/test.burgwaechterservice.de\/fr\/p\/cadenas-et-porte-cadenas\/116-profi-pc\/#breadcrumb","itemListElement":[{"@type":"ListItem","position":1,"name":"Accueil","item":"https:\/\/test.burgwaechterservice.de\/fr\/"},{"@type":"ListItem","position":2,"name":"Produits","item":"https:\/\/test.burgwaechterservice.de\/fr\/p\/"},{"@type":"ListItem","position":3,"name":"116 Profi PC"}]},{"@type":"WebSite","@id":"https:\/\/test.burgwaechterservice.de\/fr\/#website","url":"https:\/\/test.burgwaechterservice.de\/fr\/","name":"Burg-W\u00e4chter France","description":"Le choix le plus s\u00fbr!","potentialAction":[{"@type":"SearchAction","target":{"@type":"EntryPoint","urlTemplate":"https:\/\/test.burgwaechterservice.de\/fr\/?s={search_term_string}"},"query-input":"required name=search_term_string"}],"inLanguage":"fr-FR"}]}},"_links":{"self":[{"href":"https:\/\/test.burgwaechterservice.de\/fr\/wp-json\/wp\/v2\/product\/30727"}],"collection":[{"href":"https:\/\/test.burgwaechterservice.de\/fr\/wp-json\/wp\/v2\/product"}],"about":[{"href":"https:\/\/test.burgwaechterservice.de\/fr\/wp-json\/wp\/v2\/types\/product"}],"replies":[{"embeddable":true,"href":"https:\/\/test.burgwaechterservice.de\/fr\/wp-json\/wp\/v2\/comments?post=30727"}],"wp:featuredmedia":[{"embeddable":true,"href":"https:\/\/test.burgwaechterservice.de\/fr\/wp-json\/wp\/v2\/media\/32994"}],"wp:attachment":[{"href":"https:\/\/test.burgwaechterservice.de\/fr\/wp-json\/wp\/v2\/media?parent=30727"}],"wp:term":[{"taxonomy":"product_cat","embeddable":true,"href":"https:\/\/test.burgwaechterservice.de\/fr\/wp-json\/wp\/v2\/product_cat?post=30727"},{"taxonomy":"product_tag","embeddable":true,"href":"https:\/\/test.burgwaechterservice.de\/fr\/wp-json\/wp\/v2\/product_tag?post=30727"}],"curies":[{"name":"wp","href":"https:\/\/api.w.org\/{rel}","templated":true}]}}